{"id":29117,"date":"2025-02-10T12:58:35","date_gmt":"2025-02-10T11:58:35","guid":{"rendered":"https:\/\/www.tournride.com\/?page_id=29117"},"modified":"2025-12-20T10:33:23","modified_gmt":"2025-12-20T09:33:23","slug":"como-reservar-bicicletas","status":"publish","type":"page","link":"https:\/\/www.tournride.com\/pt-br\/como-reservar-bicicletas\/","title":{"rendered":"Como Reservar Bicicletas na Tournride"},"content":{"rendered":"\n<h2 class=\"wp-block-heading\">Como Reservar Bicicletas para o Caminho de Santiago<\/h2>\n\n\n\n<h3 class=\"wp-block-heading\"><strong>Guia Passo a Passo<\/strong><\/h3>\n\n\n\n<div class=\"video-responsive-wrapper\">\n<iframe loading=\"lazy\" \n    class=\"cm_element\"\n    data-cmp-ab=\"2\"\n    data-cmp-vendor=\"s30\"\n    src=\"https:\/\/www.youtube-nocookie.com\/embed\/L6_txx85CFw?rel=0\" \n    width=\"560\" \n    height=\"315\" \n    frameborder=\"0\" \n    allow=\"autoplay; encrypted-media\" \n    allowfullscreen>\n<\/iframe>\n<\/div>\n<style>\n.cm_element {\nwidth: 100%;\n}\n<\/style>\n\n\n\n<p>Neste v\u00eddeo, mostramos de forma simples e detalhada como reservar suas bicicletas na Tournride para sua aventura no Caminho. Desde a sele\u00e7\u00e3o do modelo at\u00e9 a confirma\u00e7\u00e3o da reserva, cada passo \u00e9 explicado para que sua experi\u00eancia seja a mais confort\u00e1vel poss\u00edvel. Al\u00e9m disso, temos legendas no seu idioma para que voc\u00ea n\u00e3o perca nenhum detalhe. Prepare-se para curtir o Caminho sobre duas rodas!<\/p>\n\n\n\n<div class=\"wp-block-buttons is-layout-flex wp-block-buttons-is-layout-flex\">\n<div class=\"wp-block-button has-custom-width wp-block-button__width-100\" id=\"boton_reservar_ya\"><a class=\"wp-block-button__link has-white-color has-text-color has-background has-link-color wp-element-button\" style=\"background:linear-gradient(135deg,rgb(48,129,245) 0%,rgb(48,142,197) 100%)\"><strong>Reserve agora!<\/strong><\/a><\/div>\n<\/div>\n\n\n\n<h2 class=\"wp-block-heading\"><strong>Precisa de ajuda para completar sua reserva?<\/strong><\/h2>\n\n\n\n<p>Temos op\u00e7\u00f5es para todos:<\/p>\n\n\n\n<ul class=\"wp-block-list has-medium-font-size\">\n<li class=\"has-medium-font-size\"><strong>\ud83d\udcac<\/strong> <a aria-label=\"Visite o site  para mais informa\u00e7\u00f5es\" href=\"#joinchat\">Para os de \u00faltima hora<\/a><\/li>\n\n\n\n<li class=\"has-medium-font-size\"><strong>\ud83d\udce7<\/strong> <a aria-label=\"Mais informa\u00e7\u00f5es sobre:  Info@tournride.com\" href=\"mailto:info@tournride.com?subject=Preciso de informa\u00e7\u00f5es para meu Caminho de Santiago de bike\">Para os mais previdentes<\/a><\/li>\n\n\n\n<li class=\"has-medium-font-size\"><strong>\ud83d\udcde<\/strong> <a aria-label=\"Visite o site  para mais informa\u00e7\u00f5es\" href=\"tel:+34981936616\">Para quem precisa falar com algu\u00e9m<\/a><\/li>\n<\/ul>\n\n\n\n<h2 class=\"wp-block-heading\"><strong>Benef\u00edcios de reservar com a Tournride<\/strong><\/h2>\n\n\n\n<ul class=\"wp-block-list\">\n<li class=\"has-medium-font-size\">\ud83d\udeb4\u200d\u2642\ufe0f Bikes premium com manuten\u00e7\u00e3o em nossa oficina<\/li>\n\n\n\n<li class=\"has-medium-font-size\">\ud83d\udedf Tournride Full Assistance<\/li>\n\n\n\n<li class=\"has-medium-font-size\">\ud83d\udcb8 Sem entrada<\/li>\n\n\n\n<li class=\"has-medium-font-size\">\ud83d\ude9a Entrega e retirada em diferentes pontos<\/li>\n\n\n\n<li class=\"has-medium-font-size\">\ud83d\udee1\ufe0f Seguro de cancelamento<\/li>\n\n\n\n<li class=\"has-medium-font-size\">\ud83c\udf0d Atendimento em v\u00e1rios idiomas<\/li>\n\n\n\n<li class=\"has-medium-font-size\">\ud83c\udfc6 Mais de 20 anos de experi\u00eancia<\/li>\n<\/ul>\n\n\n\n<h2 class=\"wp-block-heading\">\ud83c\udf1f Nossos clientes falam! Depoimentos reais \ud83c\udf1f<\/h2>\n\n\n\n<p>N\u00e3o somos s\u00f3 n\u00f3s que dizemos, nossos peregrinos t\u00eam hist\u00f3rias incr\u00edveis para compartilhar! Aqui voc\u00ea tem algumas experi\u00eancias reais de pessoas que viveram a aventura do Caminho de Santiago com nossas bicicletas:<\/p>\n\n\n\n<div id=\"contenedor_opiniones\"><\/div>\n<script>\n    (function checkDeps() {\n        if (typeof opiniones === 'function') {\n            const contenedor = document.getElementById('contenedor_opiniones');\n            opiniones(\"pt\");\n        } else {\n            \/\/ Reintenta en 50ms si la dependencia a\u00fan no ha cargado\n            setTimeout(checkDeps, 50);\n        }\n    })();\n<\/script>\n\n\n\n<h2 class=\"wp-block-heading\"><strong>Viva o Caminho atrav\u00e9s de imagens<\/strong><\/h2>\n\n\n\n<figure class=\"wp-block-gallery has-nested-images columns-default is-cropped wp-block-gallery-1 is-layout-flex wp-block-gallery-is-layout-flex\">\n<figure class=\"wp-block-image size-large is-style-rounded\"><a href=\"https:\/\/www.tournride.com\/wp-content\/uploads\/2025\/07\/fotos-steven.jpg\"><img loading=\"lazy\" decoding=\"async\" width=\"765\" height=\"1020\" data-id=\"29493\" src=\"https:\/\/www.tournride.com\/wp-content\/uploads\/2025\/07\/fotos-steven.jpg\" alt=\"C\u00f3mo reservar bicicletas. Camino de Santiago\" class=\"wp-image-29493\" title=\"\" srcset=\"https:\/\/www.tournride.com\/wp-content\/uploads\/2025\/07\/fotos-steven.jpg 765w, https:\/\/www.tournride.com\/wp-content\/uploads\/2025\/07\/fotos-steven-225x300.jpg 225w\" sizes=\"auto, (max-width: 765px) 100vw, 765px\" \/><\/a><\/figure>\n\n\n\n<figure class=\"wp-block-image size-large is-style-default\"><a href=\"https:\/\/www.tournride.com\/wp-content\/uploads\/2025\/07\/foto_ivan.jpg\"><img loading=\"lazy\" decoding=\"async\" width=\"574\" height=\"1020\" data-id=\"29498\" src=\"https:\/\/www.tournride.com\/wp-content\/uploads\/2025\/07\/foto_ivan.jpg\" alt=\"\" class=\"wp-image-29498\" title=\"\" srcset=\"https:\/\/www.tournride.com\/wp-content\/uploads\/2025\/07\/foto_ivan.jpg 574w, https:\/\/www.tournride.com\/wp-content\/uploads\/2025\/07\/foto_ivan-169x300.jpg 169w\" sizes=\"auto, (max-width: 574px) 100vw, 574px\" \/><\/a><\/figure>\n\n\n\n<figure class=\"wp-block-image size-large is-style-rounded\"><a href=\"https:\/\/www.tournride.com\/wp-content\/uploads\/2025\/07\/foto_steven_2.jpg\"><img loading=\"lazy\" decoding=\"async\" width=\"1024\" height=\"768\" data-id=\"29503\" src=\"https:\/\/www.tournride.com\/wp-content\/uploads\/2025\/07\/foto_steven_2-1024x768.jpg\" alt=\"\" class=\"wp-image-29503\" title=\"\" srcset=\"https:\/\/www.tournride.com\/wp-content\/uploads\/2025\/07\/foto_steven_2-1024x768.jpg 1024w, https:\/\/www.tournride.com\/wp-content\/uploads\/2025\/07\/foto_steven_2-300x225.jpg 300w, https:\/\/www.tournride.com\/wp-content\/uploads\/2025\/07\/foto_steven_2-768x576.jpg 768w, https:\/\/www.tournride.com\/wp-content\/uploads\/2025\/07\/foto_steven_2.jpg 1360w\" sizes=\"auto, (max-width: 1024px) 100vw, 1024px\" \/><\/a><\/figure>\n\n\n\n<figure class=\"wp-block-image size-large is-style-rounded\"><a href=\"https:\/\/www.tournride.com\/wp-content\/uploads\/2025\/07\/foto_elena.jpg\"><img loading=\"lazy\" decoding=\"async\" width=\"765\" height=\"1020\" data-id=\"29508\" src=\"https:\/\/www.tournride.com\/wp-content\/uploads\/2025\/07\/foto_elena.jpg\" alt=\"\" class=\"wp-image-29508\" title=\"\" srcset=\"https:\/\/www.tournride.com\/wp-content\/uploads\/2025\/07\/foto_elena.jpg 765w, https:\/\/www.tournride.com\/wp-content\/uploads\/2025\/07\/foto_elena-225x300.jpg 225w\" sizes=\"auto, (max-width: 765px) 100vw, 765px\" \/><\/a><\/figure>\n\n\n\n<figure class=\"wp-block-image size-large\"><a href=\"https:\/\/www.tournride.com\/wp-content\/uploads\/2025\/07\/foto_grupo.jpg\"><img loading=\"lazy\" decoding=\"async\" width=\"1024\" height=\"768\" data-id=\"29513\" src=\"https:\/\/www.tournride.com\/wp-content\/uploads\/2025\/07\/foto_grupo-1024x768.jpg\" alt=\"\" class=\"wp-image-29513\" title=\"\" srcset=\"https:\/\/www.tournride.com\/wp-content\/uploads\/2025\/07\/foto_grupo-1024x768.jpg 1024w, https:\/\/www.tournride.com\/wp-content\/uploads\/2025\/07\/foto_grupo-300x225.jpg 300w, https:\/\/www.tournride.com\/wp-content\/uploads\/2025\/07\/foto_grupo-768x576.jpg 768w, https:\/\/www.tournride.com\/wp-content\/uploads\/2025\/07\/foto_grupo.jpg 1360w\" sizes=\"auto, (max-width: 1024px) 100vw, 1024px\" \/><\/a><\/figure>\n\n\n\n<figure class=\"wp-block-image size-large is-style-rounded\"><a href=\"https:\/\/www.tournride.com\/wp-content\/uploads\/2025\/07\/foto_ana.jpg\"><img loading=\"lazy\" decoding=\"async\" width=\"765\" height=\"1020\" data-id=\"29518\" src=\"https:\/\/www.tournride.com\/wp-content\/uploads\/2025\/07\/foto_ana.jpg\" alt=\"\" class=\"wp-image-29518\" title=\"\" srcset=\"https:\/\/www.tournride.com\/wp-content\/uploads\/2025\/07\/foto_ana.jpg 765w, https:\/\/www.tournride.com\/wp-content\/uploads\/2025\/07\/foto_ana-225x300.jpg 225w\" sizes=\"auto, (max-width: 765px) 100vw, 765px\" \/><\/a><\/figure>\n\n\n\n<figure class=\"wp-block-image size-large is-style-default\"><a href=\"https:\/\/www.tournride.com\/wp-content\/uploads\/2025\/07\/foto_natalia.jpg\"><img loading=\"lazy\" decoding=\"async\" width=\"765\" height=\"1020\" data-id=\"29523\" src=\"https:\/\/www.tournride.com\/wp-content\/uploads\/2025\/07\/foto_natalia.jpg\" alt=\"\" class=\"wp-image-29523\" title=\"\" srcset=\"https:\/\/www.tournride.com\/wp-content\/uploads\/2025\/07\/foto_natalia.jpg 765w, https:\/\/www.tournride.com\/wp-content\/uploads\/2025\/07\/foto_natalia-225x300.jpg 225w\" sizes=\"auto, (max-width: 765px) 100vw, 765px\" \/><\/a><\/figure>\n\n\n\n<figure class=\"wp-block-image size-large is-style-rounded\"><a href=\"https:\/\/www.tournride.com\/wp-content\/uploads\/2025\/07\/foto_ana_2.jpg\"><img loading=\"lazy\" decoding=\"async\" width=\"765\" height=\"1020\" data-id=\"29528\" src=\"https:\/\/www.tournride.com\/wp-content\/uploads\/2025\/07\/foto_ana_2.jpg\" alt=\"\" class=\"wp-image-29528\" title=\"\" srcset=\"https:\/\/www.tournride.com\/wp-content\/uploads\/2025\/07\/foto_ana_2.jpg 765w, https:\/\/www.tournride.com\/wp-content\/uploads\/2025\/07\/foto_ana_2-225x300.jpg 225w\" sizes=\"auto, (max-width: 765px) 100vw, 765px\" \/><\/a><\/figure>\n\n\n\n<figure class=\"wp-block-image size-large is-style-default\"><a href=\"https:\/\/www.tournride.com\/wp-content\/uploads\/2025\/07\/foto_ana_3.jpg\"><img loading=\"lazy\" decoding=\"async\" width=\"765\" height=\"1020\" data-id=\"29533\" src=\"https:\/\/www.tournride.com\/wp-content\/uploads\/2025\/07\/foto_ana_3.jpg\" alt=\"\" class=\"wp-image-29533\" title=\"\" srcset=\"https:\/\/www.tournride.com\/wp-content\/uploads\/2025\/07\/foto_ana_3.jpg 765w, https:\/\/www.tournride.com\/wp-content\/uploads\/2025\/07\/foto_ana_3-225x300.jpg 225w\" sizes=\"auto, (max-width: 765px) 100vw, 765px\" \/><\/a><\/figure>\n\n\n\n<figure class=\"wp-block-image size-large is-style-rounded\"><a href=\"https:\/\/www.tournride.com\/wp-content\/uploads\/2025\/07\/foto_unk_1.jpg\"><img loading=\"lazy\" decoding=\"async\" width=\"1024\" height=\"768\" data-id=\"29538\" src=\"https:\/\/www.tournride.com\/wp-content\/uploads\/2025\/07\/foto_unk_1-1024x768.jpg\" alt=\"\" class=\"wp-image-29538\" title=\"\" srcset=\"https:\/\/www.tournride.com\/wp-content\/uploads\/2025\/07\/foto_unk_1-1024x768.jpg 1024w, https:\/\/www.tournride.com\/wp-content\/uploads\/2025\/07\/foto_unk_1-300x225.jpg 300w, https:\/\/www.tournride.com\/wp-content\/uploads\/2025\/07\/foto_unk_1-768x576.jpg 768w, https:\/\/www.tournride.com\/wp-content\/uploads\/2025\/07\/foto_unk_1.jpg 1360w\" sizes=\"auto, (max-width: 1024px) 100vw, 1024px\" \/><\/a><\/figure>\n\n\n\n<figure class=\"wp-block-image size-large\"><a href=\"https:\/\/www.tournride.com\/wp-content\/uploads\/2025\/07\/foto_grupo_2.jpg\"><img loading=\"lazy\" decoding=\"async\" width=\"1024\" height=\"768\" data-id=\"29543\" src=\"https:\/\/www.tournride.com\/wp-content\/uploads\/2025\/07\/foto_grupo_2-1024x768.jpg\" alt=\"\" class=\"wp-image-29543\" title=\"\" srcset=\"https:\/\/www.tournride.com\/wp-content\/uploads\/2025\/07\/foto_grupo_2-1024x768.jpg 1024w, https:\/\/www.tournride.com\/wp-content\/uploads\/2025\/07\/foto_grupo_2-300x225.jpg 300w, https:\/\/www.tournride.com\/wp-content\/uploads\/2025\/07\/foto_grupo_2-768x576.jpg 768w, https:\/\/www.tournride.com\/wp-content\/uploads\/2025\/07\/foto_grupo_2.jpg 1360w\" sizes=\"auto, (max-width: 1024px) 100vw, 1024px\" \/><\/a><\/figure>\n\n\n\n<figure class=\"wp-block-image size-large is-style-rounded\"><a href=\"https:\/\/www.tournride.com\/wp-content\/uploads\/2025\/07\/foto_unk_2.jpg\"><img loading=\"lazy\" decoding=\"async\" width=\"729\" height=\"693\" data-id=\"29548\" src=\"https:\/\/www.tournride.com\/wp-content\/uploads\/2025\/07\/foto_unk_2.jpg\" alt=\"\" class=\"wp-image-29548\" title=\"\" srcset=\"https:\/\/www.tournride.com\/wp-content\/uploads\/2025\/07\/foto_unk_2.jpg 729w, https:\/\/www.tournride.com\/wp-content\/uploads\/2025\/07\/foto_unk_2-300x285.jpg 300w\" sizes=\"auto, (max-width: 729px) 100vw, 729px\" \/><\/a><\/figure>\n\n\n\n<figure class=\"wp-block-image size-large is-style-default\"><a href=\"https:\/\/www.tournride.com\/wp-content\/uploads\/2025\/07\/foto_ivan_2.jpg\"><img loading=\"lazy\" decoding=\"async\" width=\"1024\" height=\"576\" data-id=\"29553\" src=\"https:\/\/www.tournride.com\/wp-content\/uploads\/2025\/07\/foto_ivan_2-1024x576.jpg\" alt=\"\" class=\"wp-image-29553\" title=\"\" srcset=\"https:\/\/www.tournride.com\/wp-content\/uploads\/2025\/07\/foto_ivan_2-1024x576.jpg 1024w, https:\/\/www.tournride.com\/wp-content\/uploads\/2025\/07\/foto_ivan_2-300x169.jpg 300w, https:\/\/www.tournride.com\/wp-content\/uploads\/2025\/07\/foto_ivan_2-768x432.jpg 768w, https:\/\/www.tournride.com\/wp-content\/uploads\/2025\/07\/foto_ivan_2.jpg 1360w\" sizes=\"auto, (max-width: 1024px) 100vw, 1024px\" \/><\/a><\/figure>\n\n\n\n<figure class=\"wp-block-image size-large is-style-rounded\"><a href=\"https:\/\/www.tournride.com\/wp-content\/uploads\/2025\/07\/foto_natalia_2.jpg\"><img loading=\"lazy\" decoding=\"async\" width=\"1024\" height=\"576\" data-id=\"29558\" src=\"https:\/\/www.tournride.com\/wp-content\/uploads\/2025\/07\/foto_natalia_2-1024x576.jpg\" alt=\"\" class=\"wp-image-29558\" title=\"\" srcset=\"https:\/\/www.tournride.com\/wp-content\/uploads\/2025\/07\/foto_natalia_2-1024x576.jpg 1024w, https:\/\/www.tournride.com\/wp-content\/uploads\/2025\/07\/foto_natalia_2-300x169.jpg 300w, https:\/\/www.tournride.com\/wp-content\/uploads\/2025\/07\/foto_natalia_2-768x432.jpg 768w, https:\/\/www.tournride.com\/wp-content\/uploads\/2025\/07\/foto_natalia_2.jpg 1360w\" sizes=\"auto, (max-width: 1024px) 100vw, 1024px\" \/><\/a><\/figure>\n\n\n\n<figure class=\"wp-block-image size-large is-style-default\"><a href=\"https:\/\/www.tournride.com\/wp-content\/uploads\/2025\/07\/foto_grupo_3.jpg\"><img loading=\"lazy\" decoding=\"async\" width=\"1024\" height=\"768\" data-id=\"29563\" src=\"https:\/\/www.tournride.com\/wp-content\/uploads\/2025\/07\/foto_grupo_3-1024x768.jpg\" alt=\"\" class=\"wp-image-29563\" title=\"\" srcset=\"https:\/\/www.tournride.com\/wp-content\/uploads\/2025\/07\/foto_grupo_3-1024x768.jpg 1024w, https:\/\/www.tournride.com\/wp-content\/uploads\/2025\/07\/foto_grupo_3-300x225.jpg 300w, https:\/\/www.tournride.com\/wp-content\/uploads\/2025\/07\/foto_grupo_3-768x576.jpg 768w, https:\/\/www.tournride.com\/wp-content\/uploads\/2025\/07\/foto_grupo_3.jpg 1360w\" sizes=\"auto, (max-width: 1024px) 100vw, 1024px\" \/><\/a><\/figure>\n\n\n\n<figure class=\"wp-block-image size-large is-style-rounded\"><a href=\"https:\/\/www.tournride.com\/wp-content\/uploads\/2025\/07\/foto_amanda.jpg\"><img loading=\"lazy\" decoding=\"async\" width=\"1024\" height=\"768\" data-id=\"29568\" src=\"https:\/\/www.tournride.com\/wp-content\/uploads\/2025\/07\/foto_amanda-1024x768.jpg\" alt=\"\" class=\"wp-image-29568\" title=\"\" srcset=\"https:\/\/www.tournride.com\/wp-content\/uploads\/2025\/07\/foto_amanda-1024x768.jpg 1024w, https:\/\/www.tournride.com\/wp-content\/uploads\/2025\/07\/foto_amanda-300x225.jpg 300w, https:\/\/www.tournride.com\/wp-content\/uploads\/2025\/07\/foto_amanda-768x576.jpg 768w, https:\/\/www.tournride.com\/wp-content\/uploads\/2025\/07\/foto_amanda.jpg 1360w\" sizes=\"auto, (max-width: 1024px) 100vw, 1024px\" \/><\/a><\/figure>\n\n\n\n<figure class=\"wp-block-image size-large\"><a href=\"https:\/\/www.tournride.com\/wp-content\/uploads\/2025\/07\/foto_antonio.jpg\"><img loading=\"lazy\" decoding=\"async\" width=\"765\" height=\"1020\" data-id=\"29573\" src=\"https:\/\/www.tournride.com\/wp-content\/uploads\/2025\/07\/foto_antonio.jpg\" alt=\"\" class=\"wp-image-29573\" title=\"\" srcset=\"https:\/\/www.tournride.com\/wp-content\/uploads\/2025\/07\/foto_antonio.jpg 765w, https:\/\/www.tournride.com\/wp-content\/uploads\/2025\/07\/foto_antonio-225x300.jpg 225w\" sizes=\"auto, (max-width: 765px) 100vw, 765px\" \/><\/a><\/figure>\n\n\n\n<figure class=\"wp-block-image size-large is-style-rounded\"><a href=\"https:\/\/www.tournride.com\/wp-content\/uploads\/2025\/07\/foto_rodrigo.jpg\"><img loading=\"lazy\" decoding=\"async\" width=\"1024\" height=\"768\" data-id=\"29578\" src=\"https:\/\/www.tournride.com\/wp-content\/uploads\/2025\/07\/foto_rodrigo-1024x768.jpg\" alt=\"\" class=\"wp-image-29578\" title=\"\" srcset=\"https:\/\/www.tournride.com\/wp-content\/uploads\/2025\/07\/foto_rodrigo-1024x768.jpg 1024w, https:\/\/www.tournride.com\/wp-content\/uploads\/2025\/07\/foto_rodrigo-300x225.jpg 300w, https:\/\/www.tournride.com\/wp-content\/uploads\/2025\/07\/foto_rodrigo-768x576.jpg 768w, https:\/\/www.tournride.com\/wp-content\/uploads\/2025\/07\/foto_rodrigo.jpg 1360w\" sizes=\"auto, (max-width: 1024px) 100vw, 1024px\" \/><\/a><\/figure>\n\n\n\n<figure class=\"wp-block-image size-large is-style-default\"><a href=\"https:\/\/www.tournride.com\/wp-content\/uploads\/2025\/07\/Foto-Geronimo.jpg\"><img loading=\"lazy\" decoding=\"async\" width=\"1024\" height=\"766\" data-id=\"29583\" src=\"https:\/\/www.tournride.com\/wp-content\/uploads\/2025\/07\/Foto-Geronimo-1024x766.jpg\" alt=\"\" class=\"wp-image-29583\" title=\"\" srcset=\"https:\/\/www.tournride.com\/wp-content\/uploads\/2025\/07\/Foto-Geronimo-1024x766.jpg 1024w, https:\/\/www.tournride.com\/wp-content\/uploads\/2025\/07\/Foto-Geronimo-300x224.jpg 300w, https:\/\/www.tournride.com\/wp-content\/uploads\/2025\/07\/Foto-Geronimo-768x574.jpg 768w, https:\/\/www.tournride.com\/wp-content\/uploads\/2025\/07\/Foto-Geronimo.jpg 1360w\" sizes=\"auto, (max-width: 1024px) 100vw, 1024px\" \/><\/a><\/figure>\n\n\n\n<figure class=\"wp-block-image size-large is-style-rounded\"><a href=\"https:\/\/www.tournride.com\/wp-content\/uploads\/2025\/07\/foto_sergio.jpg\"><img loading=\"lazy\" decoding=\"async\" width=\"1024\" height=\"768\" data-id=\"29588\" src=\"https:\/\/www.tournride.com\/wp-content\/uploads\/2025\/07\/foto_sergio-1024x768.jpg\" alt=\"\" class=\"wp-image-29588\" title=\"\" srcset=\"https:\/\/www.tournride.com\/wp-content\/uploads\/2025\/07\/foto_sergio-1024x768.jpg 1024w, https:\/\/www.tournride.com\/wp-content\/uploads\/2025\/07\/foto_sergio-300x225.jpg 300w, https:\/\/www.tournride.com\/wp-content\/uploads\/2025\/07\/foto_sergio-768x576.jpg 768w, https:\/\/www.tournride.com\/wp-content\/uploads\/2025\/07\/foto_sergio.jpg 1360w\" sizes=\"auto, (max-width: 1024px) 100vw, 1024px\" \/><\/a><\/figure>\n\n\n\n<figure class=\"wp-block-image size-large is-style-default\"><a href=\"https:\/\/www.tournride.com\/wp-content\/uploads\/2025\/07\/foto-Simone.jpg\"><img loading=\"lazy\" decoding=\"async\" width=\"765\" height=\"1020\" data-id=\"29593\" src=\"https:\/\/www.tournride.com\/wp-content\/uploads\/2025\/07\/foto-Simone.jpg\" alt=\"\" class=\"wp-image-29593\" title=\"\" srcset=\"https:\/\/www.tournride.com\/wp-content\/uploads\/2025\/07\/foto-Simone.jpg 765w, https:\/\/www.tournride.com\/wp-content\/uploads\/2025\/07\/foto-Simone-225x300.jpg 225w\" sizes=\"auto, (max-width: 765px) 100vw, 765px\" \/><\/a><\/figure>\n\n\n\n<figure class=\"wp-block-image size-large is-style-rounded\"><a href=\"https:\/\/www.tournride.com\/wp-content\/uploads\/2025\/07\/foto_natalia_3.jpg\"><img loading=\"lazy\" decoding=\"async\" width=\"1024\" height=\"576\" data-id=\"29598\" src=\"https:\/\/www.tournride.com\/wp-content\/uploads\/2025\/07\/foto_natalia_3-1024x576.jpg\" alt=\"\" class=\"wp-image-29598\" title=\"\" srcset=\"https:\/\/www.tournride.com\/wp-content\/uploads\/2025\/07\/foto_natalia_3-1024x576.jpg 1024w, https:\/\/www.tournride.com\/wp-content\/uploads\/2025\/07\/foto_natalia_3-300x169.jpg 300w, https:\/\/www.tournride.com\/wp-content\/uploads\/2025\/07\/foto_natalia_3-768x432.jpg 768w, https:\/\/www.tournride.com\/wp-content\/uploads\/2025\/07\/foto_natalia_3.jpg 1360w\" sizes=\"auto, (max-width: 1024px) 100vw, 1024px\" \/><\/a><\/figure>\n\n\n\n<figure class=\"wp-block-image size-large is-style-rounded\"><a href=\"https:\/\/www.tournride.com\/wp-content\/uploads\/2025\/07\/foto_grupo_4.jpg\"><img loading=\"lazy\" decoding=\"async\" width=\"1024\" height=\"768\" data-id=\"29603\" src=\"https:\/\/www.tournride.com\/wp-content\/uploads\/2025\/07\/foto_grupo_4-1024x768.jpg\" alt=\"\" class=\"wp-image-29603\" title=\"\" srcset=\"https:\/\/www.tournride.com\/wp-content\/uploads\/2025\/07\/foto_grupo_4-1024x768.jpg 1024w, https:\/\/www.tournride.com\/wp-content\/uploads\/2025\/07\/foto_grupo_4-300x225.jpg 300w, https:\/\/www.tournride.com\/wp-content\/uploads\/2025\/07\/foto_grupo_4-768x576.jpg 768w, https:\/\/www.tournride.com\/wp-content\/uploads\/2025\/07\/foto_grupo_4.jpg 1360w\" sizes=\"auto, (max-width: 1024px) 100vw, 1024px\" \/><\/a><\/figure>\n<\/figure>\n\n\n\n<h3 class=\"wp-block-heading\"><strong>Precisa de Mais Ajuda? Explore Estes Links<\/strong><\/h3>\n\n\n\n<style>\n.fondo {\n\tdisplay: none;\n}\n.entry-content .cansubmitColors {\n\tbackground-color: #6496c8 !important\n}\n.container {\n\theight: unset!important;\n\tmargin-bottom: 2rem;\n}\n<\/style>\n<script type=\"application\/ld+json\">\n{\n  \"@context\": \"https:\/\/schema.org\",\n  \"@type\": \"VideoObject\",\n  \"name\": \" C\u00f3mo reservar en Tournride \",\n  \"description\": \"Video explicativo sobre c\u00f3mo reservar en Tournride\",\n  \"thumbnailUrl\": [\n    \"https:\/\/img.youtube.com\/vi\/L6_txx85CFw\/maxresdefault.jpg\"\n  ],\n  \"uploadDate\": \"2025-02-07\",\n  \"duration\": \"PT9M39S\", \n  \"contentUrl\": \"https:\/\/youtu.be\/L6_txx85CFw?si=E2sklk83U3ouvwQr\"\n}\n<\/script>\n","protected":false},"excerpt":{"rendered":"<p>Como Reservar Bicicletas para o Caminho de Santiago Guia Passo a Passo Neste v\u00eddeo, mostramos de forma simples e detalhada como reservar suas bicicletas na Tournride para sua aventura no Caminho. Desde a sele\u00e7\u00e3o do modelo at\u00e9 a confirma\u00e7\u00e3o da reserva, cada passo \u00e9 explicado para que sua experi\u00eancia seja a mais confort\u00e1vel poss\u00edvel. Al\u00e9m [&hellip;]<\/p>\n","protected":false},"author":2,"featured_media":0,"parent":0,"menu_order":0,"comment_status":"closed","ping_status":"closed","template":"reservar.php","meta":{"_joinchat":[],"footnotes":""},"class_list":["post-29117","page","type-page","status-publish","hentry"],"_links":{"self":[{"href":"https:\/\/www.tournride.com\/pt-br\/wp-json\/wp\/v2\/pages\/29117","targetHints":{"allow":["GET"]}}],"collection":[{"href":"https:\/\/www.tournride.com\/pt-br\/wp-json\/wp\/v2\/pages"}],"about":[{"href":"https:\/\/www.tournride.com\/pt-br\/wp-json\/wp\/v2\/types\/page"}],"author":[{"embeddable":true,"href":"https:\/\/www.tournride.com\/pt-br\/wp-json\/wp\/v2\/users\/2"}],"replies":[{"embeddable":true,"href":"https:\/\/www.tournride.com\/pt-br\/wp-json\/wp\/v2\/comments?post=29117"}],"version-history":[{"count":4,"href":"https:\/\/www.tournride.com\/pt-br\/wp-json\/wp\/v2\/pages\/29117\/revisions"}],"predecessor-version":[{"id":30628,"href":"https:\/\/www.tournride.com\/pt-br\/wp-json\/wp\/v2\/pages\/29117\/revisions\/30628"}],"wp:attachment":[{"href":"https:\/\/www.tournride.com\/pt-br\/wp-json\/wp\/v2\/media?parent=29117"}],"curies":[{"name":"wp","href":"https:\/\/api.w.org\/{rel}","templated":true}]}}