{"id":29078,"date":"2025-02-05T12:27:53","date_gmt":"2025-02-05T11:27:53","guid":{"rendered":"https:\/\/www.tournride.com\/?page_id=29078"},"modified":"2025-02-05T12:27:54","modified_gmt":"2025-02-05T11:27:54","slug":"nossos-parceiros","status":"publish","type":"page","link":"https:\/\/www.tournride.com\/pt-br\/profissionais-2\/nossos-parceiros\/","title":{"rendered":"Nossos parceiros"},"content":{"rendered":"\n<div class=\"wp-block-rank-math-toc-block\" id=\"rank-math-toc\"><h2>\u00cdndice<\/h2><nav><ul><li class=\"\"><a href=\"#proveedores-de-bicicletas-repuestos-y-accesorios\">Fornecedores de Bicicletas, Pe\u00e7as e Acess\u00f3rios<\/a><\/li><li class=\"\"><a href=\"#empresas-de-transporte\">Empresas de Transporte<\/a><\/li><li class=\"\"><a href=\"#talleres-y-tiendas-de-bicicletas\">Oficinas e Lojas de Bicicletas<\/a><\/li><li class=\"\"><a href=\"#taxistas\">Taxistas<\/a><\/li><li class=\"\"><a href=\"#unete-a-nosotros\">Junte-se a N\u00f3s<\/a><\/li><\/ul><\/nav><\/div>\n\n\n\n<figure class=\"wp-block-image alignright size-large is-resized\"><a href=\"https:\/\/www.tournride.com\/wp-content\/uploads\/2025\/01\/es534_detalle3.png\"><img loading=\"lazy\" decoding=\"async\" width=\"1024\" height=\"662\" src=\"https:\/\/www.tournride.com\/wp-content\/uploads\/2025\/01\/es534_detalle3-1024x662.png\" alt=\"nossos parceiros\" class=\"wp-image-28402\" style=\"width:265px;height:auto\" title=\"\" srcset=\"https:\/\/www.tournride.com\/wp-content\/uploads\/2025\/01\/es534_detalle3-1024x662.png 1024w, https:\/\/www.tournride.com\/wp-content\/uploads\/2025\/01\/es534_detalle3-300x194.png 300w, https:\/\/www.tournride.com\/wp-content\/uploads\/2025\/01\/es534_detalle3-768x496.png 768w, https:\/\/www.tournride.com\/wp-content\/uploads\/2025\/01\/es534_detalle3-1536x993.png 1536w, https:\/\/www.tournride.com\/wp-content\/uploads\/2025\/01\/es534_detalle3-2048x1323.png 2048w\" sizes=\"auto, (max-width: 1024px) 100vw, 1024px\" \/><\/a><\/figure>\n\n\n\n<p>Na Tournride, orgulhamo-nos de colaborar com uma rede de parceiros de confian\u00e7a que nos ajudam a oferecer o melhor servi\u00e7o poss\u00edvel e o melhor pre\u00e7o aos nossos clientes. Gra\u00e7as a essas alian\u00e7as, podemos garantir que cada experi\u00eancia no Caminho de Santiago seja inesquec\u00edvel e sem complica\u00e7\u00f5es.<\/p>\n\n\n\n<h3 class=\"wp-block-heading\" id=\"proveedores-de-bicicletas-repuestos-y-accesorios\">Fornecedores de Bicicletas, Pe\u00e7as e Acess\u00f3rios<\/h3>\n\n\n\n<p>Trabalhamos com os melhores fornecedores de material de bicicleta para garantir que nossos clientes disponham de equipamentos de alta qualidade e confiabilidade. Entre nossos parceiros, encontram-se:<\/p>\n\n\n\n<ul class=\"wp-block-list\">\n<li><strong><a aria-label=\"Visite o site Mmrbikes para mais informa\u00e7\u00f5es\" href=\"http:\/\/www.mmrbikes.com\" data-type=\"link\" data-id=\"www.mmrbikes.com\" target=\"_blank\" rel=\"noopener\">MMR Bikes<\/a><\/strong>: Fornecedor das nossas <a aria-label=\"Mais informa\u00e7\u00f5es sobre:  MMR Koen 00\" href=\"https:\/\/www.tournride.com\/pt-br\/mmr-koen-00-aluguer-de-bicicletas\/\" data-type=\"page\" data-id=\"28218\">MMR Koen<\/a> e <a aria-label=\"Mais informa\u00e7\u00f5es sobre:  MMR Zen 00\" href=\"https:\/\/www.tournride.com\/pt-br\/mmr-zen-00-aluguer-bicicletas-caminho\/\" data-type=\"page\" data-id=\"28545\">MMR Zen<\/a>.<\/li>\n\n\n\n<li><strong><a aria-label=\"Visite o site Bhbikes para mais informa\u00e7\u00f5es\" href=\"http:\/\/www.bhbikes.com\" data-type=\"link\" data-id=\"www.bhbikes.com\" target=\"_blank\" rel=\"noopener\">BH Bikes<\/a><\/strong>: Fornecedor das nossas <a aria-label=\"Mais informa\u00e7\u00f5es sobre:  BH AtomE Jet Pro\" href=\"https:\/\/www.tournride.com\/pt-br\/bh-atome-jet-pro-aluguer-de-bicicletas\/\" data-type=\"page\" data-id=\"28387\">BH AtomE Jet Pro<\/a>,  BH Ultimate de carbono e BH Expert<\/li>\n\n\n\n<li><strong><a aria-label=\"Visite o site Yamaha-motor.eu para mais informa\u00e7\u00f5es\" href=\"https:\/\/www.yamaha-motor.eu\/es\/es\/ebike\/\" target=\"_blank\" rel=\"noopener\">Yamaha<\/a><\/strong>: Fornecedor das nossas <a aria-label=\"Mais informa\u00e7\u00f5es sobre:  Yamaha Crosscore RC\" href=\"https:\/\/www.tournride.com\/pt-br\/yamaha-crosscore-rc-aluguer-bicicletas\/\" data-type=\"page\" data-id=\"28305\">Yamaha Crosscore RC<\/a> e das gravel el\u00e9tricas <a aria-label=\"Mais informa\u00e7\u00f5es sobre:  Yamaha Wabash Gravel RT\" href=\"https:\/\/www.tournride.com\/pt-br\/yamaha-wabash-gravel-rt-aluguer-bicicletas\/\" data-type=\"page\" data-id=\"28483\">Yamaha Wabash<\/a>.<\/li>\n<\/ul>\n\n\n\n<h3 class=\"wp-block-heading\" id=\"empresas-de-transporte\">Empresas de Transporte<\/h3>\n\n\n\n<figure class=\"wp-block-image alignleft size-large is-resized\"><a href=\"https:\/\/www.tournride.com\/wp-content\/uploads\/2016\/08\/10.jpg\"><img decoding=\"async\" src=\"https:\/\/www.tournride.com\/wp-content\/uploads\/2016\/08\/10-1024x653.jpg\" alt=\"nossos parceiros no caminho de Santiago\n\" class=\"wp-image-3806\" style=\"width:336px;height:auto\" title=\"\"><\/a><\/figure>\n\n\n\n<p>Para garantir que nossas bicicletas cheguem ao seu destino de forma segura e pontual, contamos com a colabora\u00e7\u00e3o de empresas de transporte l\u00edderes no setor:<\/p>\n\n\n\n<ul class=\"wp-block-list\">\n<li><strong><a aria-label=\"Visite o site Seur para mais informa\u00e7\u00f5es\" href=\"http:\/\/www.seur.com\" data-type=\"link\" data-id=\"www.seur.com\" target=\"_blank\" rel=\"noopener\">SEUR<\/a><\/strong>: Com sua ampla rede log\u00edstica, a SEUR garante entregas r\u00e1pidas e eficientes.<\/li>\n\n\n\n<li><strong><a aria-label=\"Visite o site Mrw para mais informa\u00e7\u00f5es\" href=\"http:\/\/www.mrw.es\" data-type=\"link\" data-id=\"www.mrw.es\" target=\"_blank\" rel=\"noopener\">MRW<\/a><\/strong>: Conhecida por sua confiabilidade e atendimento ao cliente, a MRW \u00e9 uma parceira-chave em nossas opera\u00e7\u00f5es.<\/li>\n<\/ul>\n\n\n\n<div style=\"height:2px\" aria-hidden=\"true\" class=\"wp-block-spacer\"><\/div>\n\n\n\n<h3 class=\"wp-block-heading\" id=\"talleres-y-tiendas-de-bicicletas\">Oficinas e Lojas de Bicicletas<\/h3>\n\n\n\n<p>Nossos clientes podem receber suas bicicletas totalmente montadas e prontas para uso em uma rede de oficinas e lojas de bicicletas ao longo do Caminho de Santiago. Al\u00e9m disso, em caso de avaria por conta da Tournride, voc\u00ea n\u00e3o precisar\u00e1 pagar nada, e com a garantia de que o que voc\u00ea precisar deles, que n\u00e3o esteja coberto pela Tournride, ser\u00e1 a um pre\u00e7o justo.<\/p>\n\n\n\n<h3 class=\"wp-block-heading\" id=\"taxistas\">Taxistas<\/h3>\n\n\n\n<p>Tamb\u00e9m colaboramos com taxistas que podem transportar bicicletas e passageiros, garantindo que nossos clientes cheguem ao seu destino de forma confort\u00e1vel e segura em caso de avaria. Se voc\u00ea \u00e9 taxista e deseja se juntar \u00e0 nossa rede de parceiros, <a aria-label=\"Mais informa\u00e7\u00f5es sobre:  Partners@tournride.com\" href=\"mailto:partners@tournride.com?subject=Hola, soy taxista y quiero colaborar con vosotros\">entre em contato<\/a> para mais informa\u00e7\u00f5es.<\/p>\n\n\n\n<h3 class=\"wp-block-heading\" id=\"unete-a-nosotros\">Junte-se a N\u00f3s<\/h3>\n\n\n\n<p>Se voc\u00ea \u00e9 um fornecedor de material de bicicleta, uma empresa de transporte ou uma oficina\/loja de bicicletas e est\u00e1 interessado em se tornar um dos nossos parceiros, adorar\u00edamos saber de voc\u00ea. Juntos, podemos oferecer aos nossos clientes uma experi\u00eancia excepcional no Caminho de Santiago.<\/p>\n\n\n\n<p>Para mais informa\u00e7\u00f5es sobre como se tornar um parceiro, por favor, entre em contato conosco atrav\u00e9s de <a aria-label=\"Mais informa\u00e7\u00f5es sobre:  Partners@tournride.com\" href=\"mailto:partners@tournride.com?subject=Hola, nos gustar\u00eda hablar con vosotros\" target=\"_blank\" rel=\"noreferrer noopener nofollow\">partners@tournride.com<\/a> ou ligue para +34 981 936 616.<\/p>\n","protected":false},"excerpt":{"rendered":"<p>Na Tournride, orgulhamo-nos de colaborar com uma rede de parceiros de confian\u00e7a que nos ajudam a oferecer o melhor servi\u00e7o poss\u00edvel e o melhor pre\u00e7o aos nossos clientes. Gra\u00e7as a essas alian\u00e7as, podemos garantir que cada experi\u00eancia no Caminho de Santiago seja inesquec\u00edvel e sem complica\u00e7\u00f5es. Fornecedores de Bicicletas, Pe\u00e7as e Acess\u00f3rios Trabalhamos com os [&hellip;]<\/p>\n","protected":false},"author":2,"featured_media":0,"parent":28080,"menu_order":76,"comment_status":"closed","ping_status":"closed","template":"","meta":{"_joinchat":[],"footnotes":""},"class_list":["post-29078","page","type-page","status-publish","hentry"],"_links":{"self":[{"href":"https:\/\/www.tournride.com\/pt-br\/wp-json\/wp\/v2\/pages\/29078","targetHints":{"allow":["GET"]}}],"collection":[{"href":"https:\/\/www.tournride.com\/pt-br\/wp-json\/wp\/v2\/pages"}],"about":[{"href":"https:\/\/www.tournride.com\/pt-br\/wp-json\/wp\/v2\/types\/page"}],"author":[{"embeddable":true,"href":"https:\/\/www.tournride.com\/pt-br\/wp-json\/wp\/v2\/users\/2"}],"replies":[{"embeddable":true,"href":"https:\/\/www.tournride.com\/pt-br\/wp-json\/wp\/v2\/comments?post=29078"}],"version-history":[{"count":1,"href":"https:\/\/www.tournride.com\/pt-br\/wp-json\/wp\/v2\/pages\/29078\/revisions"}],"predecessor-version":[{"id":29079,"href":"https:\/\/www.tournride.com\/pt-br\/wp-json\/wp\/v2\/pages\/29078\/revisions\/29079"}],"up":[{"embeddable":true,"href":"https:\/\/www.tournride.com\/pt-br\/wp-json\/wp\/v2\/pages\/28080"}],"wp:attachment":[{"href":"https:\/\/www.tournride.com\/pt-br\/wp-json\/wp\/v2\/media?parent=29078"}],"curies":[{"name":"wp","href":"https:\/\/api.w.org\/{rel}","templated":true}]}}