{"id":29041,"date":"2025-02-04T19:53:25","date_gmt":"2025-02-04T18:53:25","guid":{"rendered":"https:\/\/www.tournride.com\/?page_id=29041"},"modified":"2025-02-04T19:54:07","modified_gmt":"2025-02-04T18:54:07","slug":"credencial-do-caminho-de-santiago","status":"publish","type":"page","link":"https:\/\/www.tournride.com\/pt-br\/bicigrinos\/credencial-do-caminho-de-santiago\/","title":{"rendered":"A Credencial do Caminho de Santiago"},"content":{"rendered":"\n<div class=\"wp-block-rank-math-toc-block\" id=\"rank-math-toc\"><h2>Indice<\/h2><nav><ul><li class=\"\"><a href=\"https:\/\/www.tournride.com\/pt-br\/peregrinos-e-bicigrinos\/credencial-do-caminho-de-santiago\/#tu-pasaporte-para-una-experiencia-inolvidable\">Seu Passaporte para uma Experi\u00eancia Inesquec\u00edvel<\/a><ul><li class=\"\"><a href=\"https:\/\/www.tournride.com\/pt-br\/peregrinos-e-bicigrinos\/credencial-do-caminho-de-santiago\/#que-es-la-credencial-del-camino-de-santiago\">O que \u00e9 a Credencial do Caminho de Santiago?<\/a><\/li><li class=\"\"><a href=\"https:\/\/www.tournride.com\/pt-br\/peregrinos-e-bicigrinos\/credencial-do-caminho-de-santiago\/#como-obtener-la-credencial\">Como Obter a Credencial<\/a><\/li><li class=\"\"><a href=\"https:\/\/www.tournride.com\/pt-br\/peregrinos-e-bicigrinos\/credencial-do-caminho-de-santiago\/#caracteristicas-de-la-credencial-oficial\">Caracter\u00edsticas da Credencial Oficial<\/a><\/li><li class=\"\"><a href=\"https:\/\/www.tournride.com\/pt-br\/peregrinos-e-bicigrinos\/credencial-do-caminho-de-santiago\/#importancia-de-la-credencial-para-obtener-la-compostelana\">Import\u00e2ncia da Credencial para Obter a Compostela<\/a><\/li><li class=\"\"><a href=\"https:\/\/www.tournride.com\/pt-br\/peregrinos-e-bicigrinos\/credencial-do-caminho-de-santiago\/#recorrer-el-camino-de-santiago-en-bicicleta\">Percorrer o Caminho de Santiago de Bicicleta<\/a><\/li><li class=\"\"><a href=\"https:\/\/www.tournride.com\/pt-br\/peregrinos-e-bicigrinos\/credencial-do-caminho-de-santiago\/#consejos-para-llevar-tu-credencial\">Dicas para Levar sua Credencial<\/a><\/li><li class=\"\"><a href=\"https:\/\/www.tournride.com\/pt-br\/peregrinos-e-bicigrinos\/credencial-do-caminho-de-santiago\/#conclusion\">Conclus\u00e3o<\/a><\/li><\/ul><\/li><\/ul><\/nav><\/div>\n\n\n\n<h2 class=\"wp-block-heading\" id=\"tu-pasaporte-para-una-experiencia-inolvidable\"><strong>Seu Passaporte para uma Experi\u00eancia Inesquec\u00edvel<\/strong><\/h2>\n\n\n\n<p>O Caminho de Santiago \u00e9 uma das rotas de peregrina\u00e7\u00e3o mais ic\u00f4nicas e antigas do mundo. Milhares de peregrinos de todo o mundo percorrem suas trilhas todos os anos, buscando n\u00e3o apenas uma experi\u00eancia espiritual, mas tamb\u00e9m uma aventura cultural e pessoal. Um dos elementos essenciais para qualquer peregrino \u00e9 a <strong>credencial do Caminho de Santiago<\/strong>, tamb\u00e9m conhecida como Passaporte do Peregrino. Neste artigo, exploraremos tudo o que voc\u00ea precisa saber sobre a credencial, sua import\u00e2ncia e como obt\u00ea-la.<\/p>\n\n\n\n<figure class=\"wp-block-image aligncenter size-full\"><a href=\"https:\/\/www.tournride.com\/wp-content\/uploads\/2018\/03\/credencial-camino-de-santiago.jpg\"><img loading=\"lazy\" decoding=\"async\" width=\"757\" height=\"504\" src=\"https:\/\/www.tournride.com\/wp-content\/uploads\/2018\/03\/credencial-camino-de-santiago.jpg\" alt=\"Credencial do Caminho de Santiago\" class=\"wp-image-4700\" title=\"\" srcset=\"https:\/\/www.tournride.com\/wp-content\/uploads\/2018\/03\/credencial-camino-de-santiago.jpg 757w, https:\/\/www.tournride.com\/wp-content\/uploads\/2018\/03\/credencial-camino-de-santiago-300x200.jpg 300w\" sizes=\"auto, (max-width: 757px) 100vw, 757px\" \/><\/a><\/figure>\n\n\n\n<h3 class=\"wp-block-heading\" id=\"que-es-la-credencial-del-camino-de-santiago\"><strong>O que \u00e9 a Credencial do Caminho de Santiago?<\/strong><\/h3>\n\n\n\n<p>A <strong>credencial do Caminho de Santiago<\/strong> \u00e9 um documento que certifica seu status de peregrino e permite que voc\u00ea acesse albergues e servi\u00e7os destinados aos peregrinos ao longo do caminho. Este documento \u00e9 o sucessor dos salvo-condutos entregues aos peregrinos na Idade M\u00e9dia, e hoje \u00e9 um item indispens\u00e1vel para qualquer pessoa que deseje realizar essa rota.<\/p>\n\n\n\n<h3 class=\"wp-block-heading\" id=\"como-obtener-la-credencial\"><strong>Como Obter a Credencial<\/strong><\/h3>\n\n\n\n<p>Para obter a <strong>credencial do Caminho de Santiago<\/strong>, voc\u00ea pode recorrer a v\u00e1rias institui\u00e7\u00f5es autorizadas. Na Espanha, o Escrit\u00f3rio de Acolhida ao Peregrino em Santiago de Compostela \u00e9 um dos lugares mais comuns para solicit\u00e1-la. Al\u00e9m disso, voc\u00ea pode obt\u00ea-la em par\u00f3quias, Associa\u00e7\u00f5es de Amigos do Caminho de Santiago, albergues de peregrinos e confrarias. Fora da Espanha, algumas associa\u00e7\u00f5es relacionadas \u00e0 peregrina\u00e7\u00e3o tamb\u00e9m est\u00e3o autorizadas a distribuir suas pr\u00f3prias credenciais.<\/p>\n\n\n\n<figure class=\"wp-block-image size-full\"><a href=\"https:\/\/www.tournride.com\/wp-content\/uploads\/2016\/08\/credencial.jpg\"><img loading=\"lazy\" decoding=\"async\" width=\"900\" height=\"564\" src=\"https:\/\/www.tournride.com\/wp-content\/uploads\/2016\/08\/credencial.jpg\" alt=\"Credencial do Caminho de Santiago\" class=\"wp-image-3800\" title=\"\" srcset=\"https:\/\/www.tournride.com\/wp-content\/uploads\/2016\/08\/credencial.jpg 900w, https:\/\/www.tournride.com\/wp-content\/uploads\/2016\/08\/credencial-300x188.jpg 300w, https:\/\/www.tournride.com\/wp-content\/uploads\/2016\/08\/credencial-768x481.jpg 768w\" sizes=\"auto, (max-width: 900px) 100vw, 900px\" \/><\/a><\/figure>\n\n\n\n<h3 class=\"wp-block-heading\" id=\"caracteristicas-de-la-credencial-oficial\"><strong>Caracter\u00edsticas da Credencial Oficial<\/strong><\/h3>\n\n\n\n<p>A <strong>credencial oficial<\/strong> distribu\u00edda pela Catedral de Santiago \u00e9 impressa em cartolina e consiste em dezesseis p\u00e1ginas que se abrem em formato sanfona. As primeiras p\u00e1ginas geralmente s\u00e3o ilustradas e cont\u00eam informa\u00e7\u00f5es importantes sobre o Caminho. A primeira p\u00e1gina funciona como uma carta de apresenta\u00e7\u00e3o e deve ser preenchida com seus dados pessoais na associa\u00e7\u00e3o distribuidora. Na parte superior, h\u00e1 um espa\u00e7o destinado ao carimbo da entidade que entregou a credencial, e na parte inferior, ser\u00e1 colocada a data e o carimbo da Catedral ap\u00f3s a conclus\u00e3o da peregrina\u00e7\u00e3o.<\/p>\n\n\n\n<h3 class=\"wp-block-heading\" id=\"importancia-de-la-credencial-para-obtener-la-compostelana\"><strong>Import\u00e2ncia da Credencial para Obter a Compostela<\/strong><\/h3>\n\n\n\n<p>A <strong>Compostela<\/strong> \u00e9 o certificado que atesta a conclus\u00e3o do Caminho de Santiago. Para obt\u00ea-la, \u00e9 fundamental levar sua <strong>credencial<\/strong> e carimb\u00e1-la nos diferentes pontos de controle ao longo do caminho. Se voc\u00ea est\u00e1 realizando o Caminho de bicicleta, \u00e9 importante saber que voc\u00ea deve percorrer pelo menos 200 km para ser eleg\u00edvel para a Compostela. Esse requisito \u00e9 menor para os peregrinos que fazem o caminho a p\u00e9, que devem percorrer pelo menos 100 km.<\/p>\n\n\n\n<figure class=\"wp-block-image aligncenter size-large\"><a href=\"https:\/\/www.tournride.com\/wp-content\/uploads\/2016\/08\/137.jpg\"><img decoding=\"async\" src=\"https:\/\/www.tournride.com\/wp-content\/uploads\/2016\/08\/137-1024x662.jpg\" alt=\"Credencial do Caminho de Santiago\" class=\"wp-image-3804\" title=\"\"><\/a><figcaption class=\"wp-element-caption\"><strong>Fotografia cortesia de Paul Quayle<\/strong><\/figcaption><\/figure>\n\n\n\n<h3 class=\"wp-block-heading\" id=\"recorrer-el-camino-de-santiago-en-bicicleta\"><strong>Percorrer o Caminho de Santiago de Bicicleta<\/strong><\/h3>\n\n\n\n<p>Realizar o <strong>Caminho de Santiago de bicicleta<\/strong> \u00e9 uma op\u00e7\u00e3o cada vez mais popular entre os peregrinos. N\u00e3o s\u00f3 permite que voc\u00ea cubra maiores dist\u00e2ncias em menos tempo, mas tamb\u00e9m oferece uma perspectiva \u00fanica dos paisagens e vilarejos que voc\u00ea atravessa. Na Tournride, oferecemos <a aria-label=\"Mais informa\u00e7\u00f5es sobre:  Bicicletas\" href=\"https:\/\/www.tournride.com\/pt-br\/aluguel-de-bicicletas-caminho-de-santiago\/\" data-type=\"page\" data-id=\"28017\">bicicletas de alta qualidade<\/a> para aluguel, escolhidas especificamente para atender \u00e0s exig\u00eancias do Caminho. Voc\u00ea pode equipar cada bicicleta com <a aria-label=\"Mais informa\u00e7\u00f5es sobre:  Acess\u00f3rios\" href=\"https:\/\/www.tournride.com\/pt-br\/acessorios\/\" data-type=\"page\" data-id=\"28044\">tudo o que precisa<\/a> para que sua viagem seja confort\u00e1vel e <a aria-label=\"Mais informa\u00e7\u00f5es sobre:  Tournride Full Assistance\" href=\"https:\/\/www.tournride.com\/pt-br\/gestao-de-reservas\/tournride-full-assistance\/\" data-type=\"page\" data-id=\"28139\">segura<\/a>.<\/p>\n\n\n\n<h3 class=\"wp-block-heading\" id=\"consejos-para-llevar-tu-credencial\"><strong>Dicas para Levar sua Credencial<\/strong><\/h3>\n\n\n\n<ul class=\"wp-block-list\">\n<li><strong>Carimbe sua credencial<\/strong> em cada albergue, igreja ou ponto de controle que encontrar em seu caminho. Isso n\u00e3o s\u00f3 \u00e9 necess\u00e1rio para obter a Compostela, mas tamb\u00e9m permitir\u00e1 que voc\u00ea tenha uma lembran\u00e7a tang\u00edvel de sua viagem.<\/li>\n\n\n\n<li><strong>Guarde sua credencial <\/strong>em um lugar seguro e acess\u00edvel. \u00c9 um documento valioso que voc\u00ea deve cuidar durante toda a sua jornada.<\/li>\n\n\n\n<li><strong>Planeje sua rota<\/strong> com anteced\u00eancia e certifique-se de que cobre a dist\u00e2ncia m\u00ednima exigida para obter a Compostela. Se voc\u00ea est\u00e1 de bicicleta, lembre-se de que precisa percorrer pelo menos 200 km.<\/li>\n<\/ul>\n\n\n\n<h3 class=\"wp-block-heading\" id=\"conclusion\"><strong>Conclus\u00e3o<\/strong><\/h3>\n\n\n\n<p>A <strong>credencial do Caminho de Santiago<\/strong> \u00e9 um documento essencial para qualquer peregrino que deseje realizar essa rota. N\u00e3o s\u00f3 permite que voc\u00ea acesse os servi\u00e7os destinados aos peregrinos, mas tamb\u00e9m \u00e9 necess\u00e1ria para obter a Compostela ao final de sua viagem. Se voc\u00ea est\u00e1 planejando fazer o Caminho de bicicleta, certifique-se de percorrer pelo menos 200 km e de carimbar sua credencial nos pontos de controle ao longo do caminho.<\/p>\n\n\n\n<p>Fonte: <a aria-label=\"Visite o site Oficinadelperegrino para mais informa\u00e7\u00f5es\" href=\"https:\/\/oficinadelperegrino.com\/peregrinacion\/la-credencial\/\" data-type=\"link\" data-id=\"https:\/\/oficinadelperegrino.com\/peregrinacion\/la-credencial\/\" target=\"_blank\" rel=\"noopener\">Oficina del peregrino<\/a><\/p>\n","protected":false},"excerpt":{"rendered":"<p>Seu Passaporte para uma Experi\u00eancia Inesquec\u00edvel O Caminho de Santiago \u00e9 uma das rotas de peregrina\u00e7\u00e3o mais ic\u00f4nicas e antigas do mundo. Milhares de peregrinos de todo o mundo percorrem suas trilhas todos os anos, buscando n\u00e3o apenas uma experi\u00eancia espiritual, mas tamb\u00e9m uma aventura cultural e pessoal. Um dos elementos essenciais para qualquer peregrino [&hellip;]<\/p>\n","protected":false},"author":2,"featured_media":0,"parent":28082,"menu_order":136,"comment_status":"closed","ping_status":"closed","template":"","meta":{"_joinchat":[],"footnotes":""},"class_list":["post-29041","page","type-page","status-publish","hentry"],"_links":{"self":[{"href":"https:\/\/www.tournride.com\/pt-br\/wp-json\/wp\/v2\/pages\/29041","targetHints":{"allow":["GET"]}}],"collection":[{"href":"https:\/\/www.tournride.com\/pt-br\/wp-json\/wp\/v2\/pages"}],"about":[{"href":"https:\/\/www.tournride.com\/pt-br\/wp-json\/wp\/v2\/types\/page"}],"author":[{"embeddable":true,"href":"https:\/\/www.tournride.com\/pt-br\/wp-json\/wp\/v2\/users\/2"}],"replies":[{"embeddable":true,"href":"https:\/\/www.tournride.com\/pt-br\/wp-json\/wp\/v2\/comments?post=29041"}],"version-history":[{"count":0,"href":"https:\/\/www.tournride.com\/pt-br\/wp-json\/wp\/v2\/pages\/29041\/revisions"}],"up":[{"embeddable":true,"href":"https:\/\/www.tournride.com\/pt-br\/wp-json\/wp\/v2\/pages\/28082"}],"wp:attachment":[{"href":"https:\/\/www.tournride.com\/pt-br\/wp-json\/wp\/v2\/media?parent=29041"}],"curies":[{"name":"wp","href":"https:\/\/api.w.org\/{rel}","templated":true}]}}