{"id":28618,"date":"2025-01-15T11:50:22","date_gmt":"2025-01-15T10:50:22","guid":{"rendered":"https:\/\/www.tournride.com\/?page_id=28618"},"modified":"2025-01-15T11:51:25","modified_gmt":"2025-01-15T10:51:25","slug":"transferencia-de-bagagem","status":"publish","type":"page","link":"https:\/\/www.tournride.com\/pt-br\/gestao-de-reservas\/transferencia-de-bagagem\/","title":{"rendered":"Transfer\u00eancia de Bagagem"},"content":{"rendered":"\n<div class=\"wp-block-rank-math-toc-block\" id=\"rank-math-toc\"><h2>Tabela de conte\u00fados<\/h2><nav><ul><li class=\"\"><a href=\"#transferencia-de-bagagem-termos-de-uso\">Transfer\u00eancia de Bagagem &#8211; Termos de Uso<\/a><ul><li class=\"\"><a href=\"#coleta-da-bagagem\">Coleta da Bagagem<\/a><\/li><li class=\"\"><a href=\"#notificacao-de-coleta\">Notifica\u00e7\u00e3o de Coleta<\/a><\/li><li class=\"\"><a href=\"#costo-del-servizio\">Costo del Servizio<\/a><\/li><li class=\"\"><a href=\"#informazioni-sul-bagaglio\">Informazioni sul Bagaglio<\/a><\/li><\/ul><\/li><\/ul><\/nav><\/div>\n\n\n\n<h2 class=\"wp-block-heading\" id=\"transferencia-de-bagagem-termos-de-uso\"><strong><strong>Transfer\u00eancia de Bagagem &#8211; Termos de Uso<\/strong><\/strong><\/h2>\n\n\n\n<p>Este documento estabelece as condi\u00e7\u00f5es para a transfer\u00eancia de bagagem dos clientes da Tournride desde o ponto de partida at\u00e9 o ponto de chegada do Caminho de Santiago. Este servi\u00e7o \u00e9 projetado para permitir que os clientes transfiram seus itens mais necess\u00e1rios em suas bolsas, evitando assim transportar bagagem pesada durante sua viagem. Fazer o Caminho de Santiago de bicicleta nunca foi t\u00e3o f\u00e1cil.<\/p>\n\n\n\n<h3 class=\"wp-block-heading\" id=\"coleta-da-bagagem\"><strong><strong>Coleta da Bagagem<\/strong><\/strong><\/h3>\n\n\n\n<p>A coleta da bagagem deve ser realizada no alojamento do cliente. Caso o cliente n\u00e3o tenha uma reserva em algum alojamento no ponto de partida, por favor, entre em contato conosco. Todas as pe\u00e7as de bagagem devem ser etiquetadas com as seguintes informa\u00e7\u00f5es:<\/p>\n\n\n\n<ul class=\"wp-block-list\">\n<li>Nome completo do cliente<\/li>\n\n\n\n<li>N\u00famero de contato (opcional)<\/li>\n<\/ul>\n\n\n\n<figure class=\"wp-block-image aligncenter\"><a href=\"https:\/\/www.tournride.com\/wp-content\/uploads\/2015\/05\/etiqueta.png\"><img loading=\"lazy\" decoding=\"async\" width=\"505\" height=\"358\" src=\"https:\/\/www.tournride.com\/wp-content\/uploads\/2015\/05\/etiqueta.png\" alt=\"Transfer\u00eancia de Bagagem\" class=\"wp-image-773\" title=\"\" srcset=\"https:\/\/www.tournride.com\/wp-content\/uploads\/2015\/05\/etiqueta.png 505w, https:\/\/www.tournride.com\/wp-content\/uploads\/2015\/05\/etiqueta-300x213.png 300w\" sizes=\"auto, (max-width: 505px) 100vw, 505px\" \/><\/a><\/figure>\n\n\n\n<p>Recomenda-se <a aria-label=\"Mais informa\u00e7\u00f5es sobre:  Etiqueta.png\" href=\"https:\/\/www.tournride.com\/wp-content\/uploads\/2015\/05\/etiqueta.png\" data-type=\"link\" data-id=\"https:\/\/www.tournride.com\/wp-content\/uploads\/2015\/05\/etiqueta.png\">baixar<\/a> e imprimir a etiqueta fornecida pela Tournride. Esta etiqueta facilitar\u00e1 a identifica\u00e7\u00e3o da bagagem pela recep\u00e7\u00e3o do hotel. N\u00e3o \u00e9 obrigat\u00f3rio usar esta etiqueta espec\u00edfica, mas \u00e9 essencial que cada pe\u00e7a de bagagem esteja claramente etiquetada com o nome completo do cliente para evitar erros.<\/p>\n\n\n\n<h3 class=\"wp-block-heading\" id=\"notificacao-de-coleta\"><strong><strong><strong>Notifica\u00e7\u00e3o de Coleta<\/strong><\/strong><\/strong><\/h3>\n\n\n\n<p>Assim que a bagagem estiver na recep\u00e7\u00e3o e devidamente etiquetada, solicita-se ao cliente que nos notifique por <a aria-label=\"Mais informa\u00e7\u00f5es sobre:  Info@tournride.com\" href=\"mailto:info@tournride.com?subject=Recolham minha bagagem\">e-mail<\/a>, <a aria-label=\"Visite o site  para mais informa\u00e7\u00f5es\" href=\"tel:+34981936616\">telefone<\/a> ou pelo formul\u00e1rio de <a aria-label=\"Mais informa\u00e7\u00f5es sobre:  Contacto\" href=\"https:\/\/www.tournride.com\/pt-br\/gestao-de-reservas\/contacto\/\" data-type=\"page\" data-id=\"28042\">contato<\/a> dispon\u00edvel em nosso site.<\/p>\n\n\n\n<h3 class=\"wp-block-heading\" id=\"costo-del-servizio\"><strong>Costo del Servizio<\/strong><\/h3>\n\n\n\n<p>Il costo di questo servizio sar\u00e0 comunicato tramite il nostro sistema web durante il processo di prenotazione delle biciclette.<\/p>\n\n\n\n<h3 class=\"wp-block-heading\" id=\"informazioni-sul-bagaglio\"><strong>Informazioni sul Bagaglio<\/strong><\/h3>\n\n\n\n<p>\u00c8 fondamentale che le informazioni fornite sul numero di bagagli e sul peso totale stimato siano il pi\u00f9 precise possibile, arrotondate alla frazione di peso superiore.<\/p>\n\n\n\n<p>Per qualsiasi ulteriore domanda o assistenza, non esitate a contattare il nostro team di supporto.<\/p>\n\n\n\n<hr class=\"wp-block-separator has-alpha-channel-opacity\"\/>\n","protected":false},"excerpt":{"rendered":"<p>Transfer\u00eancia de Bagagem &#8211; Termos de Uso Este documento estabelece as condi\u00e7\u00f5es para a transfer\u00eancia de bagagem dos clientes da Tournride desde o ponto de partida at\u00e9 o ponto de chegada do Caminho de Santiago. Este servi\u00e7o \u00e9 projetado para permitir que os clientes transfiram seus itens mais necess\u00e1rios em suas bolsas, evitando assim transportar [&hellip;]<\/p>\n","protected":false},"author":2,"featured_media":0,"parent":28078,"menu_order":119,"comment_status":"closed","ping_status":"closed","template":"","meta":{"rank_math_title":"Transfer\u00eancia de Bagagem para o Caminho: Viaje Leve!","rank_math_description":"Aproveite o Caminho de Santiago de bicicleta sem preocupa\u00e7\u00f5es. A Tournride oferece transfer\u00eancia de bagagem segura e conveniente. Viaje leve e livre!","rank_math_focus_keyword":"Transfer\u00eancia de Bagagem","rank_math_canonical_url":"","rank_math_facebook_title":"","rank_math_facebook_description":"","rank_math_facebook_image":"","rank_math_twitter_title":"","rank_math_twitter_description":"","rank_math_twitter_image":"","rank_math_twitter_card_type":"","rank_math_twitter_use_facebook":"","rank_math_robots":["index"],"rank_math_advanced_robots":[],"_joinchat":[],"footnotes":""},"class_list":["post-28618","page","type-page","status-publish","hentry"],"_links":{"self":[{"href":"https:\/\/www.tournride.com\/pt-br\/wp-json\/wp\/v2\/pages\/28618","targetHints":{"allow":["GET"]}}],"collection":[{"href":"https:\/\/www.tournride.com\/pt-br\/wp-json\/wp\/v2\/pages"}],"about":[{"href":"https:\/\/www.tournride.com\/pt-br\/wp-json\/wp\/v2\/types\/page"}],"author":[{"embeddable":true,"href":"https:\/\/www.tournride.com\/pt-br\/wp-json\/wp\/v2\/users\/2"}],"replies":[{"embeddable":true,"href":"https:\/\/www.tournride.com\/pt-br\/wp-json\/wp\/v2\/comments?post=28618"}],"version-history":[{"count":0,"href":"https:\/\/www.tournride.com\/pt-br\/wp-json\/wp\/v2\/pages\/28618\/revisions"}],"up":[{"embeddable":true,"href":"https:\/\/www.tournride.com\/pt-br\/wp-json\/wp\/v2\/pages\/28078"}],"wp:attachment":[{"href":"https:\/\/www.tournride.com\/pt-br\/wp-json\/wp\/v2\/media?parent=28618"}],"curies":[{"name":"wp","href":"https:\/\/api.w.org\/{rel}","templated":true}]}}