{"id":28581,"date":"2025-01-14T12:32:55","date_gmt":"2025-01-14T11:32:55","guid":{"rendered":"https:\/\/www.tournride.com\/?page_id=28581"},"modified":"2025-01-14T12:33:35","modified_gmt":"2025-01-14T11:33:35","slug":"mmr-zen-00-aluguer-bicicletas-caminho","status":"publish","type":"page","link":"https:\/\/www.tournride.com\/pt-br\/mmr-zen-00-aluguer-bicicletas-caminho\/","title":{"rendered":"MMR Zen 00"},"content":{"rendered":"\n<div class=\"wp-block-rank-math-toc-block\" id=\"rank-math-toc\"><h2>Tabela de conte\u00fados<\/h2><nav><ul><li class=\"\"><a href=\"https:\/\/www.tournride.com\/pt-br\/mmr-zen-00-aluguer-bicicletas-caminho\/#recomendacion-tournride\">Recomenda\u00e7\u00e3o Tournride<\/a><\/li><li class=\"\"><a href=\"https:\/\/www.tournride.com\/pt-br\/mmr-zen-00-aluguer-bicicletas-caminho\/#caracteristicas-basicas-mmr-koen-00\">Caracter\u00edsticas b\u00e1sicas MMR Zen 00<\/a><\/li><li class=\"\"><a href=\"https:\/\/www.tournride.com\/pt-br\/mmr-zen-00-aluguer-bicicletas-caminho\/#caracteristicas-detalladas-mmr-koen-00\">Caracter\u00edsticas detalhadas MMR ZEN 00<\/a><\/li><li class=\"\"><a href=\"https:\/\/www.tournride.com\/pt-br\/mmr-zen-00-aluguer-bicicletas-caminho\/#geometria\">Geometria<\/a><\/li><\/ul><\/nav><\/div>\n\n\n\n<p>O alum\u00ednio n\u00e3o est\u00e1 em desacordo com o alto desempenho. A nova Zen apresenta um chassi Alloy Concept Lite, baseado nos padr\u00f5es mais atuais e que praticamente iguala o desempenho de muitas bicicletas de carbono do mercado.<\/p>\n\n\n\n<p>Gra\u00e7as a uma tubula\u00e7\u00e3o de tripla conicidade 6061 e a uma nova geometria mais moderna, a Zen se destaca como uma das melhores bicicletas do seu segmento. Com o uso das \u00faltimas tecnologias de constru\u00e7\u00e3o e uma sele\u00e7\u00e3o impressionante de componentes, foi obtido um conjunto r\u00edgido, leve e extremamente manobr\u00e1vel, fiel \u00e0 filosofia de design G2.<\/p>\n\n\n\n<figure class=\"wp-block-gallery has-nested-images columns-default is-cropped wp-block-gallery-1 is-layout-flex wp-block-gallery-is-layout-flex\">\n<figure class=\"wp-block-image size-large\"><a href=\"https:\/\/www.tournride.com\/wp-content\/uploads\/2025\/01\/75086_d.4.webp\"><img loading=\"lazy\" decoding=\"async\" width=\"1024\" height=\"690\" data-id=\"28551\" src=\"https:\/\/www.tournride.com\/wp-content\/uploads\/2025\/01\/75086_d.4-1024x690.webp\" alt=\"\" class=\"wp-image-28551\" title=\"\" srcset=\"https:\/\/www.tournride.com\/wp-content\/uploads\/2025\/01\/75086_d.4-1024x690.webp 1024w, https:\/\/www.tournride.com\/wp-content\/uploads\/2025\/01\/75086_d.4-300x202.webp 300w, https:\/\/www.tournride.com\/wp-content\/uploads\/2025\/01\/75086_d.4-768x518.webp 768w, https:\/\/www.tournride.com\/wp-content\/uploads\/2025\/01\/75086_d.4-1536x1036.webp 1536w, https:\/\/www.tournride.com\/wp-content\/uploads\/2025\/01\/75086_d.4.webp 1780w\" sizes=\"auto, (max-width: 1024px) 100vw, 1024px\" \/><\/a><\/figure>\n\n\n\n<figure class=\"wp-block-image size-large\"><a href=\"https:\/\/www.tournride.com\/wp-content\/uploads\/2025\/01\/75086_d.3.webp\"><img loading=\"lazy\" decoding=\"async\" width=\"1024\" height=\"690\" data-id=\"28554\" src=\"https:\/\/www.tournride.com\/wp-content\/uploads\/2025\/01\/75086_d.3-1024x690.webp\" alt=\"\" class=\"wp-image-28554\" title=\"\" srcset=\"https:\/\/www.tournride.com\/wp-content\/uploads\/2025\/01\/75086_d.3-1024x690.webp 1024w, https:\/\/www.tournride.com\/wp-content\/uploads\/2025\/01\/75086_d.3-300x202.webp 300w, https:\/\/www.tournride.com\/wp-content\/uploads\/2025\/01\/75086_d.3-768x518.webp 768w, https:\/\/www.tournride.com\/wp-content\/uploads\/2025\/01\/75086_d.3-1536x1036.webp 1536w, https:\/\/www.tournride.com\/wp-content\/uploads\/2025\/01\/75086_d.3.webp 1780w\" sizes=\"auto, (max-width: 1024px) 100vw, 1024px\" \/><\/a><\/figure>\n\n\n\n<figure class=\"wp-block-image size-large\"><a href=\"https:\/\/www.tournride.com\/wp-content\/uploads\/2025\/01\/75086_d.2.webp\"><img loading=\"lazy\" decoding=\"async\" width=\"1024\" height=\"690\" data-id=\"28561\" src=\"https:\/\/www.tournride.com\/wp-content\/uploads\/2025\/01\/75086_d.2-1024x690.webp\" alt=\"\" class=\"wp-image-28561\" title=\"\" srcset=\"https:\/\/www.tournride.com\/wp-content\/uploads\/2025\/01\/75086_d.2-1024x690.webp 1024w, https:\/\/www.tournride.com\/wp-content\/uploads\/2025\/01\/75086_d.2-300x202.webp 300w, https:\/\/www.tournride.com\/wp-content\/uploads\/2025\/01\/75086_d.2-768x518.webp 768w, https:\/\/www.tournride.com\/wp-content\/uploads\/2025\/01\/75086_d.2-1536x1036.webp 1536w, https:\/\/www.tournride.com\/wp-content\/uploads\/2025\/01\/75086_d.2.webp 1780w\" sizes=\"auto, (max-width: 1024px) 100vw, 1024px\" \/><\/a><\/figure>\n\n\n\n<figure class=\"wp-block-image size-large\"><a href=\"https:\/\/www.tournride.com\/wp-content\/uploads\/2025\/01\/75086_ZEN_00_GRAPHITE.N.WHITE_f4d39dbd-32c0-488e-9025-d45af1efa404-scaled.webp\"><img loading=\"lazy\" decoding=\"async\" width=\"1024\" height=\"683\" data-id=\"28546\" src=\"https:\/\/www.tournride.com\/wp-content\/uploads\/2025\/01\/75086_ZEN_00_GRAPHITE.N.WHITE_f4d39dbd-32c0-488e-9025-d45af1efa404-1024x683.webp\" alt=\"\" class=\"wp-image-28546\" title=\"\" srcset=\"https:\/\/www.tournride.com\/wp-content\/uploads\/2025\/01\/75086_ZEN_00_GRAPHITE.N.WHITE_f4d39dbd-32c0-488e-9025-d45af1efa404-1024x683.webp 1024w, https:\/\/www.tournride.com\/wp-content\/uploads\/2025\/01\/75086_ZEN_00_GRAPHITE.N.WHITE_f4d39dbd-32c0-488e-9025-d45af1efa404-300x200.webp 300w, https:\/\/www.tournride.com\/wp-content\/uploads\/2025\/01\/75086_ZEN_00_GRAPHITE.N.WHITE_f4d39dbd-32c0-488e-9025-d45af1efa404-768x512.webp 768w, https:\/\/www.tournride.com\/wp-content\/uploads\/2025\/01\/75086_ZEN_00_GRAPHITE.N.WHITE_f4d39dbd-32c0-488e-9025-d45af1efa404-1536x1024.webp 1536w, https:\/\/www.tournride.com\/wp-content\/uploads\/2025\/01\/75086_ZEN_00_GRAPHITE.N.WHITE_f4d39dbd-32c0-488e-9025-d45af1efa404-2048x1366.webp 2048w\" sizes=\"auto, (max-width: 1024px) 100vw, 1024px\" \/><\/a><\/figure>\n<\/figure>\n\n\n\n<h2 class=\"wp-block-heading\" id=\"recomendacion-tournride\"><strong>Recomenda\u00e7\u00e3o Tournride<\/strong><\/h2>\n\n\n\n<p>Nosso topo de linha em MTB de alum\u00ednio, mas poderia ser o melhor de todos devido ao seu montagem. Um montagem XT global coroado com um garfo Fox Rhythm 15 Boost. Ideal para os mais exigentes em termos de MTB, mas que precisam de uma grade traseira para transportar alforjes.<\/p>\n\n\n\n<h2 class=\"wp-block-heading\" id=\"caracteristicas-basicas-mmr-koen-00\">Caracter\u00edsticas b\u00e1sicas <a href=\"https:\/\/mmrbikes.com\/products\/zen?variant=44987267612945\" data-type=\"link\" data-id=\"https:\/\/mmrbikes.com\/products\/koen-1?variant=44978232426769\" target=\"_blank\" rel=\"noopener\">MMR Zen 00<\/a><\/h2>\n\n\n\n<ul class=\"wp-block-list\">\n<li>Full XT (Frenos, Cambio, Desviador \u2026)<\/li>\n\n\n\n<li>XT 12 velocidades<\/li>\n\n\n\n<li>Fox Rhythm 15 Boost<\/li>\n\n\n\n<li>Tallas S, M, L y XL<\/li>\n\n\n\n<li><strong>Portaequipajes trasero instalado<\/strong><\/li>\n<\/ul>\n\n\n\n<h2 class=\"wp-block-heading\" id=\"caracteristicas-detalladas-mmr-koen-00\">Caracter\u00edsticas <strong>detalhadas<\/strong> <a href=\"https:\/\/mmrbikes.com\/products\/zen?variant=44987267612945\" data-type=\"link\" data-id=\"https:\/\/mmrbikes.com\/products\/zen?variant=44987267612945\" target=\"_blank\" rel=\"noopener\">MMR ZEN 00<\/a><\/h2>\n\n\n\n<figure class=\"wp-block-table\"><table class=\"has-fixed-layout\"><tbody><tr><td>Quadro<\/td><td>Zen G2 Alloy Concept Lite Frame. 6061<\/td><\/tr><tr><td>Garfo<\/td><td>Fox Rhythm 15 Boost. Travel 100mm. RLO<\/td><\/tr><tr><td>Dire\u00e7\u00e3o<\/td><td>Ritchey Logic Press Fit Tapered<\/td><\/tr><tr><td>Derailleur<\/td><td>Shimano XT M8100 12v<\/td><\/tr><tr><td>Comandos<\/td><td>Shimano XT M8100 12v<\/td><\/tr><tr><td>Freios<\/td><td>Shimano XT M8100 160\/160<\/td><\/tr><tr><td>Bielas<\/td><td>Shimano MT-5101 32T<\/td><\/tr><tr><td>Cassette<\/td><td>Shimano Deore M6100 12v 10-51<\/td><\/tr><tr><td>Corrente<\/td><td>Shimano Deore M6100 12v<\/td><\/tr><tr><td>Rodas<\/td><td>XCR 9800<\/td><\/tr><tr><td>Pot\u00eancia<\/td><td>Ritchey Comp 4 Axis<\/td><\/tr><tr><td>Guid\u00e3o<\/td><td>Ritchey Comp 2X Dual Position 9\u00ba Sweep 720mm<\/td><\/tr><tr><td>Canote<\/td><td>Ritchey Comp Zero Double Fix 31.6<\/td><\/tr><tr><td>Selim<\/td><td>Selle Italia Model X<\/td><\/tr><\/tbody><\/table><\/figure>\n\n\n\n<h2 class=\"wp-block-heading\" id=\"geometria\"><strong>Geometria<\/strong><\/h2>\n\n\n\n<div class=\"wp-block-columns is-layout-flex wp-container-core-columns-is-layout-9d6595d7 wp-block-columns-is-layout-flex\">\n<div class=\"wp-block-column is-layout-flow wp-block-column-is-layout-flow\" style=\"flex-basis:50%\">\n<figure class=\"wp-block-image size-full\"><a href=\"https:\/\/www.tournride.com\/wp-content\/uploads\/2025\/01\/geometria.png\"><img loading=\"lazy\" decoding=\"async\" width=\"874\" height=\"501\" src=\"https:\/\/www.tournride.com\/wp-content\/uploads\/2025\/01\/geometria.png\" alt=\"\" class=\"wp-image-28257\" style=\"object-fit:cover\" title=\"\" srcset=\"https:\/\/www.tournride.com\/wp-content\/uploads\/2025\/01\/geometria.png 874w, https:\/\/www.tournride.com\/wp-content\/uploads\/2025\/01\/geometria-300x172.png 300w, https:\/\/www.tournride.com\/wp-content\/uploads\/2025\/01\/geometria-768x440.png 768w\" sizes=\"auto, (max-width: 874px) 100vw, 874px\" \/><\/a><\/figure>\n<\/div>\n\n\n\n<div class=\"wp-block-column is-layout-flow wp-block-column-is-layout-flow\" style=\"flex-basis:50%\">\n<figure class=\"wp-block-table\"><table class=\"has-fixed-layout\"><tbody><tr><td class=\"has-text-align-center\" data-align=\"center\"><\/td><td class=\"has-text-align-center\" data-align=\"center\">S<\/td><td class=\"has-text-align-center\" data-align=\"center\">M<\/td><td class=\"has-text-align-center\" data-align=\"center\">L<\/td><td class=\"has-text-align-center\" data-align=\"center\">XL<\/td><\/tr><tr><td class=\"has-text-align-center\" data-align=\"center\">H1<\/td><td class=\"has-text-align-center\" data-align=\"center\">394<\/td><td class=\"has-text-align-center\" data-align=\"center\">432<\/td><td class=\"has-text-align-center\" data-align=\"center\">483<\/td><td class=\"has-text-align-center\" data-align=\"center\">533<\/td><\/tr><tr><td class=\"has-text-align-center\" data-align=\"center\">H2<\/td><td class=\"has-text-align-center\" data-align=\"center\">95<\/td><td class=\"has-text-align-center\" data-align=\"center\">105<\/td><td class=\"has-text-align-center\" data-align=\"center\">118<\/td><td class=\"has-text-align-center\" data-align=\"center\">127<\/td><\/tr><tr><td class=\"has-text-align-center\" data-align=\"center\">L1<\/td><td class=\"has-text-align-center\" data-align=\"center\">573<\/td><td class=\"has-text-align-center\" data-align=\"center\">595<\/td><td class=\"has-text-align-center\" data-align=\"center\">615<\/td><td class=\"has-text-align-center\" data-align=\"center\">636<\/td><\/tr><tr><td class=\"has-text-align-center\" data-align=\"center\">STACK<\/td><td class=\"has-text-align-center\" data-align=\"center\">605<\/td><td class=\"has-text-align-center\" data-align=\"center\">614<\/td><td class=\"has-text-align-center\" data-align=\"center\">627<\/td><td class=\"has-text-align-center\" data-align=\"center\">635<\/td><\/tr><tr><td class=\"has-text-align-center\" data-align=\"center\">REACH<\/td><td class=\"has-text-align-center\" data-align=\"center\">402<\/td><td class=\"has-text-align-center\" data-align=\"center\">421<\/td><td class=\"has-text-align-center\" data-align=\"center\">438<\/td><td class=\"has-text-align-center\" data-align=\"center\">456<\/td><\/tr><tr><td class=\"has-text-align-center\" data-align=\"center\">A2<\/td><td class=\"has-text-align-center\" data-align=\"center\">74.2\u00ba<\/td><td class=\"has-text-align-center\" data-align=\"center\">74.2\u00ba<\/td><td class=\"has-text-align-center\" data-align=\"center\">74.2\u00ba<\/td><td class=\"has-text-align-center\" data-align=\"center\">74.2\u00ba<\/td><\/tr><\/tbody><\/table><\/figure>\n<\/div>\n<\/div>\n","protected":false},"excerpt":{"rendered":"<p>O alum\u00ednio n\u00e3o est\u00e1 em desacordo com o alto desempenho. A nova Zen apresenta um chassi Alloy Concept Lite, baseado nos padr\u00f5es mais atuais e que praticamente iguala o desempenho de muitas bicicletas de carbono do mercado. Gra\u00e7as a uma tubula\u00e7\u00e3o de tripla conicidade 6061 e a uma nova geometria mais moderna, a Zen se [&hellip;]<\/p>\n","protected":false},"author":2,"featured_media":0,"parent":0,"menu_order":0,"comment_status":"closed","ping_status":"closed","template":"","meta":{"rank_math_title":"MMR Zen 00 |Aluguer de Bicicletas para o Caminho de Santiago","rank_math_description":"Descubra a MMR Zen 00, perfeita para aluguel de bicicletas para o Caminho de Santiago. Com montagem XT completa e garfo Fox Rhythm 15 Boost, reserve agora!","rank_math_focus_keyword":"MMR Zen 00","rank_math_canonical_url":"","rank_math_facebook_title":"","rank_math_facebook_description":"","rank_math_facebook_image":"","rank_math_twitter_title":"","rank_math_twitter_description":"","rank_math_twitter_image":"","rank_math_twitter_card_type":"","rank_math_twitter_use_facebook":"","rank_math_robots":[],"rank_math_advanced_robots":[],"_joinchat":[],"footnotes":""},"class_list":["post-28581","page","type-page","status-publish","hentry"],"_links":{"self":[{"href":"https:\/\/www.tournride.com\/pt-br\/wp-json\/wp\/v2\/pages\/28581","targetHints":{"allow":["GET"]}}],"collection":[{"href":"https:\/\/www.tournride.com\/pt-br\/wp-json\/wp\/v2\/pages"}],"about":[{"href":"https:\/\/www.tournride.com\/pt-br\/wp-json\/wp\/v2\/types\/page"}],"author":[{"embeddable":true,"href":"https:\/\/www.tournride.com\/pt-br\/wp-json\/wp\/v2\/users\/2"}],"replies":[{"embeddable":true,"href":"https:\/\/www.tournride.com\/pt-br\/wp-json\/wp\/v2\/comments?post=28581"}],"version-history":[{"count":0,"href":"https:\/\/www.tournride.com\/pt-br\/wp-json\/wp\/v2\/pages\/28581\/revisions"}],"wp:attachment":[{"href":"https:\/\/www.tournride.com\/pt-br\/wp-json\/wp\/v2\/media?parent=28581"}],"curies":[{"name":"wp","href":"https:\/\/api.w.org\/{rel}","templated":true}]}}