{"id":28527,"date":"2025-01-14T11:04:31","date_gmt":"2025-01-14T10:04:31","guid":{"rendered":"https:\/\/www.tournride.com\/?page_id=28527"},"modified":"2025-01-15T10:15:09","modified_gmt":"2025-01-15T09:15:09","slug":"yamaha-wabash-gravel-rt-aluguer-bicicletas","status":"publish","type":"page","link":"https:\/\/www.tournride.com\/pt-br\/yamaha-wabash-gravel-rt-aluguer-bicicletas\/","title":{"rendered":"Yamaha Wabash Gravel RT"},"content":{"rendered":"\n<div class=\"wp-block-rank-math-toc-block\" id=\"rank-math-toc\"><h2>\u00cdndice<\/h2><nav><ul><li class=\"\"><a href=\"https:\/\/www.tournride.com\/pt-br\/yamaha-wabash-gravel-rt-aluguer-bicicletas\/#recomendacion-tournride\">Recomenda\u00e7\u00e3o Tournride<\/a><\/li><li class=\"\"><a href=\"https:\/\/www.tournride.com\/pt-br\/yamaha-wabash-gravel-rt-aluguer-bicicletas\/#caracteristicas-basicas\">Caracter\u00edsticas b\u00e1sicas Yamaha Wabash RT<\/a><\/li><li class=\"\"><a href=\"https:\/\/www.tournride.com\/pt-br\/yamaha-wabash-gravel-rt-aluguer-bicicletas\/#caracteristicas-detalladas\">Caracter\u00edsticas detalhadas Yamaha Wabash RT<\/a><\/li><li class=\"\"><a href=\"https:\/\/www.tournride.com\/pt-br\/yamaha-wabash-gravel-rt-aluguer-bicicletas\/#geometria\">Geometria<\/a><\/li><\/ul><\/nav><\/div>\n\n\n\n<p>Estamos empolgados em apresentar a mais recente adi\u00e7\u00e3o ao nosso cat\u00e1logo de aluguel de bicicletas para o Caminho de Santiago: o modelo Yamaha Wabash Gravel RT. Esta bicicleta el\u00e9trica de gravel \u00e9 projetada para oferecer um desempenho excepcional e uma experi\u00eancia de condu\u00e7\u00e3o inigual\u00e1vel.<\/p>\n\n\n\n<p>A Yamaha Wabash Gravel RT se destaca pela sua bateria de 500Wh, que proporciona uma autonomia impressionante, permitindo que voc\u00ea desfrute de longos dias de pedalada sem se preocupar em ficar sem energia. Al\u00e9m disso, possui um motor Yamaha, conhecido por sua efici\u00eancia e pot\u00eancia. Sendo uma bicicleta de gravel, permite que voc\u00ea v\u00e1 leve na estrada e se aventure em trilhas, oferecendo a versatilidade necess\u00e1ria para qualquer tipo de terreno.<\/p>\n\n\n\n<figure class=\"wp-block-gallery has-nested-images columns-default is-cropped wp-block-gallery-1 is-layout-flex wp-block-gallery-is-layout-flex\">\n<figure class=\"wp-block-image size-large\"><a href=\"https:\/\/www.tournride.com\/wp-content\/uploads\/2025\/01\/2022-Yamaha-WABASH-RT-EU-Blue_Steel-Studio-001-03.jpg\"><img loading=\"lazy\" decoding=\"async\" width=\"1024\" height=\"576\" data-id=\"28484\" src=\"https:\/\/www.tournride.com\/wp-content\/uploads\/2025\/01\/2022-Yamaha-WABASH-RT-EU-Blue_Steel-Studio-001-03-1024x576.jpg\" alt=\"Alquiler de bicicletas para el camino de Santiago. Yamaha Wabash Gravel RT\" class=\"wp-image-28484\" title=\"\" srcset=\"https:\/\/www.tournride.com\/wp-content\/uploads\/2025\/01\/2022-Yamaha-WABASH-RT-EU-Blue_Steel-Studio-001-03-1024x576.jpg 1024w, https:\/\/www.tournride.com\/wp-content\/uploads\/2025\/01\/2022-Yamaha-WABASH-RT-EU-Blue_Steel-Studio-001-03-300x169.jpg 300w, https:\/\/www.tournride.com\/wp-content\/uploads\/2025\/01\/2022-Yamaha-WABASH-RT-EU-Blue_Steel-Studio-001-03-768x432.jpg 768w, https:\/\/www.tournride.com\/wp-content\/uploads\/2025\/01\/2022-Yamaha-WABASH-RT-EU-Blue_Steel-Studio-001-03-1536x864.jpg 1536w, https:\/\/www.tournride.com\/wp-content\/uploads\/2025\/01\/2022-Yamaha-WABASH-RT-EU-Blue_Steel-Studio-001-03.jpg 2000w\" sizes=\"auto, (max-width: 1024px) 100vw, 1024px\" \/><\/a><\/figure>\n\n\n\n<figure class=\"wp-block-image size-large\"><a href=\"https:\/\/www.tournride.com\/wp-content\/uploads\/2025\/01\/2022-Yamaha-WABASH-RT-EU-Detail-005-03.jpg\"><img loading=\"lazy\" decoding=\"async\" width=\"1024\" height=\"683\" data-id=\"28486\" src=\"https:\/\/www.tournride.com\/wp-content\/uploads\/2025\/01\/2022-Yamaha-WABASH-RT-EU-Detail-005-03-1024x683.jpg\" alt=\"\" class=\"wp-image-28486\" title=\"\" srcset=\"https:\/\/www.tournride.com\/wp-content\/uploads\/2025\/01\/2022-Yamaha-WABASH-RT-EU-Detail-005-03-1024x683.jpg 1024w, https:\/\/www.tournride.com\/wp-content\/uploads\/2025\/01\/2022-Yamaha-WABASH-RT-EU-Detail-005-03-300x200.jpg 300w, https:\/\/www.tournride.com\/wp-content\/uploads\/2025\/01\/2022-Yamaha-WABASH-RT-EU-Detail-005-03-768x512.jpg 768w, https:\/\/www.tournride.com\/wp-content\/uploads\/2025\/01\/2022-Yamaha-WABASH-RT-EU-Detail-005-03-1536x1024.jpg 1536w, https:\/\/www.tournride.com\/wp-content\/uploads\/2025\/01\/2022-Yamaha-WABASH-RT-EU-Detail-005-03.jpg 1620w\" sizes=\"auto, (max-width: 1024px) 100vw, 1024px\" \/><\/a><\/figure>\n\n\n\n<figure class=\"wp-block-image size-large\"><a href=\"https:\/\/www.tournride.com\/wp-content\/uploads\/2025\/01\/2022-Yamaha-WABASH-RT-EU-Blue_Steel-Action-006-03.jpg\"><img loading=\"lazy\" decoding=\"async\" width=\"1024\" height=\"576\" data-id=\"28494\" src=\"https:\/\/www.tournride.com\/wp-content\/uploads\/2025\/01\/2022-Yamaha-WABASH-RT-EU-Blue_Steel-Action-006-03-1024x576.jpg\" alt=\"\" class=\"wp-image-28494\" title=\"\" srcset=\"https:\/\/www.tournride.com\/wp-content\/uploads\/2025\/01\/2022-Yamaha-WABASH-RT-EU-Blue_Steel-Action-006-03-1024x576.jpg 1024w, https:\/\/www.tournride.com\/wp-content\/uploads\/2025\/01\/2022-Yamaha-WABASH-RT-EU-Blue_Steel-Action-006-03-300x169.jpg 300w, https:\/\/www.tournride.com\/wp-content\/uploads\/2025\/01\/2022-Yamaha-WABASH-RT-EU-Blue_Steel-Action-006-03-768x432.jpg 768w, https:\/\/www.tournride.com\/wp-content\/uploads\/2025\/01\/2022-Yamaha-WABASH-RT-EU-Blue_Steel-Action-006-03-1536x864.jpg 1536w, https:\/\/www.tournride.com\/wp-content\/uploads\/2025\/01\/2022-Yamaha-WABASH-RT-EU-Blue_Steel-Action-006-03.jpg 2000w\" sizes=\"auto, (max-width: 1024px) 100vw, 1024px\" \/><\/a><\/figure>\n\n\n\n<figure class=\"wp-block-image size-large\"><a href=\"https:\/\/www.tournride.com\/wp-content\/uploads\/2025\/01\/2022-Yamaha-WABASH-RT-EU-Blue_Steel-Action-003-03.jpg\"><img loading=\"lazy\" decoding=\"async\" width=\"1024\" height=\"576\" data-id=\"28499\" src=\"https:\/\/www.tournride.com\/wp-content\/uploads\/2025\/01\/2022-Yamaha-WABASH-RT-EU-Blue_Steel-Action-003-03-1024x576.jpg\" alt=\"\" class=\"wp-image-28499\" title=\"\" srcset=\"https:\/\/www.tournride.com\/wp-content\/uploads\/2025\/01\/2022-Yamaha-WABASH-RT-EU-Blue_Steel-Action-003-03-1024x576.jpg 1024w, https:\/\/www.tournride.com\/wp-content\/uploads\/2025\/01\/2022-Yamaha-WABASH-RT-EU-Blue_Steel-Action-003-03-300x169.jpg 300w, https:\/\/www.tournride.com\/wp-content\/uploads\/2025\/01\/2022-Yamaha-WABASH-RT-EU-Blue_Steel-Action-003-03-768x432.jpg 768w, https:\/\/www.tournride.com\/wp-content\/uploads\/2025\/01\/2022-Yamaha-WABASH-RT-EU-Blue_Steel-Action-003-03-1536x864.jpg 1536w, https:\/\/www.tournride.com\/wp-content\/uploads\/2025\/01\/2022-Yamaha-WABASH-RT-EU-Blue_Steel-Action-003-03.jpg 2000w\" sizes=\"auto, (max-width: 1024px) 100vw, 1024px\" \/><\/a><\/figure>\n<\/figure>\n\n\n\n<h2 class=\"wp-block-heading\" id=\"recomendacion-tournride\">Recomenda\u00e7\u00e3o Tournride<\/h2>\n\n\n\n<p>Se voc\u00ea sabe o que \u00e9 gravel e precisa que seja de pedalada assistida, provavelmente esta \u00e9 a sua bicicleta. A Yamaha Wabash Gravel RT \u00e9 ideal para quem deseja uma bicicleta vers\u00e1til que permita desfrutar tanto da estrada quanto das trilhas.<\/p>\n\n\n\n<h2 class=\"wp-block-heading\" id=\"caracteristicas-basicas\">Caracter\u00edsticas b\u00e1sicas <a href=\"https:\/\/www.yamaha-motor.eu\/es\/es\/ebike\/urban\/pdp\/crosscore-rc-2022\/#2022-CROSSCORE-RC-MGNM1-M\" data-type=\"link\" data-id=\"https:\/\/www.yamaha-motor.eu\/es\/es\/ebike\/urban\/pdp\/crosscore-rc-2022\/#2022-CROSSCORE-RC-MGNM1-M\" target=\"_blank\" rel=\"noopener\">Yamaha Wabash RT<\/a><\/h2>\n\n\n\n<ul class=\"wp-block-list\">\n<li>Yamaha PWSeries ST<\/li>\n\n\n\n<li>Bater\u00eda 500Wh<\/li>\n\n\n\n<li>Recomendado para etapas de <strong>at\u00e9<\/strong> 75km<\/li>\n\n\n\n<li>Freios Shimano GRX RX400 dianteiro\/traseiro<\/li>\n\n\n\n<li>Shimano GRX 11-speed RX600<\/li>\n\n\n\n<li>Tamanhos S, M y L<\/li>\n\n\n\n<li><strong>Porta-bagagem traseiro instalado<\/strong><\/li>\n<\/ul>\n\n\n\n<h2 class=\"wp-block-heading\" id=\"caracteristicas-detalladas\">Caracter\u00edsticas detalhadas <a href=\"https:\/\/www.yamaha-motor.eu\/es\/es\/ebike\/urban\/pdp\/crosscore-rc-2022\/#2022-CROSSCORE-RC-MGNM1-M\" data-type=\"link\" data-id=\"https:\/\/www.yamaha-motor.eu\/es\/es\/ebike\/urban\/pdp\/crosscore-rc-2022\/#2022-CROSSCORE-RC-MGNM1-M\" target=\"_blank\" rel=\"noopener\">Yamaha Wabash RT<\/a><\/h2>\n\n\n\n<figure class=\"wp-block-table\"><table class=\"has-fixed-layout\"><tbody><tr><td>Quadro<\/td><td>Yamaha Hydroformed Aluminum.<\/td><\/tr><tr><td>Garfo<\/td><td>Integrated bearing <\/td><\/tr><tr><td>Dire\u00e7\u00e3o<\/td><td>Acros AZX-578 BL.<\/td><\/tr><tr><td>C\u00e2mbio<\/td><td>Shimano, GRX RX812 11s<\/td><\/tr><tr><td>Pulsadores<\/td><td>Shimano GRX 11-speed RX600<\/td><\/tr><tr><td>Freios<\/td><td>Shimano GRX RX400 front\/rear<\/td><\/tr><tr><td>Pedivela<\/td><td>Bielas de aluminio de 165 mm\/S ,170 mm\/ML<\/td><\/tr><tr><td>Cassette<\/td><td>Shimano CS-M7000 11-42t 11-Speed<\/td><\/tr><tr><td>Corrente<\/td><td>KMW e11 TURBO EPT<\/td><\/tr><tr><td>Rodas<\/td><td>Dual Channel Welded<\/td><\/tr><tr><td>Pot\u00eancia<\/td><td>31.8 clamp dia<\/td><\/tr><tr><td>Guid\u00e3o<\/td><td>Flare Drop. 31.8 dia<\/td><\/tr><tr><td>Canote<\/td><td>Limotec, tija de sill\u00edn telesc\u00f3pica,<\/td><\/tr><tr><td>Selim<\/td><td>Yamaha Off-Road Cro-Mo Rail<\/td><\/tr><tr><td>Motor<\/td><td>Yamaha PWSeries ST<\/td><\/tr><tr><td>Display<\/td><td>Display A<\/td><\/tr><tr><td>Bateria<\/td><td>500Wh<\/td><\/tr><\/tbody><\/table><\/figure>\n\n\n\n<h2 class=\"wp-block-heading\" id=\"geometria\">Geometria<\/h2>\n\n\n\n<div class=\"wp-block-columns is-layout-flex wp-container-core-columns-is-layout-9d6595d7 wp-block-columns-is-layout-flex\">\n<div class=\"wp-block-column is-layout-flow wp-block-column-is-layout-flow\" style=\"flex-basis:50%\">\n<figure class=\"wp-block-image size-full\"><a href=\"https:\/\/www.tournride.com\/wp-content\/uploads\/2025\/01\/geometria.png\"><img loading=\"lazy\" decoding=\"async\" width=\"874\" height=\"501\" src=\"https:\/\/www.tournride.com\/wp-content\/uploads\/2025\/01\/geometria.png\" alt=\"\" class=\"wp-image-28257\" style=\"object-fit:cover\" title=\"\" srcset=\"https:\/\/www.tournride.com\/wp-content\/uploads\/2025\/01\/geometria.png 874w, https:\/\/www.tournride.com\/wp-content\/uploads\/2025\/01\/geometria-300x172.png 300w, https:\/\/www.tournride.com\/wp-content\/uploads\/2025\/01\/geometria-768x440.png 768w\" sizes=\"auto, (max-width: 874px) 100vw, 874px\" \/><\/a><\/figure>\n<\/div>\n\n\n\n<div class=\"wp-block-column is-layout-flow wp-block-column-is-layout-flow\" style=\"flex-basis:50%\">\n<figure class=\"wp-block-table\"><table class=\"has-fixed-layout\"><tbody><tr><td class=\"has-text-align-center\" data-align=\"center\"><\/td><td class=\"has-text-align-center\" data-align=\"center\">S<\/td><td class=\"has-text-align-center\" data-align=\"center\">M<\/td><td class=\"has-text-align-center\" data-align=\"center\">L<\/td><\/tr><tr><td class=\"has-text-align-center\" data-align=\"center\">H1<\/td><td class=\"has-text-align-center\" data-align=\"center\">429<\/td><td class=\"has-text-align-center\" data-align=\"center\">490<\/td><td class=\"has-text-align-center\" data-align=\"center\">551<\/td><\/tr><tr><td class=\"has-text-align-center\" data-align=\"center\">H2<\/td><td class=\"has-text-align-center\" data-align=\"center\">121<\/td><td class=\"has-text-align-center\" data-align=\"center\">131<\/td><td class=\"has-text-align-center\" data-align=\"center\">142<\/td><\/tr><tr><td class=\"has-text-align-center\" data-align=\"center\">L1<\/td><td class=\"has-text-align-center\" data-align=\"center\">535<\/td><td class=\"has-text-align-center\" data-align=\"center\">565<\/td><td class=\"has-text-align-center\" data-align=\"center\">595<\/td><\/tr><tr><td class=\"has-text-align-center\" data-align=\"center\">STACK<\/td><td class=\"has-text-align-center\" data-align=\"center\">595<\/td><td class=\"has-text-align-center\" data-align=\"center\">607<\/td><td class=\"has-text-align-center\" data-align=\"center\">617<\/td><\/tr><tr><td class=\"has-text-align-center\" data-align=\"center\">REACH<\/td><td class=\"has-text-align-center\" data-align=\"center\">368<\/td><td class=\"has-text-align-center\" data-align=\"center\">382<\/td><td class=\"has-text-align-center\" data-align=\"center\">402<\/td><\/tr><tr><td class=\"has-text-align-center\" data-align=\"center\">A2<\/td><td class=\"has-text-align-center\" data-align=\"center\">74.4\u00ba<\/td><td class=\"has-text-align-center\" data-align=\"center\">73.3\u00ba<\/td><td class=\"has-text-align-center\" data-align=\"center\">72.6\u00ba<\/td><\/tr><\/tbody><\/table><\/figure>\n<\/div>\n<\/div>\n","protected":false},"excerpt":{"rendered":"<p>Estamos empolgados em apresentar a mais recente adi\u00e7\u00e3o ao nosso cat\u00e1logo de aluguel de bicicletas para o Caminho de Santiago: o modelo Yamaha Wabash Gravel RT. Esta bicicleta el\u00e9trica de gravel \u00e9 projetada para oferecer um desempenho excepcional e uma experi\u00eancia de condu\u00e7\u00e3o inigual\u00e1vel. A Yamaha Wabash Gravel RT se destaca pela sua bateria de [&hellip;]<\/p>\n","protected":false},"author":2,"featured_media":0,"parent":0,"menu_order":0,"comment_status":"closed","ping_status":"closed","template":"","meta":{"rank_math_title":"Yamaha Wabash Gravel RT - Aluguer de Bicicletas","rank_math_description":"Descubra a Yamaha Wabash Gravel RT, perfeita para o aluguel de bicicletas para o Caminho de Santiago. Com bateria de 500Wh e motor Yamaha, reserve agora!","rank_math_focus_keyword":"Yamaha Wabash Gravel RT","rank_math_canonical_url":"","rank_math_facebook_title":"","rank_math_facebook_description":"","rank_math_facebook_image":"","rank_math_twitter_title":"","rank_math_twitter_description":"","rank_math_twitter_image":"","rank_math_twitter_card_type":"","rank_math_twitter_use_facebook":"","rank_math_robots":[],"rank_math_advanced_robots":[],"_joinchat":[],"footnotes":""},"class_list":["post-28527","page","type-page","status-publish","hentry"],"_links":{"self":[{"href":"https:\/\/www.tournride.com\/pt-br\/wp-json\/wp\/v2\/pages\/28527","targetHints":{"allow":["GET"]}}],"collection":[{"href":"https:\/\/www.tournride.com\/pt-br\/wp-json\/wp\/v2\/pages"}],"about":[{"href":"https:\/\/www.tournride.com\/pt-br\/wp-json\/wp\/v2\/types\/page"}],"author":[{"embeddable":true,"href":"https:\/\/www.tournride.com\/pt-br\/wp-json\/wp\/v2\/users\/2"}],"replies":[{"embeddable":true,"href":"https:\/\/www.tournride.com\/pt-br\/wp-json\/wp\/v2\/comments?post=28527"}],"version-history":[{"count":0,"href":"https:\/\/www.tournride.com\/pt-br\/wp-json\/wp\/v2\/pages\/28527\/revisions"}],"wp:attachment":[{"href":"https:\/\/www.tournride.com\/pt-br\/wp-json\/wp\/v2\/media?parent=28527"}],"curies":[{"name":"wp","href":"https:\/\/api.w.org\/{rel}","templated":true}]}}