{"id":28371,"date":"2025-01-13T20:33:46","date_gmt":"2025-01-13T19:33:46","guid":{"rendered":"https:\/\/www.tournride.com\/?page_id=28371"},"modified":"2025-01-16T09:31:25","modified_gmt":"2025-01-16T08:31:25","slug":"yamaha-crosscore-rc-aluguer-bicicletas","status":"publish","type":"page","link":"https:\/\/www.tournride.com\/pt-br\/yamaha-crosscore-rc-aluguer-bicicletas\/","title":{"rendered":"Yamaha Crosscore RC"},"content":{"rendered":"\n<div class=\"wp-block-rank-math-toc-block\" id=\"rank-math-toc\"><h2>Tabela de conte\u00fados<\/h2><nav><ul><li class=\"\"><a href=\"https:\/\/www.tournride.com\/pt-br\/yamaha-crosscore-rc-aluguer-bicicletas\/#recomendacion-tournride\">Recomenda\u00e7\u00e3o Tournride<\/a><\/li><li class=\"\"><a href=\"https:\/\/www.tournride.com\/pt-br\/yamaha-crosscore-rc-aluguer-bicicletas\/#caracteristicas-basicas-mmr-koen-00\">Caracter\u00edsticas b\u00e1sicas Yamaha Crosscore RC<\/a><\/li><li class=\"\"><a href=\"https:\/\/www.tournride.com\/pt-br\/yamaha-crosscore-rc-aluguer-bicicletas\/#caracteristicas-detalladas-mmr-koen-00\">Caracter\u00edsticas detalhadas Yamaha Crosscore RC<\/a><\/li><li class=\"\"><a href=\"https:\/\/www.tournride.com\/pt-br\/yamaha-crosscore-rc-aluguer-bicicletas\/#geometria\">Geometr\u00eda<\/a><\/li><\/ul><\/nav><\/div>\n\n\n\n<p><strong>A Yamaha CrossCore RC \u00e9 uma bicicleta el\u00e9trica vers\u00e1til, adapt\u00e1vel e acess\u00edvel, pronta para enfrentar qualquer situa\u00e7\u00e3o que o dia possa trazer. Foi projetada especificamente para todo tipo de situa\u00e7\u00e3o, desde deslocamentos urbanos at\u00e9 passeios de lazer relaxantes e treinamentos f\u00edsicos. Com suas zero emiss\u00f5es e baixos custos de manuten\u00e7\u00e3o, \u00e9 perfeita por muitas raz\u00f5es, e por isso a escolhemos como op\u00e7\u00e3o para 2025 em nosso servi\u00e7o de aluguel de bicicletas para o Caminho de Santiago.<\/strong><\/p>\n\n\n\n<figure class=\"wp-block-gallery has-nested-images columns-default is-cropped wp-block-gallery-1 is-layout-flex wp-block-gallery-is-layout-flex\">\n<figure class=\"wp-block-image size-large\"><a href=\"https:\/\/www.tournride.com\/wp-content\/uploads\/2025\/01\/2022-Yamaha-CROSSCORE-RC-EU-Urban_Sage-Studio-001-03.jpg\"><img loading=\"lazy\" decoding=\"async\" width=\"1024\" height=\"576\" data-id=\"28312\" src=\"https:\/\/www.tournride.com\/wp-content\/uploads\/2025\/01\/2022-Yamaha-CROSSCORE-RC-EU-Urban_Sage-Studio-001-03-1024x576.jpg\" alt=\"Bicicletas el\u00e9ctricas para el camino de Santiago. Yamaha CrossCore RC\" class=\"wp-image-28312\" title=\"\" srcset=\"https:\/\/www.tournride.com\/wp-content\/uploads\/2025\/01\/2022-Yamaha-CROSSCORE-RC-EU-Urban_Sage-Studio-001-03-1024x576.jpg 1024w, https:\/\/www.tournride.com\/wp-content\/uploads\/2025\/01\/2022-Yamaha-CROSSCORE-RC-EU-Urban_Sage-Studio-001-03-300x169.jpg 300w, https:\/\/www.tournride.com\/wp-content\/uploads\/2025\/01\/2022-Yamaha-CROSSCORE-RC-EU-Urban_Sage-Studio-001-03-768x432.jpg 768w, https:\/\/www.tournride.com\/wp-content\/uploads\/2025\/01\/2022-Yamaha-CROSSCORE-RC-EU-Urban_Sage-Studio-001-03-1536x864.jpg 1536w, https:\/\/www.tournride.com\/wp-content\/uploads\/2025\/01\/2022-Yamaha-CROSSCORE-RC-EU-Urban_Sage-Studio-001-03.jpg 2000w\" sizes=\"auto, (max-width: 1024px) 100vw, 1024px\" \/><\/a><\/figure>\n\n\n\n<figure class=\"wp-block-image size-large\"><a href=\"https:\/\/www.tournride.com\/wp-content\/uploads\/2025\/01\/2022-Yamaha-CROSSCORE-RC-EU-Shiver_White-Action-001-03.jpg\"><img loading=\"lazy\" decoding=\"async\" width=\"1024\" height=\"576\" data-id=\"28316\" src=\"https:\/\/www.tournride.com\/wp-content\/uploads\/2025\/01\/2022-Yamaha-CROSSCORE-RC-EU-Shiver_White-Action-001-03-1024x576.jpg\" alt=\"\" class=\"wp-image-28316\" title=\"\" srcset=\"https:\/\/www.tournride.com\/wp-content\/uploads\/2025\/01\/2022-Yamaha-CROSSCORE-RC-EU-Shiver_White-Action-001-03-1024x576.jpg 1024w, https:\/\/www.tournride.com\/wp-content\/uploads\/2025\/01\/2022-Yamaha-CROSSCORE-RC-EU-Shiver_White-Action-001-03-300x169.jpg 300w, https:\/\/www.tournride.com\/wp-content\/uploads\/2025\/01\/2022-Yamaha-CROSSCORE-RC-EU-Shiver_White-Action-001-03-768x432.jpg 768w, https:\/\/www.tournride.com\/wp-content\/uploads\/2025\/01\/2022-Yamaha-CROSSCORE-RC-EU-Shiver_White-Action-001-03-1536x864.jpg 1536w, https:\/\/www.tournride.com\/wp-content\/uploads\/2025\/01\/2022-Yamaha-CROSSCORE-RC-EU-Shiver_White-Action-001-03.jpg 2000w\" sizes=\"auto, (max-width: 1024px) 100vw, 1024px\" \/><\/a><\/figure>\n\n\n\n<figure class=\"wp-block-image size-large\"><a href=\"https:\/\/www.tournride.com\/wp-content\/uploads\/2025\/01\/2022-Yamaha-CROSSCORE-RC-EU-Detail-005-03.jpg\"><img loading=\"lazy\" decoding=\"async\" width=\"1024\" height=\"576\" data-id=\"28307\" src=\"https:\/\/www.tournride.com\/wp-content\/uploads\/2025\/01\/2022-Yamaha-CROSSCORE-RC-EU-Detail-005-03-1024x576.jpg\" alt=\"\" class=\"wp-image-28307\" title=\"\" srcset=\"https:\/\/www.tournride.com\/wp-content\/uploads\/2025\/01\/2022-Yamaha-CROSSCORE-RC-EU-Detail-005-03-1024x576.jpg 1024w, https:\/\/www.tournride.com\/wp-content\/uploads\/2025\/01\/2022-Yamaha-CROSSCORE-RC-EU-Detail-005-03-300x169.jpg 300w, https:\/\/www.tournride.com\/wp-content\/uploads\/2025\/01\/2022-Yamaha-CROSSCORE-RC-EU-Detail-005-03-768x432.jpg 768w, https:\/\/www.tournride.com\/wp-content\/uploads\/2025\/01\/2022-Yamaha-CROSSCORE-RC-EU-Detail-005-03-1536x864.jpg 1536w, https:\/\/www.tournride.com\/wp-content\/uploads\/2025\/01\/2022-Yamaha-CROSSCORE-RC-EU-Detail-005-03.jpg 2000w\" sizes=\"auto, (max-width: 1024px) 100vw, 1024px\" \/><\/a><\/figure>\n\n\n\n<figure class=\"wp-block-image size-large\"><a href=\"https:\/\/www.tournride.com\/wp-content\/uploads\/2025\/01\/2022-Yamaha-CROSSCORE-RC-EU-Detail-002-03.jpg\"><img loading=\"lazy\" decoding=\"async\" width=\"1024\" height=\"576\" data-id=\"28311\" src=\"https:\/\/www.tournride.com\/wp-content\/uploads\/2025\/01\/2022-Yamaha-CROSSCORE-RC-EU-Detail-002-03-1024x576.jpg\" alt=\"\" class=\"wp-image-28311\" title=\"\" srcset=\"https:\/\/www.tournride.com\/wp-content\/uploads\/2025\/01\/2022-Yamaha-CROSSCORE-RC-EU-Detail-002-03-1024x576.jpg 1024w, https:\/\/www.tournride.com\/wp-content\/uploads\/2025\/01\/2022-Yamaha-CROSSCORE-RC-EU-Detail-002-03-300x169.jpg 300w, https:\/\/www.tournride.com\/wp-content\/uploads\/2025\/01\/2022-Yamaha-CROSSCORE-RC-EU-Detail-002-03-768x432.jpg 768w, https:\/\/www.tournride.com\/wp-content\/uploads\/2025\/01\/2022-Yamaha-CROSSCORE-RC-EU-Detail-002-03-1536x864.jpg 1536w, https:\/\/www.tournride.com\/wp-content\/uploads\/2025\/01\/2022-Yamaha-CROSSCORE-RC-EU-Detail-002-03.jpg 2000w\" sizes=\"auto, (max-width: 1024px) 100vw, 1024px\" \/><\/a><\/figure>\n<\/figure>\n\n\n\n<h2 class=\"wp-block-heading\" id=\"recomendacion-tournride\"><strong>Recomenda\u00e7\u00e3o Tournride<\/strong><\/h2>\n\n\n\n<p>Nossa gama de entrada em e-bike MTB para esta temporada. Confiabilidade Yamaha em motoriza\u00e7\u00e3o e bateria. Se voc\u00ea n\u00e3o sabe qual bicicleta escolher para fazer o Caminho de Santiago, esta \u00e9 a escolha perfeita para voc\u00ea.<\/p>\n\n\n\n<h2 class=\"wp-block-heading\" id=\"caracteristicas-basicas-mmr-koen-00\">Caracter\u00edsticas b\u00e1sicas <a href=\"https:\/\/www.yamaha-motor.eu\/es\/es\/ebike\/urban\/pdp\/crosscore-rc-2022\/#2022-CROSSCORE-RC-MGNM1-M\" data-type=\"link\" data-id=\"https:\/\/www.yamaha-motor.eu\/es\/es\/ebike\/urban\/pdp\/crosscore-rc-2022\/#2022-CROSSCORE-RC-MGNM1-M\" target=\"_blank\" rel=\"noopener\">Yamaha Crosscore RC<\/a><\/h2>\n\n\n\n<ul class=\"wp-block-list\">\n<li>Yamaha PW ultra-efficient engine<\/li>\n\n\n\n<li>500Wh (Yamaha battery system)<\/li>\n\n\n\n<li>Recomendado para etapas de <strong>at\u00e9<\/strong> 75km<\/li>\n\n\n\n<li>Freios de disco hidr\u00e1ulicos Shimano<\/li>\n\n\n\n<li>9 velocidades<\/li>\n\n\n\n<li>Garfo SR Suntour Nex E25<\/li>\n\n\n\n<li>Tamanhos S, M y L<\/li>\n\n\n\n<li><strong>Porta-bagagem traseiro instalado<\/strong><\/li>\n<\/ul>\n\n\n\n<h2 class=\"wp-block-heading\" id=\"caracteristicas-detalladas-mmr-koen-00\">Caracter\u00edsticas <strong>detalhadas<\/strong> <a href=\"https:\/\/www.yamaha-motor.eu\/es\/es\/ebike\/urban\/pdp\/crosscore-rc-2022\/#2022-CROSSCORE-RC-MGNM1-M\" data-type=\"link\" data-id=\"https:\/\/mmrbikes.com\/products\/koen-1?variant=44978232426769\" target=\"_blank\" rel=\"noopener\">Yamaha Crosscore RC<\/a><\/h2>\n\n\n\n<figure class=\"wp-block-table\"><table class=\"has-fixed-layout\"><tbody><tr><td><strong>Quadro<\/strong><\/td><td>Yamaha Hydroformed Aluminum<\/td><\/tr><tr><td><strong>Garfo<\/strong><\/td><td>SR Suntour NEX E25. 63mm Travel.<\/td><\/tr><tr><td><strong>Dire\u00e7\u00e3o<\/strong><\/td><td>Integrated bearing<\/td><\/tr><tr><td><strong>C\u00e2mbio<\/strong><\/td><td>Shimano M3100 SGS<\/td><\/tr><tr><td><strong>Pulsadores<\/strong><\/td><td>Shimano M2010 9-speed<\/td><\/tr><tr><td><strong>Freios<\/strong><\/td><td>Shimano BR-MT200<\/td><\/tr><tr><td><strong>Bielas<\/strong><\/td><td>Square Taper Spindle 170mm<\/td><\/tr><tr><td><strong>Cassete<\/strong><\/td><td>Sunrace 11-51 12v<\/td><\/tr><tr><td><strong>Corrente<\/strong><\/td><td>KMC e11 118 links<\/td><\/tr><tr><td><strong>Rodas<\/strong><\/td><td>Dual Channel Welded<\/td><\/tr><tr><td><strong>Pot\u00eancia<\/strong><\/td><td>31.8 clamp dia. 6 deg rise 80mm<\/td><\/tr><tr><td><strong>Guid\u00e3o<\/strong><\/td><td>Alloy, 31.8mm clamp, width 640mm<\/td><\/tr><tr><td><strong>Canote<\/strong><\/td><td>30.9 diam. Length: 345mm (L, M), 295 (S)<\/td><\/tr><tr><td><strong>Selim<\/strong><\/td><td>Yamaha Urban Comfort Cro-Mo Rail<\/td><\/tr><tr><td><strong>Motor<\/strong><\/td><td>Yamaha PWSeries ST 3-bolt Mount<\/td><\/tr><tr><td><strong>Display<\/strong><\/td><td>Pantalla Display A<\/td><\/tr><tr><td><strong>Bateria<\/strong><\/td><td>Yamaha Lithium Ion 500Wh, 36V, 13.4Ah<\/td><\/tr><\/tbody><\/table><\/figure>\n\n\n\n<h2 class=\"wp-block-heading\" id=\"geometria\">Geometr\u00eda<\/h2>\n\n\n\n<div class=\"wp-block-columns is-layout-flex wp-container-core-columns-is-layout-9d6595d7 wp-block-columns-is-layout-flex\">\n<div class=\"wp-block-column is-layout-flow wp-block-column-is-layout-flow\" style=\"flex-basis:50%\">\n<figure class=\"wp-block-image size-full\"><a href=\"https:\/\/www.tournride.com\/wp-content\/uploads\/2025\/01\/geometria.png\"><img loading=\"lazy\" decoding=\"async\" width=\"874\" height=\"501\" src=\"https:\/\/www.tournride.com\/wp-content\/uploads\/2025\/01\/geometria.png\" alt=\"\" class=\"wp-image-28257\" style=\"object-fit:cover\" title=\"\" srcset=\"https:\/\/www.tournride.com\/wp-content\/uploads\/2025\/01\/geometria.png 874w, https:\/\/www.tournride.com\/wp-content\/uploads\/2025\/01\/geometria-300x172.png 300w, https:\/\/www.tournride.com\/wp-content\/uploads\/2025\/01\/geometria-768x440.png 768w\" sizes=\"auto, (max-width: 874px) 100vw, 874px\" \/><\/a><\/figure>\n<\/div>\n\n\n\n<div class=\"wp-block-column is-layout-flow wp-block-column-is-layout-flow\" style=\"flex-basis:50%\">\n<figure class=\"wp-block-table\"><table class=\"has-fixed-layout\"><tbody><tr><td class=\"has-text-align-center\" data-align=\"center\"><\/td><td class=\"has-text-align-center\" data-align=\"center\">S<\/td><td class=\"has-text-align-center\" data-align=\"center\">M<\/td><td class=\"has-text-align-center\" data-align=\"center\">L<\/td><\/tr><tr><td class=\"has-text-align-center\" data-align=\"center\">H1<\/td><td class=\"has-text-align-center\" data-align=\"center\">429<\/td><td class=\"has-text-align-center\" data-align=\"center\">490<\/td><td class=\"has-text-align-center\" data-align=\"center\">551<\/td><\/tr><tr><td class=\"has-text-align-center\" data-align=\"center\">H2<\/td><td class=\"has-text-align-center\" data-align=\"center\">121<\/td><td class=\"has-text-align-center\" data-align=\"center\">131<\/td><td class=\"has-text-align-center\" data-align=\"center\">142<\/td><\/tr><tr><td class=\"has-text-align-center\" data-align=\"center\">L1<\/td><td class=\"has-text-align-center\" data-align=\"center\">535<\/td><td class=\"has-text-align-center\" data-align=\"center\">565<\/td><td class=\"has-text-align-center\" data-align=\"center\">595<\/td><\/tr><tr><td class=\"has-text-align-center\" data-align=\"center\">STACK<\/td><td class=\"has-text-align-center\" data-align=\"center\">595<\/td><td class=\"has-text-align-center\" data-align=\"center\">607<\/td><td class=\"has-text-align-center\" data-align=\"center\">617<\/td><\/tr><tr><td class=\"has-text-align-center\" data-align=\"center\">REACH<\/td><td class=\"has-text-align-center\" data-align=\"center\">368<\/td><td class=\"has-text-align-center\" data-align=\"center\">382<\/td><td class=\"has-text-align-center\" data-align=\"center\">402<\/td><\/tr><tr><td class=\"has-text-align-center\" data-align=\"center\">A2<\/td><td class=\"has-text-align-center\" data-align=\"center\">74.4\u00ba<\/td><td class=\"has-text-align-center\" data-align=\"center\">73.3\u00ba<\/td><td class=\"has-text-align-center\" data-align=\"center\">72.6\u00ba<\/td><\/tr><\/tbody><\/table><\/figure>\n<\/div>\n<\/div>\n","protected":false},"excerpt":{"rendered":"<p>A Yamaha CrossCore RC \u00e9 uma bicicleta el\u00e9trica vers\u00e1til, adapt\u00e1vel e acess\u00edvel, pronta para enfrentar qualquer situa\u00e7\u00e3o que o dia possa trazer. Foi projetada especificamente para todo tipo de situa\u00e7\u00e3o, desde deslocamentos urbanos at\u00e9 passeios de lazer relaxantes e treinamentos f\u00edsicos. Com suas zero emiss\u00f5es e baixos custos de manuten\u00e7\u00e3o, \u00e9 perfeita por muitas raz\u00f5es, [&hellip;]<\/p>\n","protected":false},"author":2,"featured_media":0,"parent":0,"menu_order":0,"comment_status":"closed","ping_status":"closed","template":"","meta":{"_joinchat":[],"footnotes":""},"class_list":["post-28371","page","type-page","status-publish","hentry"],"_links":{"self":[{"href":"https:\/\/www.tournride.com\/pt-br\/wp-json\/wp\/v2\/pages\/28371","targetHints":{"allow":["GET"]}}],"collection":[{"href":"https:\/\/www.tournride.com\/pt-br\/wp-json\/wp\/v2\/pages"}],"about":[{"href":"https:\/\/www.tournride.com\/pt-br\/wp-json\/wp\/v2\/types\/page"}],"author":[{"embeddable":true,"href":"https:\/\/www.tournride.com\/pt-br\/wp-json\/wp\/v2\/users\/2"}],"replies":[{"embeddable":true,"href":"https:\/\/www.tournride.com\/pt-br\/wp-json\/wp\/v2\/comments?post=28371"}],"version-history":[{"count":0,"href":"https:\/\/www.tournride.com\/pt-br\/wp-json\/wp\/v2\/pages\/28371\/revisions"}],"wp:attachment":[{"href":"https:\/\/www.tournride.com\/pt-br\/wp-json\/wp\/v2\/media?parent=28371"}],"curies":[{"name":"wp","href":"https:\/\/api.w.org\/{rel}","templated":true}]}}