{"id":28145,"date":"2025-01-10T08:56:19","date_gmt":"2025-01-10T07:56:19","guid":{"rendered":"https:\/\/www.tournride.com\/?page_id=28145"},"modified":"2025-01-10T08:56:43","modified_gmt":"2025-01-10T07:56:43","slug":"lista-de-precos-2025","status":"publish","type":"page","link":"https:\/\/www.tournride.com\/pt-br\/lista-de-precos-2025\/","title":{"rendered":"Lista de pre\u00e7os 2025"},"content":{"rendered":"\n<h2 class=\"wp-block-heading\" id=\"h-servicios-extras\"><strong>Servicios extras<\/strong><\/h2>\n\n\n\n<p>Estes servi\u00e7os podem ser adicionados ou enviados por e-mail no momento da reserva.<\/p>\n\n\n\n<ul class=\"wp-block-list\">\n<li>Envio urgente de bicicleta em 24h: 100 \u20ac por bicicleta<\/li>\n\n\n\n<li>Envio de pacotes de objetos esquecidos com peso inferior a 10 kg: 15 \u20ac por cada 10 kg.<\/li>\n\n\n\n<li>Porta-garrafas extra: 2 \u20ac\/bicicleta, caso o tamanho permita.<\/li>\n\n\n\n<li>Pot\u00eancia ajust\u00e1vel: 5 \u20ac\/bicicleta, caso o modelo permita.<\/li>\n<\/ul>\n\n\n\n<h2 class=\"wp-block-heading\" id=\"h-kit-de-herramientas-y-complementos\"><strong>Kit de ferramentas e complementos<\/strong><\/h2>\n\n\n\n<p>Estes pre\u00e7os ser\u00e3o aplicados quando, no momento da devolu\u00e7\u00e3o do material, faltar algum destes elementos. Se algum n\u00e3o estiver na lista, ser\u00e1 or\u00e7ado no local. Recomendamos que tenham localizado todo o material a devolver antes da chegada.<\/p>\n\n\n\n<ul class=\"wp-block-list\">\n<li>Kit completo 60 \u20ac.<\/li>\n\n\n\n<li>Chave multifuncional: 30 \u20ac.<\/li>\n\n\n\n<li>Bomba de ar: 15 \u20ac.<\/li>\n\n\n\n<li>Desmont\u00e1veis (o par ou um): 5 \u20ac.<\/li>\n\n\n\n<li>Chave de 15 mm para pedais: 10 \u20ac.<\/li>\n\n\n\n<li>Cadeado 5 \u20ac.<\/li>\n\n\n\n<li>Capacete 25 \u20ac.<\/li>\n\n\n\n<li>Alforjes 25 \u20ac.<\/li>\n\n\n\n<li>Alforjes Ortlieb 60 \u20ac.<\/li>\n\n\n\n<li>Bolsa de guiador 40 \u20ac.<\/li>\n\n\n\n<li>Porta-celular 12 \u20ac<\/li>\n\n\n\n<li>Porta-bagagens (quebra ou abandono) 45 \u20ac.<\/li>\n\n\n\n<li>Tamp\u00e3o de garfo RockShox RS30 ou Recon RL 10 \u20ac.<\/li>\n\n\n\n<li>Porta-garrafas (quebra ou abandono): 10 \u20ac.<\/li>\n<\/ul>\n\n\n\n<h2 class=\"wp-block-heading\" id=\"h-penalizaciones\"><strong><strong>Penaliza\u00e7\u00f5es<\/strong><\/strong><\/h2>\n\n\n\n<p>As seguintes penaliza\u00e7\u00f5es ser\u00e3o aplicadas sem exce\u00e7\u00e3o, pois as consideramos abusos do servi\u00e7o.<\/p>\n\n\n\n<ul class=\"wp-block-list\">\n<li>Devolu\u00e7\u00e3o fora do prazo sem aviso pr\u00e9vio: 20 \u20ac por dia e bicicleta como acr\u00e9scimo adicional ao pre\u00e7o do aluguel para esses dias.<\/li>\n\n\n\n<li>Por mudan\u00e7as no local de devolu\u00e7\u00e3o das bicicletas fora do prazo estipulado (72h), 10 \u20ac por bicicleta, al\u00e9m da diferen\u00e7a do custo de transporte, se houver.<\/li>\n<\/ul>\n","protected":false},"excerpt":{"rendered":"<p>Servicios extras Estes servi\u00e7os podem ser adicionados ou enviados por e-mail no momento da reserva. Kit de ferramentas e complementos Estes pre\u00e7os ser\u00e3o aplicados quando, no momento da devolu\u00e7\u00e3o do material, faltar algum destes elementos. Se algum n\u00e3o estiver na lista, ser\u00e1 or\u00e7ado no local. Recomendamos que tenham localizado todo o material a devolver antes [&hellip;]<\/p>\n","protected":false},"author":2,"featured_media":0,"parent":0,"menu_order":0,"comment_status":"closed","ping_status":"closed","template":"","meta":{"_joinchat":[],"footnotes":""},"class_list":["post-28145","page","type-page","status-publish","hentry"],"_links":{"self":[{"href":"https:\/\/www.tournride.com\/pt-br\/wp-json\/wp\/v2\/pages\/28145","targetHints":{"allow":["GET"]}}],"collection":[{"href":"https:\/\/www.tournride.com\/pt-br\/wp-json\/wp\/v2\/pages"}],"about":[{"href":"https:\/\/www.tournride.com\/pt-br\/wp-json\/wp\/v2\/types\/page"}],"author":[{"embeddable":true,"href":"https:\/\/www.tournride.com\/pt-br\/wp-json\/wp\/v2\/users\/2"}],"replies":[{"embeddable":true,"href":"https:\/\/www.tournride.com\/pt-br\/wp-json\/wp\/v2\/comments?post=28145"}],"version-history":[{"count":0,"href":"https:\/\/www.tournride.com\/pt-br\/wp-json\/wp\/v2\/pages\/28145\/revisions"}],"wp:attachment":[{"href":"https:\/\/www.tournride.com\/pt-br\/wp-json\/wp\/v2\/media?parent=28145"}],"curies":[{"name":"wp","href":"https:\/\/api.w.org\/{rel}","templated":true}]}}