{"id":28099,"date":"2025-01-09T11:40:34","date_gmt":"2025-01-09T10:40:34","guid":{"rendered":"https:\/\/www.tournride.com\/?page_id=28099"},"modified":"2025-02-25T10:46:28","modified_gmt":"2025-02-25T09:46:28","slug":"aviso-legal","status":"publish","type":"page","link":"https:\/\/www.tournride.com\/pt-br\/informacao\/aviso-legal\/","title":{"rendered":"Aviso legal"},"content":{"rendered":"\n<h2 class=\"wp-block-heading\">Aviso Legal e Condi\u00e7\u00f5es Gerais de Uso do Site da Tournride S.L.: www.tournride.com<\/h2>\n\n\n\n<p>A Tournride S.L. (doravante Tournride), com sede em Laverde Ruiz, 5 bajo, com CIF B70189816, fornece determinados conte\u00fados informativos sobre suas atividades no site www.tournride.com. As presentes condi\u00e7\u00f5es gerais regulam exclusivamente o uso do site da Tournride pelos USU\u00c1RIOS que a ele acedem. As presentes condi\u00e7\u00f5es gerais s\u00e3o apresentadas ao USU\u00c1RIO no site www.tournride.com em todas as p\u00e1ginas e sempre que um USU\u00c1RIO insere seus dados nos formul\u00e1rios existentes, para que os leia, imprima, arquive e aceite via internet. O USU\u00c1RIO n\u00e3o pode inserir efetivamente seus dados sem aceitar estes termos. A Tournride S.L. est\u00e1 inscrita no Registro Comercial de Santiago de Compostela: Volume 31, Livro: 0, Folha 193, Se\u00e7\u00e3o: 8, Folha: SC 44131, Inscri\u00e7\u00e3o 0, Nota: 1 \/ Data 04\/12\/2008.<\/p>\n\n\n\n<p>O acesso ao site da Tournride implica a aceita\u00e7\u00e3o incondicional das presentes condi\u00e7\u00f5es gerais de uso, que o USU\u00c1RIO afirma compreender integralmente. O USU\u00c1RIO compromete-se a n\u00e3o utilizar o site e os servi\u00e7os nele oferecidos para atividades contr\u00e1rias \u00e0 lei e a respeitar em todo o momento as presentes condi\u00e7\u00f5es gerais.<\/p>\n\n\n\n<h3 class=\"wp-block-heading\">PRIMEIRO.- CONDI\u00c7\u00d5ES DE ACESSO E USO<\/h3>\n\n\n\n<p>1.1.- A utiliza\u00e7\u00e3o do site da Tournride n\u00e3o requer o registo do USU\u00c1RIO, salvo se este desejar utilizar a base de dados de artigos dispon\u00edvel em www.tournride.com, onde dever\u00e1 registar-se preenchendo um formul\u00e1rio b\u00e1sico. Esta subscri\u00e7\u00e3o ser\u00e1 regida por condi\u00e7\u00f5es gerais espec\u00edficas. As condi\u00e7\u00f5es de acesso e uso do presente site s\u00e3o rigorosamente reguladas pela legisla\u00e7\u00e3o vigente e pelo princ\u00edpio da boa-f\u00e9, comprometendo-se o USU\u00c1RIO a um uso correto do site. S\u00e3o proibidos todos os atos que violem a legalidade, direitos ou interesses de terceiros: direito \u00e0 privacidade, prote\u00e7\u00e3o de dados, propriedade intelectual, etc. Em particular, a Tournride pro\u00edbe o seguinte:<\/p>\n\n\n\n<p>1.1.1.- Realizar a\u00e7\u00f5es que possam causar qualquer tipo de dano aos sistemas da Tournride ou a terceiros atrav\u00e9s do site ou qualquer meio.<\/p>\n\n\n\n<p>1.1.2.- Realizar qualquer tipo de publicidade ou informa\u00e7\u00e3o comercial sem a devida autoriza\u00e7\u00e3o, seja diretamente ou de forma encoberta, enviar e-mails em massa (&#8220;spam&#8221;) ou enviar grandes mensagens para bloquear servidores de rede (&#8220;mail bombing&#8221;).<\/p>\n\n\n\n<p>1.2.- A Tournride pode interromper a qualquer momento o acesso ao seu site se detectar um uso contr\u00e1rio \u00e0 legalidade, \u00e0 boa-f\u00e9 ou \u00e0s presentes condi\u00e7\u00f5es gerais &#8211; ver cl\u00e1usula quinta.<\/p>\n\n\n\n<h3 class=\"wp-block-heading\">SEGUNDO.- CONTE\u00daDOS<\/h3>\n\n\n\n<p>Os conte\u00fados incorporados neste site foram criados e inclu\u00eddos por:<\/p>\n\n\n\n<p>2.1.- A Tournride utilizando fontes internas e externas, pelo que a Tournride \u00e9 respons\u00e1vel apenas pelos conte\u00fados criados internamente. (Em particular, os separadores &#8220;Bicicletas, Acess\u00f3rios e Perguntas frequentes&#8221;). A Tournride n\u00e3o \u00e9 respons\u00e1vel por eventuais erros de conte\u00fado nas sec\u00e7\u00f5es &#8220;Not\u00edcias&#8221; ou &#8220;Blog&#8221;.<\/p>\n\n\n\n<p>2.2.- A Tournride reserva-se o direito de modificar a qualquer momento os conte\u00fados existentes no seu site.<\/p>\n\n\n\n<h3 class=\"wp-block-heading\">TERCEIRO.- DIREITOS DE AUTOR E MARCA<\/h3>\n\n\n\n<p>A Tournride \u00e9 uma marca registada. \u00c9 proibido o uso da marca Tournride, incluindo o nome e o log\u00f3tipo, por terceiros sem o consentimento expresso da Tournride. Todos os direitos reservados. Al\u00e9m disso, o site da Tournride &#8211; os conte\u00fados pr\u00f3prios, a programa\u00e7\u00e3o e o design do site &#8211; est\u00e1 totalmente protegido pelos direitos de autor, proibindo expressamente qualquer reprodu\u00e7\u00e3o, comunica\u00e7\u00e3o, distribui\u00e7\u00e3o e transforma\u00e7\u00e3o dos elementos protegidos sem o consentimento expresso da Tournride.<\/p>\n\n\n\n<h3 class=\"wp-block-heading\">QUARTO.- JURISDI\u00c7\u00c3O E LEGISLA\u00c7\u00c3O APLIC\u00c1VEL<\/h3>\n\n\n\n<p>As presentes condi\u00e7\u00f5es gerais s\u00e3o regidas pela legisla\u00e7\u00e3o espanhola. S\u00e3o competentes para resolver qualquer controv\u00e9rsia ou conflito que derive das presentes condi\u00e7\u00f5es gerais os Tribunais de Santiago de Compostela, renunciando expressamente o USU\u00c1RIO a qualquer outro foro que lhe possa corresponder.<\/p>\n\n\n\n<h3 class=\"wp-block-heading\">QUINTO.- NULIDADE<\/h3>\n\n\n\n<p>Se alguma cl\u00e1usula do presente documento for declarada nula, as restantes cl\u00e1usulas permanecer\u00e3o em vigor e ser\u00e3o interpretadas tendo em conta a vontade das partes e o pr\u00f3prio fim das presentes condi\u00e7\u00f5es. A Tournride pode optar por n\u00e3o exercer algum dos direitos e poderes conferidos no presente documento, o que n\u00e3o implica ren\u00fancia a tais direitos salvo reconhecimento expresso por parte da Tournride.<\/p>\n\n\n\n<h3 class=\"wp-block-heading\">SEXTO.- PROTE\u00c7\u00c3O DE DADOS E PRIVACIDADE<\/h3>\n\n\n\n<p>A Tournride compromete-se a proteger a privacidade dos seus utilizadores e a cumprir a normativa vigente em mat\u00e9ria de prote\u00e7\u00e3o de dados. Para mais informa\u00e7\u00f5es, consulte a nossa Pol\u00edtica de Privacidade.<\/p>\n\n\n\n<h3 class=\"wp-block-heading\">S\u00c9TIMO.- POL\u00cdTICA DE COOKIES<\/h3>\n\n\n\n<p>Este site utiliza cookies para melhorar a experi\u00eancia do utilizador. Para mais informa\u00e7\u00f5es sobre o uso de cookies, consulte a nossa Pol\u00edtica de Cookies.<\/p>\n\n\n\n<h3 class=\"wp-block-heading\">OITAVO.- LIMITA\u00c7\u00c3O DE RESPONSABILIDADE<\/h3>\n\n\n\n<p>A Tournride n\u00e3o \u00e9 respons\u00e1vel por quaisquer danos ou preju\u00edzos que possam resultar do uso indevido dos conte\u00fados do seu site.<\/p>\n\n\n\n<h3 class=\"wp-block-heading\">NONO.- LINKS PARA SITES DE TERCEIROS<\/h3>\n\n\n\n<p>O site da Tournride pode conter links para sites de terceiros. A Tournride n\u00e3o \u00e9 respons\u00e1vel pelo conte\u00fado ou pelas pol\u00edticas de privacidade desses sites.<\/p>\n\n\n\n<h3 class=\"wp-block-heading\">D\u00c9CIMO.- ALTERA\u00c7\u00d5ES AO AVISO LEGAL<\/h3>\n\n\n\n<p>A Tournride reserva-se o direito de modificar o presente aviso legal a qualquer momento. Aconselha-se os utilizadores a reverem-no periodicamente.<\/p>\n\n\n\n<h3 class=\"wp-block-heading\">UND\u00c9CIMO.- CONTACTO<\/h3>\n\n\n\n<p>Para qualquer d\u00favida ou quest\u00e3o relacionada com o aviso legal, os utilizadores podem contactar a Tournride atrav\u00e9s de um dos meios indicados na sec\u00e7\u00e3o Contacto do site.<\/p>\n","protected":false},"excerpt":{"rendered":"<p>Aviso Legal e Condi\u00e7\u00f5es Gerais de Uso do Site da Tournride S.L.: www.tournride.com A Tournride S.L. (doravante Tournride), com sede em Laverde Ruiz, 5 bajo, com CIF B70189816, fornece determinados conte\u00fados informativos sobre suas atividades no site www.tournride.com. As presentes condi\u00e7\u00f5es gerais regulam exclusivamente o uso do site da Tournride pelos USU\u00c1RIOS que a ele [&hellip;]<\/p>\n","protected":false},"author":2,"featured_media":0,"parent":28076,"menu_order":103,"comment_status":"closed","ping_status":"closed","template":"","meta":{"_joinchat":[],"footnotes":""},"class_list":["post-28099","page","type-page","status-publish","hentry"],"_links":{"self":[{"href":"https:\/\/www.tournride.com\/pt-br\/wp-json\/wp\/v2\/pages\/28099","targetHints":{"allow":["GET"]}}],"collection":[{"href":"https:\/\/www.tournride.com\/pt-br\/wp-json\/wp\/v2\/pages"}],"about":[{"href":"https:\/\/www.tournride.com\/pt-br\/wp-json\/wp\/v2\/types\/page"}],"author":[{"embeddable":true,"href":"https:\/\/www.tournride.com\/pt-br\/wp-json\/wp\/v2\/users\/2"}],"replies":[{"embeddable":true,"href":"https:\/\/www.tournride.com\/pt-br\/wp-json\/wp\/v2\/comments?post=28099"}],"version-history":[{"count":1,"href":"https:\/\/www.tournride.com\/pt-br\/wp-json\/wp\/v2\/pages\/28099\/revisions"}],"predecessor-version":[{"id":29409,"href":"https:\/\/www.tournride.com\/pt-br\/wp-json\/wp\/v2\/pages\/28099\/revisions\/29409"}],"up":[{"embeddable":true,"href":"https:\/\/www.tournride.com\/pt-br\/wp-json\/wp\/v2\/pages\/28076"}],"wp:attachment":[{"href":"https:\/\/www.tournride.com\/pt-br\/wp-json\/wp\/v2\/media?parent=28099"}],"curies":[{"name":"wp","href":"https:\/\/api.w.org\/{rel}","templated":true}]}}