{"id":28093,"date":"2025-01-09T11:35:21","date_gmt":"2025-01-09T10:35:21","guid":{"rendered":"https:\/\/www.tournride.com\/?page_id=28093"},"modified":"2025-01-09T11:35:23","modified_gmt":"2025-01-09T10:35:23","slug":"comunicacao","status":"publish","type":"page","link":"https:\/\/www.tournride.com\/pt-br\/informacao\/comunicacao\/","title":{"rendered":"Comunica\u00e7\u00e3o"},"content":{"rendered":"\n<p>Se deseja nossa participa\u00e7\u00e3o em algum projeto de colabora\u00e7\u00e3o ou comunica\u00e7\u00e3o entre empresas, escreva para:<\/p>\n\n\n\n<ul class=\"wp-block-list\">\n<li>comunicacion@tournride.com<\/li>\n<\/ul>\n\n\n\n<p>Ou ligue para o telefone:<\/p>\n\n\n\n<ul class=\"wp-block-list\">\n<li>+34 981 936 616<\/li>\n<\/ul>\n","protected":false},"excerpt":{"rendered":"<p>Se deseja nossa participa\u00e7\u00e3o em algum projeto de colabora\u00e7\u00e3o ou comunica\u00e7\u00e3o entre empresas, escreva para: Ou ligue para o telefone:<\/p>\n","protected":false},"author":2,"featured_media":0,"parent":28076,"menu_order":75,"comment_status":"closed","ping_status":"closed","template":"","meta":{"_joinchat":[],"footnotes":""},"class_list":["post-28093","page","type-page","status-publish","hentry"],"_links":{"self":[{"href":"https:\/\/www.tournride.com\/pt-br\/wp-json\/wp\/v2\/pages\/28093","targetHints":{"allow":["GET"]}}],"collection":[{"href":"https:\/\/www.tournride.com\/pt-br\/wp-json\/wp\/v2\/pages"}],"about":[{"href":"https:\/\/www.tournride.com\/pt-br\/wp-json\/wp\/v2\/types\/page"}],"author":[{"embeddable":true,"href":"https:\/\/www.tournride.com\/pt-br\/wp-json\/wp\/v2\/users\/2"}],"replies":[{"embeddable":true,"href":"https:\/\/www.tournride.com\/pt-br\/wp-json\/wp\/v2\/comments?post=28093"}],"version-history":[{"count":0,"href":"https:\/\/www.tournride.com\/pt-br\/wp-json\/wp\/v2\/pages\/28093\/revisions"}],"up":[{"embeddable":true,"href":"https:\/\/www.tournride.com\/pt-br\/wp-json\/wp\/v2\/pages\/28076"}],"wp:attachment":[{"href":"https:\/\/www.tournride.com\/pt-br\/wp-json\/wp\/v2\/media?parent=28093"}],"curies":[{"name":"wp","href":"https:\/\/api.w.org\/{rel}","templated":true}]}}