{"id":28087,"date":"2025-01-09T11:01:32","date_gmt":"2025-01-09T10:01:32","guid":{"rendered":"https:\/\/www.tournride.com\/?page_id=28087"},"modified":"2025-01-16T11:55:04","modified_gmt":"2025-01-16T10:55:04","slug":"etapas-do-caminho","status":"publish","type":"page","link":"https:\/\/www.tournride.com\/pt-br\/etapas-do-caminho\/","title":{"rendered":"Etapas do Caminho"},"content":{"rendered":"\n<h2 class=\"wp-block-heading\">Etapas do Caminho de Santiago de Bicicleta | Tournride<\/h2>\n\n\n\n<p><\/p>\n","protected":false},"excerpt":{"rendered":"<p>Etapas do Caminho de Santiago de Bicicleta | Tournride<\/p>\n","protected":false},"author":2,"featured_media":0,"parent":0,"menu_order":102,"comment_status":"closed","ping_status":"closed","template":"etapas.php","meta":{"rank_math_title":"Etapas do Caminho de Santiago de Bicicleta com Tournride","rank_math_description":"Quer fazer o Caminho Franc\u00eas? A Tournride traz a rota para voc\u00ea, com todas as etapas do Caminho de Santiago de bicicleta. Voc\u00ea estar\u00e1 em boas m\u00e3os!","rank_math_focus_keyword":"etapas do caminho,Etapas do Caminho de Santiago de Bicicleta","rank_math_canonical_url":"","rank_math_facebook_title":"","rank_math_facebook_description":"","rank_math_facebook_image":"","rank_math_twitter_title":"","rank_math_twitter_description":"","rank_math_twitter_image":"","rank_math_twitter_card_type":"","rank_math_twitter_use_facebook":"","rank_math_robots":["index"],"rank_math_advanced_robots":[],"_joinchat":[],"footnotes":""},"class_list":["post-28087","page","type-page","status-publish","hentry"],"_links":{"self":[{"href":"https:\/\/www.tournride.com\/pt-br\/wp-json\/wp\/v2\/pages\/28087","targetHints":{"allow":["GET"]}}],"collection":[{"href":"https:\/\/www.tournride.com\/pt-br\/wp-json\/wp\/v2\/pages"}],"about":[{"href":"https:\/\/www.tournride.com\/pt-br\/wp-json\/wp\/v2\/types\/page"}],"author":[{"embeddable":true,"href":"https:\/\/www.tournride.com\/pt-br\/wp-json\/wp\/v2\/users\/2"}],"replies":[{"embeddable":true,"href":"https:\/\/www.tournride.com\/pt-br\/wp-json\/wp\/v2\/comments?post=28087"}],"version-history":[{"count":0,"href":"https:\/\/www.tournride.com\/pt-br\/wp-json\/wp\/v2\/pages\/28087\/revisions"}],"wp:attachment":[{"href":"https:\/\/www.tournride.com\/pt-br\/wp-json\/wp\/v2\/media?parent=28087"}],"curies":[{"name":"wp","href":"https:\/\/api.w.org\/{rel}","templated":true}]}}