{"id":28072,"date":"2018-03-21T14:03:31","date_gmt":"2018-03-21T13:03:31","guid":{"rendered":"https:\/\/www.tournride.com\/?page_id=28072"},"modified":"2025-02-23T10:35:06","modified_gmt":"2025-02-23T09:35:06","slug":"escolher-a-tournride","status":"publish","type":"page","link":"https:\/\/www.tournride.com\/pt-br\/informacao\/escolher-a-tournride\/","title":{"rendered":"3 raz\u00f5es para escolher a Tournride"},"content":{"rendered":"\n<div class=\"wp-block-rank-math-toc-block\" id=\"rank-math-toc\"><h2>\u00cdndice<\/h2><nav><ul><li class=\"\"><a href=\"pt-br\/informacao\/escolher-a-tournride#por-que-elegir-tournride-para-tu-camino-de-santiago-en-bicicleta\">Por que escolher a Tournride para sua aventura de bicicleta no Caminho?<\/a><ul><li class=\"\"><a href=\"pt-br\/informacao\/escolher-a-tournride#1-comodidad-y-conveniencia\">1. Conforto e Conveni\u00eancia ao m\u00e1ximo<\/a><\/li><li class=\"\"><a href=\"pt-br\/informacao\/escolher-a-tournride#2-ahorro-economico\">2. Economize dinheiro e evite surpresas<\/a><\/li><li class=\"\"><a href=\"pt-br\/informacao\/escolher-a-tournride#3-seguridad-y-garantias-tournride-full-assistance\">3. Seguran\u00e7a e Garantias: Tournride Full Assistance<\/a><ul><li class=\"\"><a href=\"pt-br\/informacao\/escolher-a-tournride#como-activar-tournride-full-assistance\">Como ativar a Assist\u00eancia Completa Tournride?<\/a><\/li><\/ul><\/li><li class=\"\"><a href=\"pt-br\/informacao\/escolher-a-tournride#ainda-prefere-usar-sua-propria-bicicleta\">Ainda prefere usar sua pr\u00f3pria bicicleta?<\/a><\/li><li class=\"\"><a href=\"pt-br\/informacao\/escolher-a-tournride#reserve-agora-e-viva-o-caminho-de-santiago-sem-preocupacoes\">Reserve agora e viva o Caminho de Santiago sem preocupa\u00e7\u00f5es<\/a><\/li><li class=\"\"><a href=\"pt-br\/informacao\/escolher-a-tournride#perguntas-frequentes\">Perguntas frequentes<\/a><ul><li class=\"\"><a href=\"pt-br\/informacao\/escolher-a-tournride#o-que-inclui-o-aluguel-da-bicicleta\">O que inclui o aluguel da bicicleta?<\/a><\/li><li class=\"\"><a href=\"pt-br\/informacao\/escolher-a-tournride#o-que-acontece-se-eu-tiver-um-problema-durante-a-rota\">O que acontece se eu tiver um problema durante a rota?<\/a><\/li><li class=\"\"><a href=\"pt-br\/informacao\/escolher-a-tournride#posso-escolher-o-tipo-de-bicicleta\">Posso escolher o tipo de bicicleta?<\/a><\/li><\/ul><\/li><\/ul><\/li><\/ul><\/nav><\/div>\n\n\n\n<h2 class=\"wp-block-heading\" id=\"por-que-elegir-tournride-para-tu-camino-de-santiago-en-bicicleta\"><strong><strong><strong>Por que escolher a Tournride para sua aventura de bicicleta no Caminho?<\/strong><\/strong><\/strong><\/h2>\n\n\n\n<p>O <a aria-label=\"Visite o site Pt.wikipedia para mais informa\u00e7\u00f5es\" href=\"https:\/\/pt.wikipedia.org\/wiki\/Caminhos_de_Santiago\" target=\"_blank\" rel=\"noopener\">Caminho de Santiago<\/a> \u00e9 uma das experi\u00eancias mais enriquecedoras que voc\u00ea pode ter, e faz\u00ea-lo de bicicleta adiciona um toque de aventura e emo\u00e7\u00e3o incompar\u00e1vel. No entanto, planejar essa viagem pode ser esmagador, especialmente se voc\u00ea estiver preocupado com os detalhes log\u00edsticos. Na Tournride, cuidamos de tudo para que voc\u00ea s\u00f3 precise se preocupar em aproveitar ao m\u00e1ximo. Aqui est\u00e1 o porqu\u00ea somos seus melhores aliados nessa aventura.<\/p>\n\n\n\n<h3 class=\"wp-block-heading\" id=\"1-comodidad-y-conveniencia\"><strong><strong>1. <strong>Conforto e Conveni\u00eancia ao m\u00e1ximo<\/strong><\/strong><\/strong><\/h3>\n\n\n\n<p>Um dos maiores desafios de fazer o Caminho de Santiago de bicicleta \u00e9 a log\u00edstica. Como levar sua bicicleta at\u00e9 o ponto de partida? O que fazer com ela ao finalizar? Com a Tournride, todas essas preocupa\u00e7\u00f5es desaparecem.<\/p>\n\n\n\n<p>Bicicletas prontas na sua acomoda\u00e7\u00e3o: Entregamos a bicicleta um dia antes de voc\u00ea iniciar sua rota, diretamente no local onde voc\u00ea est\u00e1 hospedado. Basta nos informar o endere\u00e7o e cuidamos do resto.<\/p>\n\n\n\n<p>Retirada sem complica\u00e7\u00f5es: Ao finalizar sua aventura em Santiago de Compostela, basta deixar a bicicleta na sua acomoda\u00e7\u00e3o. N\u00f3s a retiraremos sem que voc\u00ea precise fazer qualquer esfor\u00e7o adicional.<\/p>\n\n\n\n<p>Visite nossa loja: Se preferir, voc\u00ea pode devolver a bicicleta em nossa loja em Santiago. Assim, evita taxas extras e tem a oportunidade de conhecer nossa equipe, que estar\u00e1 encantada em ouvir suas experi\u00eancias no Caminho.<\/p>\n\n\n\n<p>Com a Tournride, tudo \u00e9 pensado para que sua experi\u00eancia seja a mais confort\u00e1vel e simples poss\u00edvel.<\/p>\n\n\n\n<h3 class=\"wp-block-heading\" id=\"2-ahorro-economico\"><strong><strong>2. <strong>Economize dinheiro e evite surpresas<\/strong><\/strong><\/strong><\/h3>\n\n\n\n<p>O Caminho de Santiago \u00e9 uma experi\u00eancia incr\u00edvel, mas tamb\u00e9m pode ser exigente para as bicicletas. Os terrenos variados, os quil\u00f4metros percorridos e as condi\u00e7\u00f5es clim\u00e1ticas podem cobrar seu pre\u00e7o no seu equipamento. Com o aluguel de bicicletas da Tournride, voc\u00ea n\u00e3o precisa se preocupar com custos inesperados:<\/p>\n\n\n\n<p>Bicicletas de alta qualidade: Nossas bicicletas s\u00e3o de m\u00e9dia ou alta gama, projetadas especificamente para resistir \u00e0s exig\u00eancias do Caminho. Est\u00e3o preparadas para oferecer o melhor desempenho em todos os tipos de terreno.<\/p>\n\n\n\n<p>Sem custos adicionais: Calculamos que os danos que uma bicicleta pode sofrer durante o Caminho podem facilmente superar os 100 \u20ac, sem contar os custos de log\u00edstica e transporte. Com a gente, tudo est\u00e1 inclu\u00eddo no pre\u00e7o.<\/p>\n\n\n\n<p>Assist\u00eancia completa: Nosso Tournride Full Assistance n\u00e3o s\u00f3 fornece uma bicicleta de qualidade, mas tamb\u00e9m a tranquilidade de saber que voc\u00ea est\u00e1 respaldado por uma equipe de especialistas durante toda a sua rota.<\/p>\n\n\n\n<p>Al\u00e9m disso, ao escolher a Tournride, voc\u00ea evita o desgaste da sua pr\u00f3pria bicicleta, o que resulta em uma economia a longo prazo.<\/p>\n\n\n\n<h3 class=\"wp-block-heading\" id=\"3-seguridad-y-garantias-tournride-full-assistance\"><strong><strong>3. <strong>Seguran\u00e7a e Garantias: Tournride Full Assistance<\/strong><\/strong><\/strong><\/h3>\n\n\n\n<p>Sua seguran\u00e7a \u00e9 nossa prioridade. Sabemos que, durante uma aventura como o Caminho de Santiago, imprevistos podem acontecer. Por isso, oferecemos o Tournride Full Assistance, um servi\u00e7o que fornece assist\u00eancia completa durante toda a sua rota:<\/p>\n\n\n\n<figure class=\"wp-block-image size-full\"><a href=\"https:\/\/www.tournride.com\/wp-content\/uploads\/2018\/05\/logo-complelto.png\"><img decoding=\"async\" src=\"https:\/\/www.tournride.com\/wp-content\/uploads\/2018\/05\/logo-complelto.png\" alt=\"Escolher a Tournride. Tournride Full Assistance\" class=\"wp-image-4722\" title=\"\"><\/a><\/figure>\n\n\n\n<ul class=\"wp-block-list\">\n<li><strong>Assist\u00eancia<\/strong>: Dispon\u00edvel em 4 idiomas. N\u00e3o importa quando ou onde o problema ocorra, sempre haver\u00e1 algu\u00e9m para ajud\u00e1-lo.<\/li>\n\n\n\n<li><strong>Solu\u00e7\u00e3o r\u00e1pida para imprevistos<\/strong>: Se voc\u00ea tiver um percal\u00e7o, enviamos um t\u00e1xi para a oficina mais pr\u00f3xima para que voc\u00ea possa continuar sua rota o mais r\u00e1pido poss\u00edvel.<\/li>\n\n\n\n<li><strong>Reparos cobertos<\/strong>: Cuidamos dos custos de reparo. Se a oficina n\u00e3o for uma colaboradora, reembolsamos o valor integral com a simples apresenta\u00e7\u00e3o do recibo.<\/li>\n\n\n\n<li><strong>Bicicletas preparadas<\/strong>: Cada bicicleta passa por uma checagem dupla antes da entrega e possui sistemas anti-furos para maior tranquilidade.<\/li>\n<\/ul>\n\n\n\n<p>Com o Tournride Full Assistance, voc\u00ea pode ter certeza de que, aconte\u00e7a o que acontecer, estar\u00e1 respaldado por uma equipe de profissionais que cuidar\u00e1 da sua seguran\u00e7a e conforto.<\/p>\n\n\n\n<h4 class=\"wp-block-heading\" id=\"como-activar-tournride-full-assistance\"><strong><strong>Como ativar a Assist\u00eancia Completa Tournride?<\/strong><\/strong><\/h4>\n\n\n\n<p>Ativar esse servi\u00e7o \u00e9 muito simples:<\/p>\n\n\n\n<ul class=\"wp-block-list\">\n<li>Selecione sua rota, bicicleta e acess\u00f3rios em nosso site.<\/li>\n\n\n\n<li>Na etapa 3 do processo de reserva, escolha o servi\u00e7o Tournride Full Assistance.<\/li>\n\n\n\n<li>Pronto! O servi\u00e7o \u00e9 ativado para todas as bicicletas inclu\u00eddas na sua reserva.<\/li>\n<\/ul>\n\n\n\n<h3 class=\"wp-block-heading\" id=\"ainda-prefere-usar-sua-propria-bicicleta\"><strong>Ainda prefere usar sua pr\u00f3pria bicicleta?<\/strong><\/h3>\n\n\n\n<p>Se voc\u00ea decidir levar sua pr\u00f3pria bicicleta, entendemos que pode ser por uma quest\u00e3o de conforto ou prefer\u00eancia pessoal. Para facilitar sua viagem de volta, oferecemos caixas de embalagem por apenas 15 \u20ac (sujeito \u00e0 disponibilidade). Assim, voc\u00ea pode transportar sua bicicleta de forma segura e sem complica\u00e7\u00f5es.<\/p>\n\n\n\n<h3 class=\"wp-block-heading\" id=\"reserve-agora-e-viva-o-caminho-de-santiago-sem-preocupacoes\"><strong>Reserve agora e viva o Caminho de Santiago sem preocupa\u00e7\u00f5es<\/strong><\/h3>\n\n\n\n<p>O Caminho de Santiago \u00e9 uma experi\u00eancia que muda vidas, e faz\u00ea-lo de bicicleta adiciona um n\u00edvel de aventura e liberdade incompar\u00e1vel. Com a Tournride, voc\u00ea n\u00e3o precisa se preocupar com os detalhes log\u00edsticos. Cuidamos de tudo para que voc\u00ea s\u00f3 precise se concentrar em aproveitar a paisagem, a cultura e a sensa\u00e7\u00e3o de realiza\u00e7\u00e3o que \u00e9 completar essa rota milenar.<\/p>\n\n\n\n<p><strong>Enlaces \u00fatiles:<\/strong><\/p>\n\n\n\n<ul class=\"wp-block-list\">\n<li><a aria-label=\"Mais informa\u00e7\u00f5es sobre:  Como Reservar Bicicletas na Tournride\" href=\"https:\/\/www.tournride.com\/pt-br\/como-reservar-bicicletas\/\" data-type=\"page\" data-id=\"29117\">Como reservar suas bicicletas online?<\/a><\/li>\n\n\n\n<li><a aria-label=\"Mais informa\u00e7\u00f5es sobre:  Reservar Uma Bicicleta Para O Caminho\" href=\"https:\/\/www.tournride.com\/pt-br\/informacao\/reservar-uma-bicicleta-para-o-caminho\/\" data-type=\"page\" data-id=\"28858\">Quando reservar suas bicicletas?<\/a><\/li>\n\n\n\n<li><a aria-label=\"Mais informa\u00e7\u00f5es sobre:  Bicicleta El\u00e9trica vs. Bicicleta Tradicional\" href=\"https:\/\/www.tournride.com\/pt-br\/alugar-uma-bicicleta-eletrica\/\" data-type=\"post\" data-id=\"28954\">Aluguel de ebike ou bicicleta tradicional?<\/a><\/li>\n\n\n\n<li>Mais informa\u00e7\u00f5es sobre o <a aria-label=\"Mais informa\u00e7\u00f5es sobre:  Tournride Full Assistance\" href=\"https:\/\/www.tournride.com\/pt-br\/gestao-de-reservas\/tournride-full-assistance\/\" data-type=\"page\" data-id=\"28139\">Tournride Full Assistance<\/a><\/li>\n\n\n\n<li><a aria-label=\"Mais informa\u00e7\u00f5es sobre:  Bicicletas\" href=\"https:\/\/www.tournride.com\/pt-br\/aluguel-de-bicicletas-caminho-de-santiago\/\" data-type=\"page\" data-id=\"28017\">Conhe\u00e7a nossas bicicletas<\/a><\/li>\n\n\n\n<li><a aria-label=\"Mais informa\u00e7\u00f5es sobre:  Acess\u00f3rios\" href=\"https:\/\/www.tournride.com\/pt-br\/acessorios\/\" data-type=\"page\" data-id=\"28044\">Conhe\u00e7a nossos acess\u00f3rios<\/a><\/li>\n<\/ul>\n\n\n\n<p>A Tournride \u00e9 sua companheira de confian\u00e7a no Caminho de Santiago. Pedale sem limites e viva uma aventura que voc\u00ea lembrar\u00e1 para sempre! \ud83d\udeb4\u200d\u2642\ufe0f\u2728<\/p>\n\n\n\n<h3 class=\"wp-block-heading\" id=\"perguntas-frequentes\"><strong>Perguntas frequentes<\/strong><\/h3>\n\n\n\n<h4 class=\"wp-block-heading\" id=\"o-que-inclui-o-aluguel-da-bicicleta\"><strong>O que inclui o aluguel da bicicleta?<\/strong> <\/h4>\n\n\n\n<p>O aluguel inclui a bicicleta, um capacete, um kit b\u00e1sico de reparo e um cadeado. Voc\u00ea tamb\u00e9m pode adicionar acess\u00f3rios extras como alforjes, capacete ou pedais especiais.<\/p>\n\n\n\n<h4 class=\"wp-block-heading\" id=\"o-que-acontece-se-eu-tiver-um-problema-durante-a-rota\"><strong>O que acontece se eu tiver um problema durante a rota?<\/strong><\/h4>\n\n\n\n<p>Com o Tournride Full Assistance, voc\u00ea ter\u00e1 assist\u00eancia telef\u00f4nica e suporte em caso de avarias ou furos. Cuidamos dos reparos e ajudamos voc\u00ea a continuar sua rota o mais r\u00e1pido poss\u00edvel.<\/p>\n\n\n\n<h4 class=\"wp-block-heading\" id=\"posso-escolher-o-tipo-de-bicicleta\"><strong>Posso escolher o tipo de bicicleta?<\/strong> <\/h4>\n\n\n\n<p>Sim, oferecemos uma variedade de bicicletas para atender \u00e0s suas necessidades, desde mountain bikes at\u00e9 h\u00edbridas e de estrada.<\/p>\n\n\n\n<p>N\u00e3o espere mais. Reserve com a Tournride e comece a planejar a aventura da sua vida. O Caminho de Santiago espera por voc\u00ea! \ud83c\udf1f<\/p>\n","protected":false},"excerpt":{"rendered":"<p>Por que escolher a Tournride para sua aventura de bicicleta no Caminho? O Caminho de Santiago \u00e9 uma das experi\u00eancias mais enriquecedoras que voc\u00ea pode ter, e faz\u00ea-lo de bicicleta adiciona um toque de aventura e emo\u00e7\u00e3o incompar\u00e1vel. No entanto, planejar essa viagem pode ser esmagador, especialmente se voc\u00ea estiver preocupado com os detalhes log\u00edsticos. [&hellip;]<\/p>\n","protected":false},"author":10,"featured_media":0,"parent":28076,"menu_order":47,"comment_status":"closed","ping_status":"closed","template":"","meta":{"_joinchat":[],"footnotes":""},"class_list":["post-28072","page","type-page","status-publish","hentry"],"_links":{"self":[{"href":"https:\/\/www.tournride.com\/pt-br\/wp-json\/wp\/v2\/pages\/28072","targetHints":{"allow":["GET"]}}],"collection":[{"href":"https:\/\/www.tournride.com\/pt-br\/wp-json\/wp\/v2\/pages"}],"about":[{"href":"https:\/\/www.tournride.com\/pt-br\/wp-json\/wp\/v2\/types\/page"}],"author":[{"embeddable":true,"href":"https:\/\/www.tournride.com\/pt-br\/wp-json\/wp\/v2\/users\/10"}],"replies":[{"embeddable":true,"href":"https:\/\/www.tournride.com\/pt-br\/wp-json\/wp\/v2\/comments?post=28072"}],"version-history":[{"count":3,"href":"https:\/\/www.tournride.com\/pt-br\/wp-json\/wp\/v2\/pages\/28072\/revisions"}],"predecessor-version":[{"id":29373,"href":"https:\/\/www.tournride.com\/pt-br\/wp-json\/wp\/v2\/pages\/28072\/revisions\/29373"}],"up":[{"embeddable":true,"href":"https:\/\/www.tournride.com\/pt-br\/wp-json\/wp\/v2\/pages\/28076"}],"wp:attachment":[{"href":"https:\/\/www.tournride.com\/pt-br\/wp-json\/wp\/v2\/media?parent=28072"}],"curies":[{"name":"wp","href":"https:\/\/api.w.org\/{rel}","templated":true}]}}