{"id":28044,"date":"2025-01-09T09:11:50","date_gmt":"2025-01-09T08:11:50","guid":{"rendered":"https:\/\/www.tournride.com\/?page_id=28044"},"modified":"2025-01-09T09:14:23","modified_gmt":"2025-01-09T08:14:23","slug":"acessorios","status":"publish","type":"page","link":"https:\/\/www.tournride.com\/pt-br\/acessorios\/","title":{"rendered":"Acess\u00f3rios"},"content":{"rendered":"\n<h4 class=\"wp-block-heading\">Descubra os acess\u00f3rios de bicicleta mais populares para sua aventura no Caminho de Santiago. Escolha os que mais lhe conv\u00eam durante o processo de aluguel e desfrute de uma experi\u00eancia inesquec\u00edvel!<\/h4>\n\n\n\n<div class=\"wp-block-media-text is-stacked-on-mobile\" style=\"grid-template-columns:44% auto\"><figure class=\"wp-block-media-text__media\"><img loading=\"lazy\" decoding=\"async\" width=\"1024\" height=\"1024\" src=\"https:\/\/www.tournride.com\/wp-content\/uploads\/2024\/12\/ortlieb-1024x1024.jpg\" alt=\"Caminho de Santiago. Acces\u00f3rios. Alforges Ortlieb\" class=\"wp-image-6090 size-full\" title=\"\" srcset=\"https:\/\/www.tournride.com\/wp-content\/uploads\/2024\/12\/ortlieb-1024x1024.jpg 1024w, https:\/\/www.tournride.com\/wp-content\/uploads\/2024\/12\/ortlieb-300x300.jpg 300w, https:\/\/www.tournride.com\/wp-content\/uploads\/2024\/12\/ortlieb-150x150.jpg 150w, https:\/\/www.tournride.com\/wp-content\/uploads\/2024\/12\/ortlieb-768x768.jpg 768w, https:\/\/www.tournride.com\/wp-content\/uploads\/2024\/12\/ortlieb-1536x1536.jpg 1536w, https:\/\/www.tournride.com\/wp-content\/uploads\/2024\/12\/ortlieb.jpg 1800w\" sizes=\"auto, (max-width: 1024px) 100vw, 1024px\" \/><\/figure><div class=\"wp-block-media-text__content\">\n<h3 class=\"wp-block-heading\">Alforges Ortlieb<\/h3>\n\n\n\n<ul class=\"wp-block-list\">\n<li>2x 20 litros<\/li>\n\n\n\n<li>Totalmente imperme\u00e1veis<\/li>\n\n\n\n<li>Pre\u00e7o: 4\u20ac \/ d\u00eda<\/li>\n<\/ul>\n<\/div><\/div>\n\n\n\n<div class=\"wp-block-media-text is-stacked-on-mobile\" style=\"grid-template-columns:44% auto\"><figure class=\"wp-block-media-text__media\"><img loading=\"lazy\" decoding=\"async\" width=\"600\" height=\"600\" src=\"https:\/\/www.tournride.com\/wp-content\/uploads\/2020\/01\/alforjas-tournride.jpg\" alt=\"Caminho de Santiago. Acces\u00f3rios. Alforges\" class=\"wp-image-5030 size-full\" title=\"\" srcset=\"https:\/\/www.tournride.com\/wp-content\/uploads\/2020\/01\/alforjas-tournride.jpg 600w, https:\/\/www.tournride.com\/wp-content\/uploads\/2020\/01\/alforjas-tournride-300x300.jpg 300w, https:\/\/www.tournride.com\/wp-content\/uploads\/2020\/01\/alforjas-tournride-150x150.jpg 150w\" sizes=\"auto, (max-width: 600px) 100vw, 600px\" \/><\/figure><div class=\"wp-block-media-text__content\">\n<h3 class=\"wp-block-heading\">Alforges<\/h3>\n\n\n\n<ul class=\"wp-block-list\">\n<li>40 litros<\/li>\n\n\n\n<li>Flex\u00edvel e pr\u00e1tica<\/li>\n\n\n\n<li>46 x 32 x 50 cm.<\/li>\n\n\n\n<li>Pre\u00e7o: 3\u20ac \/ d\u00eda<\/li>\n<\/ul>\n<\/div><\/div>\n\n\n\n<div class=\"wp-block-media-text is-stacked-on-mobile\" style=\"grid-template-columns:44% auto\"><figure class=\"wp-block-media-text__media\"><img loading=\"lazy\" decoding=\"async\" width=\"500\" height=\"362\" src=\"https:\/\/www.tournride.com\/wp-content\/uploads\/2024\/12\/casco_bh_x_lite.webp\" alt=\"Caminho de Santiago. Acces\u00f3rios. Capacete\" class=\"wp-image-6167 size-full\" title=\"\" srcset=\"https:\/\/www.tournride.com\/wp-content\/uploads\/2024\/12\/casco_bh_x_lite.webp 500w, https:\/\/www.tournride.com\/wp-content\/uploads\/2024\/12\/casco_bh_x_lite-300x217.webp 300w\" sizes=\"auto, (max-width: 500px) 100vw, 500px\" \/><\/figure><div class=\"wp-block-media-text__content\">\n<h3 class=\"wp-block-heading\">Capacete<\/h3>\n\n\n\n<ul class=\"wp-block-list\">\n<li>S-M (54-58 cm) <\/li>\n\n\n\n<li> L-XL (58-61cm)<\/li>\n\n\n\n<li>Ajust\u00e1vel<\/li>\n\n\n\n<li>Pre\u00e7o: 1\u20ac \/ d\u00eda<\/li>\n<\/ul>\n<\/div><\/div>\n\n\n\n<div style=\"height:37px\" aria-hidden=\"true\" class=\"wp-block-spacer\"><\/div>\n\n\n\n<div class=\"wp-block-media-text is-stacked-on-mobile\" style=\"grid-template-columns:44% auto\"><figure class=\"wp-block-media-text__media\"><img loading=\"lazy\" decoding=\"async\" width=\"755\" height=\"642\" src=\"https:\/\/www.tournride.com\/wp-content\/uploads\/2024\/12\/bolsa_manillar_ortlieb.webp\" alt=\"Caminho de Santiago. Acces\u00f3rios. Bolsa de guid\u00e3o\" class=\"wp-image-27741 size-full\" title=\"\" srcset=\"https:\/\/www.tournride.com\/wp-content\/uploads\/2024\/12\/bolsa_manillar_ortlieb.webp 755w, https:\/\/www.tournride.com\/wp-content\/uploads\/2024\/12\/bolsa_manillar_ortlieb-300x255.webp 300w\" sizes=\"auto, (max-width: 755px) 100vw, 755px\" \/><\/figure><div class=\"wp-block-media-text__content\">\n<h3 class=\"wp-block-heading\">Bolsa de guid\u00e3o Ortlieb<\/h3>\n\n\n\n<ul class=\"wp-block-list\">\n<li>Ideal para pequenos objetos pessoais (telefone, carteira&#8230;)<\/li>\n\n\n\n<li>F\u00e1cil de remover da bicicleta<\/li>\n\n\n\n<li>Pre\u00e7o: 3,50\u20ac \/ d\u00eda<\/li>\n<\/ul>\n<\/div><\/div>\n\n\n\n<div class=\"wp-block-media-text is-stacked-on-mobile\" style=\"grid-template-columns:44% auto\"><figure class=\"wp-block-media-text__media\"><img loading=\"lazy\" decoding=\"async\" width=\"1024\" height=\"1024\" src=\"https:\/\/www.tournride.com\/wp-content\/uploads\/2024\/12\/portamovil_topeak.jpg\" alt=\"Caminho de Santiago. Acces\u00f3rios. Suporte para celular\" class=\"wp-image-6094 size-full\" title=\"\" srcset=\"https:\/\/www.tournride.com\/wp-content\/uploads\/2024\/12\/portamovil_topeak.jpg 1024w, https:\/\/www.tournride.com\/wp-content\/uploads\/2024\/12\/portamovil_topeak-300x300.jpg 300w, https:\/\/www.tournride.com\/wp-content\/uploads\/2024\/12\/portamovil_topeak-150x150.jpg 150w, https:\/\/www.tournride.com\/wp-content\/uploads\/2024\/12\/portamovil_topeak-768x768.jpg 768w\" sizes=\"auto, (max-width: 1024px) 100vw, 1024px\" \/><\/figure><div class=\"wp-block-media-text__content\">\n<h3 class=\"wp-block-heading\">Suporte para celular<\/h3>\n\n\n\n<ul class=\"wp-block-list\">\n<li>Topeak Smartphone DryBag 6&#8221;<\/li>\n\n\n\n<li>Totalmente imperme\u00e1vel<\/li>\n\n\n\n<li>Fixa\u00e7\u00e3o QuickClick\u2122<\/li>\n\n\n\n<li>Interface t\u00e1til<\/li>\n\n\n\n<li>Pre\u00e7o: 1,50 \u20ac \/ d\u00eda<\/li>\n<\/ul>\n<\/div><\/div>\n\n\n\n<div class=\"wp-block-media-text is-stacked-on-mobile\" style=\"grid-template-columns:44% auto\"><figure class=\"wp-block-media-text__media\"><img loading=\"lazy\" decoding=\"async\" width=\"1024\" height=\"1024\" src=\"https:\/\/www.tournride.com\/wp-content\/uploads\/2024\/12\/pedal_spd_shimano_pdm520-1024x1024.jpg\" alt=\"Caminho de Santiago. Acces\u00f3rios. Pedal shimano pd-m520\" class=\"wp-image-6098 size-full\" title=\"\" srcset=\"https:\/\/www.tournride.com\/wp-content\/uploads\/2024\/12\/pedal_spd_shimano_pdm520-1024x1024.jpg 1024w, https:\/\/www.tournride.com\/wp-content\/uploads\/2024\/12\/pedal_spd_shimano_pdm520-300x300.jpg 300w, https:\/\/www.tournride.com\/wp-content\/uploads\/2024\/12\/pedal_spd_shimano_pdm520-150x150.jpg 150w, https:\/\/www.tournride.com\/wp-content\/uploads\/2024\/12\/pedal_spd_shimano_pdm520-768x768.jpg 768w, https:\/\/www.tournride.com\/wp-content\/uploads\/2024\/12\/pedal_spd_shimano_pdm520.jpg 1200w\" sizes=\"auto, (max-width: 1024px) 100vw, 1024px\" \/><\/figure><div class=\"wp-block-media-text__content\">\n<h3 class=\"wp-block-heading\">Pedal Shimano PD-M520<\/h3>\n\n\n\n<ul class=\"wp-block-list\">\n<li>Para cala SPD de montanha<\/li>\n\n\n\n<li>N\u00e3o inclui as calas<\/li>\n\n\n\n<li>Pre\u00e7o: 1,50 \u20ac \/ d\u00eda<\/li>\n<\/ul>\n<\/div><\/div>\n","protected":false},"excerpt":{"rendered":"<p>Descubra os acess\u00f3rios de bicicleta mais populares para sua aventura no Caminho de Santiago. Escolha os que mais lhe conv\u00eam durante o processo de aluguel e desfrute de uma experi\u00eancia inesquec\u00edvel!<\/p>\n","protected":false},"author":2,"featured_media":0,"parent":0,"menu_order":86,"comment_status":"closed","ping_status":"closed","template":"","meta":{"rank_math_title":"","rank_math_description":"","rank_math_focus_keyword":"Acess\u00f3rios,caminho de santiago","rank_math_canonical_url":"","rank_math_facebook_title":"","rank_math_facebook_description":"","rank_math_facebook_image":"","rank_math_twitter_title":"","rank_math_twitter_description":"","rank_math_twitter_image":"","rank_math_twitter_card_type":"","rank_math_twitter_use_facebook":"","rank_math_robots":["index"],"rank_math_advanced_robots":[],"_joinchat":[],"footnotes":""},"class_list":["post-28044","page","type-page","status-publish","hentry"],"_links":{"self":[{"href":"https:\/\/www.tournride.com\/pt-br\/wp-json\/wp\/v2\/pages\/28044","targetHints":{"allow":["GET"]}}],"collection":[{"href":"https:\/\/www.tournride.com\/pt-br\/wp-json\/wp\/v2\/pages"}],"about":[{"href":"https:\/\/www.tournride.com\/pt-br\/wp-json\/wp\/v2\/types\/page"}],"author":[{"embeddable":true,"href":"https:\/\/www.tournride.com\/pt-br\/wp-json\/wp\/v2\/users\/2"}],"replies":[{"embeddable":true,"href":"https:\/\/www.tournride.com\/pt-br\/wp-json\/wp\/v2\/comments?post=28044"}],"version-history":[{"count":0,"href":"https:\/\/www.tournride.com\/pt-br\/wp-json\/wp\/v2\/pages\/28044\/revisions"}],"wp:attachment":[{"href":"https:\/\/www.tournride.com\/pt-br\/wp-json\/wp\/v2\/media?parent=28044"}],"curies":[{"name":"wp","href":"https:\/\/api.w.org\/{rel}","templated":true}]}}