{"id":28042,"date":"2025-01-09T09:08:08","date_gmt":"2025-01-09T08:08:08","guid":{"rendered":"https:\/\/www.tournride.com\/?page_id=28042"},"modified":"2025-12-08T13:37:02","modified_gmt":"2025-12-08T12:37:02","slug":"contacto","status":"publish","type":"page","link":"https:\/\/www.tournride.com\/pt-br\/gestao-de-reservas\/contacto\/","title":{"rendered":"Contato"},"content":{"rendered":"\n<div class=\"tnr-contact-grid\">\n    <div class=\"tnr-contact-item\">\n        \n<div class=\"wpcf7 no-js\" id=\"wpcf7-f30400-o1\" lang=\"pt-BR\" dir=\"ltr\" data-wpcf7-id=\"30400\">\n<div class=\"screen-reader-response\"><p role=\"status\" aria-live=\"polite\" aria-atomic=\"true\"><\/p> <ul><\/ul><\/div>\n<form action=\"\/pt-br\/wp-json\/wp\/v2\/pages\/28042#wpcf7-f30400-o1\" method=\"post\" class=\"wpcf7-form init wpcf7-acceptance-as-validation\" aria-label=\"Formul\u00e1rios de contato\" novalidate=\"novalidate\" data-status=\"init\">\n<fieldset class=\"hidden-fields-container\"><input type=\"hidden\" name=\"_wpcf7\" value=\"30400\" \/><input type=\"hidden\" name=\"_wpcf7_version\" value=\"6.1.5\" \/><input type=\"hidden\" name=\"_wpcf7_locale\" value=\"pt_BR\" \/><input type=\"hidden\" name=\"_wpcf7_unit_tag\" value=\"wpcf7-f30400-o1\" \/><input type=\"hidden\" name=\"_wpcf7_container_post\" value=\"0\" \/><input type=\"hidden\" name=\"_wpcf7_posted_data_hash\" value=\"\" \/><input type=\"hidden\" name=\"_wpcf7_recaptcha_response\" value=\"\" \/>\n<\/fieldset>\n<div class=\"tnr-form-container\">\n\t<div class=\"tnr-row\">\n\t\t<p><span class=\"tnr-field\"><br \/>\n<span class=\"wpcf7-form-control-wrap\" data-name=\"your-name\"><input size=\"40\" maxlength=\"400\" class=\"wpcf7-form-control wpcf7-text wpcf7-validates-as-required\" aria-required=\"true\" aria-invalid=\"false\" placeholder=\"Nome*\" value=\"\" type=\"text\" name=\"your-name\" \/><\/span><br \/>\n<\/span><br \/>\n<span class=\"tnr-field\"><br \/>\n<span class=\"wpcf7-form-control-wrap\" data-name=\"your-lastname\"><input size=\"40\" maxlength=\"400\" class=\"wpcf7-form-control wpcf7-text\" aria-invalid=\"false\" placeholder=\"Sobrenome\" value=\"\" type=\"text\" name=\"your-lastname\" \/><\/span><br \/>\n<\/span>\n\t\t<\/p>\n\t<\/div>\n\t<div class=\"tnr-row\">\n\t\t<p><span class=\"tnr-field\"><br \/>\n<span class=\"wpcf7-form-control-wrap\" data-name=\"your-email\"><input size=\"40\" maxlength=\"400\" class=\"wpcf7-form-control wpcf7-email wpcf7-validates-as-required wpcf7-text wpcf7-validates-as-email\" aria-required=\"true\" aria-invalid=\"false\" placeholder=\"Email*\" value=\"\" type=\"email\" name=\"your-email\" \/><\/span><br \/>\n<\/span><br \/>\n<span class=\"tnr-field\"><br \/>\n<span class=\"wpcf7-form-control-wrap\" data-name=\"your-phone\"><input size=\"40\" maxlength=\"400\" class=\"wpcf7-form-control wpcf7-tel wpcf7-text wpcf7-validates-as-tel\" autocomplete=\"tel\" aria-invalid=\"false\" placeholder=\"Telefone\" value=\"\" type=\"tel\" name=\"your-phone\" \/><\/span><br \/>\n<\/span>\n\t\t<\/p>\n\t<\/div>\n\t<div class=\"tnr-row tnr-row-message\">\n\t\t<p><span class=\"tnr-field\"><br \/>\n<span class=\"wpcf7-form-control-wrap\" data-name=\"your-message\"><textarea cols=\"40\" rows=\"10\" maxlength=\"2000\" class=\"wpcf7-form-control wpcf7-textarea wpcf7-validates-as-required\" aria-required=\"true\" aria-invalid=\"false\" placeholder=\"Mensagem ou Pedido...*\" name=\"your-message\"><\/textarea><\/span><br \/>\n<\/span>\n\t\t<\/p>\n\t<\/div>\n\t<div class=\"tnr-row tnr-privacy-row\">\n\t\t<p><span class=\"tnr-field tnr-full-width\"><br \/>\n<span class=\"wpcf7-form-control-wrap\" data-name=\"privacy-check\"><span class=\"wpcf7-form-control wpcf7-acceptance\"><span class=\"wpcf7-list-item\"><label><input type=\"checkbox\" name=\"privacy-check\" value=\"1\" class=\"tnr-privacy-check\" aria-invalid=\"false\" \/><span class=\"wpcf7-list-item-label\">Li e concordo com a <a target=\"_blank\" href=\"\/pt-br\/informacao\/aviso-legal\/\">Pol\u00edtica de Privacidade<\/a>.<\/span><\/label><\/span><\/span><\/span><br \/>\n<\/span>\n\t\t<\/p>\n\t<\/div>\n\t<p><input class=\"wpcf7-form-control wpcf7-submit has-spinner tnr-button\" type=\"submit\" value=\"Enviar Pedido\" \/>\n\t<\/p>\n<\/div>\n<input class=\"wpcf7-form-control wpcf7-hidden\" value=\"contact form in Tournride.com\" type=\"hidden\" name=\"your-subject\" \/><div class=\"wpcf7-response-output\" aria-hidden=\"true\"><\/div>\n<\/form>\n<\/div>\n\n    <\/div>\n<div class=\"tnr-details\">\n    <h5 class=\"tnr-catchphrase\">Adoramos saber de voc\u00ea!<\/h5>\n    <h6>TOURNRIDE S.L.<\/h6>    \n    <div class=\"tnr-info-blocks\">\n         <div class=\"tnr-contact-block\">\n               <p>Laverde Ruiz, Santiago de Compostela<br>15702 A Coru\u00f1a &#8211; Spain<\/p>\n               <p class=\"tnr-phone-email\">\n                 <i class=\"fa fa-phone tnr-icon\" aria-hidden=\"true\"><\/i><a href=\"tel:+34981936616\">+34 981 936 616<\/a>\n               <\/p>\n               <p class=\"tnr-phone-email\">\n<span class=\"material-icons tnr-icon\">email<\/span><a href=\"mailto:info@tournride.com\">info@tournride.com<\/a>\n               <\/p>\n            <\/div>\n    <div class=\"tnr-schedules\">  \n           <div class=\"tnr-schedule-block\">\n                 <h5>Hor\u00e1rio Escrit\u00f3rio (Inverno)<\/h5>\n                 <ul class=\"tnr-hours-list\">\n                    <li>Seg a Sex: 10:00 &#8211; 14:00 (c\/ marca\u00e7\u00e3o)<\/li>\n                    <li>S\u00e1bado: 10:00 &#8211; 14:00 (c\/ marca\u00e7\u00e3o)<\/li>\n                     <li>Domingo: Fechado<\/li>\n                 <\/ul>\n              <\/div>\n              <div class=\"tnr-schedule-block\">\n                 <h5>Atendimento Telef\u00f3nico (Inverno)<\/h5>\n                 <ul class=\"tnr-hours-list\">\n                      <li>Seg a Sex: 10:00 &#8211; 14:00<\/li>\n                      <li>S\u00e1b e Dom: Fechado<\/li>\n                 <\/ul>\n              <\/div>\n        <\/div>\n    <\/div>\n    <div class=\"tnr-contact-item tnr-map-container\">\n        <div id=\"wpgmza_map\" class=\"wpgmza_map\" data-settings='{\"id\":\"1\",\"map_title\":\"Mapa formulario contacto\",\"map_width\":\"100\",\"map_height\":\"400\",\"map_start_lat\":\"42.873955\",\"map_start_lng\":\"-8.544045\",\"map_start_location\":\"42.873955,-8.544044999999983\",\"map_start_zoom\":\"18\",\"default_marker\":\"0\",\"type\":\"4\",\"alignment\":\"3\",\"directions_enabled\":\"1\",\"styling_enabled\":\"0\",\"styling_json\":\"\",\"active\":\"0\",\"kml\":\"\",\"bicycle\":\"1\",\"traffic\":\"0\",\"dbox\":\"1\",\"dbox_width\":\"100\",\"listmarkers\":\"0\",\"listmarkers_advanced\":\"0\",\"filterbycat\":\"0\",\"ugm_enabled\":\"0\",\"ugm_category_enabled\":\"0\",\"fusion\":\"\",\"map_width_type\":\"\\\\%\",\"map_height_type\":\"px\",\"mass_marker_support\":\"1\",\"ugm_access\":\"0\",\"order_markers_by\":\"1\",\"order_markers_choice\":\"2\",\"show_user_location\":\"0\",\"default_to\":\"\",\"other_settings\":{\"store_locator_enabled\":2,\"store_locator_distance\":2,\"store_locator_default_radius\":\"10\",\"store_locator_not_found_message\":\"No results found in this location. Please try again.\",\"store_locator_bounce\":1,\"store_locator_query_string\":\"ZIP \\\/ Address:\",\"store_locator_default_address\":\"\",\"wpgmza_store_locator_restrict\":\"\",\"map_max_zoom\":\"1\",\"transport_layer\":0,\"wpgmza_theme_data\":\"[{\\\\\\\"featureType\\\\\\\":\\\\\\\"administrative\\\\\\\",\\\\\\\"stylers\\\\\\\":[{\\\\\\\"visibility\\\\\\\":\\\\\\\"off\\\\\\\"}]},{\\\\\\\"featureType\\\\\\\":\\\\\\\"poi\\\\\\\",\\\\\\\"stylers\\\\\\\":[{\\\\\\\"visibility\\\\\\\":\\\\\\\"simplified\\\\\\\"}]},{\\\\\\\"featureType\\\\\\\":\\\\\\\"road\\\\\\\",\\\\\\\"elementType\\\\\\\":\\\\\\\"labels\\\\\\\",\\\\\\\"stylers\\\\\\\":[{\\\\\\\"visibility\\\\\\\":\\\\\\\"simplified\\\\\\\"}]},{\\\\\\\"featureType\\\\\\\":\\\\\\\"water\\\\\\\",\\\\\\\"stylers\\\\\\\":[{\\\\\\\"visibility\\\\\\\":\\\\\\\"simplified\\\\\\\"}]},{\\\\\\\"featureType\\\\\\\":\\\\\\\"transit\\\\\\\",\\\\\\\"stylers\\\\\\\":[{\\\\\\\"visibility\\\\\\\":\\\\\\\"simplified\\\\\\\"}]},{\\\\\\\"featureType\\\\\\\":\\\\\\\"landscape\\\\\\\",\\\\\\\"stylers\\\\\\\":[{\\\\\\\"visibility\\\\\\\":\\\\\\\"simplified\\\\\\\"}]},{\\\\\\\"featureType\\\\\\\":\\\\\\\"road.highway\\\\\\\",\\\\\\\"stylers\\\\\\\":[{\\\\\\\"visibility\\\\\\\":\\\\\\\"off\\\\\\\"}]},{\\\\\\\"featureType\\\\\\\":\\\\\\\"road.local\\\\\\\",\\\\\\\"stylers\\\\\\\":[{\\\\\\\"visibility\\\\\\\":\\\\\\\"on\\\\\\\"}]},{\\\\\\\"featureType\\\\\\\":\\\\\\\"road.highway\\\\\\\",\\\\\\\"elementType\\\\\\\":\\\\\\\"geometry\\\\\\\",\\\\\\\"stylers\\\\\\\":[{\\\\\\\"visibility\\\\\\\":\\\\\\\"on\\\\\\\"}]},{\\\\\\\"featureType\\\\\\\":\\\\\\\"water\\\\\\\",\\\\\\\"stylers\\\\\\\":[{\\\\\\\"color\\\\\\\":\\\\\\\"#84afa3\\\\\\\"},{\\\\\\\"lightness\\\\\\\":52}]},{\\\\\\\"stylers\\\\\\\":[{\\\\\\\"saturation\\\\\\\":-17},{\\\\\\\"gamma\\\\\\\":0.36}]},{\\\\\\\"featureType\\\\\\\":\\\\\\\"transit.line\\\\\\\",\\\\\\\"elementType\\\\\\\":\\\\\\\"geometry\\\\\\\",\\\\\\\"stylers\\\\\\\":[{\\\\\\\"color\\\\\\\":\\\\\\\"#3f518c\\\\\\\"}]}]\",\"wpgmza_theme_selection\":8,\"wpgmza_show_points_of_interest\":1}}' data-map-id='1' Data-maps-engine='google-maps' data-shortcode-attributes='{\"id\":\"1\"}' style=\"display:block; overflow:auto; width:100%; height:400px; float:left;\"><\/div>\n    <\/div>\n<\/div>\n","protected":false},"excerpt":{"rendered":"<p>Adoramos saber de voc\u00ea! TOURNRIDE S.L. Laverde Ruiz, Santiago de Compostela15702 A Coru\u00f1a &#8211; Spain +34 981 936 616 emailinfo@tournride.com Hor\u00e1rio Escrit\u00f3rio (Inverno) Seg a Sex: 10:00 &#8211; 14:00 (c\/ marca\u00e7\u00e3o) S\u00e1bado: 10:00 &#8211; 14:00 (c\/ marca\u00e7\u00e3o) Domingo: Fechado Atendimento Telef\u00f3nico (Inverno) Seg a Sex: 10:00 &#8211; 14:00 S\u00e1b e Dom: Fechado<\/p>\n","protected":false},"author":2,"featured_media":0,"parent":28078,"menu_order":58,"comment_status":"closed","ping_status":"closed","template":"","meta":{"rank_math_title":"Contato Tournride: Aluguel de Bicicletas","rank_math_description":"Entre em contato com a Tournride para alugar bicicletas e acess\u00f3rios. Estamos aqui para ajudar com suas necessidades de ciclismo. Ligue ou envie um e-mail hoje!","rank_math_focus_keyword":"contato","rank_math_canonical_url":"","rank_math_facebook_title":"","rank_math_facebook_description":"","rank_math_facebook_image":"","rank_math_twitter_title":"","rank_math_twitter_description":"","rank_math_twitter_image":"","rank_math_twitter_card_type":"","rank_math_twitter_use_facebook":"","rank_math_robots":["index"],"rank_math_advanced_robots":[],"_joinchat":[],"footnotes":""},"class_list":["post-28042","page","type-page","status-publish","hentry"],"_links":{"self":[{"href":"https:\/\/www.tournride.com\/pt-br\/wp-json\/wp\/v2\/pages\/28042","targetHints":{"allow":["GET"]}}],"collection":[{"href":"https:\/\/www.tournride.com\/pt-br\/wp-json\/wp\/v2\/pages"}],"about":[{"href":"https:\/\/www.tournride.com\/pt-br\/wp-json\/wp\/v2\/types\/page"}],"author":[{"embeddable":true,"href":"https:\/\/www.tournride.com\/pt-br\/wp-json\/wp\/v2\/users\/2"}],"replies":[{"embeddable":true,"href":"https:\/\/www.tournride.com\/pt-br\/wp-json\/wp\/v2\/comments?post=28042"}],"version-history":[{"count":2,"href":"https:\/\/www.tournride.com\/pt-br\/wp-json\/wp\/v2\/pages\/28042\/revisions"}],"predecessor-version":[{"id":30415,"href":"https:\/\/www.tournride.com\/pt-br\/wp-json\/wp\/v2\/pages\/28042\/revisions\/30415"}],"up":[{"embeddable":true,"href":"https:\/\/www.tournride.com\/pt-br\/wp-json\/wp\/v2\/pages\/28078"}],"wp:attachment":[{"href":"https:\/\/www.tournride.com\/pt-br\/wp-json\/wp\/v2\/media?parent=28042"}],"curies":[{"name":"wp","href":"https:\/\/api.w.org\/{rel}","templated":true}]}}