{"id":28009,"date":"2025-01-08T20:51:07","date_gmt":"2025-01-08T19:51:07","guid":{"rendered":"https:\/\/www.tournride.com\/?page_id=28009"},"modified":"2026-04-14T06:38:50","modified_gmt":"2026-04-14T05:38:50","slug":"inicio","status":"publish","type":"page","link":"https:\/\/www.tournride.com\/pt-br\/","title":{"rendered":"In\u00edcio"},"content":{"rendered":"","protected":false},"excerpt":{"rendered":"","protected":false},"author":2,"featured_media":28752,"parent":0,"menu_order":115,"comment_status":"closed","ping_status":"closed","template":"inicio.php","meta":{"rank_math_title":"Aluguer Bicicletas &amp; E-Bikes - Caminho de Santiago (ES\/PT)","rank_math_description":"\u2b50 Bicicletas e E-Bikes Premium 2026 para o Caminho de Santiago. Receba a sua bicicleta na pen\u00ednsula e desfrute em seguran\u00e7a com Tournride Full Assistance. Reserve j\u00e1!","rank_math_focus_keyword":"in\u00edcio","rank_math_canonical_url":"","rank_math_facebook_title":"","rank_math_facebook_description":"","rank_math_facebook_image":"","rank_math_twitter_title":"","rank_math_twitter_description":"","rank_math_twitter_image":"","rank_math_twitter_card_type":"","rank_math_twitter_use_facebook":"","rank_math_robots":["index"],"rank_math_advanced_robots":[],"_joinchat":[],"footnotes":""},"class_list":["post-28009","page","type-page","status-publish","has-post-thumbnail","hentry"],"_links":{"self":[{"href":"https:\/\/www.tournride.com\/pt-br\/wp-json\/wp\/v2\/pages\/28009","targetHints":{"allow":["GET"]}}],"collection":[{"href":"https:\/\/www.tournride.com\/pt-br\/wp-json\/wp\/v2\/pages"}],"about":[{"href":"https:\/\/www.tournride.com\/pt-br\/wp-json\/wp\/v2\/types\/page"}],"author":[{"embeddable":true,"href":"https:\/\/www.tournride.com\/pt-br\/wp-json\/wp\/v2\/users\/2"}],"replies":[{"embeddable":true,"href":"https:\/\/www.tournride.com\/pt-br\/wp-json\/wp\/v2\/comments?post=28009"}],"version-history":[{"count":1,"href":"https:\/\/www.tournride.com\/pt-br\/wp-json\/wp\/v2\/pages\/28009\/revisions"}],"predecessor-version":[{"id":30441,"href":"https:\/\/www.tournride.com\/pt-br\/wp-json\/wp\/v2\/pages\/28009\/revisions\/30441"}],"wp:featuredmedia":[{"embeddable":true,"href":"https:\/\/www.tournride.com\/pt-br\/wp-json\/wp\/v2\/media\/28752"}],"wp:attachment":[{"href":"https:\/\/www.tournride.com\/pt-br\/wp-json\/wp\/v2\/media?parent=28009"}],"curies":[{"name":"wp","href":"https:\/\/api.w.org\/{rel}","templated":true}]}}