{"id":5215,"date":"2018-03-21T14:03:31","date_gmt":"2018-03-21T13:03:31","guid":{"rendered":"https:\/\/www.tournride.com\/?page_id=5215"},"modified":"2025-12-04T19:39:44","modified_gmt":"2025-12-04T18:39:44","slug":"tournride%eb%a5%bc-%ec%84%a0%ed%83%9d%ed%95%b4%ec%95%bc-%ed%95%98%eb%8a%94","status":"publish","type":"page","link":"https:\/\/www.tournride.com\/ko\/%ed%9a%8c%ec%82%ac%ec%a0%95%eb%b3%b4\/tournride%eb%a5%bc-%ec%84%a0%ed%83%9d%ed%95%b4%ec%95%bc-%ed%95%98%eb%8a%94\/","title":{"rendered":"Tournride\ub97c \uc120\ud0dd\ud574\uc57c \ud558\ub294 3\uac00\uc9c0 \uc774\uc720"},"content":{"rendered":"\n<div class=\"wp-block-rank-math-toc-block\" id=\"rank-math-toc\"><h2>\u00cdndice<\/h2><nav><ul><li class=\"\"><a href=\"ko\/\ud68c\uc0ac\uc815\ubcf4\/tournride\ub97c-\uc120\ud0dd\ud558\ub294#por-que-elegir-tournride-para-tu-camino-de-santiago-en-bicicleta\">\uc65c Tournride\ub97c \uc120\ud0dd\ud574\uc57c \ud558\ub294 Camino \ubc14\uc774\ud06c \uc5ec\ud589\uc5d0 \uc120\ud0dd\ud574\uc57c \ud558\ub098\uc694?<\/a><ul><li class=\"\"><a href=\"ko\/\ud68c\uc0ac\uc815\ubcf4\/tournride\ub97c-\uc120\ud0dd\ud558\ub294#1-comodidad-y-conveniencia\">1. \ucd5c\uace0\uc758 \ud3b8\uc548\ud568\uacfc \ud3b8\ub9ac\ud568<\/a><\/li><li class=\"\"><a href=\"ko\/\ud68c\uc0ac\uc815\ubcf4\/tournride\ub97c-\uc120\ud0dd\ud558\ub294#2-ahorro-economico\">2. \ube44\uc6a9 \uc808\uac10 \ubc0f \uc608\uae30\uce58 \uc54a\uc740 \uc0c1\ud669 \ubc29\uc9c0<\/a><\/li><li class=\"\"><a href=\"ko\/\ud68c\uc0ac\uc815\ubcf4\/tournride\ub97c-\uc120\ud0dd\ud558\ub294#3-seguridad-y-garantias-tournride-full-assistance\">3. \uc548\uc804 \ubc0f \ubcf4\uc7a5: Tournride Full Assistance<\/a><ul><li class=\"\"><a href=\"ko\/\ud68c\uc0ac\uc815\ubcf4\/tournride\ub97c-\uc120\ud0dd\ud558\ub294#como-activar-tournride-full-assistance\">Tournride Full Assistance\ub97c \uc5b4\ub5bb\uac8c \ud65c\uc131\ud654\ud558\ub098\uc694?<\/a><\/li><\/ul><\/li><li class=\"\"><a href=\"ko\/\ud68c\uc0ac\uc815\ubcf4\/tournride\ub97c-\uc120\ud0dd\ud558\ub294#\uc5ec\uc804\ud788-\uc790\uc2e0\uc758-\uc790\uc804\uac70\ub97c-\uc0ac\uc6a9\ud558\uace0-\uc2f6\uc73c\uc2e0\uac00\uc694\">\uc5ec\uc804\ud788 \uc790\uc2e0\uc758 \uc790\uc804\uac70\ub97c \uc0ac\uc6a9\ud558\uace0 \uc2f6\uc73c\uc2e0\uac00\uc694?<\/a><\/li><li class=\"\"><a href=\"ko\/\ud68c\uc0ac\uc815\ubcf4\/tournride\ub97c-\uc120\ud0dd\ud558\ub294#\uc9c0\uae08-\uc608\uc57d\ud558\uace0-camino-\uac71\uc815-\uc5c6\uc774-\uc990\uae30\uc138\uc694\">\uc9c0\uae08 \uc608\uc57d\ud558\uace0 Camino \uac71\uc815 \uc5c6\uc774 \uc990\uae30\uc138\uc694<\/a><\/li><li class=\"\"><a href=\"ko\/\ud68c\uc0ac\uc815\ubcf4\/tournride\ub97c-\uc120\ud0dd\ud558\ub294#\uc790\uc8fc-\ubb3b\ub294-\uc9c8\ubb38\">\uc790\uc8fc \ubb3b\ub294 \uc9c8\ubb38<\/a><ul><li class=\"\"><a href=\"ko\/\ud68c\uc0ac\uc815\ubcf4\/tournride\ub97c-\uc120\ud0dd\ud558\ub294#\uc790\uc804\uac70-\ub300\uc5ec\uc5d0\ub294-\ubb34\uc5c7\uc774-\ud3ec\ud568\ub418\ub098\uc694\">\uc790\uc804\uac70 \ub300\uc5ec\uc5d0\ub294 \ubb34\uc5c7\uc774 \ud3ec\ud568\ub418\ub098\uc694?<\/a><\/li><li class=\"\"><a href=\"ko\/\ud68c\uc0ac\uc815\ubcf4\/tournride\ub97c-\uc120\ud0dd\ud558\ub294#\uc5ec\ud589-\uc911-\ubb38\uc81c\uac00-\ubc1c\uc0dd\ud558\uba74-\uc5b4\ub5bb\uac8c-\ud558\ub098\uc694\">\uc5ec\ud589 \uc911 \ubb38\uc81c\uac00 \ubc1c\uc0dd\ud558\uba74 \uc5b4\ub5bb\uac8c \ud558\ub098\uc694?<\/a><\/li><li class=\"\"><a href=\"ko\/\ud68c\uc0ac\uc815\ubcf4\/tournride\ub97c-\uc120\ud0dd\ud558\ub294#\uc790\uc804\uac70-\uc885\ub958\ub97c-\uc120\ud0dd\ud560-\uc218-\uc788\ub098\uc694\">\uc790\uc804\uac70 \uc885\ub958\ub97c \uc120\ud0dd\ud560 \uc218 \uc788\ub098\uc694?<\/a><\/li><\/ul><\/li><\/ul><\/li><\/ul><\/nav><\/div>\n\n\n\n<h2 class=\"wp-block-heading\" id=\"por-que-elegir-tournride-para-tu-camino-de-santiago-en-bicicleta\"><strong><strong><strong>\uc65c <strong>Tournride\ub97c \uc120\ud0dd\ud574\uc57c \ud558\ub294<\/strong> Camino \ubc14\uc774\ud06c \uc5ec\ud589\uc5d0 \uc120\ud0dd\ud574\uc57c \ud558\ub098\uc694?<\/strong><\/strong><\/strong><\/h2>\n\n\n\n<p><a aria-label=\"\uc790\uc138\ud55c \uc815\ubcf4\ub97c \uc704\ud574 Ko.wikipedia \uc6f9\uc0ac\uc774\ud2b8 \ubc29\ubb38\ud558\uae30\" href=\"https:\/\/ko.wikipedia.org\/wiki\/%EC%B9%B4%EB%AF%B8%EB%85%B8%EB%8D%B0%EC%82%B0%ED%8B%B0%EC%95%84%EA%B3%A0\" target=\"_blank\" rel=\"noopener\">Camino<\/a> es una de las experiencias m\u00e1s ricas y viajar en bicicleta a\u00f1ade una aventura y emoci\u00f3n incomparables. <mark class=\"rank-math-highlight\" style=\"background-color: #fee894\">Sin embargo, planificar este viaje puede ser abrumador, especialmente si te preocupan los detalles log\u00edsticos.<\/mark> <mark class=\"rank-math-highlight\" style=\"background-color: #fee894\">Por eso, Tournride\ub97c \uc120\ud0dd\ud574\uc57c \ud558\ub294 es la mejor opci\u00f3n para que todo est\u00e9 bajo control y puedas disfrutar al m\u00e1ximo.<\/mark> <mark class=\"rank-math-highlight\" style=\"background-color: #fee894\">A continuaci\u00f3n, te explicamos por qu\u00e9 somos el mejor compa\u00f1ero en esta aventura.<\/mark><\/p>\n\n\n\n<h3 class=\"wp-block-heading\" id=\"1-comodidad-y-conveniencia\"><strong><strong>1. <strong>\ucd5c\uace0\uc758 \ud3b8\uc548\ud568\uacfc \ud3b8\ub9ac\ud568<\/strong><\/strong><\/strong><\/h3>\n\n\n\n<p>Camino\ub97c \uc790\uc804\uac70\ub85c \uc5ec\ud589\ud558\ub294 \uac00\uc7a5 \ud070 \ub3c4\uc804 \uacfc\uc81c \uc911 \ud558\ub098\ub294 \ubb3c\ub958\uc785\ub2c8\ub2e4. \uc790\uc804\uac70\ub97c \ucd9c\ubc1c \uc9c0\uc810\uae4c\uc9c0 \uc5b4\ub5bb\uac8c \uac00\uc838\uac00\ub098\uc694? \uc5ec\ud589\uc744 \ub9c8\uce5c \ud6c4\uc5d0\ub294 \uc5b4\ub5bb\uac8c \ud558\ub098\uc694? Tournride\uc640 \ud568\uaed8\ub77c\uba74 \uc774\ub7ec\ud55c \uac71\uc815\uc740 \uc0ac\ub77c\uc9d1\ub2c8\ub2e4.<\/p>\n\n\n\n<p>\uc219\uc18c\uc5d0\uc11c \uc900\ube44\ub41c \uc790\uc804\uac70: \uc5ec\ud589\uc744 \uc2dc\uc791\ud558\uae30 \uc804\ub0a0 \uc790\uc804\uac70\ub97c \uc219\uc18c\ub85c \uc9c1\uc811 \ubc30\ub2ec\ud574 \ub4dc\ub9bd\ub2c8\ub2e4. \uc8fc\uc18c\ub9cc \uc54c\ub824\uc8fc\uc2dc\uba74 \ub098\uba38\uc9c0\ub294 \uc800\ud76c\uac00 \ucc98\ub9ac\ud569\ub2c8\ub2e4.<\/p>\n\n\n\n<p>\ubcf5\uc7a1\ud558\uc9c0 \uc54a\uc740 \ud53d\uc5c5: Santiago de Compostela\uc5d0\uc11c \uc5ec\ud589\uc744 \ub9c8\uce5c \ud6c4 \uc219\uc18c\uc5d0 \uc790\uc804\uac70\ub97c \ub450\uc2dc\uba74 \uc800\ud76c\uac00 \uc218\uac70\ud569\ub2c8\ub2e4. \ucd94\uac00 \ub178\ub825 \uc5c6\uc774 \ub9d0\uc774\uc8e0.<\/p>\n\n\n\n<p>\uac00\uac8c \ubc29\ubb38: \uc6d0\ud558\uc2dc\uba74 \uc790\uc804\uac70\ub97c Santiago\uc758 \uc800\ud76c \uac00\uac8c\uc5d0 \ubc18\ub0a9\ud558\uc2e4 \uc218 \uc788\uc2b5\ub2c8\ub2e4. \uc774\ub807\uac8c \ud558\uba74 \ucd94\uac00 \uc694\uae08\uc744 \ud53c\ud560 \uc218 \uc788\uc73c\uba70, \uc800\ud76c \ud300\uc744 \ub9cc\ub098\uace0 Camino\uc5d0\uc11c\uc758 \uacbd\ud5d8\uc744 \uacf5\uc720\ud560 \uae30\ud68c\ub3c4 \uac00\uc9c8 \uc218 \uc788\uc2b5\ub2c8\ub2e4.<\/p>\n\n\n\n<p>Tournride\uc640 \ud568\uaed8\ub77c\uba74 \uc5ec\ub7ec\ubd84\uc758 \uacbd\ud5d8\uc774 \uac00\ub2a5\ud55c \ud55c \ud3b8\uc548\ud558\uace0 \uac04\ub2e8\ud558\ub3c4\ub85d \ubaa8\ub4e0 \uac83\uc774 \uc900\ube44\ub418\uc5b4 \uc788\uc2b5\ub2c8\ub2e4.<\/p>\n\n\n\n<h3 class=\"wp-block-heading\" id=\"2-ahorro-economico\"><strong><strong>2. <strong>\ube44\uc6a9 \uc808\uac10 \ubc0f \uc608\uae30\uce58 \uc54a\uc740 \uc0c1\ud669 \ubc29\uc9c0<\/strong><\/strong><\/strong><\/h3>\n\n\n\n<p>Camino\ub294 \ub180\ub77c\uc6b4 \uacbd\ud5d8\uc774\uc9c0\ub9cc \uc790\uc804\uac70\uc5d0\ub294 \ub9ce\uc740 \ubd80\ub2f4\uc774 \ub420 \uc218 \uc788\uc2b5\ub2c8\ub2e4. \ub2e4\uc591\ud55c \uc9c0\ud615, \uc8fc\ud589 \uac70\ub9ac, \uae30\ud6c4 \uc870\uac74\uc774 \uc7a5\ube44\uc5d0 \uc601\ud5a5\uc744 \ubbf8\uce60 \uc218 \uc788\uc2b5\ub2c8\ub2e4. <strong>Tournride\ub97c \uc120\ud0dd\ud574\uc57c \ud558\ub294<\/strong> \uac83\uc740 \uc608\uae30\uce58 \uc54a\uc740 \ube44\uc6a9\uc5d0 \ub300\ud574 \uac71\uc815\ud560 \ud544\uc694\uac00 \uc5c6\uc2b5\ub2c8\ub2e4:<\/p>\n\n\n\n<ul class=\"wp-block-list\">\n<li><strong>\uace0\ud488\uc9c8 \uc790\uc804\uac70<\/strong>: \uc800\ud76c \uc790\uc804\uac70\ub294 \uc911\uae09 \ub610\ub294 \uace0\uae09 \ubaa8\ub378\ub85c, Camino\uc758 \uc694\uad6c\uc5d0 \ub9de\uac8c \uc124\uacc4\ub418\uc5c8\uc2b5\ub2c8\ub2e4. \ubaa8\ub4e0 \uc9c0\ud615\uc5d0\uc11c \ucd5c\uace0\uc758 \uc131\ub2a5\uc744 \ubc1c\ud718\ud569\ub2c8\ub2e4.<\/li>\n\n\n\n<li><strong>\ucd94\uac00 \ube44\uc6a9 \uc5c6\uc74c<\/strong>: Camino \uc911 \uc790\uc804\uac70\uac00 \uc785\uc744 \uc218 \uc788\ub294 \uc190\uc0c1\uc740 \uc27d\uac8c 100\uc720\ub85c\ub97c \ucd08\uacfc\ud560 \uc218 \uc788\uc73c\uba70, \uc5ec\uae30\uc5d0\ub294 \ubb3c\ub958 \ubc0f \uc6b4\uc1a1 \ube44\uc6a9\uc774 \ud3ec\ud568\ub418\uc9c0 \uc54a\uc2b5\ub2c8\ub2e4. \uc800\ud76c\uc640 \ud568\uaed8\ub77c\uba74 \ubaa8\ub4e0 \ube44\uc6a9\uc774 \ud3ec\ud568\ub429\ub2c8\ub2e4.<\/li>\n\n\n\n<li><strong>\uc885\ud569 \uc9c0\uc6d0<\/strong>: Tournride Full Assistance\ub294 \uace0\ud488\uc9c8 \uc790\uc804\uac70\ubfd0\ub9cc \uc544\ub2c8\ub77c \uc804\ubb38\uac00 \ud300\uc774 \uc5ec\ud589 \ub0b4\ub0b4 \uc9c0\uc6d0\ud574 \uc8fc\ub294 \uc548\uc2ec\uc744 \uc81c\uacf5\ud569\ub2c8\ub2e4.<\/li>\n<\/ul>\n\n\n\n<p>\ub610\ud55c, Tournride\ub97c \uc120\ud0dd\ud558\uba74 \uc790\uc2e0\uc758 \uc790\uc804\uac70 \ub9c8\ubaa8\ub97c \ud53c\ud560 \uc218 \uc788\uc5b4 \uc7a5\uae30\uc801\uc73c\ub85c \ube44\uc6a9\uc744 \uc808\uac10\ud560 \uc218 \uc788\uc2b5\ub2c8\ub2e4.<\/p>\n\n\n\n<h3 class=\"wp-block-heading\" id=\"3-seguridad-y-garantias-tournride-full-assistance\"><strong><strong>3. <strong>\uc548\uc804 \ubc0f \ubcf4\uc7a5: Tournride Full Assistance<\/strong><\/strong><\/strong><\/h3>\n\n\n\n<p>\uc5ec\ub7ec\ubd84\uc758 \uc548\uc804\uc774 \uc800\ud76c\uc758 \ucd5c\uc6b0\uc120\uc785\ub2c8\ub2e4. Camino\uc640 \uac19\uc740 \ubaa8\ud5d8 \uc911\uc5d0 \uc608\uae30\uce58 \uc54a\uc740 \uc0c1\ud669\uc774 \ubc1c\uc0dd\ud560 \uc218 \uc788\ub2e4\ub294 \uac83\uc744 \uc54c\uace0 \uc788\uc2b5\ub2c8\ub2e4. \uadf8\ub798\uc11c Tournride Full Assistance\ub97c \uc81c\uacf5\ud558\uc5ec \uc5ec\ud589 \ub0b4\ub0b4 \uc804\uba74\uc801\uc778 \uc9c0\uc6d0\uc744 \ubc1b\uc744 \uc218 \uc788\uc2b5\ub2c8\ub2e4:<\/p>\n\n\n\n<figure class=\"wp-block-image size-full\"><a href=\"https:\/\/www.tournride.com\/wp-content\/uploads\/2018\/05\/logo-complelto.png\"><img decoding=\"async\" src=\"https:\/\/www.tournride.com\/wp-content\/uploads\/2018\/05\/logo-complelto.png\" alt=\"Tournride\ub97c \uc120\ud0dd\ud574\uc57c \ud558\ub294. Tournride Full Assistance\" class=\"wp-image-4722\" title=\"\"><\/a><\/figure>\n\n\n\n<ul class=\"wp-block-list\">\n<li><strong>\uc9c0\uc6d0<\/strong>: 4\uac1c \uc5b8\uc5b4\ub85c \uc81c\uacf5\ub429\ub2c8\ub2e4. \ubb38\uc81c\uac00 \uc5b8\uc81c \uc5b4\ub514\uc11c \ubc1c\uc0dd\ud558\ub4e0 \ud56d\uc0c1 \ub3c4\uc640\ub4dc\ub9b4 \uc218 \uc788\uc2b5\ub2c8\ub2e4.<\/li>\n\n\n\n<li><strong>\uc608\uae30\uce58 \uc54a\uc740 \uc0c1\ud669\uc5d0 \ub300\ud55c \ube60\ub978 \ud574\uacb0<\/strong>: \ubb38\uc81c\uac00 \ubc1c\uc0dd\ud558\uba74 \uac00\uc7a5 \uac00\uae4c\uc6b4 \uc6cc\ud06c\uc20d\uc73c\ub85c \ud0dd\uc2dc\ub97c \ubcf4\ub0b4\ub4dc\ub824 \uc5ec\ud589\uc744 \ucd5c\ub300\ud55c \ube68\ub9ac \uacc4\uc18d\ud560 \uc218 \uc788\ub3c4\ub85d \ud569\ub2c8\ub2e4.<\/li>\n\n\n\n<li><strong>\uc218\ub9ac \ube44\uc6a9 \ud3ec\ud568<\/strong>: \uc218\ub9ac \ube44\uc6a9\uc744 \uc800\ud76c\uac00 \ubd80\ub2f4\ud569\ub2c8\ub2e4. \ud611\ub825 \uc6cc\ud06c\uc20d\uc774 \uc544\ub2cc \uacbd\uc6b0 \uc601\uc218\uc99d\ub9cc \uc81c\ucd9c\ud558\uba74 \uc804\uc561 \ud658\ubd88\ud574 \ub4dc\ub9bd\ub2c8\ub2e4.<\/li>\n\n\n\n<li><strong>\uc900\ube44\ub41c \uc790\uc804\uac70<\/strong>: \uac01 \uc790\uc804\uac70\ub294 \ubc30\ub2ec \uc804 \uc774\uc911 \uc810\uac80\uc744 \uac70\uce58\uba70, \uc548\uc2ec\ud558\uace0 \uc0ac\uc6a9\ud560 \uc218 \uc788\ub294 \ubc29\ucde8\uc81c \uc2dc\uc2a4\ud15c\uc774 \uc7a5\ucc29\ub418\uc5b4 \uc788\uc2b5\ub2c8\ub2e4.<\/li>\n<\/ul>\n\n\n\n<p>Tournride Full Assistance\uc640 \ud568\uaed8\ub77c\uba74 \ubb34\uc2a8 \uc77c\uc774 \ubc1c\uc0dd\ud558\ub4e0 \uc804\ubb38\uac00 \ud300\uc774 \uc5ec\ub7ec\ubd84\uc758 \uc548\uc804\uacfc \ud3b8\uc548\ud568\uc744 \uc9c0\ucf1c\uc904 \uac83\uc785\ub2c8\ub2e4.<\/p>\n\n\n\n<h4 class=\"wp-block-heading\" id=\"como-activar-tournride-full-assistance\"><strong><strong><strong>Tournride Full Assistance\ub97c \uc5b4\ub5bb\uac8c \ud65c\uc131\ud654\ud558\ub098\uc694?<\/strong><\/strong><\/strong><\/h4>\n\n\n\n<p>\uc774 \uc11c\ube44\uc2a4\ub97c \ud65c\uc131\ud654\ud558\ub294 \uac83\uc740 \ub9e4\uc6b0 \uac04\ub2e8\ud569\ub2c8\ub2e4:<\/p>\n\n\n\n<ul class=\"wp-block-list\">\n<li>\uc800\ud76c \uc6f9\uc0ac\uc774\ud2b8\uc5d0\uc11c \uacbd\ub85c, \uc790\uc804\uac70 \ubc0f \uc561\uc138\uc11c\ub9ac\ub97c \uc120\ud0dd\ud558\uc138\uc694.<\/li>\n\n\n\n<li>\uc608\uc57d \uc808\ucc28\uc758 3\ub2e8\uacc4\uc5d0\uc11c Tournride Full Assistance \uc11c\ube44\uc2a4\ub97c \uc120\ud0dd\ud558\uc138\uc694.<\/li>\n\n\n\n<li>\uc644\ub8cc! \uc608\uc57d\uc5d0 \ud3ec\ud568\ub41c \ubaa8\ub4e0 \uc790\uc804\uac70\uc5d0 \ub300\ud574 \uc11c\ube44\uc2a4\uac00 \ud65c\uc131\ud654\ub429\ub2c8\ub2e4.<\/li>\n<\/ul>\n\n\n\n<h3 class=\"wp-block-heading\" id=\"\uc5ec\uc804\ud788-\uc790\uc2e0\uc758-\uc790\uc804\uac70\ub97c-\uc0ac\uc6a9\ud558\uace0-\uc2f6\uc73c\uc2e0\uac00\uc694\"><strong>\uc5ec\uc804\ud788 \uc790\uc2e0\uc758 \uc790\uc804\uac70\ub97c \uc0ac\uc6a9\ud558\uace0 \uc2f6\uc73c\uc2e0\uac00\uc694?<\/strong><\/h3>\n\n\n\n<p>\uc790\uc2e0\uc758 \uc790\uc804\uac70\ub97c \uac00\uc838\uc624\uae30\ub85c \uacb0\uc815\ud558\uc2e0 \uacbd\uc6b0, \ud3b8\uc548\ud568\uc774\ub098 \uac1c\uc778\uc801\uc778 \uc120\ud638\ub3c4 \ub54c\ubb38\uc77c \uc218 \uc788\ub2e4\ub294 \uac83\uc744 \uc774\ud574\ud569\ub2c8\ub2e4. \uadc0\uac00 \uc5ec\ud589\uc744 \ub354 \ud3b8\ub9ac\ud558\uac8c \ud558\uae30 \uc704\ud574 15\uc720\ub85c(\uc7ac\uace0 \uc5ec\ubd80\uc5d0 \ub530\ub77c \ub2e4\ub984)\uc5d0 \ud3ec\uc7a5 \uc0c1\uc790\ub97c \uc81c\uacf5\ud569\ub2c8\ub2e4. \uc774\ub807\uac8c \ud558\uba74 \uc790\uc804\uac70\ub97c \uc548\uc804\ud558\uace0 \uac04\ud3b8\ud558\uac8c \uc6b4\uc1a1\ud560 \uc218 \uc788\uc2b5\ub2c8\ub2e4. <strong>Tournride\ub97c \uc120\ud0dd\ud574\uc57c \ud558\ub294<\/strong> \uac83\uc740 \uc5ec\ub7ec\ubd84\uc758 \ud3b8\uc548\ud568\uc744 \ucd5c\uc6b0\uc120\uc73c\ub85c \uc0dd\uac01\ud569\ub2c8\ub2e4.<\/p>\n\n\n\n<h3 class=\"wp-block-heading\" id=\"\uc9c0\uae08-\uc608\uc57d\ud558\uace0-camino-\uac71\uc815-\uc5c6\uc774-\uc990\uae30\uc138\uc694\"><strong>\uc9c0\uae08 \uc608\uc57d\ud558\uace0 Camino \uac71\uc815 \uc5c6\uc774 \uc990\uae30\uc138\uc694<\/strong><\/h3>\n\n\n\n<p>Camino\ub294 \uc778\uc0dd\uc744 \ubc14\uafb8\ub294 \uacbd\ud5d8\uc774\uba70, \uc790\uc804\uac70\ub85c \uc5ec\ud589\ud558\uba74 \ube44\uad50\ud560 \uc218 \uc5c6\ub294 \ubaa8\ud5d8\uacfc \uc790\uc720\ub97c \ub354\ud569\ub2c8\ub2e4. <strong>Tournride\ub97c \uc120\ud0dd\ud574\uc57c \ud558\ub294<\/strong> \uac83\uc740 \ubb3c\ub958\uc801\uc778 \uc138\ubd80 \uc0ac\ud56d\uc5d0 \ub300\ud574 \uac71\uc815\ud560 \ud544\uc694\uac00 \uc5c6\uc2b5\ub2c8\ub2e4. \ubaa8\ub4e0 \uac83\uc744 \ucc98\ub9ac\ud558\uc5ec \uc5ec\ub7ec\ubd84\uc774 \uace0\ub300 \uacbd\ub85c\ub97c \uc644\ub8cc\ud558\ub294 \uc131\ucde8\uac10\uc744 \ub290\ub07c\uba70 \ud48d\uacbd\uacfc \ubb38\ud654\ub97c \uc990\uae30\ub294 \ub370 \uc9d1\uc911\ud560 \uc218 \uc788\ub3c4\ub85d \ud569\ub2c8\ub2e4.&#8221;<\/p>\n\n\n\n<p><strong><strong>\uc720\uc6a9\ud55c \ub9c1\ud06c:<\/strong><\/strong><\/p>\n\n\n\n<ul class=\"wp-block-list\">\n<li>\uc628\ub77c\uc778\uc73c\ub85c \uc790\uc804\uac70\ub97c \uc5b4\ub5bb\uac8c \uc608\uc57d\ud558\ub098\uc694?<\/li>\n\n\n\n<li>\uc790\uc804\uac70\ub97c \uc5b8\uc81c \uc608\uc57d\ud574\uc57c \ud558\ub098\uc694?<\/li>\n\n\n\n<li>\uc804\uae30 \uc790\uc804\uac70 \ub610\ub294 \uc804\ud1b5 \uc790\uc804\uac70 \ub300\uc5ec<\/li>\n\n\n\n<li>Tournride Full Assistance\uc5d0 \ub300\ud55c \uc790\uc138\ud55c \uc815\ubcf4<\/li>\n\n\n\n<li>\uc800\ud76c \uc790\uc804\uac70 \ubcf4\uae30<\/li>\n\n\n\n<li>\uc800\ud76c \uc561\uc138\uc11c\ub9ac \ubcf4\uae30<\/li>\n<\/ul>\n\n\n\n<p>Tournride\ub294 Camino\uc5d0\uc11c \uc5ec\ub7ec\ubd84\uc758 \uc2e0\ub8b0\ud560 \uc218 \uc788\ub294 \ub3d9\ubc18\uc790\uc785\ub2c8\ub2e4. \ud55c\uacc4 \uc5c6\uc774 \ud398\ub2ec\uc744 \ubc1f\uace0 \ud3c9\uc0dd \uae30\uc5b5\uc5d0 \ub0a8\uc744 \ubaa8\ud5d8\uc744 \uc990\uae30\uc138\uc694! \ud83d\udeb4\u200d\u2642\ufe0f\u2728<\/p>\n\n\n\n<h3 class=\"wp-block-heading\" id=\"\uc790\uc8fc-\ubb3b\ub294-\uc9c8\ubb38\"><strong>\uc790\uc8fc \ubb3b\ub294 \uc9c8\ubb38<\/strong><\/h3>\n\n\n\n<h4 class=\"wp-block-heading\" id=\"\uc790\uc804\uac70-\ub300\uc5ec\uc5d0\ub294-\ubb34\uc5c7\uc774-\ud3ec\ud568\ub418\ub098\uc694\"><strong>\uc790\uc804\uac70 \ub300\uc5ec\uc5d0\ub294 \ubb34\uc5c7\uc774 \ud3ec\ud568\ub418\ub098\uc694?<\/strong><\/h4>\n\n\n\n<p> \ub300\uc5ec\uc5d0\ub294 \uc790\uc804\uac70, \ud5ec\uba67, \uae30\ubcf8 \uc218\ub9ac \ud0a4\ud2b8, \uc790\ubb3c\uc1e0\uac00 \ud3ec\ud568\ub429\ub2c8\ub2e4. \uc5ec\uae30\uc5d0 \ucd94\uac00\ub85c \uc548\uc7a5 \uac00\ubc29, \ud5ec\uba67, \ud2b9\uc218 \ud398\ub2ec \ub4f1\uc744 \ucd94\uac00\ud560 \uc218 \uc788\uc2b5\ub2c8\ub2e4.<\/p>\n\n\n\n<h4 class=\"wp-block-heading\" id=\"\uc5ec\ud589-\uc911-\ubb38\uc81c\uac00-\ubc1c\uc0dd\ud558\uba74-\uc5b4\ub5bb\uac8c-\ud558\ub098\uc694\"><strong>\uc5ec\ud589 \uc911 \ubb38\uc81c\uac00 \ubc1c\uc0dd\ud558\uba74 \uc5b4\ub5bb\uac8c \ud558\ub098\uc694?<\/strong><\/h4>\n\n\n\n<p>Tournride Full Assistance\uc640 \ud568\uaed8\ub77c\uba74 \uc804\ud654 \uc9c0\uc6d0\uacfc \uace0\uc7a5\uc774\ub098 \ud391\ud06c \uc2dc \uc9c0\uc6d0\uc744 \ubc1b\uc744 \uc218 \uc788\uc2b5\ub2c8\ub2e4. \uc218\ub9ac\ub97c \ucc98\ub9ac\ud558\uace0 \uc5ec\ud589\uc744 \ucd5c\ub300\ud55c \ube68\ub9ac \uacc4\uc18d\ud560 \uc218 \uc788\ub3c4\ub85d \ub3c4\uc640\ub4dc\ub9bd\ub2c8\ub2e4.<\/p>\n\n\n\n<h4 class=\"wp-block-heading\" id=\"\uc790\uc804\uac70-\uc885\ub958\ub97c-\uc120\ud0dd\ud560-\uc218-\uc788\ub098\uc694\"><strong>\uc790\uc804\uac70 \uc885\ub958\ub97c \uc120\ud0dd\ud560 \uc218 \uc788\ub098\uc694?<\/strong><\/h4>\n\n\n\n<p> \ub124, \uc0b0\uc545 \uc790\uc804\uac70\ubd80\ud130 \ud558\uc774\ube0c\ub9ac\ub4dc, \ub3c4\ub85c \uc790\uc804\uac70\uae4c\uc9c0 \ub2e4\uc591\ud55c \uc790\uc804\uac70\ub97c \uc81c\uacf5\ud558\uc5ec \uc5ec\ub7ec\ubd84\uc758 \ud544\uc694\uc5d0 \ub9de\ucd9c \uc218 \uc788\uc2b5\ub2c8\ub2e4.<\/p>\n\n\n\n<p>\ub354 \uc774\uc0c1 \uae30\ub2e4\ub9ac\uc9c0 \ub9c8\uc138\uc694. Tournride\uc640 \ud568\uaed8 \uc608\uc57d\ud558\uace0 \uc778\uc0dd\uc758 \ubaa8\ud5d8\uc744 \uacc4\ud68d\ud558\uc138\uc694. Camino\uac00 \uc5ec\ub7ec\ubd84\uc744 \uae30\ub2e4\ub9ac\uace0 \uc788\uc2b5\ub2c8\ub2e4! \ud83c\udf1f<\/p>\n","protected":false},"excerpt":{"rendered":"<p>\uc65c Tournride\ub97c \uc120\ud0dd\ud574\uc57c \ud558\ub294 Camino \ubc14\uc774\ud06c \uc5ec\ud589\uc5d0 \uc120\ud0dd\ud574\uc57c \ud558\ub098\uc694? Camino es una de las experiencias m\u00e1s ricas y viajar en bicicleta a\u00f1ade una aventura y emoci\u00f3n incomparables. Sin embargo, planificar este viaje puede ser abrumador, especialmente si te preocupan los detalles log\u00edsticos. Por eso, Tournride\ub97c \uc120\ud0dd\ud574\uc57c \ud558\ub294 es la mejor opci\u00f3n para que todo est\u00e9 [&hellip;]<\/p>\n","protected":false},"author":10,"featured_media":0,"parent":5227,"menu_order":47,"comment_status":"closed","ping_status":"closed","template":"","meta":{"_joinchat":[],"footnotes":""},"class_list":["post-5215","page","type-page","status-publish","hentry"],"_links":{"self":[{"href":"https:\/\/www.tournride.com\/ko\/wp-json\/wp\/v2\/pages\/5215","targetHints":{"allow":["GET"]}}],"collection":[{"href":"https:\/\/www.tournride.com\/ko\/wp-json\/wp\/v2\/pages"}],"about":[{"href":"https:\/\/www.tournride.com\/ko\/wp-json\/wp\/v2\/types\/page"}],"author":[{"embeddable":true,"href":"https:\/\/www.tournride.com\/ko\/wp-json\/wp\/v2\/users\/10"}],"replies":[{"embeddable":true,"href":"https:\/\/www.tournride.com\/ko\/wp-json\/wp\/v2\/comments?post=5215"}],"version-history":[{"count":5,"href":"https:\/\/www.tournride.com\/ko\/wp-json\/wp\/v2\/pages\/5215\/revisions"}],"predecessor-version":[{"id":30394,"href":"https:\/\/www.tournride.com\/ko\/wp-json\/wp\/v2\/pages\/5215\/revisions\/30394"}],"up":[{"embeddable":true,"href":"https:\/\/www.tournride.com\/ko\/wp-json\/wp\/v2\/pages\/5227"}],"wp:attachment":[{"href":"https:\/\/www.tournride.com\/ko\/wp-json\/wp\/v2\/media?parent=5215"}],"curies":[{"name":"wp","href":"https:\/\/api.w.org\/{rel}","templated":true}]}}