{"id":3486,"date":"2018-05-25T18:21:18","date_gmt":"2018-05-25T17:21:18","guid":{"rendered":"https:\/\/www.tournride.com\/?page_id=3486"},"modified":"2026-04-13T18:50:48","modified_gmt":"2026-04-13T17:50:48","slug":"tournride-full-assistance","status":"publish","type":"page","link":"https:\/\/www.tournride.com\/it\/gestione\/tournride-full-assistance\/","title":{"rendered":"Tournride Full Assistance"},"content":{"rendered":"\n<figure class=\"wp-block-image aligncenter\"><a href=\"https:\/\/www.tournride.com\/wp-content\/uploads\/2018\/05\/logo-complelto.png\"><img loading=\"lazy\" decoding=\"async\" width=\"300\" height=\"112\" src=\"https:\/\/www.tournride.com\/wp-content\/uploads\/2018\/05\/logo-complelto-300x112.png\" alt=\"Tournride Full Assistance\" class=\"wp-image-3469\" title=\"\" srcset=\"https:\/\/www.tournride.com\/wp-content\/uploads\/2018\/05\/logo-complelto-300x112.png 300w, https:\/\/www.tournride.com\/wp-content\/uploads\/2018\/05\/logo-complelto.png 601w\" sizes=\"auto, (max-width: 300px) 100vw, 300px\" \/><\/a><\/figure>\n\n\n\n<div class=\"wp-block-rank-math-toc-block\" id=\"rank-math-toc\"><h2>Sommario<\/h2><nav><ul><li class=\"\"><a href=\"#cose-tournride-full-assistance\">Cos&#8217;\u00e8 Tournride Full Assistance?<\/a><\/li><li class=\"\"><a href=\"#perche-scegliere-tournride-full-assistance\">Perch\u00e9 scegliere Tournride Full Assistance?<\/a><\/li><li class=\"\"><a href=\"#come-funziona\">Come funziona?<\/a><\/li><li class=\"\"><a href=\"#perche-scegliere-le-biciclette-a-noleggio-di-tournride\">Perch\u00e9 scegliere le biciclette a noleggio di Tournride?<\/a><\/li><li class=\"\"><a href=\"#come-attivare-tournride-full-assistance\">Come attivare Tournride Full Assistance?<\/a><\/li><li class=\"\"><a href=\"#pianifica-la-tua-avventura-con-tranquillita\">Pianifica la tua avventura con tranquillit\u00e0<\/a><\/li><li class=\"\"><a href=\"#vuoi-saperne-di-piu\">Vuoi saperne di pi\u00f9?<\/a><\/li><\/ul><\/nav><\/div>\n\n\n\n<p>Stai pianificando di fare il <strong>Cammino di Santiago in bici<\/strong> e cerchi un&#8217;esperienza senza preoccupazioni? In Tournride, capiamo che ogni dettaglio conta quando si tratta di vivere un&#8217;avventura indimenticabile. Per questo, offriamo <strong>Tournride Full Assistance<\/strong>, un servizio progettato esclusivamente per chi noleggia le nostre biciclette. Con questa copertura, potrai goderti il viaggio con la tranquillit\u00e0 di sapere che sei supportato da un team di esperti in caso di imprevisti.<\/p>\n\n\n\n<h3 class=\"wp-block-heading\" id=\"cose-tournride-full-assistance\"><strong>Cos&#8217;\u00e8 Tournride Full Assistance?<\/strong><\/h3>\n\n\n\n<p><strong>Tournride Full Assistance<\/strong> \u00e8 un servizio di assistenza completa che copre le esigenze pi\u00f9 comuni che possono sorgere durante il Cammino di Santiago. Da guasti meccanici a furti o problemi di salute, il nostro team \u00e8 pronto ad aiutarti in ogni fase del viaggio. Tuttavia, \u00e8 importante sottolineare che questo servizio \u00e8 disponibile solo per le biciclette a noleggio di Tournride, non si applica alle biciclette di propriet\u00e0 del cliente.<\/p>\n\n\n\n<h3 class=\"wp-block-heading\" id=\"perche-scegliere-tournride-full-assistance\"><strong>Perch\u00e9 scegliere Tournride Full Assistance?<\/strong><\/h3>\n\n\n\n<ul class=\"wp-block-list\">\n<li><strong>Assistenza in caso di guasti<\/strong><br>Il Cammino di Santiago pu\u00f2 essere impegnativo per qualsiasi bicicletta. Se durante il viaggio si verifica un guasto che non puoi riparare da solo, Tournride Full Assistance copre il trasporto della bicicletta al laboratorio pi\u00f9 vicino e le spese di riparazione. Inoltre, se necessario, ti forniremo una bicicletta sostitutiva per consentirti di continuare il percorso senza ritardi.<\/li>\n\n\n\n<li><strong>Protezione in caso di furto<\/strong><br>Anche se il Cammino di Santiago \u00e8 generalmente sicuro, esiste sempre la possibilit\u00e0 di un furto. Se ci\u00f2 accade, Tournride ti guider\u00e0 nel processo di denuncia e ti fornir\u00e0 una bicicletta sostitutiva, a condizione che la bicicletta fosse adeguatamente assicurata e bloccata al momento dell&#8217;evento.<\/li>\n<\/ul>\n\n\n\n<h3 class=\"wp-block-heading\" id=\"come-funziona\"><strong>Come funziona?<\/strong><\/h3>\n\n\n\n<p>Il processo \u00e8 semplice e progettato per offrirti il massimo comfort:<\/p>\n\n\n\n<ul class=\"wp-block-list\">\n<li><strong>Guasti:<\/strong> Se non riesci a risolvere il problema, contatta il nostro team. Ci occuperemo di organizzare il trasporto della bicicletta al laboratorio pi\u00f9 vicino e copriremo le spese di riparazione.<\/li>\n\n\n\n<li><strong>Furto:<\/strong> In caso di furto, ti guideremo per presentare la denuncia e ti forniremo una bicicletta sostitutiva.<\/li>\n\n\n\n<li><strong>Problemi di salute:<\/strong> Se hai bisogno di assistenza medica, copriremo il trasporto all&#8217;ospedale e il primo soccorso.<\/li>\n<\/ul>\n\n\n\n<p>\u00c8 importante ricordare che Tournride Full Assistance \u00e8 disponibile solo per le biciclette a noleggio di Tournride. Se decidi di usare la tua bicicletta, non \u00e8 possibile attivare questo servizio.<\/p>\n\n\n\n<h3 class=\"wp-block-heading\" id=\"perche-scegliere-le-biciclette-a-noleggio-di-tournride\"><strong>Perch\u00e9 scegliere le biciclette a noleggio di Tournride?<\/strong><\/h3>\n\n\n\n<p>Oltre a poter contare su Tournride Full Assistance, le nostre biciclette sono progettate per offrirti le migliori prestazioni durante il Cammino di Santiago:<\/p>\n\n\n\n<ul class=\"wp-block-list\">\n<li><strong>Qualit\u00e0 garantita:<\/strong> Tutte le nostre biciclette sono di fascia media o alta e vengono sottoposte a un rigoroso controllo prima di ogni viaggio.<\/li>\n\n\n\n<li><strong>Sistemi antipuncture:<\/strong> Per ridurre al minimo gli inconvenienti, le nostre biciclette sono dotate di sistemi antipuncture.<\/li>\n\n\n\n<li><strong>Comodit\u00e0 e convenienza:<\/strong> Ci occupiamo di consegnare la bicicletta nel tuo alloggio il giorno prima della partenza e di ritirarla al termine del percorso.<\/li>\n<\/ul>\n\n\n\n<p>Hai bisogno di altre ragioni? Dai un&#8217;occhiata <a aria-label=\"More information about:  Scegliere Tournride\" href=\"https:\/\/www.tournride.com\/it\/informazione-corporativa\/scegliere-tournride\/\" data-type=\"page\" data-id=\"3366\">qui<\/a>.<\/p>\n\n\n\n<h3 class=\"wp-block-heading\" id=\"come-attivare-tournride-full-assistance\"><strong>Come attivare Tournride Full Assistance?<\/strong><\/h3>\n\n\n\n<p>Attivarlo \u00e8 molto semplice. Durante il processo di prenotazione della tua bicicletta a noleggio, potrai aggiungere questo servizio con pochi clic. Una volta attivato, sarai coperto per tutta la tua avventura sul Cammino di Santiago.<\/p>\n\n\n\n<h3 class=\"wp-block-heading\" id=\"pianifica-la-tua-avventura-con-tranquillita\"><strong>Pianifica la tua avventura con tranquillit\u00e0<\/strong><\/h3>\n\n\n\n<p>Il Cammino di Santiago \u00e8 un&#8217;esperienza che cambia la vita, e farlo in bicicletta aggiunge un tocco di avventura e libert\u00e0 senza pari. Con Tournride Full Assistance, puoi goderti il viaggio con la sicurezza di essere supportato da un team di esperti in caso di imprevisti.<\/p>\n\n\n\n<p>\ud83d\udc49 <a aria-label=\"More information about:  It\" href=\"https:\/\/www.tournride.com\/it\">Prenota la tua bicicletta ora<\/a> e aggiungi Tournride Full Assistance per vivere un&#8217;esperienza senza preoccupazioni.<\/p>\n\n\n\n<p>Tournride \u00e8 il tuo compagno di fiducia sul Cammino di Santiago. Pedala senza limiti! \ud83d\udeb4\u200d\u2642\ufe0f\u2728<\/p>\n\n\n\n<h3 class=\"wp-block-heading\" id=\"vuoi-saperne-di-piu\"><strong>Vuoi saperne di pi\u00f9?<\/strong><\/h3>\n\n\n\n<p>Puoi trovare tutte le informazioni su Tournride Full Assistance nelle nostre <a aria-label=\"More information about:  Condizioni Di Servizio\" href=\"https:\/\/www.tournride.com\/it\/gestione-prenotazioni\/condizioni-di-servizio\/#tfa\" data-type=\"page\" data-id=\"5870\">condizioni d&#8217;uso<\/a>.<\/p>\n","protected":false},"excerpt":{"rendered":"<p>Stai pianificando di fare il Cammino di Santiago in bici e cerchi un&#8217;esperienza senza preoccupazioni? In Tournride, capiamo che ogni dettaglio conta quando si tratta di vivere un&#8217;avventura indimenticabile. Per questo, offriamo Tournride Full Assistance, un servizio progettato esclusivamente per chi noleggia le nostre biciclette. Con questa copertura, potrai goderti il viaggio con la tranquillit\u00e0 [&hellip;]<\/p>\n","protected":false},"author":1,"featured_media":0,"parent":2940,"menu_order":43,"comment_status":"closed","ping_status":"closed","template":"","meta":{"rank_math_title":"Tournride Full Assistance \u00ae | Assistenza Cammino in bici","rank_math_description":"Tournride ti offre Tournride Full Assistance che ti garantisce di poter continuare e terminare la tappa. \u00c8 Tournride Full Assistance, te lo spieghiamo!","rank_math_focus_keyword":"tournride full assistance,cammino di santiago in bici","rank_math_canonical_url":"","rank_math_facebook_title":"","rank_math_facebook_description":"","rank_math_facebook_image":"","rank_math_twitter_title":"","rank_math_twitter_description":"","rank_math_twitter_image":"","rank_math_twitter_card_type":"","rank_math_twitter_use_facebook":"","rank_math_robots":["index"],"rank_math_advanced_robots":[],"_joinchat":[],"footnotes":""},"class_list":["post-3486","page","type-page","status-publish","hentry"],"_links":{"self":[{"href":"https:\/\/www.tournride.com\/it\/wp-json\/wp\/v2\/pages\/3486","targetHints":{"allow":["GET"]}}],"collection":[{"href":"https:\/\/www.tournride.com\/it\/wp-json\/wp\/v2\/pages"}],"about":[{"href":"https:\/\/www.tournride.com\/it\/wp-json\/wp\/v2\/types\/page"}],"author":[{"embeddable":true,"href":"https:\/\/www.tournride.com\/it\/wp-json\/wp\/v2\/users\/1"}],"replies":[{"embeddable":true,"href":"https:\/\/www.tournride.com\/it\/wp-json\/wp\/v2\/comments?post=3486"}],"version-history":[{"count":1,"href":"https:\/\/www.tournride.com\/it\/wp-json\/wp\/v2\/pages\/3486\/revisions"}],"predecessor-version":[{"id":31793,"href":"https:\/\/www.tournride.com\/it\/wp-json\/wp\/v2\/pages\/3486\/revisions\/31793"}],"up":[{"embeddable":true,"href":"https:\/\/www.tournride.com\/it\/wp-json\/wp\/v2\/pages\/2940"}],"wp:attachment":[{"href":"https:\/\/www.tournride.com\/it\/wp-json\/wp\/v2\/media?parent=3486"}],"curies":[{"name":"wp","href":"https:\/\/api.w.org\/{rel}","templated":true}]}}