{"id":3366,"date":"2018-03-21T14:03:31","date_gmt":"2018-03-21T13:03:31","guid":{"rendered":"https:\/\/www.tournride.com\/?page_id=3366"},"modified":"2025-02-23T10:34:53","modified_gmt":"2025-02-23T09:34:53","slug":"scegliere-tournride","status":"publish","type":"page","link":"https:\/\/www.tournride.com\/it\/informazione\/scegliere-tournride\/","title":{"rendered":"3 motivi per scegliere Tournride"},"content":{"rendered":"\n<div class=\"wp-block-rank-math-toc-block\" id=\"rank-math-toc\"><h2>Sommario<\/h2><nav><ul><li class=\"\"><a href=\"it\/informazione\/scegliere-tournride#por-que-elegir-tournride-para-tu-camino-de-santiago-en-bicicleta\">Perch\u00e9 scegliere Tournride per il tuo Cammino in bici?<\/a><ul><li class=\"\"><a href=\"it\/informazione\/scegliere-tournride#1-comodidad-y-conveniencia\">1. Comfort e Convenienza al massimo<\/a><\/li><li class=\"\"><a href=\"it\/informazione\/scegliere-tournride#2-ahorro-economico\">2. Risparmia denaro e evita sorprese<\/a><\/li><li class=\"\"><a href=\"it\/informazione\/scegliere-tournride#3-seguridad-y-garantias-tournride-full-assistance\">3. Sicurezza e Garanzie: Tournride Full Assistance<\/a><ul><li class=\"\"><a href=\"it\/informazione\/scegliere-tournride#como-activar-tournride-full-assistance\">Come attivare Tournride Full Assistance?<\/a><\/li><\/ul><\/li><li class=\"\"><a href=\"it\/informazione\/scegliere-tournride#preferisci-ancora-usare-la-tua-bicicletta\">Preferisci ancora usare la tua bicicletta?<\/a><\/li><li class=\"\"><a href=\"it\/informazione\/scegliere-tournride#prenota-ora-e-vivi-il-cammino-di-santiago-senza-preoccupazioni\">Prenota ora e vivi il Cammino di Santiago senza preoccupazioni<\/a><\/li><li class=\"\"><a href=\"it\/informazione\/scegliere-tournride#domande-frequenti\">Domande frequenti<\/a><ul><li class=\"\"><a href=\"it\/informazione\/scegliere-tournride#cosa-include-il-noleggio-della-bicicletta\">Cosa include il noleggio della bicicletta?<\/a><\/li><li class=\"\"><a href=\"it\/informazione\/scegliere-tournride#cosa-succede-se-ho-un-problema-durante-il-percorso\">Cosa succede se ho un problema durante il percorso?<\/a><\/li><li class=\"\"><a href=\"it\/informazione\/scegliere-tournride#posso-scegliere-il-tipo-di-bicicletta\">Posso scegliere il tipo di bicicletta?<\/a><\/li><\/ul><\/li><\/ul><\/li><\/ul><\/nav><\/div>\n\n\n\n<h2 class=\"wp-block-heading\" id=\"por-que-elegir-tournride-para-tu-camino-de-santiago-en-bicicleta\"><strong><strong>Perch\u00e9 scegliere Tournride per il tuo Cammino in bici?<\/strong><\/strong><\/h2>\n\n\n\n<p>Il Cammino di Santiago \u00e8 una delle esperienze pi\u00f9 arricchenti che puoi vivere, e farlo in bicicletta aggiunge un tocco di avventura ed emozione senza pari. Tuttavia, pianificare questo viaggio pu\u00f2 essere travolgente, soprattutto se sei preoccupato per i dettagli logistici. In Tournride, ci occupiamo di tutto in modo che tu possa concentrarti solo sul goderti al massimo l&#8217;esperienza. Ecco perch\u00e9 siamo il tuo miglior alleato in questa avventura.<\/p>\n\n\n\n<h3 class=\"wp-block-heading\" id=\"1-comodidad-y-conveniencia\"><strong><strong>1. <strong>Comfort e Convenienza al massimo<\/strong><\/strong><\/strong><\/h3>\n\n\n\n<p>Una delle maggiori sfide nel fare il Cammino di Santiago in bicicletta \u00e8 la logistica. Come portare la tua bicicletta al punto di partenza? Cosa fare con essa al termine? Con Tournride, tutte queste preoccupazioni scompaiono.<\/p>\n\n\n\n<p>Biciclette pronte nel tuo alloggio: Ci occupiamo di consegnare la bicicletta il giorno prima dell&#8217;inizio del tuo percorso, direttamente nel luogo in cui alloggi. Devi solo fornirci l&#8217;indirizzo e ci pensiamo noi al resto.<\/p>\n\n\n\n<p>Ritiro senza complicazioni: Al termine della tua avventura a Santiago de Compostela, lascia semplicemente la bicicletta nel tuo alloggio. La ritireremo noi senza alcuno sforzo aggiuntivo da parte tua.<\/p>\n\n\n\n<p>Visita il nostro negozio: Se preferisci, puoi restituire la bicicletta nel nostro negozio di Santiago. In questo modo eviterai sovrapprezzi e avrai l&#8217;opportunit\u00e0 di conoscere il nostro team, che sar\u00e0 felice di ascoltare le tue esperienze sul Cammino.<\/p>\n\n\n\n<p>Con Tournride, tutto \u00e8 pensato per rendere la tua esperienza il pi\u00f9 comoda e semplice possibile.<\/p>\n\n\n\n<h3 class=\"wp-block-heading\" id=\"2-ahorro-economico\"><strong><strong>2. <strong>Risparmia denaro e evita sorprese<\/strong><\/strong><\/strong><\/h3>\n\n\n\n<p>Il <a aria-label=\"Visit the It.wikipedia website for more information\" href=\"https:\/\/it.wikipedia.org\/wiki\/Cammino_di_Santiago_di_Compostela\" target=\"_blank\" rel=\"noopener\">Cammino di Santiago<\/a> \u00e8 un&#8217;esperienza incredibile, ma pu\u00f2 anche essere impegnativo per le biciclette. I terreni variati, i chilometri percorsi e le condizioni meteorologiche possono mettere a dura prova la tua attrezzatura. Con il noleggio di biciclette di Tournride, non dovrai preoccuparti di spese impreviste:<\/p>\n\n\n\n<p>Biciclette di alta qualit\u00e0: Le nostre biciclette sono di fascia media o alta, progettate specificamente per resistere alle esigenze del Cammino. Sono pronte a offrirti le migliori prestazioni su tutti i tipi di terreno.<\/p>\n\n\n\n<p>Nessun costo aggiuntivo: Abbiamo calcolato che i danni che una bicicletta pu\u00f2 subire durante il Cammino possono facilmente superare i 100 \u20ac, senza contare i costi di logistica e trasporto. Con noi, tutto \u00e8 incluso nel prezzo.<\/p>\n\n\n\n<p>Assistenza completa: Il nostro Tournride Full Assistance non ti offre solo una bicicletta di qualit\u00e0, ma anche la tranquillit\u00e0 di sapere che sei supportato da un team di esperti durante tutto il tuo percorso.<\/p>\n\n\n\n<p>Inoltre, scegliendo Tournride, eviti l&#8217;usura della tua bicicletta personale, il che si traduce in un risparmio a lungo termine.<\/p>\n\n\n\n<h3 class=\"wp-block-heading\" id=\"3-seguridad-y-garantias-tournride-full-assistance\"><strong><strong>3. <strong>Sicurezza e Garanzie: Tournride Full Assistance<\/strong><\/strong><\/strong><\/h3>\n\n\n\n<p>La tua sicurezza \u00e8 la nostra priorit\u00e0. Sappiamo che durante un&#8217;avventura come il Cammino di Santiago possono verificarsi imprevisti. Per questo offriamo il servizio Tournride Full Assistance, che ti fornisce assistenza completa durante tutto il tuo percorso:<\/p>\n\n\n\n<figure class=\"wp-block-image size-full\"><a href=\"https:\/\/www.tournride.com\/wp-content\/uploads\/2018\/05\/logo-complelto.png\"><img decoding=\"async\" src=\"https:\/\/www.tournride.com\/wp-content\/uploads\/2018\/05\/logo-complelto.png\" alt=\"Scegliere Tournride. Tournride Full Assistance\" class=\"wp-image-4722\" title=\"\"><\/a><\/figure>\n\n\n\n<ul class=\"wp-block-list\">\n<li><strong>Assistenza<\/strong>: Disponibile in 4 lingue. Indipendentemente da quando o dove si verifichi il problema, ci sar\u00e0 sempre qualcuno pronto ad aiutarti.<\/li>\n\n\n\n<li><strong>Soluzione rapida per gli imprevisti<\/strong>: In caso di inconvenienti, ti inviamo in taxi all&#8217;officina pi\u00f9 vicina per permetterti di continuare il tuo viaggio il prima possibile.<\/li>\n\n\n\n<li><strong>Riparazioni coperte<\/strong>: Ci occupiamo dei costi di riparazione. Se l&#8217;officina non \u00e8 una nostra collaboratrice, ti rimborsiamo l&#8217;intero importo con la semplice presentazione della ricevuta.<\/li>\n\n\n\n<li><strong>Biciclette preparate<\/strong>: Ogni bicicletta viene sottoposta a un doppio controllo prima della consegna ed \u00e8 dotata di sistemi anti-foratura per una maggiore tranquillit\u00e0.<\/li>\n<\/ul>\n\n\n\n<p>Con Tournride Full Assistance, puoi essere certo che, qualunque cosa accada, sarai supportato da un team di professionisti che si prender\u00e0 cura della tua sicurezza e del tuo comfort.<\/p>\n\n\n\n<h4 class=\"wp-block-heading\" id=\"como-activar-tournride-full-assistance\"><strong><strong><strong>Come attivare Tournride Full Assistance?<\/strong><\/strong><\/strong><\/h4>\n\n\n\n<p>Attivare questo servizio \u00e8 molto semplice:<\/p>\n\n\n\n<ul class=\"wp-block-list\">\n<li>Seleziona il tuo percorso, bicicletta e accessori sul nostro sito web.<\/li>\n\n\n\n<li>Nel passaggio 3 del processo di prenotazione, scegli il servizio Tournride Full Assistance.<\/li>\n\n\n\n<li>Fatto! Il servizio \u00e8 attivato per tutte le biciclette incluse nella tua prenotazione.<\/li>\n<\/ul>\n\n\n\n<h3 class=\"wp-block-heading\" id=\"preferisci-ancora-usare-la-tua-bicicletta\"><strong>Preferisci ancora usare la tua bicicletta?<\/strong><\/h3>\n\n\n\n<p>Se decidi di portare la tua bicicletta, capiamo che potrebbe essere per una questione di comfort o preferenza personale. Per facilitarti il viaggio di ritorno, offriamo scatole per l&#8217;imballaggio a soli 15 \u20ac (soggetto a disponibilit\u00e0). In questo modo, potrai trasportare la tua bicicletta in modo sicuro e senza complicazioni.<\/p>\n\n\n\n<h3 class=\"wp-block-heading\" id=\"prenota-ora-e-vivi-il-cammino-di-santiago-senza-preoccupazioni\"><strong>Prenota ora e vivi il Cammino di Santiago senza preoccupazioni<\/strong><\/h3>\n\n\n\n<p>Il Cammino di Santiago \u00e8 un&#8217;esperienza che cambia la vita, e farlo in bicicletta aggiunge un livello di avventura e libert\u00e0 senza pari. Con Tournride, non devi preoccuparti dei dettagli logistici. Ci occupiamo di tutto in modo che tu possa concentrarti solo sul goderti il paesaggio, la cultura e la sensazione di realizzazione che deriva dal completare questo percorso millenario.<\/p>\n\n\n\n<p><strong>Enlaces \u00fatiles:<\/strong><\/p>\n\n\n\n<ul class=\"wp-block-list\">\n<li><a aria-label=\"More information about:  Come Prenotare Bici su Tournride\" href=\"https:\/\/www.tournride.com\/it\/prenotare-bici-per-il-cammino-di-santiago\/\" data-type=\"page\" data-id=\"29111\">Come prenotare le tue bici online?<\/a><\/li>\n\n\n\n<li><a aria-label=\"More information about:  Quando Prenotare Una Bici\" href=\"https:\/\/www.tournride.com\/it\/informazione\/quando-prenotare-una-bici\/\" data-type=\"page\" data-id=\"28845\">Quando prenotare le tue bici?<\/a><\/li>\n\n\n\n<li><a aria-label=\"More information about:  Bicicleta El\u00e9ctrica vs. Bicicleta Tradicional\" href=\"https:\/\/www.tournride.com\/it\/noleggiare-una-bicicletta-elettrica\/\" data-type=\"post\" data-id=\"28947\">Noleggio di ebike o bici tradizionale?<\/a><\/li>\n\n\n\n<li>Maggiori informazioni su <a aria-label=\"More information about:  Tournride Full Assistance\" href=\"https:\/\/www.tournride.com\/it\/gestione\/tournride-full-assistance\/\" data-type=\"page\" data-id=\"3486\">Tournride Full Assistance<\/a><\/li>\n\n\n\n<li><a aria-label=\"More information about:  Biciclette\" href=\"https:\/\/www.tournride.com\/it\/noleggio-de-biciclette-camino-santiago\/\" data-type=\"page\" data-id=\"2911\">Scopri le nostre biciclette<\/a><\/li>\n\n\n\n<li><a aria-label=\"More information about:  Accessori\" href=\"https:\/\/www.tournride.com\/it\/accessori\/\" data-type=\"page\" data-id=\"2914\">Scopri i nostri accessori<\/a><\/li>\n<\/ul>\n\n\n\n<p>Tournride \u00e8 il tuo compagno di fiducia nel Cammino di Santiago. Pedala senza limiti e vivi un&#8217;avventura che ricorderai per sempre! \ud83d\udeb4\u200d\u2642\ufe0f\u2728<\/p>\n\n\n\n<h3 class=\"wp-block-heading\" id=\"domande-frequenti\"><strong>Domande frequenti<\/strong><\/h3>\n\n\n\n<h4 class=\"wp-block-heading\" id=\"cosa-include-il-noleggio-della-bicicletta\"><strong>Cosa include il noleggio della bicicletta?<\/strong><\/h4>\n\n\n\n<p> Il noleggio include la bicicletta, un casco, un kit di riparazione di base e un lucchetto. Puoi anche aggiungere accessori extra come borse laterali, casco o pedali speciali.<\/p>\n\n\n\n<h4 class=\"wp-block-heading\" id=\"cosa-succede-se-ho-un-problema-durante-il-percorso\"><strong>Cosa succede se ho un problema durante il percorso?<\/strong><\/h4>\n\n\n\n<p>Con Tournride Full Assistance, avrai assistenza telefonica e supporto in caso di guasti o forature. Ci occupiamo delle riparazioni e ti aiutiamo a continuare il tuo viaggio il prima possibile.<\/p>\n\n\n\n<h4 class=\"wp-block-heading\" id=\"posso-scegliere-il-tipo-di-bicicletta\"><strong>Posso scegliere il tipo di bicicletta?<\/strong> <\/h4>\n\n\n\n<p>S\u00ec, offriamo una variet\u00e0 di biciclette per soddisfare le tue esigenze, dalle mountain bike alle bici ibride e da strada.<\/p>\n\n\n\n<p>Non aspettare oltre. Prenota con Tournride e inizia a pianificare l&#8217;avventura della tua vita. Il Cammino di Santiago ti aspetta! \ud83c\udf1f<\/p>\n","protected":false},"excerpt":{"rendered":"<p>Perch\u00e9 scegliere Tournride per il tuo Cammino in bici? Il Cammino di Santiago \u00e8 una delle esperienze pi\u00f9 arricchenti che puoi vivere, e farlo in bicicletta aggiunge un tocco di avventura ed emozione senza pari. Tuttavia, pianificare questo viaggio pu\u00f2 essere travolgente, soprattutto se sei preoccupato per i dettagli logistici. In Tournride, ci occupiamo di [&hellip;]<\/p>\n","protected":false},"author":10,"featured_media":0,"parent":2937,"menu_order":47,"comment_status":"closed","ping_status":"closed","template":"","meta":{"rank_math_title":"3 motivi per scegliere Tournride | Noleggio biciclette","rank_math_description":"Scopri il miglior servizio di noleggio biciclette per il Cammino di Santiago. Scegliere Tournride significa comfort, risparmio e assistenza completa. Inizia la tua avventura oggi!","rank_math_focus_keyword":"scegliere Tournride,tournride full assistance","rank_math_canonical_url":"","rank_math_facebook_title":"","rank_math_facebook_description":"","rank_math_facebook_image":"","rank_math_twitter_title":"","rank_math_twitter_description":"","rank_math_twitter_image":"","rank_math_twitter_card_type":"","rank_math_twitter_use_facebook":"","rank_math_robots":["index"],"rank_math_advanced_robots":[],"_joinchat":[],"footnotes":""},"class_list":["post-3366","page","type-page","status-publish","hentry"],"_links":{"self":[{"href":"https:\/\/www.tournride.com\/it\/wp-json\/wp\/v2\/pages\/3366","targetHints":{"allow":["GET"]}}],"collection":[{"href":"https:\/\/www.tournride.com\/it\/wp-json\/wp\/v2\/pages"}],"about":[{"href":"https:\/\/www.tournride.com\/it\/wp-json\/wp\/v2\/types\/page"}],"author":[{"embeddable":true,"href":"https:\/\/www.tournride.com\/it\/wp-json\/wp\/v2\/users\/10"}],"replies":[{"embeddable":true,"href":"https:\/\/www.tournride.com\/it\/wp-json\/wp\/v2\/comments?post=3366"}],"version-history":[{"count":3,"href":"https:\/\/www.tournride.com\/it\/wp-json\/wp\/v2\/pages\/3366\/revisions"}],"predecessor-version":[{"id":29372,"href":"https:\/\/www.tournride.com\/it\/wp-json\/wp\/v2\/pages\/3366\/revisions\/29372"}],"up":[{"embeddable":true,"href":"https:\/\/www.tournride.com\/it\/wp-json\/wp\/v2\/pages\/2937"}],"wp:attachment":[{"href":"https:\/\/www.tournride.com\/it\/wp-json\/wp\/v2\/media?parent=3366"}],"curies":[{"name":"wp","href":"https:\/\/api.w.org\/{rel}","templated":true}]}}