{"id":2978,"date":"2015-05-20T10:25:26","date_gmt":"2015-05-20T09:25:26","guid":{"rendered":"https:\/\/www.tournride.com\/condizioni-per-il-trasporto-del-bagaglio-a-santiago\/"},"modified":"2025-01-15T11:50:51","modified_gmt":"2025-01-15T10:50:51","slug":"trasferimento-bagagli","status":"publish","type":"page","link":"https:\/\/www.tournride.com\/it\/gestione\/trasferimento-bagagli\/","title":{"rendered":"Trasferimento Bagagli"},"content":{"rendered":"\n<div class=\"wp-block-rank-math-toc-block\" id=\"rank-math-toc\"><h2>Sommario<\/h2><nav><ul><li class=\"\"><a href=\"#trasferimento-bagagli-condizioni-d-uso\">Trasferimento Bagagli &#8211; Condizioni d&#8217;Uso<\/a><ul><li class=\"\"><a href=\"#ritiro-del-bagaglio\">Ritiro del Bagaglio<\/a><\/li><li class=\"\"><a href=\"#notifica-di-ritiro\">Notifica di Ritiro<\/a><\/li><li class=\"\"><a href=\"#costo-del-servizio\">Costo del Servizio<\/a><\/li><li class=\"\"><a href=\"#informazioni-sul-bagaglio\">Informazioni sul Bagaglio<\/a><\/li><\/ul><\/li><\/ul><\/nav><\/div>\n\n\n\n<h2 class=\"wp-block-heading\" id=\"trasferimento-bagagli-condizioni-d-uso\"><strong>Trasferimento Bagagli &#8211; Condizioni d&#8217;Uso<\/strong><\/h2>\n\n\n\n<p>Questo documento stabilisce le condizioni per il trasferimento dei bagagli dei clienti di Tournride dal punto di partenza al punto di arrivo del Cammino di Santiago. Questo servizio \u00e8 progettato per permettere ai clienti di trasferire i loro oggetti pi\u00f9 necessari nelle loro borse, evitando cos\u00ec di trasportare bagagli pesanti durante il loro viaggio. Fare il Cammino di Santiago in bicicletta non \u00e8 mai stato cos\u00ec facile.<\/p>\n\n\n\n<h3 class=\"wp-block-heading\" id=\"ritiro-del-bagaglio\"><strong>Ritiro del Bagaglio<\/strong><\/h3>\n\n\n\n<p>Il ritiro del bagaglio deve essere effettuato presso l&#8217;alloggio del cliente. Nel caso in cui il cliente non abbia una prenotazione in un alloggio al punto di partenza, si prega di contattarci. Tutti i colli devono essere etichettati con le seguenti informazioni:<\/p>\n\n\n\n<ul class=\"wp-block-list\">\n<li>Nome completo del cliente<\/li>\n\n\n\n<li>Numero di contatto (opzionale)<\/li>\n<\/ul>\n\n\n\n<figure class=\"wp-block-image aligncenter\"><a href=\"https:\/\/www.tournride.com\/wp-content\/uploads\/2015\/05\/etiqueta.png\"><img loading=\"lazy\" decoding=\"async\" width=\"505\" height=\"358\" src=\"https:\/\/www.tournride.com\/wp-content\/uploads\/2015\/05\/etiqueta.png\" alt=\"Trasferimento Bagagli\" class=\"wp-image-773\" title=\"\" srcset=\"https:\/\/www.tournride.com\/wp-content\/uploads\/2015\/05\/etiqueta.png 505w, https:\/\/www.tournride.com\/wp-content\/uploads\/2015\/05\/etiqueta-300x213.png 300w\" sizes=\"auto, (max-width: 505px) 100vw, 505px\" \/><\/a><\/figure>\n\n\n\n<p>Si consiglia di <a aria-label=\"More information about:  Etiqueta.png\" href=\"https:\/\/www.tournride.com\/wp-content\/uploads\/2015\/05\/etiqueta.png\">scaricare<\/a> e stampare l&#8217;etichetta fornita da Tournride. Questa etichetta faciliter\u00e0 l&#8217;identificazione del bagaglio da parte della reception dell&#8217;hotel. Non \u00e8 obbligatorio utilizzare questa etichetta specifica, ma \u00e8 essenziale che ogni collo sia chiaramente etichettato con il nome completo del cliente per evitare errori.<\/p>\n\n\n\n<h3 class=\"wp-block-heading\" id=\"notifica-di-ritiro\"><strong>Notifica di Ritiro<\/strong><\/h3>\n\n\n\n<p>Una volta che il bagaglio \u00e8 in reception e debitamente etichettato, si prega il cliente di notificarci tramite <a aria-label=\"More information about:  Info@tournride.com\" href=\"mailto:info@tournride.com?subject=Ritira il mio bagaglio\">email<\/a>, <a aria-label=\"Visit the  website for more information\" href=\"tel:+34981936616\">telefono<\/a> o il modulo di <a aria-label=\"More information about:  Contact Us\" href=\"https:\/\/www.tournride.com\/it\/gestione-prenotazioni\/contact-us\/\" data-type=\"page\" data-id=\"2949\">contatto<\/a> disponibile sul nostro sito web.<\/p>\n\n\n\n<h3 class=\"wp-block-heading\" id=\"costo-del-servizio\"><strong>Costo del Servizio<\/strong><\/h3>\n\n\n\n<p>Il costo di questo servizio sar\u00e0 comunicato tramite il nostro sistema web durante il processo di prenotazione delle biciclette.<\/p>\n\n\n\n<h3 class=\"wp-block-heading\" id=\"informazioni-sul-bagaglio\"><strong>Informazioni sul Bagaglio<\/strong><\/h3>\n\n\n\n<p>\u00c8 fondamentale che le informazioni fornite sul numero di bagagli e sul peso totale stimato siano il pi\u00f9 precise possibile, arrotondate alla frazione di peso superiore.<\/p>\n\n\n\n<p>Per qualsiasi ulteriore domanda o assistenza, non esitate a contattare il nostro team di supporto.<\/p>\n\n\n\n<hr class=\"wp-block-separator has-alpha-channel-opacity\"\/>\n","protected":false},"excerpt":{"rendered":"<p>Trasferimento Bagagli &#8211; Condizioni d&#8217;Uso Questo documento stabilisce le condizioni per il trasferimento dei bagagli dei clienti di Tournride dal punto di partenza al punto di arrivo del Cammino di Santiago. Questo servizio \u00e8 progettato per permettere ai clienti di trasferire i loro oggetti pi\u00f9 necessari nelle loro borse, evitando cos\u00ec di trasportare bagagli pesanti [&hellip;]<\/p>\n","protected":false},"author":2,"featured_media":0,"parent":2940,"menu_order":119,"comment_status":"closed","ping_status":"closed","template":"","meta":{"rank_math_title":"Trasferimento Bagagli per il Cammino: Viaggia Leggero!","rank_math_description":"Goditi il Cammino di Santiago in bici senza preoccupazioni. Tournride offre un trasferimento bagagli sicuro e comodo. Viaggia leggero e libero!","rank_math_focus_keyword":"Trasferimento Bagagli","rank_math_canonical_url":"","rank_math_facebook_title":"","rank_math_facebook_description":"","rank_math_facebook_image":"","rank_math_twitter_title":"","rank_math_twitter_description":"","rank_math_twitter_image":"","rank_math_twitter_card_type":"","rank_math_twitter_use_facebook":"","rank_math_robots":["index"],"rank_math_advanced_robots":[],"_joinchat":[],"footnotes":""},"class_list":["post-2978","page","type-page","status-publish","hentry"],"_links":{"self":[{"href":"https:\/\/www.tournride.com\/it\/wp-json\/wp\/v2\/pages\/2978","targetHints":{"allow":["GET"]}}],"collection":[{"href":"https:\/\/www.tournride.com\/it\/wp-json\/wp\/v2\/pages"}],"about":[{"href":"https:\/\/www.tournride.com\/it\/wp-json\/wp\/v2\/types\/page"}],"author":[{"embeddable":true,"href":"https:\/\/www.tournride.com\/it\/wp-json\/wp\/v2\/users\/2"}],"replies":[{"embeddable":true,"href":"https:\/\/www.tournride.com\/it\/wp-json\/wp\/v2\/comments?post=2978"}],"version-history":[{"count":0,"href":"https:\/\/www.tournride.com\/it\/wp-json\/wp\/v2\/pages\/2978\/revisions"}],"up":[{"embeddable":true,"href":"https:\/\/www.tournride.com\/it\/wp-json\/wp\/v2\/pages\/2940"}],"wp:attachment":[{"href":"https:\/\/www.tournride.com\/it\/wp-json\/wp\/v2\/media?parent=2978"}],"curies":[{"name":"wp","href":"https:\/\/api.w.org\/{rel}","templated":true}]}}