{"id":29111,"date":"2025-02-10T12:51:20","date_gmt":"2025-02-10T11:51:20","guid":{"rendered":"https:\/\/www.tournride.com\/?page_id=29111"},"modified":"2025-12-20T10:33:00","modified_gmt":"2025-12-20T09:33:00","slug":"prenotare-bici-per-il-cammino-di-santiago","status":"publish","type":"page","link":"https:\/\/www.tournride.com\/it\/prenotare-bici-per-il-cammino-di-santiago\/","title":{"rendered":"Come Prenotare Bici su Tournride"},"content":{"rendered":"\n<h2 class=\"wp-block-heading\"><strong>Come Prenotare Biciclette per il Cammino di Santiago<\/strong><\/h2>\n\n\n\n<h3 class=\"wp-block-heading\">Guida Passo dopo Passo<\/h3>\n\n\n\n<div class=\"video-responsive-wrapper\">\n<iframe loading=\"lazy\" \n    class=\"cm_element\"\n    data-cmp-ab=\"2\"\n    data-cmp-vendor=\"s30\"\n    src=\"https:\/\/www.youtube-nocookie.com\/embed\/L6_txx85CFw?rel=0\" \n    width=\"560\" \n    height=\"315\" \n    frameborder=\"0\" \n    allow=\"autoplay; encrypted-media\" \n    allowfullscreen>\n<\/iframe>\n<\/div>\n<style>\n.cm_element {\nwidth: 100%;\n}\n<\/style>\n\n\n\n<p>In questo video, ti mostriamo in modo semplice e dettagliato come prenotare le tue biciclette su Tournride per la tua avventura sul Cammino. Dalla selezione del modello alla conferma della prenotazione, ogni passo \u00e8 spiegato per rendere la tua esperienza il pi\u00f9 confortevole possibile. Inoltre, abbiamo i sottotitoli nella tua lingua cos\u00ec non ti perdi nessun dettaglio. Preparati a goderti il Cammino su due ruote!<\/p>\n\n\n\n<div class=\"wp-block-buttons is-layout-flex wp-block-buttons-is-layout-flex\">\n<div class=\"wp-block-button has-custom-width wp-block-button__width-100\" id=\"boton_reservar_ya\"><a class=\"wp-block-button__link has-white-color has-text-color has-background has-link-color wp-element-button\" style=\"background:linear-gradient(135deg,rgb(48,129,245) 0%,rgb(48,142,197) 100%)\"><strong>Prenota ora!<\/strong><\/a><\/div>\n<\/div>\n\n\n\n<h2 class=\"wp-block-heading\"><strong>Hai bisogno di aiuto per completare la prenotazione?<\/strong><\/h2>\n\n\n\n<p>Abbiamo opzioni per tutti:<\/p>\n\n\n\n<ul class=\"wp-block-list has-medium-font-size\">\n<li class=\"has-medium-font-size\"><strong>\ud83d\udcac<\/strong> <a aria-label=\"Visit the  website for more information\" href=\"#joinchat\">Per quelli dell&#8217;ultimo minuto<\/a><\/li>\n\n\n\n<li class=\"has-medium-font-size\"><strong>\ud83d\udce7<\/strong> <a aria-label=\"More information about:  Info@tournride.com\" href=\"mailto:info@tournride.com?subject=Necesito informaci\u00f3n para mi Camino de Santiago en bici\">Per i pi\u00f9 previdenti<\/a><\/li>\n\n\n\n<li class=\"has-medium-font-size\"><strong>\ud83d\udcde<\/strong> <a aria-label=\"Visit the  website for more information\" href=\"tel:+34981936616\">Per chi ha bisogno di parlare con qualcuno<\/a><\/li>\n<\/ul>\n\n\n\n<h2 class=\"wp-block-heading\"><strong>Vantaggi di prenotare con Tournride<\/strong><\/h2>\n\n\n\n<ul class=\"wp-block-list\">\n<li class=\"has-medium-font-size\">\ud83d\udeb4\u200d\u2642\ufe0f Bici premium con manutenzione nella nostra officina<\/li>\n\n\n\n<li class=\"has-medium-font-size\">\ud83d\udedf Tournride Full Assistance<\/li>\n\n\n\n<li class=\"has-medium-font-size\">\ud83d\udcb8 Senza caparra<\/li>\n\n\n\n<li class=\"has-medium-font-size\">\ud83d\ude9a Consegna e ritiro in diversi punti<\/li>\n\n\n\n<li class=\"has-medium-font-size\">\ud83d\udee1\ufe0f Assicurazione di cancellazione<\/li>\n\n\n\n<li class=\"has-medium-font-size\">\ud83c\udf0d Assistenza in varie lingue<\/li>\n\n\n\n<li class=\"has-medium-font-size\">\ud83c\udfc6 Oltre 20 anni di esperienza<\/li>\n<\/ul>\n\n\n\n<h2 class=\"wp-block-heading\">\ud83c\udf1f I nostri clienti dicono la loro! Testimonianze reali \ud83c\udf1f<\/h2>\n\n\n\n<p>Non lo diciamo solo noi, i nostri pellegrini hanno storie incredibili da condividere! Qui hai alcune esperienze reali di persone che hanno vissuto l&#8217;avventura del Cammino di Santiago con le nostre biciclette:<\/p>\n\n\n\n<div id=\"contenedor_opiniones\"><\/div>\n<script>\n    (function checkDeps() {\n        if (typeof opiniones === 'function') {\n            const contenedor = document.getElementById('contenedor_opiniones');\n            opiniones(\"it\");\n        } else {\n            \/\/ Reintenta en 50ms si la dependencia a\u00fan no ha cargado\n            setTimeout(checkDeps, 50);\n        }\n    })();\n<\/script>\n\n\n\n<h2 class=\"wp-block-heading\"><strong>Vivi il Cammino attraverso le immagini<\/strong><\/h2>\n\n\n\n<figure class=\"wp-block-gallery has-nested-images columns-default is-cropped wp-block-gallery-1 is-layout-flex wp-block-gallery-is-layout-flex\">\n<figure class=\"wp-block-image size-large is-style-rounded\"><a href=\"https:\/\/www.tournride.com\/wp-content\/uploads\/2025\/07\/fotos-steven.jpg\"><img loading=\"lazy\" decoding=\"async\" width=\"765\" height=\"1020\" data-id=\"29493\" src=\"https:\/\/www.tournride.com\/wp-content\/uploads\/2025\/07\/fotos-steven.jpg\" alt=\"C\u00f3mo reservar bicicletas. Camino de Santiago\" class=\"wp-image-29493\" title=\"\" srcset=\"https:\/\/www.tournride.com\/wp-content\/uploads\/2025\/07\/fotos-steven.jpg 765w, https:\/\/www.tournride.com\/wp-content\/uploads\/2025\/07\/fotos-steven-225x300.jpg 225w\" sizes=\"auto, (max-width: 765px) 100vw, 765px\" \/><\/a><\/figure>\n\n\n\n<figure class=\"wp-block-image size-large is-style-default\"><a href=\"https:\/\/www.tournride.com\/wp-content\/uploads\/2025\/07\/foto_ivan.jpg\"><img loading=\"lazy\" decoding=\"async\" width=\"574\" height=\"1020\" data-id=\"29498\" src=\"https:\/\/www.tournride.com\/wp-content\/uploads\/2025\/07\/foto_ivan.jpg\" alt=\"prenotare bici per il cammino di santiago\" class=\"wp-image-29498\" title=\"\" srcset=\"https:\/\/www.tournride.com\/wp-content\/uploads\/2025\/07\/foto_ivan.jpg 574w, https:\/\/www.tournride.com\/wp-content\/uploads\/2025\/07\/foto_ivan-169x300.jpg 169w\" sizes=\"auto, (max-width: 574px) 100vw, 574px\" \/><\/a><\/figure>\n\n\n\n<figure class=\"wp-block-image size-large is-style-rounded\"><a href=\"https:\/\/www.tournride.com\/wp-content\/uploads\/2025\/07\/foto_steven_2.jpg\"><img loading=\"lazy\" decoding=\"async\" width=\"1024\" height=\"768\" data-id=\"29503\" src=\"https:\/\/www.tournride.com\/wp-content\/uploads\/2025\/07\/foto_steven_2-1024x768.jpg\" alt=\"\" class=\"wp-image-29503\" title=\"\" srcset=\"https:\/\/www.tournride.com\/wp-content\/uploads\/2025\/07\/foto_steven_2-1024x768.jpg 1024w, https:\/\/www.tournride.com\/wp-content\/uploads\/2025\/07\/foto_steven_2-300x225.jpg 300w, https:\/\/www.tournride.com\/wp-content\/uploads\/2025\/07\/foto_steven_2-768x576.jpg 768w, https:\/\/www.tournride.com\/wp-content\/uploads\/2025\/07\/foto_steven_2.jpg 1360w\" sizes=\"auto, (max-width: 1024px) 100vw, 1024px\" \/><\/a><\/figure>\n\n\n\n<figure class=\"wp-block-image size-large is-style-rounded\"><a href=\"https:\/\/www.tournride.com\/wp-content\/uploads\/2025\/07\/foto_elena.jpg\"><img loading=\"lazy\" decoding=\"async\" width=\"765\" height=\"1020\" data-id=\"29508\" src=\"https:\/\/www.tournride.com\/wp-content\/uploads\/2025\/07\/foto_elena.jpg\" alt=\"\" class=\"wp-image-29508\" title=\"\" srcset=\"https:\/\/www.tournride.com\/wp-content\/uploads\/2025\/07\/foto_elena.jpg 765w, https:\/\/www.tournride.com\/wp-content\/uploads\/2025\/07\/foto_elena-225x300.jpg 225w\" sizes=\"auto, (max-width: 765px) 100vw, 765px\" \/><\/a><\/figure>\n\n\n\n<figure class=\"wp-block-image size-large\"><a href=\"https:\/\/www.tournride.com\/wp-content\/uploads\/2025\/07\/foto_grupo.jpg\"><img loading=\"lazy\" decoding=\"async\" width=\"1024\" height=\"768\" data-id=\"29513\" src=\"https:\/\/www.tournride.com\/wp-content\/uploads\/2025\/07\/foto_grupo-1024x768.jpg\" alt=\"\" class=\"wp-image-29513\" title=\"\" srcset=\"https:\/\/www.tournride.com\/wp-content\/uploads\/2025\/07\/foto_grupo-1024x768.jpg 1024w, https:\/\/www.tournride.com\/wp-content\/uploads\/2025\/07\/foto_grupo-300x225.jpg 300w, https:\/\/www.tournride.com\/wp-content\/uploads\/2025\/07\/foto_grupo-768x576.jpg 768w, https:\/\/www.tournride.com\/wp-content\/uploads\/2025\/07\/foto_grupo.jpg 1360w\" sizes=\"auto, (max-width: 1024px) 100vw, 1024px\" \/><\/a><\/figure>\n\n\n\n<figure class=\"wp-block-image size-large is-style-rounded\"><a href=\"https:\/\/www.tournride.com\/wp-content\/uploads\/2025\/07\/foto_ana.jpg\"><img loading=\"lazy\" decoding=\"async\" width=\"765\" height=\"1020\" data-id=\"29518\" src=\"https:\/\/www.tournride.com\/wp-content\/uploads\/2025\/07\/foto_ana.jpg\" alt=\"\" class=\"wp-image-29518\" title=\"\" srcset=\"https:\/\/www.tournride.com\/wp-content\/uploads\/2025\/07\/foto_ana.jpg 765w, https:\/\/www.tournride.com\/wp-content\/uploads\/2025\/07\/foto_ana-225x300.jpg 225w\" sizes=\"auto, (max-width: 765px) 100vw, 765px\" \/><\/a><\/figure>\n\n\n\n<figure class=\"wp-block-image size-large is-style-default\"><a href=\"https:\/\/www.tournride.com\/wp-content\/uploads\/2025\/07\/foto_natalia.jpg\"><img loading=\"lazy\" decoding=\"async\" width=\"765\" height=\"1020\" data-id=\"29523\" src=\"https:\/\/www.tournride.com\/wp-content\/uploads\/2025\/07\/foto_natalia.jpg\" alt=\"\" class=\"wp-image-29523\" title=\"\" srcset=\"https:\/\/www.tournride.com\/wp-content\/uploads\/2025\/07\/foto_natalia.jpg 765w, https:\/\/www.tournride.com\/wp-content\/uploads\/2025\/07\/foto_natalia-225x300.jpg 225w\" sizes=\"auto, (max-width: 765px) 100vw, 765px\" \/><\/a><\/figure>\n\n\n\n<figure class=\"wp-block-image size-large is-style-rounded\"><a href=\"https:\/\/www.tournride.com\/wp-content\/uploads\/2025\/07\/foto_ana_2.jpg\"><img loading=\"lazy\" decoding=\"async\" width=\"765\" height=\"1020\" data-id=\"29528\" src=\"https:\/\/www.tournride.com\/wp-content\/uploads\/2025\/07\/foto_ana_2.jpg\" alt=\"\" class=\"wp-image-29528\" title=\"\" srcset=\"https:\/\/www.tournride.com\/wp-content\/uploads\/2025\/07\/foto_ana_2.jpg 765w, https:\/\/www.tournride.com\/wp-content\/uploads\/2025\/07\/foto_ana_2-225x300.jpg 225w\" sizes=\"auto, (max-width: 765px) 100vw, 765px\" \/><\/a><\/figure>\n\n\n\n<figure class=\"wp-block-image size-large is-style-default\"><a href=\"https:\/\/www.tournride.com\/wp-content\/uploads\/2025\/07\/foto_ana_3.jpg\"><img loading=\"lazy\" decoding=\"async\" width=\"765\" height=\"1020\" data-id=\"29533\" src=\"https:\/\/www.tournride.com\/wp-content\/uploads\/2025\/07\/foto_ana_3.jpg\" alt=\"\" class=\"wp-image-29533\" title=\"\" srcset=\"https:\/\/www.tournride.com\/wp-content\/uploads\/2025\/07\/foto_ana_3.jpg 765w, https:\/\/www.tournride.com\/wp-content\/uploads\/2025\/07\/foto_ana_3-225x300.jpg 225w\" sizes=\"auto, (max-width: 765px) 100vw, 765px\" \/><\/a><\/figure>\n\n\n\n<figure class=\"wp-block-image size-large is-style-rounded\"><a href=\"https:\/\/www.tournride.com\/wp-content\/uploads\/2025\/07\/foto_unk_1.jpg\"><img loading=\"lazy\" decoding=\"async\" width=\"1024\" height=\"768\" data-id=\"29538\" src=\"https:\/\/www.tournride.com\/wp-content\/uploads\/2025\/07\/foto_unk_1-1024x768.jpg\" alt=\"\" class=\"wp-image-29538\" title=\"\" srcset=\"https:\/\/www.tournride.com\/wp-content\/uploads\/2025\/07\/foto_unk_1-1024x768.jpg 1024w, https:\/\/www.tournride.com\/wp-content\/uploads\/2025\/07\/foto_unk_1-300x225.jpg 300w, https:\/\/www.tournride.com\/wp-content\/uploads\/2025\/07\/foto_unk_1-768x576.jpg 768w, https:\/\/www.tournride.com\/wp-content\/uploads\/2025\/07\/foto_unk_1.jpg 1360w\" sizes=\"auto, (max-width: 1024px) 100vw, 1024px\" \/><\/a><\/figure>\n\n\n\n<figure class=\"wp-block-image size-large\"><a href=\"https:\/\/www.tournride.com\/wp-content\/uploads\/2025\/07\/foto_grupo_2.jpg\"><img loading=\"lazy\" decoding=\"async\" width=\"1024\" height=\"768\" data-id=\"29543\" src=\"https:\/\/www.tournride.com\/wp-content\/uploads\/2025\/07\/foto_grupo_2-1024x768.jpg\" alt=\"\" class=\"wp-image-29543\" title=\"\" srcset=\"https:\/\/www.tournride.com\/wp-content\/uploads\/2025\/07\/foto_grupo_2-1024x768.jpg 1024w, https:\/\/www.tournride.com\/wp-content\/uploads\/2025\/07\/foto_grupo_2-300x225.jpg 300w, https:\/\/www.tournride.com\/wp-content\/uploads\/2025\/07\/foto_grupo_2-768x576.jpg 768w, https:\/\/www.tournride.com\/wp-content\/uploads\/2025\/07\/foto_grupo_2.jpg 1360w\" sizes=\"auto, (max-width: 1024px) 100vw, 1024px\" \/><\/a><\/figure>\n\n\n\n<figure class=\"wp-block-image size-large is-style-rounded\"><a href=\"https:\/\/www.tournride.com\/wp-content\/uploads\/2025\/07\/foto_unk_2.jpg\"><img loading=\"lazy\" decoding=\"async\" width=\"729\" height=\"693\" data-id=\"29548\" src=\"https:\/\/www.tournride.com\/wp-content\/uploads\/2025\/07\/foto_unk_2.jpg\" alt=\"\" class=\"wp-image-29548\" title=\"\" srcset=\"https:\/\/www.tournride.com\/wp-content\/uploads\/2025\/07\/foto_unk_2.jpg 729w, https:\/\/www.tournride.com\/wp-content\/uploads\/2025\/07\/foto_unk_2-300x285.jpg 300w\" sizes=\"auto, (max-width: 729px) 100vw, 729px\" \/><\/a><\/figure>\n\n\n\n<figure class=\"wp-block-image size-large is-style-default\"><a href=\"https:\/\/www.tournride.com\/wp-content\/uploads\/2025\/07\/foto_ivan_2.jpg\"><img loading=\"lazy\" decoding=\"async\" width=\"1024\" height=\"576\" data-id=\"29553\" src=\"https:\/\/www.tournride.com\/wp-content\/uploads\/2025\/07\/foto_ivan_2-1024x576.jpg\" alt=\"\" class=\"wp-image-29553\" title=\"\" srcset=\"https:\/\/www.tournride.com\/wp-content\/uploads\/2025\/07\/foto_ivan_2-1024x576.jpg 1024w, https:\/\/www.tournride.com\/wp-content\/uploads\/2025\/07\/foto_ivan_2-300x169.jpg 300w, https:\/\/www.tournride.com\/wp-content\/uploads\/2025\/07\/foto_ivan_2-768x432.jpg 768w, https:\/\/www.tournride.com\/wp-content\/uploads\/2025\/07\/foto_ivan_2.jpg 1360w\" sizes=\"auto, (max-width: 1024px) 100vw, 1024px\" \/><\/a><\/figure>\n\n\n\n<figure class=\"wp-block-image size-large is-style-rounded\"><a href=\"https:\/\/www.tournride.com\/wp-content\/uploads\/2025\/07\/foto_natalia_2.jpg\"><img loading=\"lazy\" decoding=\"async\" width=\"1024\" height=\"576\" data-id=\"29558\" src=\"https:\/\/www.tournride.com\/wp-content\/uploads\/2025\/07\/foto_natalia_2-1024x576.jpg\" alt=\"\" class=\"wp-image-29558\" title=\"\" srcset=\"https:\/\/www.tournride.com\/wp-content\/uploads\/2025\/07\/foto_natalia_2-1024x576.jpg 1024w, https:\/\/www.tournride.com\/wp-content\/uploads\/2025\/07\/foto_natalia_2-300x169.jpg 300w, https:\/\/www.tournride.com\/wp-content\/uploads\/2025\/07\/foto_natalia_2-768x432.jpg 768w, https:\/\/www.tournride.com\/wp-content\/uploads\/2025\/07\/foto_natalia_2.jpg 1360w\" sizes=\"auto, (max-width: 1024px) 100vw, 1024px\" \/><\/a><\/figure>\n\n\n\n<figure class=\"wp-block-image size-large is-style-default\"><a href=\"https:\/\/www.tournride.com\/wp-content\/uploads\/2025\/07\/foto_grupo_3.jpg\"><img loading=\"lazy\" decoding=\"async\" width=\"1024\" height=\"768\" data-id=\"29563\" src=\"https:\/\/www.tournride.com\/wp-content\/uploads\/2025\/07\/foto_grupo_3-1024x768.jpg\" alt=\"\" class=\"wp-image-29563\" title=\"\" srcset=\"https:\/\/www.tournride.com\/wp-content\/uploads\/2025\/07\/foto_grupo_3-1024x768.jpg 1024w, https:\/\/www.tournride.com\/wp-content\/uploads\/2025\/07\/foto_grupo_3-300x225.jpg 300w, https:\/\/www.tournride.com\/wp-content\/uploads\/2025\/07\/foto_grupo_3-768x576.jpg 768w, https:\/\/www.tournride.com\/wp-content\/uploads\/2025\/07\/foto_grupo_3.jpg 1360w\" sizes=\"auto, (max-width: 1024px) 100vw, 1024px\" \/><\/a><\/figure>\n\n\n\n<figure class=\"wp-block-image size-large is-style-rounded\"><a href=\"https:\/\/www.tournride.com\/wp-content\/uploads\/2025\/07\/foto_amanda.jpg\"><img loading=\"lazy\" decoding=\"async\" width=\"1024\" height=\"768\" data-id=\"29568\" src=\"https:\/\/www.tournride.com\/wp-content\/uploads\/2025\/07\/foto_amanda-1024x768.jpg\" alt=\"\" class=\"wp-image-29568\" title=\"\" srcset=\"https:\/\/www.tournride.com\/wp-content\/uploads\/2025\/07\/foto_amanda-1024x768.jpg 1024w, https:\/\/www.tournride.com\/wp-content\/uploads\/2025\/07\/foto_amanda-300x225.jpg 300w, https:\/\/www.tournride.com\/wp-content\/uploads\/2025\/07\/foto_amanda-768x576.jpg 768w, https:\/\/www.tournride.com\/wp-content\/uploads\/2025\/07\/foto_amanda.jpg 1360w\" sizes=\"auto, (max-width: 1024px) 100vw, 1024px\" \/><\/a><\/figure>\n\n\n\n<figure class=\"wp-block-image size-large\"><a href=\"https:\/\/www.tournride.com\/wp-content\/uploads\/2025\/07\/foto_antonio.jpg\"><img loading=\"lazy\" decoding=\"async\" width=\"765\" height=\"1020\" data-id=\"29573\" src=\"https:\/\/www.tournride.com\/wp-content\/uploads\/2025\/07\/foto_antonio.jpg\" alt=\"\" class=\"wp-image-29573\" title=\"\" srcset=\"https:\/\/www.tournride.com\/wp-content\/uploads\/2025\/07\/foto_antonio.jpg 765w, https:\/\/www.tournride.com\/wp-content\/uploads\/2025\/07\/foto_antonio-225x300.jpg 225w\" sizes=\"auto, (max-width: 765px) 100vw, 765px\" \/><\/a><\/figure>\n\n\n\n<figure class=\"wp-block-image size-large is-style-rounded\"><a href=\"https:\/\/www.tournride.com\/wp-content\/uploads\/2025\/07\/foto_rodrigo.jpg\"><img loading=\"lazy\" decoding=\"async\" width=\"1024\" height=\"768\" data-id=\"29578\" src=\"https:\/\/www.tournride.com\/wp-content\/uploads\/2025\/07\/foto_rodrigo-1024x768.jpg\" alt=\"\" class=\"wp-image-29578\" title=\"\" srcset=\"https:\/\/www.tournride.com\/wp-content\/uploads\/2025\/07\/foto_rodrigo-1024x768.jpg 1024w, https:\/\/www.tournride.com\/wp-content\/uploads\/2025\/07\/foto_rodrigo-300x225.jpg 300w, https:\/\/www.tournride.com\/wp-content\/uploads\/2025\/07\/foto_rodrigo-768x576.jpg 768w, https:\/\/www.tournride.com\/wp-content\/uploads\/2025\/07\/foto_rodrigo.jpg 1360w\" sizes=\"auto, (max-width: 1024px) 100vw, 1024px\" \/><\/a><\/figure>\n\n\n\n<figure class=\"wp-block-image size-large is-style-default\"><a href=\"https:\/\/www.tournride.com\/wp-content\/uploads\/2025\/07\/Foto-Geronimo.jpg\"><img loading=\"lazy\" decoding=\"async\" width=\"1024\" height=\"766\" data-id=\"29583\" src=\"https:\/\/www.tournride.com\/wp-content\/uploads\/2025\/07\/Foto-Geronimo-1024x766.jpg\" alt=\"\" class=\"wp-image-29583\" title=\"\" srcset=\"https:\/\/www.tournride.com\/wp-content\/uploads\/2025\/07\/Foto-Geronimo-1024x766.jpg 1024w, https:\/\/www.tournride.com\/wp-content\/uploads\/2025\/07\/Foto-Geronimo-300x224.jpg 300w, https:\/\/www.tournride.com\/wp-content\/uploads\/2025\/07\/Foto-Geronimo-768x574.jpg 768w, https:\/\/www.tournride.com\/wp-content\/uploads\/2025\/07\/Foto-Geronimo.jpg 1360w\" sizes=\"auto, (max-width: 1024px) 100vw, 1024px\" \/><\/a><\/figure>\n\n\n\n<figure class=\"wp-block-image size-large is-style-rounded\"><a href=\"https:\/\/www.tournride.com\/wp-content\/uploads\/2025\/07\/foto_sergio.jpg\"><img loading=\"lazy\" decoding=\"async\" width=\"1024\" height=\"768\" data-id=\"29588\" src=\"https:\/\/www.tournride.com\/wp-content\/uploads\/2025\/07\/foto_sergio-1024x768.jpg\" alt=\"\" class=\"wp-image-29588\" title=\"\" srcset=\"https:\/\/www.tournride.com\/wp-content\/uploads\/2025\/07\/foto_sergio-1024x768.jpg 1024w, https:\/\/www.tournride.com\/wp-content\/uploads\/2025\/07\/foto_sergio-300x225.jpg 300w, https:\/\/www.tournride.com\/wp-content\/uploads\/2025\/07\/foto_sergio-768x576.jpg 768w, https:\/\/www.tournride.com\/wp-content\/uploads\/2025\/07\/foto_sergio.jpg 1360w\" sizes=\"auto, (max-width: 1024px) 100vw, 1024px\" \/><\/a><\/figure>\n\n\n\n<figure class=\"wp-block-image size-large is-style-default\"><a href=\"https:\/\/www.tournride.com\/wp-content\/uploads\/2025\/07\/foto-Simone.jpg\"><img loading=\"lazy\" decoding=\"async\" width=\"765\" height=\"1020\" data-id=\"29593\" src=\"https:\/\/www.tournride.com\/wp-content\/uploads\/2025\/07\/foto-Simone.jpg\" alt=\"\" class=\"wp-image-29593\" title=\"\" srcset=\"https:\/\/www.tournride.com\/wp-content\/uploads\/2025\/07\/foto-Simone.jpg 765w, https:\/\/www.tournride.com\/wp-content\/uploads\/2025\/07\/foto-Simone-225x300.jpg 225w\" sizes=\"auto, (max-width: 765px) 100vw, 765px\" \/><\/a><\/figure>\n\n\n\n<figure class=\"wp-block-image size-large is-style-rounded\"><a href=\"https:\/\/www.tournride.com\/wp-content\/uploads\/2025\/07\/foto_natalia_3.jpg\"><img loading=\"lazy\" decoding=\"async\" width=\"1024\" height=\"576\" data-id=\"29598\" src=\"https:\/\/www.tournride.com\/wp-content\/uploads\/2025\/07\/foto_natalia_3-1024x576.jpg\" alt=\"\" class=\"wp-image-29598\" title=\"\" srcset=\"https:\/\/www.tournride.com\/wp-content\/uploads\/2025\/07\/foto_natalia_3-1024x576.jpg 1024w, https:\/\/www.tournride.com\/wp-content\/uploads\/2025\/07\/foto_natalia_3-300x169.jpg 300w, https:\/\/www.tournride.com\/wp-content\/uploads\/2025\/07\/foto_natalia_3-768x432.jpg 768w, https:\/\/www.tournride.com\/wp-content\/uploads\/2025\/07\/foto_natalia_3.jpg 1360w\" sizes=\"auto, (max-width: 1024px) 100vw, 1024px\" \/><\/a><\/figure>\n\n\n\n<figure class=\"wp-block-image size-large is-style-rounded\"><a href=\"https:\/\/www.tournride.com\/wp-content\/uploads\/2025\/07\/foto_grupo_4.jpg\"><img loading=\"lazy\" decoding=\"async\" width=\"1024\" height=\"768\" data-id=\"29603\" src=\"https:\/\/www.tournride.com\/wp-content\/uploads\/2025\/07\/foto_grupo_4-1024x768.jpg\" alt=\"\" class=\"wp-image-29603\" title=\"\" srcset=\"https:\/\/www.tournride.com\/wp-content\/uploads\/2025\/07\/foto_grupo_4-1024x768.jpg 1024w, https:\/\/www.tournride.com\/wp-content\/uploads\/2025\/07\/foto_grupo_4-300x225.jpg 300w, https:\/\/www.tournride.com\/wp-content\/uploads\/2025\/07\/foto_grupo_4-768x576.jpg 768w, https:\/\/www.tournride.com\/wp-content\/uploads\/2025\/07\/foto_grupo_4.jpg 1360w\" sizes=\"auto, (max-width: 1024px) 100vw, 1024px\" \/><\/a><\/figure>\n<\/figure>\n\n\n\n<h3 class=\"wp-block-heading\"><strong>Hai Bisogno di Pi\u00f9 Aiuto? Esplora Questi Collegamenti<\/strong><\/h3>\n\n\n\n<style>\n.fondo {\n\tdisplay: none;\n}\n.entry-content .cansubmitColors {\n\tbackground-color: #6496c8 !important\n}\n.container {\n\theight: unset!important;\n\tmargin-bottom: 2rem;\n}\n<\/style>\n<script type=\"application\/ld+json\">\n{\n  \"@context\": \"https:\/\/schema.org\",\n  \"@type\": \"VideoObject\",\n  \"name\": \" C\u00f3mo reservar en Tournride \",\n  \"description\": \"Video explicativo sobre c\u00f3mo reservar en Tournride\",\n  \"thumbnailUrl\": [\n    \"https:\/\/img.youtube.com\/vi\/L6_txx85CFw\/maxresdefault.jpg\"\n  ],\n  \"uploadDate\": \"2025-02-07\",\n  \"duration\": \"PT9M39S\", \n  \"contentUrl\": \"https:\/\/youtu.be\/L6_txx85CFw?si=E2sklk83U3ouvwQr\"\n}\n<\/script>\n","protected":false},"excerpt":{"rendered":"<p>Come Prenotare Biciclette per il Cammino di Santiago Guida Passo dopo Passo In questo video, ti mostriamo in modo semplice e dettagliato come prenotare le tue biciclette su Tournride per la tua avventura sul Cammino. Dalla selezione del modello alla conferma della prenotazione, ogni passo \u00e8 spiegato per rendere la tua esperienza il pi\u00f9 confortevole [&hellip;]<\/p>\n","protected":false},"author":2,"featured_media":0,"parent":0,"menu_order":0,"comment_status":"closed","ping_status":"closed","template":"reservar.php","meta":{"_joinchat":[],"footnotes":""},"class_list":["post-29111","page","type-page","status-publish","hentry"],"_links":{"self":[{"href":"https:\/\/www.tournride.com\/it\/wp-json\/wp\/v2\/pages\/29111","targetHints":{"allow":["GET"]}}],"collection":[{"href":"https:\/\/www.tournride.com\/it\/wp-json\/wp\/v2\/pages"}],"about":[{"href":"https:\/\/www.tournride.com\/it\/wp-json\/wp\/v2\/types\/page"}],"author":[{"embeddable":true,"href":"https:\/\/www.tournride.com\/it\/wp-json\/wp\/v2\/users\/2"}],"replies":[{"embeddable":true,"href":"https:\/\/www.tournride.com\/it\/wp-json\/wp\/v2\/comments?post=29111"}],"version-history":[{"count":6,"href":"https:\/\/www.tournride.com\/it\/wp-json\/wp\/v2\/pages\/29111\/revisions"}],"predecessor-version":[{"id":30627,"href":"https:\/\/www.tournride.com\/it\/wp-json\/wp\/v2\/pages\/29111\/revisions\/30627"}],"wp:attachment":[{"href":"https:\/\/www.tournride.com\/it\/wp-json\/wp\/v2\/media?parent=29111"}],"curies":[{"name":"wp","href":"https:\/\/api.w.org\/{rel}","templated":true}]}}