{"id":2887,"date":"2014-02-20T12:02:39","date_gmt":"2014-02-20T11:02:39","guid":{"rendered":"https:\/\/www.tournride.com\/avviso-legale\/"},"modified":"2025-02-25T10:45:13","modified_gmt":"2025-02-25T09:45:13","slug":"avviso-legale","status":"publish","type":"page","link":"https:\/\/www.tournride.com\/it\/informazione\/avviso-legale\/","title":{"rendered":"Avviso legale"},"content":{"rendered":"\n<h2 class=\"wp-block-heading\">Avviso Legale e Condizioni Generali d&#8217;Uso per il Sito Web di Tournride S.L.: www.tournride.com<\/h2>\n\n\n\n<p>Tournride S.L. (di seguito Tournride), con sede legale in Laverde Ruiz, 5 bajo, con CIF B70189816, fornisce determinati contenuti informativi sulle proprie attivit\u00e0 sul sito web www.tournride.com. Le presenti condizioni generali regolano esclusivamente l&#8217;uso del sito web di Tournride da parte degli UTENTI che vi accedono. Le presenti condizioni generali sono esposte all&#8217;UTENTE sul sito web www.tournride.com in ogni pagina e ogni volta che un UTENTE inserisce i propri dati nei moduli esistenti, affinch\u00e9 possa leggerle, stamparle, archiviarle e accettarle tramite internet. L&#8217;UTENTE non pu\u00f2 inserire effettivamente i propri dati senza accettare questi termini. Tournride S.L. \u00e8 iscritta al Registro Commerciale di Santiago de Compostela: Volume 31, Libro: 0, Foglio 193, Sezione: 8, Foglio: SC 44131, Iscrizione 0, Nota: 1 \/ Data 04\/12\/2008.<\/p>\n\n\n\n<p>L&#8217;accesso al sito web di Tournride implica l&#8217;accettazione incondizionata delle presenti condizioni generali d&#8217;uso, che l&#8217;UTENTE dichiara di comprendere integralmente. L&#8217;UTENTE si impegna a non utilizzare il sito web e i servizi offerti su di esso per attivit\u00e0 contrarie alla legge e a rispettare in ogni momento le presenti condizioni generali.<\/p>\n\n\n\n<h3 class=\"wp-block-heading\">PRIMO.- CONDIZIONI DI ACCESSO E USO<\/h3>\n\n\n\n<p>1.1.- L&#8217;utilizzo del sito web di Tournride non richiede la registrazione dell&#8217;UTENTE, salvo nel caso in cui l&#8217;UTENTE desideri utilizzare il database di articoli disponibile su www.tournride.com, dove \u00e8 necessario registrarsi compilando un modulo base. Questa sottoscrizione sar\u00e0 regolata da condizioni generali specifiche. Le condizioni di accesso e uso del presente sito web sono rigorosamente regolate dalla normativa vigente e dal principio di buona fede, impegnandosi l&#8217;UTENTE a un uso corretto del sito. Sono vietati tutti gli atti che violano la legalit\u00e0, i diritti o gli interessi di terzi: diritto alla privacy, protezione dei dati, propriet\u00e0 intellettuale, ecc. In particolare, Tournride vieta quanto segue:<\/p>\n\n\n\n<p>1.1.1.- Compiere azioni che possano causare qualsiasi tipo di danno ai sistemi di Tournride o a terzi attraverso il sito web o qualsiasi mezzo.<\/p>\n\n\n\n<p>1.1.2.- Effettuare qualsiasi tipo di pubblicit\u00e0 o informazione commerciale senza la dovuta autorizzazione, sia direttamente che in modo occulto, inviare e-mail di massa (&#8220;spam&#8221;) o inviare grandi messaggi per bloccare i server di rete (&#8220;mail bombing&#8221;).<\/p>\n\n\n\n<p>1.2.- Tournride pu\u00f2 interrompere in qualsiasi momento l&#8217;accesso al proprio sito web se rileva un uso contrario alla legalit\u00e0, alla buona fede o alle presenti condizioni generali &#8211; vedere la quinta clausola.<\/p>\n\n\n\n<h3 class=\"wp-block-heading\">SECONDO.- CONTENUTI<\/h3>\n\n\n\n<p>I contenuti incorporati in questo sito web sono stati creati e inclusi da:<\/p>\n\n\n\n<p>2.1.- Tournride utilizzando fonti interne ed esterne, quindi Tournride \u00e8 responsabile solo per i contenuti creati internamente. (In particolare, le schede &#8220;Biciclette, Accessori e Domande frequenti&#8221;). Tournride non \u00e8 responsabile per eventuali errori di contenuto nelle sezioni &#8220;Notizie&#8221; o &#8220;Blog&#8221;.<\/p>\n\n\n\n<p>2.2.- Tournride si riserva il diritto di modificare in qualsiasi momento i contenuti presenti sul proprio sito web.<\/p>\n\n\n\n<h3 class=\"wp-block-heading\">TERZO.- DIRITTI D&#8217;AUTORE E MARCHIO<\/h3>\n\n\n\n<p>Tournride \u00e8 un marchio registrato. \u00c8 vietato l&#8217;uso del marchio Tournride, compreso il nome e il logo, da parte di terzi senza il consenso espresso di Tournride. Tutti i diritti riservati. Inoltre, il sito web di Tournride &#8211; i contenuti propri, la programmazione e il design del sito web &#8211; \u00e8 pienamente protetto dai diritti d&#8217;autore, vietando espressamente qualsiasi riproduzione, comunicazione, distribuzione e trasformazione degli elementi protetti senza il consenso espresso di Tournride.<\/p>\n\n\n\n<h3 class=\"wp-block-heading\">QUARTO.- GIURISDIZIONE E LEGGE APPLICABILE<\/h3>\n\n\n\n<p>Le presenti condizioni generali sono regolate dalla legislazione spagnola. I tribunali di Santiago de Compostela sono competenti a risolvere qualsiasi controversia o conflitto derivante dalle presenti condizioni generali, con l&#8217;UTENTE che rinuncia espressamente a qualsiasi altro foro che possa corrispondergli.<\/p>\n\n\n\n<h3 class=\"wp-block-heading\">QUINTO.- NULLIT\u00c0<\/h3>\n\n\n\n<p>Se una qualsiasi clausola del presente documento viene dichiarata nulla, le restanti clausole rimarranno in vigore e saranno interpretate tenendo conto della volont\u00e0 delle parti e dello scopo stesso delle presenti condizioni. Tournride pu\u00f2 scegliere di non esercitare alcuno dei diritti e dei poteri conferiti nel presente documento, il che non implica una rinuncia a tali diritti salvo riconoscimento espresso da parte di Tournride.<\/p>\n\n\n\n<h3 class=\"wp-block-heading\">SESTO.- PROTEZIONE DEI DATI E PRIVACY<\/h3>\n\n\n\n<p>Tournride si impegna a proteggere la privacy dei propri utenti e a rispettare le normative vigenti in materia di protezione dei dati. Per ulteriori informazioni, consultare la nostra Politica sulla Privacy.<\/p>\n\n\n\n<h3 class=\"wp-block-heading\">SETTIMO.- POLITICA SUI COOKIE<\/h3>\n\n\n\n<p>Questo sito web utilizza i cookie per migliorare l&#8217;esperienza dell&#8217;utente. Per ulteriori informazioni sull&#8217;uso dei cookie, consultare la nostra Politica sui Cookie.<\/p>\n\n\n\n<h3 class=\"wp-block-heading\">OTTAVO.- LIMITAZIONE DI RESPONSABILIT\u00c0<\/h3>\n\n\n\n<p>Tournride non \u00e8 responsabile per eventuali danni o perdite che possano derivare dall&#8217;uso improprio dei contenuti del proprio sito web.<\/p>\n\n\n\n<h3 class=\"wp-block-heading\">NONO.- LINK A SITI DI TERZI<\/h3>\n\n\n\n<p>Il sito web di Tournride pu\u00f2 contenere link a siti web di terzi. Tournride non \u00e8 responsabile per i contenuti o le politiche sulla privacy di questi siti.<\/p>\n\n\n\n<h3 class=\"wp-block-heading\">DECIMO.- MODIFICHE ALL&#8217;AVVISO LEGALE<\/h3>\n\n\n\n<p>Tournride si riserva il diritto di modificare il presente avviso legale in qualsiasi momento. Si consiglia agli utenti di rivederlo periodicamente.<\/p>\n\n\n\n<h3 class=\"wp-block-heading\">UNDICESIMO.- CONTATTO<\/h3>\n\n\n\n<p>Per qualsiasi domanda o dubbio relativo all&#8217;avviso legale, gli utenti possono contattare Tournride tramite uno dei mezzi indicati nella sezione Contatti del sito web.<\/p>\n","protected":false},"excerpt":{"rendered":"<p>Avviso Legale e Condizioni Generali d&#8217;Uso per il Sito Web di Tournride S.L.: www.tournride.com Tournride S.L. (di seguito Tournride), con sede legale in Laverde Ruiz, 5 bajo, con CIF B70189816, fornisce determinati contenuti informativi sulle proprie attivit\u00e0 sul sito web www.tournride.com. Le presenti condizioni generali regolano esclusivamente l&#8217;uso del sito web di Tournride da parte [&hellip;]<\/p>\n","protected":false},"author":2,"featured_media":0,"parent":2937,"menu_order":103,"comment_status":"closed","ping_status":"closed","template":"","meta":{"rank_math_title":"","rank_math_description":"","rank_math_focus_keyword":"Avviso legale","rank_math_canonical_url":"","rank_math_facebook_title":"","rank_math_facebook_description":"","rank_math_facebook_image":"","rank_math_twitter_title":"","rank_math_twitter_description":"","rank_math_twitter_image":"","rank_math_twitter_card_type":"","rank_math_twitter_use_facebook":"","rank_math_robots":["index"],"rank_math_advanced_robots":[],"_joinchat":[],"footnotes":""},"class_list":["post-2887","page","type-page","status-publish","hentry"],"_links":{"self":[{"href":"https:\/\/www.tournride.com\/it\/wp-json\/wp\/v2\/pages\/2887","targetHints":{"allow":["GET"]}}],"collection":[{"href":"https:\/\/www.tournride.com\/it\/wp-json\/wp\/v2\/pages"}],"about":[{"href":"https:\/\/www.tournride.com\/it\/wp-json\/wp\/v2\/types\/page"}],"author":[{"embeddable":true,"href":"https:\/\/www.tournride.com\/it\/wp-json\/wp\/v2\/users\/2"}],"replies":[{"embeddable":true,"href":"https:\/\/www.tournride.com\/it\/wp-json\/wp\/v2\/comments?post=2887"}],"version-history":[{"count":1,"href":"https:\/\/www.tournride.com\/it\/wp-json\/wp\/v2\/pages\/2887\/revisions"}],"predecessor-version":[{"id":29407,"href":"https:\/\/www.tournride.com\/it\/wp-json\/wp\/v2\/pages\/2887\/revisions\/29407"}],"up":[{"embeddable":true,"href":"https:\/\/www.tournride.com\/it\/wp-json\/wp\/v2\/pages\/2937"}],"wp:attachment":[{"href":"https:\/\/www.tournride.com\/it\/wp-json\/wp\/v2\/media?parent=2887"}],"curies":[{"name":"wp","href":"https:\/\/api.w.org\/{rel}","templated":true}]}}