{"id":27994,"date":"2025-01-08T12:08:29","date_gmt":"2025-01-08T11:08:29","guid":{"rendered":"https:\/\/www.tournride.com\/?page_id=27994"},"modified":"2025-11-02T14:25:42","modified_gmt":"2025-11-02T13:25:42","slug":"assicurazione-di-cancellazione-tournride","status":"publish","type":"page","link":"https:\/\/www.tournride.com\/it\/gestione\/assicurazione-di-cancellazione-tournride\/","title":{"rendered":"Assicurazione di Cancellazione"},"content":{"rendered":"\n<div class=\"wp-block-rank-math-toc-block\" id=\"rank-math-toc\"><h2>Sommario<\/h2><nav><ul><li class=\"\"><a href=\"#senza-assicurazione-di-cancellazione-aggiuntiva\">Senza Assicurazione di Cancellazione Aggiuntiva<\/a><ul><li class=\"\"><a href=\"#diritto-al-rimborso\">Diritto al Rimborso<\/a><\/li><li class=\"\"><a href=\"#modifiche-alla-prenotazione\">Modifiche alla Prenotazione<\/a><\/li><li class=\"\"><a href=\"#contrattazione\">Contrattazione<\/a><\/li><\/ul><\/li><li class=\"\"><a href=\"#assicurazione-di-cancellazione-basic\">Assicurazione di Cancellazione Basic<\/a><ul><li class=\"\"><a href=\"#diritto-al-rimborso-1\">Diritto al Rimborso<\/a><\/li><li class=\"\"><a href=\"#modifiche-alla-prenotazione-2\">Modifiche alla Prenotazione<\/a><\/li><li class=\"\"><a href=\"#contrattazione-3\">Contrattazione<\/a><\/li><li class=\"\"><a href=\"#procedura-di-modifica-o-cancellazione\">Procedura di Modifica o Cancellazione<\/a><\/li><li class=\"\"><a href=\"#prezzo\">Prezzo<\/a><\/li><\/ul><\/li><li class=\"\"><a href=\"#assicurazione-di-cancellazione-plus\">Assicurazione di Cancellazione Plus<\/a><ul><li class=\"\"><a href=\"#diritto-al-rimborso-4\">Diritto al Rimborso<\/a><\/li><li class=\"\"><a href=\"#modifiche-alla-prenotazione-5\">Modifiche alla Prenotazione<\/a><\/li><li class=\"\"><a href=\"#garanzie-aggiuntive\">Garanzie Aggiuntive<\/a><\/li><li class=\"\"><a href=\"#contrattazione-6\">Contrattazione<\/a><\/li><li class=\"\"><a href=\"#procedura-di-modifica-o-cancellazione-7\">Procedura di Modifica o Cancellazione<\/a><\/li><li class=\"\"><a href=\"#prezzo-8\">Prezzo<\/a><\/li><\/ul><\/li><li class=\"\"><a href=\"#tabella-comparativa\">Tabella Comparativa<\/a><\/li><\/ul><\/nav><\/div>\n\n\n\n<p>Tournride mette a disposizione le seguenti modalit\u00e0 di assicurazione di cancellazione, destinate a complementare la politica di cancellazione riportata nelle <a aria-label=\"More information about:  General\" href=\"https:\/\/www.tournride.com\/it\/gestione-prenotazioni\/general\/\" data-type=\"page\" data-id=\"5870\">condizioni d&#8217;uso<\/a>.<\/p>\n\n\n\n<p>Viene esposta qui anche la politica di cancellazione standard, al fine di confrontare le caratteristiche.<\/p>\n\n\n\n<h2 class=\"wp-block-heading\" id=\"senza-assicurazione-di-cancellazione-aggiuntiva\"><strong><strong>Senza Assicurazione di Cancellazione Aggiuntiva<\/strong><\/strong><\/h2>\n\n\n\n<h3 class=\"wp-block-heading\" id=\"diritto-al-rimborso\"><strong><strong>Diritto al Rimborso<\/strong><\/strong><\/h3>\n\n\n\n<ul class=\"wp-block-list\">\n<li>Nel caso in cui la prenotazione sia stata pagata completamente, l&#8217;80% sar\u00e0 rimborsato purch\u00e9 la cancellazione della prenotazione venga comunicata almeno 20 giorni prima della data di inizio dell&#8217;attivit\u00e0 contrattata.<\/li>\n<\/ul>\n\n\n\n<h3 class=\"wp-block-heading\" id=\"modifiche-alla-prenotazione\"><strong><strong>Modifiche alla Prenotazione<\/strong><\/strong><\/h3>\n\n\n\n<p>Il limite per effettuare modifiche alla prenotazione \u00e8 di 20 giorni prima dell&#8217;inizio dell&#8217;attivit\u00e0 contrattata.<\/p>\n\n\n\n<h3 class=\"wp-block-heading\" id=\"contrattazione\"><strong><strong>Contrattazione<\/strong><\/strong><\/h3>\n\n\n\n<p>Questa politica di cancellazione sar\u00e0 l&#8217;opzione predefinita se non viene contrattata nessuna delle opzioni di Assicurazione di Cancellazione durante la creazione della prenotazione.<\/p>\n\n\n\n<h2 class=\"wp-block-heading\" id=\"assicurazione-di-cancellazione-basic\"><strong><strong>Assicurazione di Cancellazione Basic<\/strong><\/strong><\/h2>\n\n\n\n<h3 class=\"wp-block-heading\" id=\"diritto-al-rimborso-1\"><strong><strong>Diritto al Rimborso<\/strong><\/strong><\/h3>\n\n\n\n<ul class=\"wp-block-list\">\n<li>Purch\u00e9 la prenotazione sia stata pagata nella sua totalit\u00e0, rimborso del 100% dell&#8217;importo della prenotazione, anche se le biciclette sono gi\u00e0 state spedite, purch\u00e9 venga notificato almeno entro il giorno precedente l&#8217;inizio della prenotazione.<\/li>\n<\/ul>\n\n\n\n<h3 class=\"wp-block-heading\" id=\"modifiche-alla-prenotazione-2\"><strong><strong>Modifiche alla Prenotazione<\/strong><\/strong><\/h3>\n\n\n\n<p>Il limite per effettuare modifiche alla prenotazione \u00e8 di 3 giorni lavorativi prima dell&#8217;inizio della stessa.<\/p>\n\n\n\n<h3 class=\"wp-block-heading\" id=\"contrattazione-3\"><strong><strong>Contrattazione<\/strong><\/strong><\/h3>\n\n\n\n<p>L&#8217;Assicurazione di Cancellazione Basic deve essere contrattata durante il processo di creazione della prenotazione, esclusivamente online. Una volta confermata la prenotazione, non sar\u00e0 possibile includerla.<\/p>\n\n\n\n<h3 class=\"wp-block-heading\" id=\"procedura-di-modifica-o-cancellazione\"><strong><strong>Procedura di Modifica o Cancellazione<\/strong><\/strong><\/h3>\n\n\n\n<p>\u00c8 necessario inviare un&#8217;e-mail a <a aria-label=\"More information about:  Info@tournride.com\" href=\"mailto:info@tournride.com\">info@tournride.com<\/a>, notificando chiaramente la propria intenzione di:<\/p>\n\n\n\n<ul class=\"wp-block-list\">\n<li>Cancellare la prenotazione.<\/li>\n\n\n\n<li>Effettuare modifiche alla prenotazione.<\/li>\n<\/ul>\n\n\n\n<h3 class=\"wp-block-heading\" id=\"prezzo\"><strong><strong>Prezzo<\/strong><\/strong><\/h3>\n\n\n\n<p>L&#8217;importo dell&#8217;assicurazione di cancellazione \u00e8 il 7% dell&#8217;importo totale della prenotazione senza assicurazione. Questo importo non \u00e8 soggetto a rimborso di alcun tipo.<\/p>\n\n\n\n<h2 class=\"wp-block-heading\" id=\"assicurazione-di-cancellazione-plus\"><strong><strong>Assicurazione di Cancellazione Plus<\/strong><\/strong><\/h2>\n\n\n\n<h3 class=\"wp-block-heading\" id=\"diritto-al-rimborso-4\"><strong><strong>Diritto al Rimborso<\/strong><\/strong><\/h3>\n\n\n\n<ul class=\"wp-block-list\">\n<li>Purch\u00e9 la prenotazione sia stata pagata nella sua totalit\u00e0, rimborso del 100% dell&#8217;importo della prenotazione, anche se le biciclette sono gi\u00e0 state spedite, purch\u00e9 venga notificato almeno entro il giorno precedente l&#8217;inizio della prenotazione.<\/li>\n<\/ul>\n\n\n\n<h3 class=\"wp-block-heading\" id=\"modifiche-alla-prenotazione-5\"><strong><strong>Modifiche alla Prenotazione<\/strong><\/strong><\/h3>\n\n\n\n<p>Il limite per effettuare modifiche alla prenotazione \u00e8 di 3 giorni lavorativi prima dell&#8217;inizio della stessa.<\/p>\n\n\n\n<h3 class=\"wp-block-heading\" id=\"garanzie-aggiuntive\"><strong><strong>Garanzie Aggiuntive<\/strong><\/strong><\/h3>\n\n\n\n<ul class=\"wp-block-list\">\n<li>\u00c8 possibile cancellare in qualsiasi momento del noleggio. Il costo del ritorno\/rimpatrio delle biciclette e degli accessori sar\u00e0 a carico di Tournride. Il cliente si impegna a restituire il materiale nel luogo concordato con Tournride, che generalmente sar\u00e0:\n<ul class=\"wp-block-list\">\n<li>Il suo ultimo alloggio, purch\u00e9 questo non comporti un costo aggiuntivo. In caso di costo, questo sar\u00e0 sostenuto dal cliente.<\/li>\n\n\n\n<li>Un partner di Tournride.<\/li>\n\n\n\n<li>Un ufficio di una delle aziende di trasporto con cui lavora Tournride.<\/li>\n<\/ul>\n<\/li>\n<\/ul>\n\n\n\n<h3 class=\"wp-block-heading\" id=\"contrattazione-6\"><strong><strong>Contrattazione<\/strong><\/strong><\/h3>\n\n\n\n<p>L&#8217;Assicurazione di Cancellazione Plus deve essere contrattata durante il processo di creazione della prenotazione, esclusivamente online. Una volta confermata la prenotazione, non sar\u00e0 possibile includerla.<\/p>\n\n\n\n<h3 class=\"wp-block-heading\" id=\"procedura-di-modifica-o-cancellazione-7\"><strong><strong>Procedura di Modifica o Cancellazione<\/strong><\/strong><\/h3>\n\n\n\n<p>\u00c8 necessario inviare un&#8217;e-mail a <a aria-label=\"More information about:  Info@tournride.com\" href=\"mailto:info@tournride.com\">info@tournride.com<\/a>, notificando chiaramente la propria intenzione di:<\/p>\n\n\n\n<ul class=\"wp-block-list\">\n<li>Cancellare la prenotazione.<\/li>\n\n\n\n<li>Effettuare modifiche alla prenotazione.<\/li>\n\n\n\n<li>Desidera abbandonare lasciando tutto il materiale nel punto concordato per il ritiro.<\/li>\n<\/ul>\n\n\n\n<h3 class=\"wp-block-heading\" id=\"prezzo-8\"><strong><strong>Prezzo<\/strong><\/strong><\/h3>\n\n\n\n<p>L&#8217;importo dell&#8217;assicurazione di cancellazione \u00e8 il 12% dell&#8217;importo totale della prenotazione senza assicurazione. Questo importo non \u00e8 soggetto a rimborso di alcun tipo.<\/p>\n\n\n\n<h2 class=\"wp-block-heading\" id=\"tabella-comparativa\"><strong>Tabella Comparativa<\/strong><\/h2>\n\n\n\n<figure class=\"wp-block-table\"><table><tbody><tr><td><\/td><td class=\"has-text-align-center\" data-align=\"center\">Senza Assicurazione<\/td><td class=\"has-text-align-center\" data-align=\"center\">Cancellazione Basic<\/td><td class=\"has-text-align-center\" data-align=\"center\">Cancellazione Plus<\/td><\/tr><tr><td><strong><strong>Rimborso<\/strong><\/strong><\/td><td class=\"has-text-align-center\" data-align=\"center\">80%<\/td><td class=\"has-text-align-center\" data-align=\"center\">100%<\/td><td class=\"has-text-align-center\" data-align=\"center\">100%<\/td><\/tr><tr><td><strong><strong>Modifiche<\/strong><\/strong><\/td><td class=\"has-text-align-center\" data-align=\"center\">Fino a 20 giorni prima<\/td><td class=\"has-text-align-center\" data-align=\"center\">Fino a 3 giorni prima*<\/td><td class=\"has-text-align-center\" data-align=\"center\">Fino a 3 giorni prima*<\/td><\/tr><tr><td><strong><strong>Rimpatrio<\/strong><\/strong><\/td><td class=\"has-text-align-center\" data-align=\"center\">44 \u20ac\/bici<\/td><td class=\"has-text-align-center\" data-align=\"center\">44 \u20ac\/bici<\/td><td class=\"has-text-align-center\" data-align=\"center\">Gratis<\/td><\/tr><tr><td><strong><strong>Prezzo<\/strong><\/strong><\/td><td class=\"has-text-align-center\" data-align=\"center\">&#8212;&#8211;<\/td><td class=\"has-text-align-center\" data-align=\"center\">7% valore della prenotazione<\/td><td class=\"has-text-align-center\" data-align=\"center\">12% valore della prenotazione<\/td><\/tr><\/tbody><\/table><\/figure>\n\n\n\n<ul class=\"wp-block-list\">\n<li>*lavorativi<\/li>\n<\/ul>\n","protected":false},"excerpt":{"rendered":"<p>Tournride mette a disposizione le seguenti modalit\u00e0 di assicurazione di cancellazione, destinate a complementare la politica di cancellazione riportata nelle condizioni d&#8217;uso. Viene esposta qui anche la politica di cancellazione standard, al fine di confrontare le caratteristiche. Senza Assicurazione di Cancellazione Aggiuntiva Diritto al Rimborso Modifiche alla Prenotazione Il limite per effettuare modifiche alla prenotazione [&hellip;]<\/p>\n","protected":false},"author":2,"featured_media":0,"parent":2940,"menu_order":0,"comment_status":"closed","ping_status":"closed","template":"","meta":{"rank_math_title":"Assicurazione di Cancellazione | Tournride","rank_math_description":"Scopri le condizioni di cancellazione di Tournride. Opzioni di Assicurazione di Cancellazione per garantire la massima flessibilit\u00e0 e sicurezza.","rank_math_focus_keyword":"Assicurazione di Cancellazione","rank_math_canonical_url":"","rank_math_facebook_title":"","rank_math_facebook_description":"","rank_math_facebook_image":"","rank_math_twitter_title":"","rank_math_twitter_description":"","rank_math_twitter_image":"","rank_math_twitter_card_type":"","rank_math_twitter_use_facebook":"","rank_math_robots":[],"rank_math_advanced_robots":[],"_joinchat":[],"footnotes":""},"class_list":["post-27994","page","type-page","status-publish","hentry"],"_links":{"self":[{"href":"https:\/\/www.tournride.com\/it\/wp-json\/wp\/v2\/pages\/27994","targetHints":{"allow":["GET"]}}],"collection":[{"href":"https:\/\/www.tournride.com\/it\/wp-json\/wp\/v2\/pages"}],"about":[{"href":"https:\/\/www.tournride.com\/it\/wp-json\/wp\/v2\/types\/page"}],"author":[{"embeddable":true,"href":"https:\/\/www.tournride.com\/it\/wp-json\/wp\/v2\/users\/2"}],"replies":[{"embeddable":true,"href":"https:\/\/www.tournride.com\/it\/wp-json\/wp\/v2\/comments?post=27994"}],"version-history":[{"count":1,"href":"https:\/\/www.tournride.com\/it\/wp-json\/wp\/v2\/pages\/27994\/revisions"}],"predecessor-version":[{"id":30384,"href":"https:\/\/www.tournride.com\/it\/wp-json\/wp\/v2\/pages\/27994\/revisions\/30384"}],"up":[{"embeddable":true,"href":"https:\/\/www.tournride.com\/it\/wp-json\/wp\/v2\/pages\/2940"}],"wp:attachment":[{"href":"https:\/\/www.tournride.com\/it\/wp-json\/wp\/v2\/media?parent=27994"}],"curies":[{"name":"wp","href":"https:\/\/api.w.org\/{rel}","templated":true}]}}