{"id":5998,"date":"2024-04-01T10:37:32","date_gmt":"2024-04-01T09:37:32","guid":{"rendered":"https:\/\/www.tournride.com\/?page_id=5998"},"modified":"2026-04-25T09:54:23","modified_gmt":"2026-04-25T08:54:23","slug":"listado-de-precios","status":"publish","type":"page","link":"https:\/\/www.tournride.com\/es\/listado-de-precios\/","title":{"rendered":"Listado de precios"},"content":{"rendered":"\n<p><em>\u00daltima modificaci\u00f3n: enero de 2025.<\/em><\/p>\n\n\n\n<h2 class=\"wp-block-heading\" id=\"h-servicios-extras\"><strong>Servicios extras<\/strong><\/h2>\n\n\n\n<p>Estos servicios se pueden a\u00f1adir por e-mail a la hora de reservar.<\/p>\n\n\n\n<ul class=\"wp-block-list\">\n<li>Env\u00edo urgente bicicleta 24h 100 \u20ac por bici<\/li>\n\n\n\n<li>Env\u00edo de paquetes de objetos olvidados con peso inferior a 10Kg. 15 \u20ac por cada 10Kg.<\/li>\n\n\n\n<li>Portabotellas extra: 2\u20ac\/bici en caso de que la talla lo admita.<\/li>\n\n\n\n<li>Potencia ajustable: 5\u20ac\/bici en caso de que el modelo lo admita.<\/li>\n<\/ul>\n\n\n\n<h2 class=\"wp-block-heading\" id=\"h-kit-de-herramientas-y-complementos\"><strong>Kit de herramientas y complementos<\/strong><\/h2>\n\n\n\n<p>Estos precios se aplicar\u00e1n cuando a la hora de devolver el material falte alguno de estos elementos. Si alguno no estuviese en la lista se presupuestar\u00e1 in situ. Recomendamos que tengan localizado todo el material a devolver antes de su llegada.<\/p>\n\n\n\n<ul class=\"wp-block-list\">\n<li>Kit completo 60 \u20ac.<\/li>\n\n\n\n<li>Llave multifunci\u00f3n 30 \u20ac.<\/li>\n\n\n\n<li>Bomba de aire 15 \u20ac.<\/li>\n\n\n\n<li>Desmontables (el par o uno) 5 \u20ac.<\/li>\n\n\n\n<li>Llave de 15mm para pedales 10 \u20ac.<\/li>\n\n\n\n<li>Candado 5 \u20ac.<\/li>\n\n\n\n<li>Casco 25 \u20ac.<\/li>\n\n\n\n<li>Alforjas 25 \u20ac.<\/li>\n\n\n\n<li>Alforjas Ortlieb 60 \u20ac.<\/li>\n\n\n\n<li>Bolsa de manillar 40 \u20ac.<\/li>\n\n\n\n<li>Portam\u00f3vil 12 \u20ac<\/li>\n\n\n\n<li>Portaequipajes (rotura o abandono) 45 \u20ac.<\/li>\n\n\n\n<li>Tap\u00f3n horquila RockShox RS30 o Recon RL 10 \u20ac.<\/li>\n\n\n\n<li>Portabotellas (rotura o abandono) 10 \u20ac.<\/li>\n<\/ul>\n\n\n\n<h2 class=\"wp-block-heading\" id=\"h-penalizaciones\"><strong>Penalizaciones<\/strong><\/h2>\n\n\n\n<p>Las siguientes penalizaciones se aplicar\u00e1n sin excepci\u00f3n, pues las consideramos abusos del servicio.<\/p>\n\n\n\n<ul class=\"wp-block-list\">\n<li>Devoluci\u00f3n fuera de plazo sin aviso previo 20 \u20ac por d\u00eda y bici como recargo adicional al precio del alquiler para esos d\u00edas.<\/li>\n\n\n\n<li>Por cambios en el lugar de devoluci\u00f3n de las bicicletas fuera del plazo estipulado (3 d\u00edas laborables), 10 \u20ac por bicicleta, adem\u00e1s de la diferencia del coste de transporte si la hubiese.<\/li>\n<\/ul>\n","protected":false},"excerpt":{"rendered":"<p>\u00daltima modificaci\u00f3n: enero de 2025. Servicios extras Estos servicios se pueden a\u00f1adir por e-mail a la hora de reservar. Kit de herramientas y complementos Estos precios se aplicar\u00e1n cuando a la hora de devolver el material falte alguno de estos elementos. Si alguno no estuviese en la lista se presupuestar\u00e1 in situ. Recomendamos que tengan [&hellip;]<\/p>\n","protected":false},"author":2,"featured_media":0,"parent":0,"menu_order":0,"comment_status":"closed","ping_status":"closed","template":"","meta":{"rank_math_title":"Listado de precios | Tournride","rank_math_description":"Este listado de precios se aplicar\u00e1 cuando a la hora de devolver el material falte alguno de estos elementos.","rank_math_focus_keyword":"Listado de precios","rank_math_canonical_url":"","rank_math_facebook_title":"","rank_math_facebook_description":"","rank_math_facebook_image":"","rank_math_twitter_title":"","rank_math_twitter_description":"","rank_math_twitter_image":"","rank_math_twitter_card_type":"","rank_math_twitter_use_facebook":"","rank_math_robots":[],"rank_math_advanced_robots":[],"_joinchat":[],"footnotes":""},"class_list":["post-5998","page","type-page","status-publish","hentry"],"_links":{"self":[{"href":"https:\/\/www.tournride.com\/es\/wp-json\/wp\/v2\/pages\/5998","targetHints":{"allow":["GET"]}}],"collection":[{"href":"https:\/\/www.tournride.com\/es\/wp-json\/wp\/v2\/pages"}],"about":[{"href":"https:\/\/www.tournride.com\/es\/wp-json\/wp\/v2\/types\/page"}],"author":[{"embeddable":true,"href":"https:\/\/www.tournride.com\/es\/wp-json\/wp\/v2\/users\/2"}],"replies":[{"embeddable":true,"href":"https:\/\/www.tournride.com\/es\/wp-json\/wp\/v2\/comments?post=5998"}],"version-history":[{"count":1,"href":"https:\/\/www.tournride.com\/es\/wp-json\/wp\/v2\/pages\/5998\/revisions"}],"predecessor-version":[{"id":32607,"href":"https:\/\/www.tournride.com\/es\/wp-json\/wp\/v2\/pages\/5998\/revisions\/32607"}],"wp:attachment":[{"href":"https:\/\/www.tournride.com\/es\/wp-json\/wp\/v2\/media?parent=5998"}],"curies":[{"name":"wp","href":"https:\/\/api.w.org\/{rel}","templated":true}]}}