{"id":3265,"date":"2018-03-21T14:03:31","date_gmt":"2018-03-21T13:03:31","guid":{"rendered":"https:\/\/www.tournride.com\/?page_id=3265"},"modified":"2025-02-23T10:34:17","modified_gmt":"2025-02-23T09:34:17","slug":"elegir-tournride","status":"publish","type":"page","link":"https:\/\/www.tournride.com\/es\/informacion\/elegir-tournride\/","title":{"rendered":"3 razones para elegir Tournride"},"content":{"rendered":"\n<div class=\"wp-block-rank-math-toc-block\" id=\"rank-math-toc\"><h2>\u00cdndice<\/h2><nav><ul><li class=\"\"><a href=\"es\/informacion\/elegir-tournride#por-que-elegir-tournride-para-tu-camino-de-santiago-en-bicicleta\">\u00bfPor qu\u00e9 elegir Tournride para tu Camino en bici?<\/a><ul><li class=\"\"><a href=\"es\/informacion\/elegir-tournride#1-comodidad-y-conveniencia\">1. Comodidad y Conveniencia al m\u00e1ximo<\/a><\/li><li class=\"\"><a href=\"es\/informacion\/elegir-tournride#2-ahorro-economico\">2. Ahorra dinero y evita sorpresas<\/a><\/li><li class=\"\"><a href=\"es\/informacion\/elegir-tournride#3-seguridad-y-garantias-tournride-full-assistance\">3. Seguridad y Garant\u00edas: Tournride Full Assistance<\/a><ul><li class=\"\"><a href=\"es\/informacion\/elegir-tournride#como-activar-tournride-full-assistance\">\u00bfC\u00f3mo activar Tournride Full Assistance?<\/a><\/li><\/ul><\/li><li class=\"\"><a href=\"es\/informacion\/elegir-tournride#aun-prefieres-usar-tu-propia-bicicleta\">\u00bfA\u00fan prefieres usar tu propia bicicleta?<\/a><\/li><li class=\"\"><a href=\"es\/informacion\/elegir-tournride#reserva-ahora-y-vive-el-camino-de-santiago-sin-preocupaciones\">Reserva ahora y vive el Camino de Santiago sin preocupaciones<\/a><\/li><li class=\"\"><a href=\"es\/informacion\/elegir-tournride#preguntas-frecuentes\">Preguntas frecuentes<\/a><\/li><\/ul><\/li><\/ul><\/nav><\/div>\n\n\n\n<h2 class=\"wp-block-heading\" id=\"por-que-elegir-tournride-para-tu-camino-de-santiago-en-bicicleta\"><strong>\u00bfPor qu\u00e9 elegir Tournride para tu Camino en bici?<\/strong><\/h2>\n\n\n\n<p>El Camino de Santiago es una de las experiencias m\u00e1s enriquecedoras que puedes vivir, y hacerlo en bicicleta a\u00f1ade un toque de aventura y emoci\u00f3n que no tiene comparaci\u00f3n. Sin embargo, planificar este viaje puede ser abrumador, especialmente si te preocupan los detalles log\u00edsticos. En <strong>Tournride<\/strong>, nos encargamos de todo para que t\u00fa solo te preocupes por disfrutar al m\u00e1ximo. Aqu\u00ed te explicamos por qu\u00e9 somos tu mejor aliado en esta aventura.<\/p>\n\n\n\n<h3 class=\"wp-block-heading\" id=\"1-comodidad-y-conveniencia\"><strong><strong>1. Comodidad y Conveniencia al m\u00e1ximo<\/strong><\/strong><\/h3>\n\n\n\n<p>Uno de los mayores desaf\u00edos de hacer el Camino de Santiago en bicicleta es la log\u00edstica. \u00bfC\u00f3mo llevar tu bicicleta al punto de inicio? \u00bfQu\u00e9 hacer con ella al finalizar? Con <strong>Tournride<\/strong>, todas estas preocupaciones desaparecen.<\/p>\n\n\n\n<ul class=\"wp-block-list\">\n<li><strong>Bicicletas listas en tu alojamiento<\/strong>: Nos encargamos de entregar la bicicleta el d\u00eda antes de que comiences tu ruta, directamente en el lugar donde te alojes. Solo tienes que indicarnos la direcci\u00f3n y nosotros nos ocupamos del resto.<\/li>\n\n\n\n<li><strong>Recogida sin complicaciones<\/strong>: Al finalizar tu aventura en Santiago de Compostela, simplemente deja la bicicleta en tu alojamiento. Nosotros la recogeremos sin que tengas que hacer ning\u00fan esfuerzo adicional.<\/li>\n\n\n\n<li><strong>Visita nuestra tienda<\/strong>: Si prefieres, puedes entregar la bicicleta en nuestra tienda de Santiago. As\u00ed evitar\u00e1s recargos y tendr\u00e1s la oportunidad de conocer a nuestro equipo, que estar\u00e1 encantado de escuchar tus experiencias en el Camino.<\/li>\n<\/ul>\n\n\n\n<p>Con <strong>Tournride<\/strong>, todo est\u00e1 pensado para que tu experiencia sea lo m\u00e1s c\u00f3moda y sencilla posible.<\/p>\n\n\n\n<h3 class=\"wp-block-heading\" id=\"2-ahorro-economico\"><strong><strong>2. Ahorra dinero y evita sorpresas<\/strong><\/strong><\/h3>\n\n\n\n<p>El <a aria-label=\"Visitar el sitio web de Es.wikipedia para m\u00e1s informaci\u00f3n\" href=\"https:\/\/es.wikipedia.org\/wiki\/Camino_de_Santiago\" target=\"_blank\" rel=\"noopener\">Camino de Santiago<\/a> es una experiencia incre\u00edble, pero tambi\u00e9n puede ser exigente para las bicicletas. Los terrenos variados, los kil\u00f3metros recorridos y las condiciones clim\u00e1ticas pueden pasar factura a tu equipo. Con el alquiler de bicicletas de <strong>Tournride<\/strong>, no tendr\u00e1s que preocuparte por gastos inesperados:<\/p>\n\n\n\n<ul class=\"wp-block-list\">\n<li><strong><a aria-label=\"M\u00e1s informaci\u00f3n sobre:  Bicicletas\" href=\"https:\/\/www.tournride.com\/es\/alquiler-de-bicicletas-camino-de-santiago\/\" data-type=\"page\" data-id=\"2912\">Bicicletas<\/a> de alta calidad<\/strong>: Nuestras bicicletas son de gama media o alta, dise\u00f1adas espec\u00edficamente para resistir las exigencias del Camino. Est\u00e1n preparadas para ofrecerte el mejor rendimiento en todo tipo de terrenos.<\/li>\n\n\n\n<li><strong>Sin costes adicionales<\/strong>: Hemos calculado que los desperfectos que puede sufrir una bicicleta durante el Camino pueden superar ampliamente los 100 \u20ac, sin contar los gastos de log\u00edstica y transporte. Con nosotros, todo est\u00e1 incluido en el precio.<\/li>\n\n\n\n<li><strong>Asistencia integral<\/strong>: Nuestro <a aria-label=\"M\u00e1s informaci\u00f3n sobre:  Nuestro Seguro Tournride Full Assistance\" href=\"https:\/\/www.tournride.com\/es\/gestion-de-reservas\/nuestro-seguro-tournride-full-assistance\/\" data-type=\"page\" data-id=\"3488\">Tournride Full Assistance<\/a> no solo te ofrece una bicicleta de calidad, sino tambi\u00e9n la tranquilidad de saber que est\u00e1s respaldado por un equipo de expertos durante toda tu ruta.<\/li>\n<\/ul>\n\n\n\n<p>Adem\u00e1s, al elegir <strong>Tournride<\/strong>, evitas el desgaste de tu propia bicicleta, lo que se traduce en un ahorro a largo plazo.<\/p>\n\n\n\n<h3 class=\"wp-block-heading\" id=\"3-seguridad-y-garantias-tournride-full-assistance\"><strong>3. Seguridad y Garant\u00edas: Tournride Full Assistance<\/strong><\/h3>\n\n\n\n<p>Tu seguridad es nuestra prioridad. Sabemos que, durante una aventura como el Camino de Santiago, pueden surgir imprevistos. Por eso, ofrecemos <strong><a aria-label=\"M\u00e1s informaci\u00f3n sobre:  Nuestro Seguro Tournride Full Assistance\" href=\"https:\/\/www.tournride.com\/es\/gestion-de-reservas\/nuestro-seguro-tournride-full-assistance\/\" data-type=\"page\" data-id=\"3488\">Tournride Full Assistance<\/a><\/strong>, un servicio que te brinda asistencia completa durante toda tu ruta:<\/p>\n\n\n\n<figure class=\"wp-block-image alignright size-medium is-resized\"><a href=\"https:\/\/www.tournride.com\/wp-content\/uploads\/2018\/05\/logo-complelto.png\"><img decoding=\"async\" src=\"https:\/\/www.tournride.com\/wp-content\/uploads\/2018\/05\/logo-complelto-300x112.png\" alt=\"Tournride Full Assistance. Elegir Tournride. Alquiler de bicicletas. Camino en bici\n\" class=\"wp-image-4722\" style=\"width:314px;height:auto\" title=\"\"><\/a><\/figure>\n\n\n\n<ul class=\"wp-block-list\">\n<li><strong>Asistencia<\/strong>: Disponible en 4 idiomas. No importa cu\u00e1ndo ni d\u00f3nde ocurra el problema, siempre habr\u00e1 alguien para ayudarte.<\/li>\n\n\n\n<li><strong>Soluci\u00f3n r\u00e1pida ante imprevistos<\/strong>: Si tienes un percance, te enviamos en taxi al taller m\u00e1s cercano para que puedas continuar tu ruta lo antes posible.<\/li>\n\n\n\n<li><strong>Reparaciones cubiertas<\/strong>: Nos hacemos cargo de los costes de reparaci\u00f3n. Si el taller no es colaborador, te reembolsamos el importe \u00edntegro con solo presentar el recibo.<\/li>\n\n\n\n<li><strong>Bicicletas preparadas<\/strong>: Cada bicicleta pasa por un doble chequeo antes de ser entregada y cuenta con sistemas anti pinchazos para mayor tranquilidad.<\/li>\n<\/ul>\n\n\n\n<p>Con <strong>Tournride Full Assistance<\/strong>, puedes estar seguro de que, pase lo que pase, estar\u00e1s respaldado por un equipo de profesionales que velar\u00e1 por tu seguridad y comodidad.<\/p>\n\n\n\n<h4 class=\"wp-block-heading\" id=\"como-activar-tournride-full-assistance\"><strong>\u00bfC\u00f3mo activar Tournride Full Assistance?<\/strong><\/h4>\n\n\n\n<p>Activar este servicio es muy sencillo:<\/p>\n\n\n\n<ul start=\"1\" class=\"wp-block-list\">\n<li>Selecciona tu trayecto, bicicleta y accesorios en nuestro sitio web.<\/li>\n\n\n\n<li>En el paso 3 del proceso de reserva, elige el servicio <strong><a aria-label=\"M\u00e1s informaci\u00f3n sobre:  Nuestro Seguro Tournride Full Assistance\" href=\"https:\/\/www.tournride.com\/es\/gestion-de-reservas\/nuestro-seguro-tournride-full-assistance\/\" data-type=\"page\" data-id=\"3488\">Tournride Full Assistance<\/a><\/strong>.<\/li>\n\n\n\n<li>\u00a1Listo! El servicio se activa para todas las bicicletas incluidas en tu reserva.<\/li>\n<\/ul>\n\n\n\n<h3 class=\"wp-block-heading\" id=\"aun-prefieres-usar-tu-propia-bicicleta\"><strong>\u00bfA\u00fan prefieres usar tu propia bicicleta?<\/strong><\/h3>\n\n\n\n<p>Si decides llevar tu propia bicicleta, entendemos que puede ser por un tema de comodidad o preferencia personal. Para facilitarte el viaje de regreso, ofrecemos cajas de embalaje por solo <strong>15 \u20ac<\/strong> (sujeto a disponibilidad). As\u00ed, podr\u00e1s transportar tu bicicleta de manera segura y sin complicaciones.<\/p>\n\n\n\n<h3 class=\"wp-block-heading\" id=\"reserva-ahora-y-vive-el-camino-de-santiago-sin-preocupaciones\"><strong>Reserva ahora y vive el Camino de Santiago sin preocupaciones<\/strong><\/h3>\n\n\n\n<p>El Camino de Santiago es una experiencia que cambia vidas, y hacerlo en bicicleta a\u00f1ade un nivel de aventura y libertad incomparable. Con <strong>Tournride<\/strong>, no tienes que preocuparte por los detalles log\u00edsticos. Nos encargamos de todo para que t\u00fa solo te centres en disfrutar del paisaje, la cultura y la sensaci\u00f3n de logro que supone completar esta ruta milenaria.<\/p>\n\n\n\n<p><strong>Enlaces \u00fatiles:<\/strong><\/p>\n\n\n\n<ul class=\"wp-block-list\">\n<li><a aria-label=\"M\u00e1s informaci\u00f3n sobre:  Como Reservar Bicicletas na Tournride\" href=\"https:\/\/www.tournride.com\/es\/como-reservar-bicicletas\/\" data-type=\"page\" data-id=\"29080\">\u00bfC\u00f3mo reservar tus bicis online?<\/a><\/li>\n\n\n\n<li><a aria-label=\"M\u00e1s informaci\u00f3n sobre:  Reservar Una Bicicleta Para El Camino\" href=\"https:\/\/www.tournride.com\/es\/informacion\/reservar-una-bicicleta-para-el-camino\/\" data-type=\"page\" data-id=\"28827\">\u00bfCu\u00e1ndo reservar tus bicis?<\/a><\/li>\n\n\n\n<li><a aria-label=\"M\u00e1s informaci\u00f3n sobre:  Bicicleta El\u00e9ctrica vs. Bicicleta Tradicional\" href=\"https:\/\/www.tournride.com\/es\/ventajas-de-alquilar-una-bicicleta-electrica\/\" data-type=\"post\" data-id=\"28942\">\u00bfAlquiler de ebike o bici tradicional?<\/a><\/li>\n\n\n\n<li><a aria-label=\"M\u00e1s informaci\u00f3n sobre:  Nuestro Seguro Tournride Full Assistance\" href=\"https:\/\/www.tournride.com\/es\/gestion-de-reservas\/nuestro-seguro-tournride-full-assistance\/\" data-type=\"page\" data-id=\"3488\">M\u00e1s informaci\u00f3n sobre Tournride Full Assistance<\/a><\/li>\n\n\n\n<li><a aria-label=\"M\u00e1s informaci\u00f3n sobre:  Bicicletas\" href=\"https:\/\/www.tournride.com\/es\/alquiler-de-bicicletas-camino-de-santiago\/\" data-type=\"page\" data-id=\"2912\">Conoce nuestras bicicletas<\/a><\/li>\n\n\n\n<li><a aria-label=\"M\u00e1s informaci\u00f3n sobre:  Accesorios\" href=\"https:\/\/www.tournride.com\/es\/accesorios\/\" data-type=\"page\" data-id=\"2915\">Conoce nuestros accesorios<\/a><\/li>\n<\/ul>\n\n\n\n<p><strong>Tournride<\/strong> es tu compa\u00f1ero de confianza en el Camino de Santiago. \u00a1Pedalea sin l\u00edmites y vive una aventura que recordar\u00e1s para siempre! \ud83d\udeb4\u200d\u2642\ufe0f\u2728<\/p>\n\n\n\n<h3 class=\"wp-block-heading\" id=\"preguntas-frecuentes\"><strong>Preguntas frecuentes<\/strong><\/h3>\n\n\n\n<ul class=\"wp-block-list\">\n<li><strong>\u00bfQu\u00e9 incluye el alquiler de la bicicleta?<\/strong><br>El alquiler incluye la bicicleta, un casco, un kit b\u00e1sico de reparaci\u00f3n y un candado. Tambi\u00e9n puedes a\u00f1adir <a aria-label=\"M\u00e1s informaci\u00f3n sobre:  Accesorios\" href=\"https:\/\/www.tournride.com\/es\/accesorios-camino-en-bici\/\" data-type=\"page\" data-id=\"2915\">accesorios<\/a> adicionales como alforjas, casco o pedales especiales.<\/li>\n\n\n\n<li><strong>\u00bfQu\u00e9 pasa si tengo un problema durante la ruta?<\/strong><br>Con <strong><a aria-label=\"M\u00e1s informaci\u00f3n sobre:  Nuestro Seguro Tournride Full Assistance\" href=\"https:\/\/www.tournride.com\/es\/gestion-de-reservas\/nuestro-seguro-tournride-full-assistance\/\" data-type=\"page\" data-id=\"3488\">Tournride Full Assistance<\/a><\/strong>, tendr\u00e1s asistencia telef\u00f3nica y soporte en caso de aver\u00edas o pinchazos. Nos encargamos de las reparaciones y te ayudamos a continuar tu ruta lo antes posible.<\/li>\n\n\n\n<li><strong>\u00bfPuedo elegir el tipo de bicicleta?<\/strong><br>S\u00ed, ofrecemos una variedad de <a aria-label=\"M\u00e1s informaci\u00f3n sobre:  Bicicletas\" href=\"https:\/\/www.tournride.com\/es\/alquiler-de-bicicletas-camino-de-santiago\/\" data-type=\"page\" data-id=\"2912\">bicicletas<\/a> para adaptarnos a tus necesidades, desde bicicletas de monta\u00f1a hasta h\u00edbridas y de carretera.<\/li>\n<\/ul>\n\n\n\n<p>No esperes m\u00e1s. <a aria-label=\"M\u00e1s informaci\u00f3n sobre:  Es\" href=\"https:\/\/www.tournride.com\/es\">Reserva con <strong>Tournride<\/strong><\/a> y comienza a planificar la aventura de tu vida. \u00a1El Camino de Santiago te espera! \ud83c\udf1f<\/p>\n","protected":false},"excerpt":{"rendered":"<p>\u00bfPor qu\u00e9 elegir Tournride para tu Camino en bici? El Camino de Santiago es una de las experiencias m\u00e1s enriquecedoras que puedes vivir, y hacerlo en bicicleta a\u00f1ade un toque de aventura y emoci\u00f3n que no tiene comparaci\u00f3n. Sin embargo, planificar este viaje puede ser abrumador, especialmente si te preocupan los detalles log\u00edsticos. En Tournride, [&hellip;]<\/p>\n","protected":false},"author":10,"featured_media":0,"parent":2938,"menu_order":47,"comment_status":"closed","ping_status":"closed","template":"","meta":{"rank_math_title":"3 razones para elegir Tournride | Alquiler de bicicletas","rank_math_description":"Descubre 3 razones para elegir Tournride: alquiler de bicicletas con Tournride Full Assistance, comodidad y seguridad en tu Camino en bici. \u00a1Reserva ya!","rank_math_focus_keyword":"elegir Tournride,Tournride Full Assistance","rank_math_canonical_url":"","rank_math_facebook_title":"","rank_math_facebook_description":"","rank_math_facebook_image":"","rank_math_twitter_title":"","rank_math_twitter_description":"","rank_math_twitter_image":"","rank_math_twitter_card_type":"","rank_math_twitter_use_facebook":"","rank_math_robots":["index"],"rank_math_advanced_robots":[],"_joinchat":[],"footnotes":""},"class_list":["post-3265","page","type-page","status-publish","hentry"],"_links":{"self":[{"href":"https:\/\/www.tournride.com\/es\/wp-json\/wp\/v2\/pages\/3265","targetHints":{"allow":["GET"]}}],"collection":[{"href":"https:\/\/www.tournride.com\/es\/wp-json\/wp\/v2\/pages"}],"about":[{"href":"https:\/\/www.tournride.com\/es\/wp-json\/wp\/v2\/types\/page"}],"author":[{"embeddable":true,"href":"https:\/\/www.tournride.com\/es\/wp-json\/wp\/v2\/users\/10"}],"replies":[{"embeddable":true,"href":"https:\/\/www.tournride.com\/es\/wp-json\/wp\/v2\/comments?post=3265"}],"version-history":[{"count":4,"href":"https:\/\/www.tournride.com\/es\/wp-json\/wp\/v2\/pages\/3265\/revisions"}],"predecessor-version":[{"id":29370,"href":"https:\/\/www.tournride.com\/es\/wp-json\/wp\/v2\/pages\/3265\/revisions\/29370"}],"up":[{"embeddable":true,"href":"https:\/\/www.tournride.com\/es\/wp-json\/wp\/v2\/pages\/2938"}],"wp:attachment":[{"href":"https:\/\/www.tournride.com\/es\/wp-json\/wp\/v2\/media?parent=3265"}],"curies":[{"name":"wp","href":"https:\/\/api.w.org\/{rel}","templated":true}]}}