{"id":2929,"date":"2014-04-07T17:33:05","date_gmt":"2014-04-07T16:33:05","guid":{"rendered":"https:\/\/www.tournride.com\/comunicacion\/"},"modified":"2014-04-07T17:33:05","modified_gmt":"2014-04-07T16:33:05","slug":"comunicacion","status":"publish","type":"page","link":"https:\/\/www.tournride.com\/es\/informacion\/comunicacion\/","title":{"rendered":"Comunicaci\u00f3n"},"content":{"rendered":"<p>Si quiere nuestra participaci\u00f3n en alg\u00fan proyecto de colaboraci\u00f3n o comunicaci\u00f3n entre empresas, escriba a:<\/p>\n<ul>\n<li>comunicacion@tournride.com<\/li>\n<\/ul>\n<p>O llame al tel\u00e9fono:<\/p>\n<ul>\n<li>+34 981 936 616<\/li>\n<\/ul>\n","protected":false},"excerpt":{"rendered":"<p>Si quiere nuestra participaci\u00f3n en alg\u00fan proyecto de colaboraci\u00f3n o comunicaci\u00f3n entre empresas, escriba a: comunicacion@tournride.com O llame al tel\u00e9fono: +34 981 936 616<\/p>\n","protected":false},"author":2,"featured_media":0,"parent":2938,"menu_order":75,"comment_status":"closed","ping_status":"closed","template":"","meta":{"_joinchat":[],"footnotes":""},"class_list":["post-2929","page","type-page","status-publish","hentry"],"_links":{"self":[{"href":"https:\/\/www.tournride.com\/es\/wp-json\/wp\/v2\/pages\/2929","targetHints":{"allow":["GET"]}}],"collection":[{"href":"https:\/\/www.tournride.com\/es\/wp-json\/wp\/v2\/pages"}],"about":[{"href":"https:\/\/www.tournride.com\/es\/wp-json\/wp\/v2\/types\/page"}],"author":[{"embeddable":true,"href":"https:\/\/www.tournride.com\/es\/wp-json\/wp\/v2\/users\/2"}],"replies":[{"embeddable":true,"href":"https:\/\/www.tournride.com\/es\/wp-json\/wp\/v2\/comments?post=2929"}],"version-history":[{"count":0,"href":"https:\/\/www.tournride.com\/es\/wp-json\/wp\/v2\/pages\/2929\/revisions"}],"up":[{"embeddable":true,"href":"https:\/\/www.tournride.com\/es\/wp-json\/wp\/v2\/pages\/2938"}],"wp:attachment":[{"href":"https:\/\/www.tournride.com\/es\/wp-json\/wp\/v2\/media?parent=2929"}],"curies":[{"name":"wp","href":"https:\/\/api.w.org\/{rel}","templated":true}]}}