{"id":2920,"date":"2014-03-05T19:56:41","date_gmt":"2014-03-05T18:56:41","guid":{"rendered":"https:\/\/www.tournride.com\/empresas\/"},"modified":"2026-04-14T06:20:11","modified_gmt":"2026-04-14T05:20:11","slug":"empresas","status":"publish","type":"page","link":"https:\/\/www.tournride.com\/es\/profesionales\/empresas\/","title":{"rendered":"Empresas"},"content":{"rendered":"<p>Adem\u00e1s de nuestra experiencia con peregrinos individuales y grupos, cada a\u00f1o aumenta la demanda para alquileres de bicicletas en empresas. Fines de semana de motivaci\u00f3n, trabajo en grupo, esfuerzo colectivo. Si necesita asesoramiento, bicicletas, transporte y asistencia para cualquier tipo de actividad no dude en ponerse en contacto con nosotros en el telf: +34 981 936 616.<\/p>\n","protected":false},"excerpt":{"rendered":"<p>Adem\u00e1s de nuestra experiencia con peregrinos individuales y grupos, cada a\u00f1o aumenta la demanda para alquileres de bicicletas en empresas. Fines de semana de motivaci\u00f3n, trabajo en grupo, esfuerzo colectivo. Si necesita asesoramiento, bicicletas, transporte y asistencia para cualquier tipo de actividad no dude en ponerse en contacto con nosotros en el telf: +34 981 [&hellip;]<\/p>\n","protected":false},"author":2,"featured_media":0,"parent":2944,"menu_order":83,"comment_status":"closed","ping_status":"closed","template":"","meta":{"rank_math_title":"","rank_math_description":"","rank_math_focus_keyword":"empresas","rank_math_canonical_url":"","rank_math_facebook_title":"","rank_math_facebook_description":"","rank_math_facebook_image":"","rank_math_twitter_title":"","rank_math_twitter_description":"","rank_math_twitter_image":"","rank_math_twitter_card_type":"","rank_math_twitter_use_facebook":"","rank_math_robots":["index"],"rank_math_advanced_robots":[],"_joinchat":[],"footnotes":""},"class_list":["post-2920","page","type-page","status-publish","hentry"],"_links":{"self":[{"href":"https:\/\/www.tournride.com\/es\/wp-json\/wp\/v2\/pages\/2920","targetHints":{"allow":["GET"]}}],"collection":[{"href":"https:\/\/www.tournride.com\/es\/wp-json\/wp\/v2\/pages"}],"about":[{"href":"https:\/\/www.tournride.com\/es\/wp-json\/wp\/v2\/types\/page"}],"author":[{"embeddable":true,"href":"https:\/\/www.tournride.com\/es\/wp-json\/wp\/v2\/users\/2"}],"replies":[{"embeddable":true,"href":"https:\/\/www.tournride.com\/es\/wp-json\/wp\/v2\/comments?post=2920"}],"version-history":[{"count":1,"href":"https:\/\/www.tournride.com\/es\/wp-json\/wp\/v2\/pages\/2920\/revisions"}],"predecessor-version":[{"id":31846,"href":"https:\/\/www.tournride.com\/es\/wp-json\/wp\/v2\/pages\/2920\/revisions\/31846"}],"up":[{"embeddable":true,"href":"https:\/\/www.tournride.com\/es\/wp-json\/wp\/v2\/pages\/2944"}],"wp:attachment":[{"href":"https:\/\/www.tournride.com\/es\/wp-json\/wp\/v2\/media?parent=2920"}],"curies":[{"name":"wp","href":"https:\/\/api.w.org\/{rel}","templated":true}]}}