{"id":2891,"date":"2014-02-21T10:37:48","date_gmt":"2014-02-21T09:37:48","guid":{"rendered":"https:\/\/www.tournride.com\/etapas-del-camino\/"},"modified":"2026-04-14T06:11:41","modified_gmt":"2026-04-14T05:11:41","slug":"etapas-del-camino-de-santiago","status":"publish","type":"page","link":"https:\/\/www.tournride.com\/es\/etapas-del-camino-de-santiago\/","title":{"rendered":"Etapas del Camino"},"content":{"rendered":"\n<h2 class=\"wp-block-heading\">Etapas del Camino de Santiago | Camino en Bici con Tournride<\/h2>\n","protected":false},"excerpt":{"rendered":"<p>Etapas del Camino de Santiago | Camino en Bici con Tournride<\/p>\n","protected":false},"author":1,"featured_media":0,"parent":0,"menu_order":102,"comment_status":"closed","ping_status":"closed","template":"etapas.php","meta":{"rank_math_title":"Etapas del Camino de Santiago en Bicicleta \u00b7 Gu\u00eda 2026 | Tournride","rank_math_description":"Todas las etapas del Camino de Santiago en bicicleta: Franc\u00e9s, Portugu\u00e9s, del Norte. Distancias, perfil, mapas y alquiler de bicis con entrega en ruta.","rank_math_focus_keyword":"etapas camino","rank_math_canonical_url":"","rank_math_facebook_title":"","rank_math_facebook_description":"","rank_math_facebook_image":"","rank_math_twitter_title":"","rank_math_twitter_description":"","rank_math_twitter_image":"","rank_math_twitter_card_type":"","rank_math_twitter_use_facebook":"","rank_math_robots":["index"],"rank_math_advanced_robots":[],"_joinchat":[],"footnotes":""},"class_list":["post-2891","page","type-page","status-publish","hentry"],"_links":{"self":[{"href":"https:\/\/www.tournride.com\/es\/wp-json\/wp\/v2\/pages\/2891","targetHints":{"allow":["GET"]}}],"collection":[{"href":"https:\/\/www.tournride.com\/es\/wp-json\/wp\/v2\/pages"}],"about":[{"href":"https:\/\/www.tournride.com\/es\/wp-json\/wp\/v2\/types\/page"}],"author":[{"embeddable":true,"href":"https:\/\/www.tournride.com\/es\/wp-json\/wp\/v2\/users\/1"}],"replies":[{"embeddable":true,"href":"https:\/\/www.tournride.com\/es\/wp-json\/wp\/v2\/comments?post=2891"}],"version-history":[{"count":1,"href":"https:\/\/www.tournride.com\/es\/wp-json\/wp\/v2\/pages\/2891\/revisions"}],"predecessor-version":[{"id":31873,"href":"https:\/\/www.tournride.com\/es\/wp-json\/wp\/v2\/pages\/2891\/revisions\/31873"}],"wp:attachment":[{"href":"https:\/\/www.tournride.com\/es\/wp-json\/wp\/v2\/media?parent=2891"}],"curies":[{"name":"wp","href":"https:\/\/api.w.org\/{rel}","templated":true}]}}