{"id":2888,"date":"2014-02-20T12:02:39","date_gmt":"2014-02-20T11:02:39","guid":{"rendered":"https:\/\/www.tournride.com\/aviso-legal\/"},"modified":"2025-02-25T10:41:31","modified_gmt":"2025-02-25T09:41:31","slug":"aviso-legal","status":"publish","type":"page","link":"https:\/\/www.tournride.com\/es\/informacion\/aviso-legal\/","title":{"rendered":"Aviso legal"},"content":{"rendered":"\n<h2 class=\"wp-block-heading\">Aviso Legal y condiciones generales de uso del sitio web de Tournride S.L.: www.tournride.com<\/h2>\n\n\n\n<p>Tournride S.L. (en adelante Tournride) con domicilio en Laverde Ruiz, 5 bajo con CIF B70189816 pone a disposici\u00f3n en su sitio web www.tournride.com determinados contenidos de car\u00e1cter informativo sobre sus actividades. Las presentes condiciones generales rigen \u00fanica y exclusivamente el uso del sitio web de Tournride por parte de los USUARIOS que accedan al mismo. Las presentes condiciones generales se le exponen al USUARIO en el sitio web www.tournride.com en todas y cada una de las p\u00e1ginas y cada vez que un USUARIO introduce sus datos en los formularios existentes, para que las lea, las imprima, archive y acepte a trav\u00e9s de internet, no pudiendo el USUARIO introducir sus datos efectivamente sin que se haya producido esta aceptaci\u00f3n. Tournride S.L. est\u00e1 inscrita en el Registro Mercantil de Santiago de Compostela: Tomo 31, Libro: 0, Folio 193, Secci\u00f3n: 8, Hoja: SC 44131Inscripci\u00f3n 0 anotaci\u00f3n: 1 \/ Fecha 04\/12\/2008.<\/p>\n\n\n\n<p>El acceso al sitio web de Tournride implica sin reservas la aceptaci\u00f3n de las presentes condiciones generales de uso que el USUARIO afirma comprender en su totalidad. El USUARIO se compromete a no utilizar el sitio web y los servicios que se ofrecen en el mismo para la realizaci\u00f3n de actividades contrarias a la ley y a respetar en todo momento las presentes condiciones generales.<\/p>\n\n\n\n<h3 class=\"wp-block-heading\">PRIMERA.- CONDICIONES DE ACCESO Y USO<\/h3>\n\n\n\n<p>1.1.- La utilizaci\u00f3n del sitio web de Tournride no conlleva la obligatoriedad de inscripci\u00f3n del USUARIO, salvo si este USUARIO desee utilizar la base de datos de art\u00edculos existentes en www.tournride.com donde ser\u00e1 preciso que se registre cubriendo un formulario b\u00e1sico, \u00e9sta suscripci\u00f3n se regir\u00e1 por las condiciones generales espec\u00edficas. Las condiciones de acceso y uso del presente sitio web se rigen estrictamente por la legalidad vigente y por el principio de buena fe comprometi\u00e9ndose el USUARIO a realizar un buen uso de la web. Quedan prohibidos todos los actos que vulneren la legalidad, derechos o intereses de terceros: derecho a la intimidad, protecci\u00f3n de datos, propiedad intelectual etc. Expresamente Tournride proh\u00edbe los siguientes:<\/p>\n\n\n\n<p>1.1.1.- Realizar acciones que puedan producir en el sitio web o a trav\u00e9s del mismo por cualquier medio cualquier tipo de da\u00f1o a los sistemas de Tournride o a terceros.<\/p>\n\n\n\n<p>1.1.2.- Realizar sin la debida autorizaci\u00f3n cualquier tipo de publicidad o informaci\u00f3n comercial directamente o de forma encubierta, el env\u00edo de correos masivos (\u00abspaming\u00bb) o env\u00edo de grandes mensajes con el fin de bloquear servidores de la red (\u00abmail bombing\u00bb).<\/p>\n\n\n\n<p>1.2.- Tournride podr\u00e1 interrumpir en cualquier momento el acceso a su sitio web si detecta un uso contrario a la legalidad, la buena fe o a las presentes condiciones generales- ver cl\u00e1usula quinta.<\/p>\n\n\n\n<h3 class=\"wp-block-heading\">SEGUNDA.- CONTENIDOS<\/h3>\n\n\n\n<p> Los contenidos incorporados en este sitio web han sido elaborados e incluidos por:<\/p>\n\n\n\n<p>2.1.- Tournride utilizando fuentes internas y externas de tal modo que Tournride \u00fanicamente se hace responsable por los contenidos elaborados de forma interna. (En particular, las pesta\u00f1as \u201cBicicletas, Accesorios y Preguntas frecuentes\u201d). Tournride no se hace responsable de eventuales posibles errores de contenido en el apartado \u201cNoticias\u201do \u00abBlog\u00bb.<\/p>\n\n\n\n<p>2.2.- Tournride se reserva el derecho a modificar en cualquier momento los contenidos existentes en su sitio web.<\/p>\n\n\n\n<h3 class=\"wp-block-heading\">TERCERA.- DERECHOS DE AUTOR Y MARCA<\/h3>\n\n\n\n<p>Tournride es una marca registrada. Queda prohibida la utilizaci\u00f3n ajena por cualquier medio de la marca de Tournride, que incluye tanto el nombre como el logotipo, salvo consentimiento expreso de Tournride. Quedan reservados todos los derechos. Adem\u00e1s, el sitio web de Tournride -los contenidos propios, la programaci\u00f3n y el dise\u00f1o del sitio web- se encuentra plenamente protegido por los derechos de autor, quedando expresamente prohibida toda reproducci\u00f3n, comunicaci\u00f3n, distribuci\u00f3n y transformaci\u00f3n de los referidos elementos protegidos salvo consentimiento expreso de Tournride.<\/p>\n\n\n\n<h3 class=\"wp-block-heading\">CUARTA.- JURISDICCI\u00d3N Y LEY APLICABLE<\/h3>\n\n\n\n<p>Las presentes condiciones generales se rigen por la legislaci\u00f3n espa\u00f1ola. Son competentes para resolver toda controversia o conflicto que se derive de las presentes condiciones generales los Juzgados de Santiago de Compostela renunciando expresamente el USUARIO a cualquier otro fuero que pudiera corresponderle.<\/p>\n\n\n\n<h3 class=\"wp-block-heading\">QUINTA.- NULIDAD<\/h3>\n\n\n\n<p>En caso de que cualquier cl\u00e1usula del presente documento sea declarada nula, las dem\u00e1s cl\u00e1usulas seguir\u00e1n vigentes y se interpretar\u00e1n teniendo en cuenta la voluntad de las partes y la finalidad misma de las presentes condiciones. Tournride podr\u00e1 no ejercitar alguno de los derechos y facultades conferidos en este documento lo que no implicar\u00e1 en ning\u00fan caso la renuncia a los mismos salvo reconocimiento expreso por parte de Tournride.<\/p>\n\n\n\n<h3 class=\"wp-block-heading\">SEXTA.- PROTECCI\u00d3N DE DATOS Y PRIVACIDAD<\/h3>\n\n\n\n<p>Tournride se compromete a proteger la privacidad de sus usuarios y a cumplir con las normativas vigentes en materia de protecci\u00f3n de datos. Para m\u00e1s informaci\u00f3n, consulte nuestra Pol\u00edtica de Privacidad.<\/p>\n\n\n\n<h3 class=\"wp-block-heading\">S\u00c9PTIMA.- POL\u00cdTICA DE COOKIES<\/h3>\n\n\n\n<p>Este sitio web utiliza cookies para mejorar la experiencia del usuario. Para m\u00e1s informaci\u00f3n sobre el uso de cookies, consulte nuestra Pol\u00edtica de Cookies.<\/p>\n\n\n\n<h3 class=\"wp-block-heading\">OCTAVA.- LIMITACI\u00d3N DE RESPONSABILIDAD<\/h3>\n\n\n\n<p>Tournride no se hace responsable de los da\u00f1os y perjuicios que pudieran derivarse del uso indebido de los contenidos de su sitio web.<\/p>\n\n\n\n<h3 class=\"wp-block-heading\">NOVENA.- ENLACES A TERCEROS<\/h3>\n\n\n\n<p>El sitio web de Tournride puede contener enlaces a sitios web de terceros. Tournride no se hace responsable del contenido o las pol\u00edticas de privacidad de estos sitios.<\/p>\n\n\n\n<h3 class=\"wp-block-heading\">D\u00c9CIMA.- MODIFICACIONES DEL AVISO LEGAL<\/h3>\n\n\n\n<p>Tournride se reserva el derecho de modificar el presente aviso legal en cualquier momento. Se recomienda a los usuarios revisarlo peri\u00f3dicamente.<\/p>\n\n\n\n<h3 class=\"wp-block-heading\">UND\u00c9CIMA.- CONTACTO<\/h3>\n\n\n\n<p>Para cualquier consulta o inquietud relacionada con el aviso legal, los usuarios pueden ponerse en contacto con Tournride a trav\u00e9s de cualquier de los medios del apartado Contacto de la web.<\/p>\n","protected":false},"excerpt":{"rendered":"<p>Aviso Legal y condiciones generales de uso del sitio web de Tournride S.L.: www.tournride.com Tournride S.L. (en adelante Tournride) con domicilio en Laverde Ruiz, 5 bajo con CIF B70189816 pone a disposici\u00f3n en su sitio web www.tournride.com determinados contenidos de car\u00e1cter informativo sobre sus actividades. Las presentes condiciones generales rigen \u00fanica y exclusivamente el uso [&hellip;]<\/p>\n","protected":false},"author":2,"featured_media":0,"parent":2938,"menu_order":103,"comment_status":"closed","ping_status":"closed","template":"","meta":{"_joinchat":[],"footnotes":""},"class_list":["post-2888","page","type-page","status-publish","hentry"],"_links":{"self":[{"href":"https:\/\/www.tournride.com\/es\/wp-json\/wp\/v2\/pages\/2888","targetHints":{"allow":["GET"]}}],"collection":[{"href":"https:\/\/www.tournride.com\/es\/wp-json\/wp\/v2\/pages"}],"about":[{"href":"https:\/\/www.tournride.com\/es\/wp-json\/wp\/v2\/types\/page"}],"author":[{"embeddable":true,"href":"https:\/\/www.tournride.com\/es\/wp-json\/wp\/v2\/users\/2"}],"replies":[{"embeddable":true,"href":"https:\/\/www.tournride.com\/es\/wp-json\/wp\/v2\/comments?post=2888"}],"version-history":[{"count":1,"href":"https:\/\/www.tournride.com\/es\/wp-json\/wp\/v2\/pages\/2888\/revisions"}],"predecessor-version":[{"id":29404,"href":"https:\/\/www.tournride.com\/es\/wp-json\/wp\/v2\/pages\/2888\/revisions\/29404"}],"up":[{"embeddable":true,"href":"https:\/\/www.tournride.com\/es\/wp-json\/wp\/v2\/pages\/2938"}],"wp:attachment":[{"href":"https:\/\/www.tournride.com\/es\/wp-json\/wp\/v2\/media?parent=2888"}],"curies":[{"name":"wp","href":"https:\/\/api.w.org\/{rel}","templated":true}]}}