{"id":28827,"date":"2025-01-29T09:15:41","date_gmt":"2025-01-29T08:15:41","guid":{"rendered":"https:\/\/www.tournride.com\/?page_id=28827"},"modified":"2026-04-26T08:50:14","modified_gmt":"2026-04-26T07:50:14","slug":"reservar-una-bicicleta-para-el-camino","status":"publish","type":"page","link":"https:\/\/www.tournride.com\/es\/informacion\/reservar-una-bicicleta-para-el-camino\/","title":{"rendered":"\u00bfCu\u00e1ndo reservar?"},"content":{"rendered":"\n<div class=\"wp-block-rank-math-toc-block\" id=\"rank-math-toc\"><h2>\u00cdndice<\/h2><nav><ul><li class=\"\"><a href=\"https:\/\/www.tournride.com\/es\/gestion\/reservar-una-bicicleta-para-el-camino#cuando-debo-reservar-mi-bicicleta-para-el-camino-de-santiago\">Planificaci\u00f3n Anticipada: La Clave del \u00c9xito<\/a><\/li><li class=\"\"><a href=\"https:\/\/www.tournride.com\/es\/gestion\/reservar-una-bicicleta-para-el-camino#planificacion-anticipada-la-clave-del-exito\">\u00bfPor Qu\u00e9 Reservar con Antelaci\u00f3n?<\/a><\/li><li class=\"\"><a href=\"https:\/\/www.tournride.com\/es\/gestion\/reservar-una-bicicleta-para-el-camino#por-que-reservar-con-antelacion\">\u00bfCu\u00e1ndo es el Mejor Momento para Reservar una bicicleta para el camino?<\/a><\/li><li class=\"\"><a href=\"https:\/\/www.tournride.com\/es\/gestion\/reservar-una-bicicleta-para-el-camino#cuando-es-el-mejor-momento-para-reservar\">Bicicletas El\u00e9ctricas: Una Opci\u00f3n Cada Vez M\u00e1s Popular<\/a><ul><li class=\"\"><a href=\"https:\/\/www.tournride.com\/es\/gestion\/reservar-una-bicicleta-para-el-camino#bicicletas-electricas-una-opcion-cada-vez-mas-popular\">\u00bfPor Qu\u00e9 Reservar una Bicicleta El\u00e9ctrica con Antelaci\u00f3n?<\/a><\/li><\/ul><\/li><li class=\"\"><a href=\"https:\/\/www.tournride.com\/es\/gestion\/reservar-una-bicicleta-para-el-camino#por-que-reservar-una-bicicleta-electrica-con-antelacion\">Nuestra Flota y Servicios<\/a><\/li><li class=\"\"><a href=\"https:\/\/www.tournride.com\/es\/gestion\/reservar-una-bicicleta-para-el-camino#nuestra-flota-y-servicios\">Consejos Adicionales<\/a><\/li><li class=\"\"><a href=\"https:\/\/www.tournride.com\/es\/gestion\/reservar-una-bicicleta-para-el-camino#consejos-adicionales\">Conclusi\u00f3n<\/a><\/li><\/ul><\/nav><\/div>\n\n\n\n<h2 class=\"wp-block-heading\" id=\"cuando-debo-reservar-mi-bicicleta-para-el-camino-de-santiago\">Una pregunta esencial <strong>\u00bfCu\u00e1ndo debo reservar una bicicleta para el Camino de Santiago?<\/strong><\/h2>\n\n\n\n<p>El Camino de Santiago es una experiencia \u00fanica que atrae a peregrinos de todo el mundo. Ya sea que est\u00e9s planeando tu primera peregrinaci\u00f3n o seas un veterano del Camino, una de las preguntas m\u00e1s frecuentes que recibimos es: \u00ab<strong>\u00bfCu\u00e1ndo debo reservar mi bicicleta?<\/strong>\u00ab. En este post, te daremos una gu\u00eda detallada para que puedas planificar tu viaje con tranquilidad y asegurarte de tener la bicicleta perfecta para tu aventura.<\/p>\n\n\n\n<figure class=\"wp-block-image alignright size-large is-resized\"><a href=\"https:\/\/www.tournride.com\/wp-content\/uploads\/2025\/01\/2022-Yamaha-WABASH-RT-EU-Blue_Steel-Action-003-03.jpg\"><img loading=\"lazy\" decoding=\"async\" width=\"1024\" height=\"576\" src=\"https:\/\/www.tournride.com\/wp-content\/uploads\/2025\/01\/2022-Yamaha-WABASH-RT-EU-Blue_Steel-Action-003-03-1024x576.jpg\" alt=\"Reservar una bicicleta para el camino\" class=\"wp-image-28499\" style=\"width:304px;height:auto\" title=\"\" srcset=\"https:\/\/www.tournride.com\/wp-content\/uploads\/2025\/01\/2022-Yamaha-WABASH-RT-EU-Blue_Steel-Action-003-03-1024x576.jpg 1024w, https:\/\/www.tournride.com\/wp-content\/uploads\/2025\/01\/2022-Yamaha-WABASH-RT-EU-Blue_Steel-Action-003-03-300x169.jpg 300w, https:\/\/www.tournride.com\/wp-content\/uploads\/2025\/01\/2022-Yamaha-WABASH-RT-EU-Blue_Steel-Action-003-03-768x432.jpg 768w, https:\/\/www.tournride.com\/wp-content\/uploads\/2025\/01\/2022-Yamaha-WABASH-RT-EU-Blue_Steel-Action-003-03-1536x864.jpg 1536w, https:\/\/www.tournride.com\/wp-content\/uploads\/2025\/01\/2022-Yamaha-WABASH-RT-EU-Blue_Steel-Action-003-03.jpg 2000w\" sizes=\"auto, (max-width: 1024px) 100vw, 1024px\" \/><\/a><\/figure>\n\n\n\n<h3 class=\"wp-block-heading\" id=\"planificacion-anticipada-la-clave-del-exito\"><strong>Planificaci\u00f3n Anticipada: La Clave del \u00c9xito<\/strong><\/h3>\n\n\n\n<p>El <a aria-label=\"Visitar el sitio web de Es.wikipedia para m\u00e1s informaci\u00f3n\" href=\"https:\/\/es.wikipedia.org\/wiki\/Camino_de_Santiago\" target=\"_blank\" rel=\"noopener\">Camino de Santiago<\/a> es una ruta muy popular, especialmente durante los meses de primavera y verano. La demanda de bicicletas puede ser alta, y aunque contamos con una amplia flota, es posible que la disponibilidad se vea comprometida en ciertas fechas. Por eso, recomendamos encarecidamente que reserves tu bicicleta tan pronto como tengas los detalles principales de tu viaje confirmados.<\/p>\n\n\n\n<h3 class=\"wp-block-heading\" id=\"por-que-reservar-con-antelacion\"><strong>\u00bfPor Qu\u00e9 Reservar con Antelaci\u00f3n?<\/strong><\/h3>\n\n\n\n<ul class=\"wp-block-list\">\n<li><strong>Disponibilidad Garantizada<\/strong>: Al reservar una bicicleta para el camino con antelaci\u00f3n, te aseguras de que la tendr\u00e1s disponible para las fechas de tu viaje. Esto es especialmente importante si planeas viajar durante la temporada alta, cuando la demanda es mayor.<br><\/li>\n\n\n\n<li><strong>Tranquilidad Mental<\/strong>: Saber que tu bicicleta est\u00e1 reservada te permitir\u00e1 concentrarte en otros aspectos importantes de tu viaje, como la planificaci\u00f3n de rutas, la reserva de alojamiento y la preparaci\u00f3n f\u00edsica.<br><\/li>\n\n\n\n<li><strong>Mejor Selecci\u00f3n<\/strong>: Reservar con antelaci\u00f3n tambi\u00e9n te da la oportunidad de elegir entre una mayor variedad de modelos de bicicletas. Podr\u00e1s seleccionar la que mejor se adapte a tus necesidades y preferencias, asegurando una experiencia m\u00e1s c\u00f3moda y agradable.<\/li>\n<\/ul>\n\n\n\n<h3 class=\"wp-block-heading\" id=\"cuando-es-el-mejor-momento-para-reservar\"><strong>\u00bfCu\u00e1ndo es el Mejor Momento para Reservar una bicicleta para el camino?<\/strong><\/h3>\n\n\n\n<p>El mejor momento para reservar una bicicleta para el camino es en cuanto tengas confirmados los detalles principales de tu viaje. Esto incluye:<\/p>\n\n\n\n<ul class=\"wp-block-list\">\n<li><strong>Vuelos<\/strong>: Si vas a viajar en avi\u00f3n, aseg\u00farate de tener tus vuelos reservados antes de reservar tu bicicleta. Esto te dar\u00e1 una idea clara de tus fechas de llegada y salida.<br><\/li>\n\n\n\n<li><strong>Alojamiento<\/strong>: Si ya has reservado tu alojamiento, es un buen indicador de que tus planes de viaje est\u00e1n tomando forma y es el momento ideal para reservar tu bicicleta.<br><\/li>\n\n\n\n<li><strong>Ruta y Etapas<\/strong>: Una vez que hayas decidido la ruta que vas a seguir y las etapas que vas a recorrer cada d\u00eda, podr\u00e1s tener una mejor idea de cu\u00e1ntos d\u00edas necesitar\u00e1s la bicicleta y cu\u00e1l ser\u00e1 el punto de recogida y devoluci\u00f3n.<\/li>\n<\/ul>\n\n\n\n<h3 class=\"wp-block-heading\" id=\"bicicletas-electricas-una-opcion-cada-vez-mas-popular\"><strong>Bicicletas El\u00e9ctricas: Una Opci\u00f3n Cada Vez M\u00e1s Popular<\/strong><\/h3>\n\n\n\n<p>Las bicicletas el\u00e9ctricas han ganado una enorme popularidad entre los peregrinos del Camino de Santiago debido a su capacidad para hacer el viaje m\u00e1s accesible y menos extenuante. Estas bicicletas ofrecen asistencia el\u00e9ctrica, lo que permite a los ciclistas recorrer largas distancias con menos esfuerzo f\u00edsico, especialmente en terrenos monta\u00f1osos o en d\u00edas con condiciones clim\u00e1ticas adversas.<\/p>\n\n\n\n<h4 class=\"wp-block-heading\" id=\"por-que-reservar-una-bicicleta-electrica-con-antelacion\"><strong>\u00bfPor Qu\u00e9 Reservar una Bicicleta El\u00e9ctrica con Antelaci\u00f3n?<\/strong><\/h4>\n\n\n\n<ul class=\"wp-block-list\">\n<li><strong>Alta Demanda<\/strong>: Las bicicletas el\u00e9ctricas son extremadamente populares y su demanda supera con creces la disponibilidad, especialmente durante la temporada alta. Reservar con antelaci\u00f3n es crucial para asegurarte de que tendr\u00e1s una disponible.<\/li>\n\n\n\n<li><strong>Comodidad y Accesibilidad<\/strong>: Las bicicletas el\u00e9ctricas son ideales para aquellos que desean disfrutar del Camino de Santiago sin el desgaste f\u00edsico asociado con una bicicleta tradicional. Reservar con antelaci\u00f3n te garantiza que podr\u00e1s disfrutar de esta comodidad.<\/li>\n\n\n\n<li><strong>Variedad de Modelos<\/strong>: Al reservar con antelaci\u00f3n, tendr\u00e1s acceso a una mayor variedad de modelos de bicicletas el\u00e9ctricas, lo que te permitir\u00e1 elegir la que mejor se adapte a tus necesidades y preferencias.<\/li>\n<\/ul>\n\n\n\n<h3 class=\"wp-block-heading\" id=\"nuestra-flota-y-servicios\"><strong>Nuestra Flota y Servicios<\/strong><\/h3>\n\n\n\n<p>En nuestra empresa, nos enorgullece ofrecer una amplia gama de bicicletas de alta calidad, seleccionadas espec\u00edficamente para el Camino de Santiago. Desde bicicletas de monta\u00f1a hasta h\u00edbridas y el\u00e9ctricas, tenemos opciones para todos los niveles de experiencia y necesidades. Adem\u00e1s, ofrecemos servicios adicionales como el transporte de equipaje, asistencia en ruta y seguros, para que tu viaje sea lo m\u00e1s c\u00f3modo y seguro posible.<\/p>\n\n\n\n<h3 class=\"wp-block-heading\" id=\"consejos-adicionales\"><strong>Consejos Adicionales<\/strong><\/h3>\n\n\n\n<ul class=\"wp-block-list\">\n<li><strong>Revisa las <a aria-label=\"M\u00e1s informaci\u00f3n sobre:  Condiciones Del Servicio\" href=\"https:\/\/www.tournride.com\/es\/gestion\/condiciones-del-servicio\/\" data-type=\"page\" data-id=\"5852\">Condiciones de Reserva<\/a><\/strong>: Aseg\u00farate de leer y entender nuestras pol\u00edticas de reserva y cancelaci\u00f3n. Esto te ayudar\u00e1 a planificar mejor y a evitar sorpresas desagradables.<br><\/li>\n\n\n\n<li><strong>Prepara tu Equipo<\/strong>: Adem\u00e1s de la bicicleta, aseg\u00farate de tener todo el equipo necesario, como casco, guantes, ropa adecuada y herramientas b\u00e1sicas de reparaci\u00f3n.<br><\/li>\n\n\n\n<li><strong>Mantente Informado<\/strong>: Sigue nuestras actualizaciones y noticias en nuestra p\u00e1gina web y redes sociales. Publicamos regularmente consejos \u00fatiles, rutas recomendadas y actualizaciones sobre la disponibilidad de bicicletas.<\/li>\n<\/ul>\n\n\n\n<h3 class=\"wp-block-heading\" id=\"conclusion\"><strong>Conclusi\u00f3n<\/strong><\/h3>\n\n\n\n<p>Reservar una  bicicleta para el Camino de Santiago con antelaci\u00f3n es una decisi\u00f3n inteligente que te permitir\u00e1 disfrutar con tranquilidad y seguridad. En nuestra tienda, estamos comprometidos a ofrecerte el mejor servicio y las mejores bicicletas para que tu experiencia sea inolvidable. No dudes en contactarnos si tienes alguna pregunta o necesitas asistencia adicional. \u00a1Te esperamos en el Camino!<\/p>\n\n\n\n<p>Enlaces de inter\u00e9s<\/p>\n\n\n\n<ul class=\"wp-block-list\">\n<li><a aria-label=\"M\u00e1s informaci\u00f3n sobre:  Es\" href=\"https:\/\/www.tournride.com\/es\">Reserva ahora<\/a><\/li>\n\n\n\n<li><a aria-label=\"M\u00e1s informaci\u00f3n sobre:  Bicicletas\" href=\"https:\/\/www.tournride.com\/es\/alquiler-de-bicicletas-camino-de-santiago\/\" data-type=\"page\" data-id=\"2912\">Nuestras bicicletas para el camino<\/a><\/li>\n\n\n\n<li><a aria-label=\"M\u00e1s informaci\u00f3n sobre:  Accesorios\" href=\"https:\/\/www.tournride.com\/es\/accesorios-camino-en-bici\/\" data-type=\"page\" data-id=\"2915\">Nuestros accesorios para el camino<\/a><\/li>\n\n\n\n<li><a aria-label=\"M\u00e1s informaci\u00f3n sobre:  Preguntas Frecuentes Sobre El Servicio De Alquiler\" href=\"https:\/\/www.tournride.com\/es\/gestion-de-reservas\/preguntas-frecuentes-sobre-el-servicio-de-alquiler\/\" data-type=\"page\" data-id=\"2882\">M\u00e1s preguntas frecuentes<\/a><\/li>\n<\/ul>\n","protected":false},"excerpt":{"rendered":"<p>Una pregunta esencial \u00bfCu\u00e1ndo debo reservar una bicicleta para el Camino de Santiago? El Camino de Santiago es una experiencia \u00fanica que atrae a peregrinos de todo el mundo. Ya sea que est\u00e9s planeando tu primera peregrinaci\u00f3n o seas un veterano del Camino, una de las preguntas m\u00e1s frecuentes que recibimos es: \u00ab\u00bfCu\u00e1ndo debo reservar [&hellip;]<\/p>\n","protected":false},"author":2,"featured_media":0,"parent":2938,"menu_order":0,"comment_status":"closed","ping_status":"closed","template":"","meta":{"rank_math_title":"\u00bfCu\u00e1ndo reservar tu bici para el Camino de Santiago?","rank_math_description":"Descubre cu\u00e1ndo y por qu\u00e9 reservar una bicicleta para el Camino y con cuanta antelaci\u00f3n. Asegura tu viaje con nuestras bicicletas el\u00e9ctricas y tradicionales.","rank_math_focus_keyword":"cu\u00e1ndo reservar","rank_math_canonical_url":"","rank_math_facebook_title":"","rank_math_facebook_description":"","rank_math_facebook_image":"","rank_math_twitter_title":"","rank_math_twitter_description":"","rank_math_twitter_image":"","rank_math_twitter_card_type":"","rank_math_twitter_use_facebook":"","rank_math_robots":[],"rank_math_advanced_robots":[],"_joinchat":[],"footnotes":""},"class_list":["post-28827","page","type-page","status-publish","hentry"],"_links":{"self":[{"href":"https:\/\/www.tournride.com\/es\/wp-json\/wp\/v2\/pages\/28827","targetHints":{"allow":["GET"]}}],"collection":[{"href":"https:\/\/www.tournride.com\/es\/wp-json\/wp\/v2\/pages"}],"about":[{"href":"https:\/\/www.tournride.com\/es\/wp-json\/wp\/v2\/types\/page"}],"author":[{"embeddable":true,"href":"https:\/\/www.tournride.com\/es\/wp-json\/wp\/v2\/users\/2"}],"replies":[{"embeddable":true,"href":"https:\/\/www.tournride.com\/es\/wp-json\/wp\/v2\/comments?post=28827"}],"version-history":[{"count":1,"href":"https:\/\/www.tournride.com\/es\/wp-json\/wp\/v2\/pages\/28827\/revisions"}],"predecessor-version":[{"id":29467,"href":"https:\/\/www.tournride.com\/es\/wp-json\/wp\/v2\/pages\/28827\/revisions\/29467"}],"up":[{"embeddable":true,"href":"https:\/\/www.tournride.com\/es\/wp-json\/wp\/v2\/pages\/2938"}],"wp:attachment":[{"href":"https:\/\/www.tournride.com\/es\/wp-json\/wp\/v2\/media?parent=28827"}],"curies":[{"name":"wp","href":"https:\/\/api.w.org\/{rel}","templated":true}]}}