{"id":28483,"date":"2025-01-14T10:50:12","date_gmt":"2025-01-14T09:50:12","guid":{"rendered":"https:\/\/www.tournride.com\/?page_id=28483"},"modified":"2025-01-16T13:08:32","modified_gmt":"2025-01-16T12:08:32","slug":"yamaha-wabash-gravel-rt-alquiler-de-bicicletas","status":"publish","type":"page","link":"https:\/\/www.tournride.com\/es\/yamaha-wabash-gravel-rt-alquiler-de-bicicletas\/","title":{"rendered":"Yamaha Wabash Gravel RT"},"content":{"rendered":"\n<div class=\"wp-block-rank-math-toc-block\" id=\"rank-math-toc\"><h2>\u00cdndice<\/h2><nav><ul><li class=\"\"><a href=\"https:\/\/www.tournride.com\/es\/yamaha-wabash-gravel-rt-alquiler-de-bicicletas#recomendacion-tournride\">Recomendaci\u00f3n Tournride<\/a><\/li><li class=\"\"><a href=\"https:\/\/www.tournride.com\/es\/yamaha-wabash-gravel-rt-alquiler-de-bicicletas#caracteristicas-basicas\">Caracter\u00edsticas b\u00e1sicas Yamaha Wabash RT<\/a><\/li><li class=\"\"><a href=\"https:\/\/www.tournride.com\/es\/yamaha-wabash-gravel-rt-alquiler-de-bicicletas#caracteristicas-detalladas\">Caracter\u00edsticas detalladas Yamaha Wabash RT<\/a><\/li><li class=\"\"><a href=\"https:\/\/www.tournride.com\/es\/yamaha-wabash-gravel-rt-alquiler-de-bicicletas#geometria\">Geometr\u00eda<\/a><\/li><\/ul><\/nav><\/div>\n\n\n\n<p>Estamos emocionados de presentar la \u00faltima incorporaci\u00f3n a nuestro cat\u00e1logo de alquiler de ebikes para el Camino de Santiago: el modelo Yamaha Wabash Gravel RT. Esta bicicleta el\u00e9ctrica de gravel est\u00e1 dise\u00f1ada para ofrecer un rendimiento excepcional y una experiencia de conducci\u00f3n sin igual.<\/p>\n\n\n\n<p>La Yamaha Wabash Gravel RT se destaca por su bater\u00eda de 500Wh, que proporciona una autonom\u00eda impresionante, permiti\u00e9ndote disfrutar de largas jornadas de pedaleo sin preocuparte por quedarte sin energ\u00eda. Adem\u00e1s, cuenta con un motor Yamaha, conocido por su eficiencia y potencia. Al ser una bicicleta de gravel, te permite ir ligero por carretera y aventurarte por senderos, ofreci\u00e9ndote la versatilidad necesaria para cualquier tipo de terreno.<\/p>\n\n\n\n<figure class=\"wp-block-gallery has-nested-images columns-default is-cropped wp-block-gallery-1 is-layout-flex wp-block-gallery-is-layout-flex\">\n<figure class=\"wp-block-image size-large\"><a href=\"https:\/\/www.tournride.com\/wp-content\/uploads\/2025\/01\/2022-Yamaha-WABASH-RT-EU-Blue_Steel-Studio-001-03.jpg\"><img loading=\"lazy\" decoding=\"async\" width=\"1024\" height=\"576\" data-id=\"28484\" src=\"https:\/\/www.tournride.com\/wp-content\/uploads\/2025\/01\/2022-Yamaha-WABASH-RT-EU-Blue_Steel-Studio-001-03-1024x576.jpg\" alt=\"Alquiler de bicicletas para el camino de Santiago. Yamaha Wabash Gravel RT\" class=\"wp-image-28484\" title=\"\" srcset=\"https:\/\/www.tournride.com\/wp-content\/uploads\/2025\/01\/2022-Yamaha-WABASH-RT-EU-Blue_Steel-Studio-001-03-1024x576.jpg 1024w, https:\/\/www.tournride.com\/wp-content\/uploads\/2025\/01\/2022-Yamaha-WABASH-RT-EU-Blue_Steel-Studio-001-03-300x169.jpg 300w, https:\/\/www.tournride.com\/wp-content\/uploads\/2025\/01\/2022-Yamaha-WABASH-RT-EU-Blue_Steel-Studio-001-03-768x432.jpg 768w, https:\/\/www.tournride.com\/wp-content\/uploads\/2025\/01\/2022-Yamaha-WABASH-RT-EU-Blue_Steel-Studio-001-03-1536x864.jpg 1536w, https:\/\/www.tournride.com\/wp-content\/uploads\/2025\/01\/2022-Yamaha-WABASH-RT-EU-Blue_Steel-Studio-001-03.jpg 2000w\" sizes=\"auto, (max-width: 1024px) 100vw, 1024px\" \/><\/a><\/figure>\n\n\n\n<figure class=\"wp-block-image size-large\"><a href=\"https:\/\/www.tournride.com\/wp-content\/uploads\/2025\/01\/2022-Yamaha-WABASH-RT-EU-Detail-005-03.jpg\"><img loading=\"lazy\" decoding=\"async\" width=\"1024\" height=\"683\" data-id=\"28486\" src=\"https:\/\/www.tournride.com\/wp-content\/uploads\/2025\/01\/2022-Yamaha-WABASH-RT-EU-Detail-005-03-1024x683.jpg\" alt=\"\" class=\"wp-image-28486\" title=\"\" srcset=\"https:\/\/www.tournride.com\/wp-content\/uploads\/2025\/01\/2022-Yamaha-WABASH-RT-EU-Detail-005-03-1024x683.jpg 1024w, https:\/\/www.tournride.com\/wp-content\/uploads\/2025\/01\/2022-Yamaha-WABASH-RT-EU-Detail-005-03-300x200.jpg 300w, https:\/\/www.tournride.com\/wp-content\/uploads\/2025\/01\/2022-Yamaha-WABASH-RT-EU-Detail-005-03-768x512.jpg 768w, https:\/\/www.tournride.com\/wp-content\/uploads\/2025\/01\/2022-Yamaha-WABASH-RT-EU-Detail-005-03-1536x1024.jpg 1536w, https:\/\/www.tournride.com\/wp-content\/uploads\/2025\/01\/2022-Yamaha-WABASH-RT-EU-Detail-005-03.jpg 1620w\" sizes=\"auto, (max-width: 1024px) 100vw, 1024px\" \/><\/a><\/figure>\n\n\n\n<figure class=\"wp-block-image size-large\"><a href=\"https:\/\/www.tournride.com\/wp-content\/uploads\/2025\/01\/2022-Yamaha-WABASH-RT-EU-Blue_Steel-Action-006-03.jpg\"><img loading=\"lazy\" decoding=\"async\" width=\"1024\" height=\"576\" data-id=\"28494\" src=\"https:\/\/www.tournride.com\/wp-content\/uploads\/2025\/01\/2022-Yamaha-WABASH-RT-EU-Blue_Steel-Action-006-03-1024x576.jpg\" alt=\"\" class=\"wp-image-28494\" title=\"\" srcset=\"https:\/\/www.tournride.com\/wp-content\/uploads\/2025\/01\/2022-Yamaha-WABASH-RT-EU-Blue_Steel-Action-006-03-1024x576.jpg 1024w, https:\/\/www.tournride.com\/wp-content\/uploads\/2025\/01\/2022-Yamaha-WABASH-RT-EU-Blue_Steel-Action-006-03-300x169.jpg 300w, https:\/\/www.tournride.com\/wp-content\/uploads\/2025\/01\/2022-Yamaha-WABASH-RT-EU-Blue_Steel-Action-006-03-768x432.jpg 768w, https:\/\/www.tournride.com\/wp-content\/uploads\/2025\/01\/2022-Yamaha-WABASH-RT-EU-Blue_Steel-Action-006-03-1536x864.jpg 1536w, https:\/\/www.tournride.com\/wp-content\/uploads\/2025\/01\/2022-Yamaha-WABASH-RT-EU-Blue_Steel-Action-006-03.jpg 2000w\" sizes=\"auto, (max-width: 1024px) 100vw, 1024px\" \/><\/a><\/figure>\n\n\n\n<figure class=\"wp-block-image size-large\"><a href=\"https:\/\/www.tournride.com\/wp-content\/uploads\/2025\/01\/2022-Yamaha-WABASH-RT-EU-Blue_Steel-Action-003-03.jpg\"><img loading=\"lazy\" decoding=\"async\" width=\"1024\" height=\"576\" data-id=\"28499\" src=\"https:\/\/www.tournride.com\/wp-content\/uploads\/2025\/01\/2022-Yamaha-WABASH-RT-EU-Blue_Steel-Action-003-03-1024x576.jpg\" alt=\"\" class=\"wp-image-28499\" title=\"\" srcset=\"https:\/\/www.tournride.com\/wp-content\/uploads\/2025\/01\/2022-Yamaha-WABASH-RT-EU-Blue_Steel-Action-003-03-1024x576.jpg 1024w, https:\/\/www.tournride.com\/wp-content\/uploads\/2025\/01\/2022-Yamaha-WABASH-RT-EU-Blue_Steel-Action-003-03-300x169.jpg 300w, https:\/\/www.tournride.com\/wp-content\/uploads\/2025\/01\/2022-Yamaha-WABASH-RT-EU-Blue_Steel-Action-003-03-768x432.jpg 768w, https:\/\/www.tournride.com\/wp-content\/uploads\/2025\/01\/2022-Yamaha-WABASH-RT-EU-Blue_Steel-Action-003-03-1536x864.jpg 1536w, https:\/\/www.tournride.com\/wp-content\/uploads\/2025\/01\/2022-Yamaha-WABASH-RT-EU-Blue_Steel-Action-003-03.jpg 2000w\" sizes=\"auto, (max-width: 1024px) 100vw, 1024px\" \/><\/a><\/figure>\n<\/figure>\n\n\n\n<h2 class=\"wp-block-heading\" id=\"recomendacion-tournride\">Recomendaci\u00f3n Tournride<\/h2>\n\n\n\n<p>Si sabes lo que es el gravel y necesitas que sea de pedaleo asistido, probablemente esta sea tu bici. La Yamaha Wabash Gravel RT es ideal para aquellos que desean una bicicleta vers\u00e1til que les permita disfrutar tanto de la carretera como de los senderos.<\/p>\n\n\n\n<h2 class=\"wp-block-heading\" id=\"caracteristicas-basicas\">Caracter\u00edsticas b\u00e1sicas <a href=\"https:\/\/www.yamaha-motor.eu\/es\/es\/ebike\/urban\/pdp\/crosscore-rc-2022\/#2022-CROSSCORE-RC-MGNM1-M\" data-type=\"link\" data-id=\"https:\/\/www.yamaha-motor.eu\/es\/es\/ebike\/urban\/pdp\/crosscore-rc-2022\/#2022-CROSSCORE-RC-MGNM1-M\" target=\"_blank\" rel=\"noopener\">Yamaha Wabash RT<\/a><\/h2>\n\n\n\n<ul class=\"wp-block-list\">\n<li>Yamaha PWSeries ST<\/li>\n\n\n\n<li>Bater\u00eda 500Wh<\/li>\n\n\n\n<li>Recomendado para etapas de <strong>hasta<\/strong> 75km<\/li>\n\n\n\n<li>Shimano GRX RX400 front\/rear<\/li>\n\n\n\n<li>Shimano GRX 11-speed RX600<\/li>\n\n\n\n<li>Tallas S, M y L<\/li>\n\n\n\n<li><strong>Portaequipajes trasero instalado<\/strong><\/li>\n<\/ul>\n\n\n\n<h2 class=\"wp-block-heading\" id=\"caracteristicas-detalladas\">Caracter\u00edsticas detalladas <a href=\"https:\/\/www.yamaha-motor.eu\/es\/es\/ebike\/urban\/pdp\/crosscore-rc-2022\/#2022-CROSSCORE-RC-MGNM1-M\" data-type=\"link\" data-id=\"https:\/\/www.yamaha-motor.eu\/es\/es\/ebike\/urban\/pdp\/crosscore-rc-2022\/#2022-CROSSCORE-RC-MGNM1-M\" target=\"_blank\" rel=\"noopener\">Yamaha Wabash RT<\/a><\/h2>\n\n\n\n<figure class=\"wp-block-table\"><table class=\"has-fixed-layout\"><tbody><tr><td>Cuadro<\/td><td>Yamaha Hydroformed Aluminum.<\/td><\/tr><tr><td>Horquilla<\/td><td>Integrated bearing <\/td><\/tr><tr><td>Direcci\u00f3n<\/td><td>Acros AZX-578 BL.<\/td><\/tr><tr><td>Cambio<\/td><td>Shimano, GRX RX812 11s<\/td><\/tr><tr><td>Pulsadores<\/td><td>Shimano GRX 11-speed RX600<\/td><\/tr><tr><td>Frenos<\/td><td>Shimano GRX RX400 front\/rear<\/td><\/tr><tr><td>Bielas<\/td><td>Bielas de aluminio de 165 mm\/S ,170 mm\/ML<\/td><\/tr><tr><td>Cassette<\/td><td>Shimano CS-M7000 11-42t 11-Speed<\/td><\/tr><tr><td>Cadena<\/td><td>KMW e11 TURBO EPT<\/td><\/tr><tr><td>Ruedas<\/td><td>Dual Channel Welded<\/td><\/tr><tr><td>Potencia<\/td><td>31.8 clamp dia<\/td><\/tr><tr><td>Manillar<\/td><td>Flare Drop. 31.8 dia<\/td><\/tr><tr><td>Tija<\/td><td>Limotec, tija de sill\u00edn telesc\u00f3pica,<\/td><\/tr><tr><td>Sill\u00edn<\/td><td>Yamaha Off-Road Cro-Mo Rail<\/td><\/tr><tr><td>Motor<\/td><td>Yamaha PWSeries ST<\/td><\/tr><tr><td>Display<\/td><td>Display A<\/td><\/tr><tr><td>Bater\u00eda<\/td><td>500Wh<\/td><\/tr><\/tbody><\/table><\/figure>\n\n\n\n<h2 class=\"wp-block-heading\" id=\"geometria\">Geometr\u00eda<\/h2>\n\n\n\n<div class=\"wp-block-columns is-layout-flex wp-container-core-columns-is-layout-9d6595d7 wp-block-columns-is-layout-flex\">\n<div class=\"wp-block-column is-layout-flow wp-block-column-is-layout-flow\" style=\"flex-basis:50%\">\n<figure class=\"wp-block-image size-full\"><a href=\"https:\/\/www.tournride.com\/wp-content\/uploads\/2025\/01\/geometria.png\"><img loading=\"lazy\" decoding=\"async\" width=\"874\" height=\"501\" src=\"https:\/\/www.tournride.com\/wp-content\/uploads\/2025\/01\/geometria.png\" alt=\"\" class=\"wp-image-28257\" style=\"object-fit:cover\" title=\"\" srcset=\"https:\/\/www.tournride.com\/wp-content\/uploads\/2025\/01\/geometria.png 874w, https:\/\/www.tournride.com\/wp-content\/uploads\/2025\/01\/geometria-300x172.png 300w, https:\/\/www.tournride.com\/wp-content\/uploads\/2025\/01\/geometria-768x440.png 768w\" sizes=\"auto, (max-width: 874px) 100vw, 874px\" \/><\/a><\/figure>\n<\/div>\n\n\n\n<div class=\"wp-block-column is-layout-flow wp-block-column-is-layout-flow\" style=\"flex-basis:50%\">\n<figure class=\"wp-block-table\"><table class=\"has-fixed-layout\"><tbody><tr><td class=\"has-text-align-center\" data-align=\"center\"><\/td><td class=\"has-text-align-center\" data-align=\"center\">S<\/td><td class=\"has-text-align-center\" data-align=\"center\">M<\/td><td class=\"has-text-align-center\" data-align=\"center\">L<\/td><\/tr><tr><td class=\"has-text-align-center\" data-align=\"center\">H1<\/td><td class=\"has-text-align-center\" data-align=\"center\">429<\/td><td class=\"has-text-align-center\" data-align=\"center\">490<\/td><td class=\"has-text-align-center\" data-align=\"center\">551<\/td><\/tr><tr><td class=\"has-text-align-center\" data-align=\"center\">H2<\/td><td class=\"has-text-align-center\" data-align=\"center\">121<\/td><td class=\"has-text-align-center\" data-align=\"center\">131<\/td><td class=\"has-text-align-center\" data-align=\"center\">142<\/td><\/tr><tr><td class=\"has-text-align-center\" data-align=\"center\">L1<\/td><td class=\"has-text-align-center\" data-align=\"center\">535<\/td><td class=\"has-text-align-center\" data-align=\"center\">565<\/td><td class=\"has-text-align-center\" data-align=\"center\">595<\/td><\/tr><tr><td class=\"has-text-align-center\" data-align=\"center\">STACK<\/td><td class=\"has-text-align-center\" data-align=\"center\">595<\/td><td class=\"has-text-align-center\" data-align=\"center\">607<\/td><td class=\"has-text-align-center\" data-align=\"center\">617<\/td><\/tr><tr><td class=\"has-text-align-center\" data-align=\"center\">REACH<\/td><td class=\"has-text-align-center\" data-align=\"center\">368<\/td><td class=\"has-text-align-center\" data-align=\"center\">382<\/td><td class=\"has-text-align-center\" data-align=\"center\">402<\/td><\/tr><tr><td class=\"has-text-align-center\" data-align=\"center\">A2<\/td><td class=\"has-text-align-center\" data-align=\"center\">74.4\u00ba<\/td><td class=\"has-text-align-center\" data-align=\"center\">73.3\u00ba<\/td><td class=\"has-text-align-center\" data-align=\"center\">72.6\u00ba<\/td><\/tr><\/tbody><\/table><\/figure>\n<\/div>\n<\/div>\n","protected":false},"excerpt":{"rendered":"<p>Estamos emocionados de presentar la \u00faltima incorporaci\u00f3n a nuestro cat\u00e1logo de alquiler de ebikes para el Camino de Santiago: el modelo Yamaha Wabash Gravel RT. Esta bicicleta el\u00e9ctrica de gravel est\u00e1 dise\u00f1ada para ofrecer un rendimiento excepcional y una experiencia de conducci\u00f3n sin igual. La Yamaha Wabash Gravel RT se destaca por su bater\u00eda de [&hellip;]<\/p>\n","protected":false},"author":2,"featured_media":0,"parent":0,"menu_order":0,"comment_status":"closed","ping_status":"closed","template":"","meta":{"rank_math_title":"Yamaha Wabash Gravel RT - Alquiler de Bicicletas","rank_math_description":"Descubre la Yamaha Wabash Gravel RT, ideal para el alquiler de bicicletas para el Camino de Santiago. Con bater\u00eda de 500Wh y motor Yamaha, \u00a1reserva ya!","rank_math_focus_keyword":"Yamaha Wabash Gravel RT,alquiler de ebikes para el Camino de Santiago","rank_math_canonical_url":"","rank_math_facebook_title":"","rank_math_facebook_description":"","rank_math_facebook_image":"","rank_math_twitter_title":"","rank_math_twitter_description":"","rank_math_twitter_image":"","rank_math_twitter_card_type":"","rank_math_twitter_use_facebook":"","rank_math_robots":[],"rank_math_advanced_robots":[],"_joinchat":[],"footnotes":""},"class_list":["post-28483","page","type-page","status-publish","hentry"],"_links":{"self":[{"href":"https:\/\/www.tournride.com\/es\/wp-json\/wp\/v2\/pages\/28483","targetHints":{"allow":["GET"]}}],"collection":[{"href":"https:\/\/www.tournride.com\/es\/wp-json\/wp\/v2\/pages"}],"about":[{"href":"https:\/\/www.tournride.com\/es\/wp-json\/wp\/v2\/types\/page"}],"author":[{"embeddable":true,"href":"https:\/\/www.tournride.com\/es\/wp-json\/wp\/v2\/users\/2"}],"replies":[{"embeddable":true,"href":"https:\/\/www.tournride.com\/es\/wp-json\/wp\/v2\/comments?post=28483"}],"version-history":[{"count":0,"href":"https:\/\/www.tournride.com\/es\/wp-json\/wp\/v2\/pages\/28483\/revisions"}],"wp:attachment":[{"href":"https:\/\/www.tournride.com\/es\/wp-json\/wp\/v2\/media?parent=28483"}],"curies":[{"name":"wp","href":"https:\/\/api.w.org\/{rel}","templated":true}]}}