{"id":28387,"date":"2025-01-13T21:00:39","date_gmt":"2025-01-13T20:00:39","guid":{"rendered":"https:\/\/www.tournride.com\/?page_id=28387"},"modified":"2025-01-14T09:36:29","modified_gmt":"2025-01-14T08:36:29","slug":"bh-atome-jet-pro-alquiler-de-bicicletas","status":"publish","type":"page","link":"https:\/\/www.tournride.com\/es\/bh-atome-jet-pro-alquiler-de-bicicletas\/","title":{"rendered":"BH AtomE Jet Pro"},"content":{"rendered":"\n<div class=\"wp-block-rank-math-toc-block\" id=\"rank-math-toc\"><h2>\u00cdndice<\/h2><nav><ul><li class=\"\"><a href=\"https:\/\/www.tournride.com\/es\/bh-atome-jet-pro-alquiler-de-bicicletas#recomendacion-tournride\">Recomendaci\u00f3n Tournride<\/a><\/li><li class=\"\"><a href=\"https:\/\/www.tournride.com\/es\/bh-atome-jet-pro-alquiler-de-bicicletas#caracteristicas-basicas\">Caracter\u00edsticas b\u00e1sicas BH AtomE Jet Pro<\/a><\/li><li class=\"\"><a href=\"https:\/\/www.tournride.com\/es\/bh-atome-jet-pro-alquiler-de-bicicletas#caracteristicas-detalladas\">Caracter\u00edsticas detalladas BH AtomE Jet Pro<\/a><\/li><li class=\"\"><a href=\"https:\/\/www.tournride.com\/es\/bh-atome-jet-pro-alquiler-de-bicicletas#geometria\">Geometr\u00eda<\/a><\/li><\/ul><\/nav><\/div>\n\n\n\n<p>Estamos emocionados de presentar la \u00faltima incorporaci\u00f3n a nuestro cat\u00e1logo de alquiler de bicicletas para el Camino de Santiago: el modelo BH AtomE Jet Pro. Esta bicicleta el\u00e9ctrica de monta\u00f1a est\u00e1 dise\u00f1ada para ofrecer un rendimiento excepcional y una experiencia de conducci\u00f3n sin igual.<\/p>\n\n\n\n<p>El BH AtomE Jet Pro se destaca por su bater\u00eda de 720Wh, que proporciona una autonom\u00eda impresionante, permiti\u00e9ndote disfrutar de largas jornadas de pedaleo sin preocuparte por quedarte sin energ\u00eda. Adem\u00e1s, cuenta con un motor Shimano EP6, conocido por su eficiencia y potencia. Con un par motor de 85Nm, este motor te ofrece la asistencia necesaria para superar cualquier tipo de terreno, desde las subidas m\u00e1s empinadas hasta los caminos m\u00e1s t\u00e9cnicos.<\/p>\n\n\n\n<figure class=\"wp-block-gallery has-nested-images columns-default is-cropped wp-block-gallery-1 is-layout-flex wp-block-gallery-is-layout-flex\">\n<figure class=\"wp-block-image size-large\"><a href=\"https:\/\/www.tournride.com\/wp-content\/uploads\/2025\/01\/es534_nbn_n1-scaled.jpg\"><img loading=\"lazy\" decoding=\"async\" width=\"1024\" height=\"656\" data-id=\"28392\" src=\"https:\/\/www.tournride.com\/wp-content\/uploads\/2025\/01\/es534_nbn_n1-1024x656.jpg\" alt=\"Alquiler de bicicletas para el Camino de Santiago. BH AtomE Jet Pro\" class=\"wp-image-28392\" title=\"\" srcset=\"https:\/\/www.tournride.com\/wp-content\/uploads\/2025\/01\/es534_nbn_n1-1024x656.jpg 1024w, https:\/\/www.tournride.com\/wp-content\/uploads\/2025\/01\/es534_nbn_n1-300x192.jpg 300w, https:\/\/www.tournride.com\/wp-content\/uploads\/2025\/01\/es534_nbn_n1-768x492.jpg 768w, https:\/\/www.tournride.com\/wp-content\/uploads\/2025\/01\/es534_nbn_n1-1536x983.jpg 1536w, https:\/\/www.tournride.com\/wp-content\/uploads\/2025\/01\/es534_nbn_n1-2048x1311.jpg 2048w\" sizes=\"auto, (max-width: 1024px) 100vw, 1024px\" \/><\/a><\/figure>\n\n\n\n<figure class=\"wp-block-image size-large\"><a href=\"https:\/\/www.tournride.com\/wp-content\/uploads\/2025\/01\/es534_detalle4.png\"><img loading=\"lazy\" decoding=\"async\" width=\"1024\" height=\"662\" data-id=\"28397\" src=\"https:\/\/www.tournride.com\/wp-content\/uploads\/2025\/01\/es534_detalle4-1024x662.png\" alt=\"\" class=\"wp-image-28397\" title=\"\" srcset=\"https:\/\/www.tournride.com\/wp-content\/uploads\/2025\/01\/es534_detalle4-1024x662.png 1024w, https:\/\/www.tournride.com\/wp-content\/uploads\/2025\/01\/es534_detalle4-300x194.png 300w, https:\/\/www.tournride.com\/wp-content\/uploads\/2025\/01\/es534_detalle4-768x496.png 768w, https:\/\/www.tournride.com\/wp-content\/uploads\/2025\/01\/es534_detalle4-1536x993.png 1536w, https:\/\/www.tournride.com\/wp-content\/uploads\/2025\/01\/es534_detalle4-2048x1323.png 2048w\" sizes=\"auto, (max-width: 1024px) 100vw, 1024px\" \/><\/a><\/figure>\n\n\n\n<figure class=\"wp-block-image size-large\"><a href=\"https:\/\/www.tournride.com\/wp-content\/uploads\/2025\/01\/es534_detalle3.png\"><img loading=\"lazy\" decoding=\"async\" width=\"1024\" height=\"662\" data-id=\"28402\" src=\"https:\/\/www.tournride.com\/wp-content\/uploads\/2025\/01\/es534_detalle3-1024x662.png\" alt=\"\" class=\"wp-image-28402\" title=\"\" srcset=\"https:\/\/www.tournride.com\/wp-content\/uploads\/2025\/01\/es534_detalle3-1024x662.png 1024w, https:\/\/www.tournride.com\/wp-content\/uploads\/2025\/01\/es534_detalle3-300x194.png 300w, https:\/\/www.tournride.com\/wp-content\/uploads\/2025\/01\/es534_detalle3-768x496.png 768w, https:\/\/www.tournride.com\/wp-content\/uploads\/2025\/01\/es534_detalle3-1536x993.png 1536w, https:\/\/www.tournride.com\/wp-content\/uploads\/2025\/01\/es534_detalle3-2048x1323.png 2048w\" sizes=\"auto, (max-width: 1024px) 100vw, 1024px\" \/><\/a><\/figure>\n\n\n\n<figure class=\"wp-block-image size-large\"><a href=\"https:\/\/www.tournride.com\/wp-content\/uploads\/2025\/01\/es534_detalle2.png\"><img loading=\"lazy\" decoding=\"async\" width=\"1024\" height=\"662\" data-id=\"28407\" src=\"https:\/\/www.tournride.com\/wp-content\/uploads\/2025\/01\/es534_detalle2-1024x662.png\" alt=\"\" class=\"wp-image-28407\" title=\"\" srcset=\"https:\/\/www.tournride.com\/wp-content\/uploads\/2025\/01\/es534_detalle2-1024x662.png 1024w, https:\/\/www.tournride.com\/wp-content\/uploads\/2025\/01\/es534_detalle2-300x194.png 300w, https:\/\/www.tournride.com\/wp-content\/uploads\/2025\/01\/es534_detalle2-768x496.png 768w, https:\/\/www.tournride.com\/wp-content\/uploads\/2025\/01\/es534_detalle2-1536x993.png 1536w, https:\/\/www.tournride.com\/wp-content\/uploads\/2025\/01\/es534_detalle2-2048x1323.png 2048w\" sizes=\"auto, (max-width: 1024px) 100vw, 1024px\" \/><\/a><\/figure>\n<\/figure>\n\n\n\n<h2 class=\"wp-block-heading\" id=\"recomendacion-tournride\">Recomendaci\u00f3n Tournride<\/h2>\n\n\n\n<p>Este modelo es ideal para aquellos que buscan una bicicleta el\u00e9ctrica robusta y confiable para su aventura en el Camino de Santiago. Su dise\u00f1o ergon\u00f3mico y componentes de alta calidad aseguran una conducci\u00f3n c\u00f3moda y segura, permiti\u00e9ndote concentrarte en disfrutar del paisaje y la experiencia \u00fanica del Camino.<\/p>\n\n\n\n<h2 class=\"wp-block-heading\" id=\"caracteristicas-basicas\">Caracter\u00edsticas b\u00e1sicas <a href=\"https:\/\/www.bhbikes.com\/es_ES\/bicicletas\/bicicletas-electricas-de-trail-y-enduro\/bicicletas-electricas-hibridas-urbanas\/atome-jet-pro-es534\" data-type=\"link\" data-id=\"https:\/\/www.yamaha-motor.eu\/es\/es\/ebike\/urban\/pdp\/crosscore-rc-2022\/#2022-CROSSCORE-RC-MGNM1-M\" target=\"_blank\" rel=\"noopener\">BH <\/a><a href=\"https:\/\/www.bhbikes.com\/es_ES\/bicicletas\/bicicletas-electricas-de-trail-y-enduro\/bicicletas-electricas-hibridas-urbanas\/atome-jet-pro-es534\" data-type=\"link\" data-id=\"https:\/\/www.yamaha-motor.eu\/es\/es\/ebike\/urban\/pdp\/crosscore-rc-2022\/#2022-CROSSCORE-RC-MGNM1-M\" rel=\"nofollow noopener\" target=\"_blank\">AtomE<\/a><a href=\"https:\/\/www.bhbikes.com\/es_ES\/bicicletas\/bicicletas-electricas-de-trail-y-enduro\/bicicletas-electricas-hibridas-urbanas\/atome-jet-pro-es534\" data-type=\"link\" data-id=\"https:\/\/www.yamaha-motor.eu\/es\/es\/ebike\/urban\/pdp\/crosscore-rc-2022\/#2022-CROSSCORE-RC-MGNM1-M\" target=\"_blank\" rel=\"noopener\"> Jet Pro<\/a><\/h2>\n\n\n\n<ul class=\"wp-block-list\">\n<li>Motor Shimano EP6<\/li>\n\n\n\n<li>Bater\u00eda 720Wh<\/li>\n\n\n\n<li>Recomendado para etapas de <strong>hasta<\/strong> 110km<\/li>\n\n\n\n<li>Frenos Shimano MT420<\/li>\n\n\n\n<li>Shimano Deore 11s<\/li>\n\n\n\n<li>Horquilla SR Suntour XCR34 LO 120mm 15QR<\/li>\n\n\n\n<li>Tallas S, M y L<\/li>\n\n\n\n<li><strong>Portaequipajes trasero instalado<\/strong><\/li>\n<\/ul>\n\n\n\n<h2 class=\"wp-block-heading\" id=\"caracteristicas-detalladas\">Caracter\u00edsticas detalladas <a href=\"https:\/\/www.bhbikes.com\/es_ES\/bicicletas\/bicicletas-electricas-de-trail-y-enduro\/bicicletas-electricas-hibridas-urbanas\/atome-jet-pro-es534\" data-type=\"link\" data-id=\"https:\/\/mmrbikes.com\/products\/koen-1?variant=44978232426769\" rel=\"nofollow noopener\" target=\"_blank\">BH AtomE Jet Pro<\/a><\/h2>\n\n\n\n<figure class=\"wp-block-table\"><table class=\"has-fixed-layout\"><tbody><tr><td>Cuadro<\/td><td>Sport Hybrid Alloy 28&#8243;<\/td><\/tr><tr><td>Horquilla<\/td><td>SR Suntour XCR34 LO 120mm 15QR<\/td><\/tr><tr><td>Direcci\u00f3n<\/td><td>Acros AZX-578 BL.<\/td><\/tr><tr><td>Cambio<\/td><td>Shimano Deore 11sp<\/td><\/tr><tr><td>Pulsadores<\/td><td>Shimano Deore<\/td><\/tr><tr><td>Frenos<\/td><td>Shimano MT420 4 Piston 180mm<\/td><\/tr><tr><td>Bielas<\/td><td>Shimano 38T-165mm<\/td><\/tr><tr><td>Cassette<\/td><td>Shimano CSM5100 11sp (11-51T)<\/td><\/tr><tr><td>Cadena<\/td><td>Shimano HG60<\/td><\/tr><tr><td>Ruedas<\/td><td>BH Lite Mach1 Trucky 30<\/td><\/tr><tr><td>Potencia<\/td><td>Ergotec Swell Ajustable<\/td><\/tr><tr><td>Manillar<\/td><td>BH MTB Alloy Riser 35 720mm<\/td><\/tr><tr><td>Tija<\/td><td>SR Suntour NCX<\/td><\/tr><tr><td>Sill\u00edn<\/td><td>Selle Royal Look In Relax<\/td><\/tr><tr><td>Motor<\/td><td>Shimano EP6<\/td><\/tr><tr><td>Display<\/td><td>Shimano SCEN500<\/td><\/tr><tr><td>Bater\u00eda<\/td><td>720Wh<\/td><\/tr><\/tbody><\/table><\/figure>\n\n\n\n<h2 class=\"wp-block-heading\" id=\"geometria\">Geometr\u00eda<\/h2>\n\n\n\n<div class=\"wp-block-columns is-layout-flex wp-container-core-columns-is-layout-9d6595d7 wp-block-columns-is-layout-flex\">\n<div class=\"wp-block-column is-layout-flow wp-block-column-is-layout-flow\" style=\"flex-basis:50%\">\n<figure class=\"wp-block-image size-full\"><a href=\"https:\/\/www.tournride.com\/wp-content\/uploads\/2025\/01\/geometria.png\"><img loading=\"lazy\" decoding=\"async\" width=\"874\" height=\"501\" src=\"https:\/\/www.tournride.com\/wp-content\/uploads\/2025\/01\/geometria.png\" alt=\"\" class=\"wp-image-28257\" style=\"object-fit:cover\" title=\"\" srcset=\"https:\/\/www.tournride.com\/wp-content\/uploads\/2025\/01\/geometria.png 874w, https:\/\/www.tournride.com\/wp-content\/uploads\/2025\/01\/geometria-300x172.png 300w, https:\/\/www.tournride.com\/wp-content\/uploads\/2025\/01\/geometria-768x440.png 768w\" sizes=\"auto, (max-width: 874px) 100vw, 874px\" \/><\/a><\/figure>\n<\/div>\n\n\n\n<div class=\"wp-block-column is-layout-flow wp-block-column-is-layout-flow\" style=\"flex-basis:50%\">\n<figure class=\"wp-block-table\"><table class=\"has-fixed-layout\"><tbody><tr><td class=\"has-text-align-center\" data-align=\"center\"><\/td><td class=\"has-text-align-center\" data-align=\"center\">S<\/td><td class=\"has-text-align-center\" data-align=\"center\">M<\/td><td class=\"has-text-align-center\" data-align=\"center\">L<\/td><\/tr><tr><td class=\"has-text-align-center\" data-align=\"center\">H1<\/td><td class=\"has-text-align-center\" data-align=\"center\">440<\/td><td class=\"has-text-align-center\" data-align=\"center\">480<\/td><td class=\"has-text-align-center\" data-align=\"center\">540<\/td><\/tr><tr><td class=\"has-text-align-center\" data-align=\"center\">H2<\/td><td class=\"has-text-align-center\" data-align=\"center\">180<\/td><td class=\"has-text-align-center\" data-align=\"center\">180<\/td><td class=\"has-text-align-center\" data-align=\"center\">180<\/td><\/tr><tr><td class=\"has-text-align-center\" data-align=\"center\">L1<\/td><td class=\"has-text-align-center\" data-align=\"center\">582<\/td><td class=\"has-text-align-center\" data-align=\"center\">592<\/td><td class=\"has-text-align-center\" data-align=\"center\">617<\/td><\/tr><tr><td class=\"has-text-align-center\" data-align=\"center\">STACK<\/td><td class=\"has-text-align-center\" data-align=\"center\">734<\/td><td class=\"has-text-align-center\" data-align=\"center\">734<\/td><td class=\"has-text-align-center\" data-align=\"center\">734<\/td><\/tr><tr><td class=\"has-text-align-center\" data-align=\"center\">REACH<\/td><td class=\"has-text-align-center\" data-align=\"center\">380<\/td><td class=\"has-text-align-center\" data-align=\"center\">390<\/td><td class=\"has-text-align-center\" data-align=\"center\">415<\/td><\/tr><tr><td class=\"has-text-align-center\" data-align=\"center\">A2<\/td><td class=\"has-text-align-center\" data-align=\"center\">73<\/td><td class=\"has-text-align-center\" data-align=\"center\">73<\/td><td class=\"has-text-align-center\" data-align=\"center\">73<\/td><\/tr><\/tbody><\/table><\/figure>\n<\/div>\n<\/div>\n","protected":false},"excerpt":{"rendered":"<p>Estamos emocionados de presentar la \u00faltima incorporaci\u00f3n a nuestro cat\u00e1logo de alquiler de bicicletas para el Camino de Santiago: el modelo BH AtomE Jet Pro. Esta bicicleta el\u00e9ctrica de monta\u00f1a est\u00e1 dise\u00f1ada para ofrecer un rendimiento excepcional y una experiencia de conducci\u00f3n sin igual. El BH AtomE Jet Pro se destaca por su bater\u00eda de [&hellip;]<\/p>\n","protected":false},"author":2,"featured_media":0,"parent":0,"menu_order":0,"comment_status":"closed","ping_status":"closed","template":"","meta":{"rank_math_title":"BH AtomE Jet Pro | Alquiler de bicicletas Camino de Santiago","rank_math_description":"Descubre el BH AtomE Jet Pro, ideal para el alquiler de bicicletas para el Camino de Santiago. Con bater\u00eda de 720Wh y motor Shimano EP6, \u00a1reserva ya!","rank_math_focus_keyword":"BH AtomE Jet Pro,alquiler de bicicletas para el camino de santiago","rank_math_canonical_url":"","rank_math_facebook_title":"","rank_math_facebook_description":"","rank_math_facebook_image":"","rank_math_twitter_title":"","rank_math_twitter_description":"","rank_math_twitter_image":"","rank_math_twitter_card_type":"","rank_math_twitter_use_facebook":"","rank_math_robots":[],"rank_math_advanced_robots":[],"_joinchat":[],"footnotes":""},"class_list":["post-28387","page","type-page","status-publish","hentry"],"_links":{"self":[{"href":"https:\/\/www.tournride.com\/es\/wp-json\/wp\/v2\/pages\/28387","targetHints":{"allow":["GET"]}}],"collection":[{"href":"https:\/\/www.tournride.com\/es\/wp-json\/wp\/v2\/pages"}],"about":[{"href":"https:\/\/www.tournride.com\/es\/wp-json\/wp\/v2\/types\/page"}],"author":[{"embeddable":true,"href":"https:\/\/www.tournride.com\/es\/wp-json\/wp\/v2\/users\/2"}],"replies":[{"embeddable":true,"href":"https:\/\/www.tournride.com\/es\/wp-json\/wp\/v2\/comments?post=28387"}],"version-history":[{"count":0,"href":"https:\/\/www.tournride.com\/es\/wp-json\/wp\/v2\/pages\/28387\/revisions"}],"wp:attachment":[{"href":"https:\/\/www.tournride.com\/es\/wp-json\/wp\/v2\/media?parent=28387"}],"curies":[{"name":"wp","href":"https:\/\/api.w.org\/{rel}","templated":true}]}}