{"id":28305,"date":"2025-01-13T18:53:08","date_gmt":"2025-01-13T17:53:08","guid":{"rendered":"https:\/\/www.tournride.com\/?page_id=28305"},"modified":"2025-01-17T11:08:39","modified_gmt":"2025-01-17T10:08:39","slug":"yamaha-crosscore-rc","status":"publish","type":"page","link":"https:\/\/www.tournride.com\/es\/yamaha-crosscore-rc\/","title":{"rendered":"Yamaha Crosscore RC"},"content":{"rendered":"\n<div class=\"wp-block-rank-math-toc-block\" id=\"rank-math-toc\"><h2>\u00cdndice<\/h2><nav><ul><li class=\"\"><a href=\"https:\/\/www.tournride.com\/es\/yamaha-crosscore-rc#recomendacion-tournride\">Recomendaci\u00f3n Tournride<\/a><\/li><li class=\"\"><a href=\"https:\/\/www.tournride.com\/es\/yamaha-crosscore-rc#caracteristicas-basicas-mmr-koen-00\">Caracter\u00edsticas b\u00e1sicas Yamaha Crosscore RC<\/a><\/li><li class=\"\"><a href=\"https:\/\/www.tournride.com\/es\/yamaha-crosscore-rc#caracteristicas-detalladas-mmr-koen-00\">Caracter\u00edsticas detalladas Yamaha Crosscore RC<\/a><\/li><li class=\"\"><a href=\"https:\/\/www.tournride.com\/es\/yamaha-crosscore-rc#geometria\">Geometr\u00eda<\/a><\/li><\/ul><\/nav><\/div>\n\n\n\n<p>La Yamaha CrossCore RC es una bicicleta el\u00e9ctrica vers\u00e1til, adaptable y accesible que est\u00e1 preparada para afrontar cualquier situaci\u00f3n que te depare el d\u00eda. Se ha dise\u00f1ado espec\u00edficamente para todo tipo de situaciones, desde desplazamientos urbanos hasta relajados paseos de ocio y entrenamientos f\u00edsicos. Y, con sus cero emisiones y sus bajos costes de mantenimiento, es perfecta por muchas razones, y por ello la hemos elegido como opci\u00f3n para 2025 en nuestro servicio de alquiler de bicicletas para el camino de Santiago.<\/p>\n\n\n\n<figure class=\"wp-block-gallery has-nested-images columns-default is-cropped wp-block-gallery-1 is-layout-flex wp-block-gallery-is-layout-flex\">\n<figure class=\"wp-block-image size-large\"><a href=\"https:\/\/www.tournride.com\/wp-content\/uploads\/2025\/01\/2022-Yamaha-CROSSCORE-RC-EU-Urban_Sage-Studio-001-03.jpg\"><img loading=\"lazy\" decoding=\"async\" width=\"1024\" height=\"576\" data-id=\"28312\" src=\"https:\/\/www.tournride.com\/wp-content\/uploads\/2025\/01\/2022-Yamaha-CROSSCORE-RC-EU-Urban_Sage-Studio-001-03-1024x576.jpg\" alt=\"Bicicletas el\u00e9ctricas para el camino de Santiago. Yamaha CrossCore RC\" class=\"wp-image-28312\" title=\"\" srcset=\"https:\/\/www.tournride.com\/wp-content\/uploads\/2025\/01\/2022-Yamaha-CROSSCORE-RC-EU-Urban_Sage-Studio-001-03-1024x576.jpg 1024w, https:\/\/www.tournride.com\/wp-content\/uploads\/2025\/01\/2022-Yamaha-CROSSCORE-RC-EU-Urban_Sage-Studio-001-03-300x169.jpg 300w, https:\/\/www.tournride.com\/wp-content\/uploads\/2025\/01\/2022-Yamaha-CROSSCORE-RC-EU-Urban_Sage-Studio-001-03-768x432.jpg 768w, https:\/\/www.tournride.com\/wp-content\/uploads\/2025\/01\/2022-Yamaha-CROSSCORE-RC-EU-Urban_Sage-Studio-001-03-1536x864.jpg 1536w, https:\/\/www.tournride.com\/wp-content\/uploads\/2025\/01\/2022-Yamaha-CROSSCORE-RC-EU-Urban_Sage-Studio-001-03.jpg 2000w\" sizes=\"auto, (max-width: 1024px) 100vw, 1024px\" \/><\/a><\/figure>\n\n\n\n<figure class=\"wp-block-image size-large\"><a href=\"https:\/\/www.tournride.com\/wp-content\/uploads\/2025\/01\/2022-Yamaha-CROSSCORE-RC-EU-Shiver_White-Action-001-03.jpg\"><img loading=\"lazy\" decoding=\"async\" width=\"1024\" height=\"576\" data-id=\"28316\" src=\"https:\/\/www.tournride.com\/wp-content\/uploads\/2025\/01\/2022-Yamaha-CROSSCORE-RC-EU-Shiver_White-Action-001-03-1024x576.jpg\" alt=\"\" class=\"wp-image-28316\" title=\"\" srcset=\"https:\/\/www.tournride.com\/wp-content\/uploads\/2025\/01\/2022-Yamaha-CROSSCORE-RC-EU-Shiver_White-Action-001-03-1024x576.jpg 1024w, https:\/\/www.tournride.com\/wp-content\/uploads\/2025\/01\/2022-Yamaha-CROSSCORE-RC-EU-Shiver_White-Action-001-03-300x169.jpg 300w, https:\/\/www.tournride.com\/wp-content\/uploads\/2025\/01\/2022-Yamaha-CROSSCORE-RC-EU-Shiver_White-Action-001-03-768x432.jpg 768w, https:\/\/www.tournride.com\/wp-content\/uploads\/2025\/01\/2022-Yamaha-CROSSCORE-RC-EU-Shiver_White-Action-001-03-1536x864.jpg 1536w, https:\/\/www.tournride.com\/wp-content\/uploads\/2025\/01\/2022-Yamaha-CROSSCORE-RC-EU-Shiver_White-Action-001-03.jpg 2000w\" sizes=\"auto, (max-width: 1024px) 100vw, 1024px\" \/><\/a><\/figure>\n\n\n\n<figure class=\"wp-block-image size-large\"><a href=\"https:\/\/www.tournride.com\/wp-content\/uploads\/2025\/01\/2022-Yamaha-CROSSCORE-RC-EU-Detail-005-03.jpg\"><img loading=\"lazy\" decoding=\"async\" width=\"1024\" height=\"576\" data-id=\"28307\" src=\"https:\/\/www.tournride.com\/wp-content\/uploads\/2025\/01\/2022-Yamaha-CROSSCORE-RC-EU-Detail-005-03-1024x576.jpg\" alt=\"\" class=\"wp-image-28307\" title=\"\" srcset=\"https:\/\/www.tournride.com\/wp-content\/uploads\/2025\/01\/2022-Yamaha-CROSSCORE-RC-EU-Detail-005-03-1024x576.jpg 1024w, https:\/\/www.tournride.com\/wp-content\/uploads\/2025\/01\/2022-Yamaha-CROSSCORE-RC-EU-Detail-005-03-300x169.jpg 300w, https:\/\/www.tournride.com\/wp-content\/uploads\/2025\/01\/2022-Yamaha-CROSSCORE-RC-EU-Detail-005-03-768x432.jpg 768w, https:\/\/www.tournride.com\/wp-content\/uploads\/2025\/01\/2022-Yamaha-CROSSCORE-RC-EU-Detail-005-03-1536x864.jpg 1536w, https:\/\/www.tournride.com\/wp-content\/uploads\/2025\/01\/2022-Yamaha-CROSSCORE-RC-EU-Detail-005-03.jpg 2000w\" sizes=\"auto, (max-width: 1024px) 100vw, 1024px\" \/><\/a><\/figure>\n\n\n\n<figure class=\"wp-block-image size-large\"><a href=\"https:\/\/www.tournride.com\/wp-content\/uploads\/2025\/01\/2022-Yamaha-CROSSCORE-RC-EU-Detail-002-03.jpg\"><img loading=\"lazy\" decoding=\"async\" width=\"1024\" height=\"576\" data-id=\"28311\" src=\"https:\/\/www.tournride.com\/wp-content\/uploads\/2025\/01\/2022-Yamaha-CROSSCORE-RC-EU-Detail-002-03-1024x576.jpg\" alt=\"\" class=\"wp-image-28311\" title=\"\" srcset=\"https:\/\/www.tournride.com\/wp-content\/uploads\/2025\/01\/2022-Yamaha-CROSSCORE-RC-EU-Detail-002-03-1024x576.jpg 1024w, https:\/\/www.tournride.com\/wp-content\/uploads\/2025\/01\/2022-Yamaha-CROSSCORE-RC-EU-Detail-002-03-300x169.jpg 300w, https:\/\/www.tournride.com\/wp-content\/uploads\/2025\/01\/2022-Yamaha-CROSSCORE-RC-EU-Detail-002-03-768x432.jpg 768w, https:\/\/www.tournride.com\/wp-content\/uploads\/2025\/01\/2022-Yamaha-CROSSCORE-RC-EU-Detail-002-03-1536x864.jpg 1536w, https:\/\/www.tournride.com\/wp-content\/uploads\/2025\/01\/2022-Yamaha-CROSSCORE-RC-EU-Detail-002-03.jpg 2000w\" sizes=\"auto, (max-width: 1024px) 100vw, 1024px\" \/><\/a><\/figure>\n<\/figure>\n\n\n\n<h2 class=\"wp-block-heading\" id=\"recomendacion-tournride\">Recomendaci\u00f3n Tournride<\/h2>\n\n\n\n<p>Nuestro gama de entrada en e-bike MTB para esta temporada. Fiabilidad Yamaha en motorizaci\u00f3n y bater\u00eda. Si no sabes qu\u00e9 bicicleta elegir para hacer el Camino de Santiago \u00e9sta es una elecci\u00f3n perfecta para ti. Uno de los modelos m\u00e1s polivalentes en alquiler de bicis el\u00e9ctricas para el Camino de Santiago.<\/p>\n\n\n\n<h2 class=\"wp-block-heading\" id=\"caracteristicas-basicas-mmr-koen-00\">Caracter\u00edsticas b\u00e1sicas <a href=\"https:\/\/www.yamaha-motor.eu\/es\/es\/ebike\/urban\/pdp\/crosscore-rc-2022\/#2022-CROSSCORE-RC-MGNM1-M\" data-type=\"link\" data-id=\"https:\/\/www.yamaha-motor.eu\/es\/es\/ebike\/urban\/pdp\/crosscore-rc-2022\/#2022-CROSSCORE-RC-MGNM1-M\" target=\"_blank\" rel=\"noopener\">Yamaha Crosscore RC<\/a><\/h2>\n\n\n\n<ul class=\"wp-block-list\">\n<li>Yamaha PW ultra-efficient engine<\/li>\n\n\n\n<li>500Wh (Yamaha battery system)<\/li>\n\n\n\n<li>Recomendado para etapas de <strong>hasta<\/strong> 75km<\/li>\n\n\n\n<li>Frenos de disco hidr\u00e1ulicos Shimano<\/li>\n\n\n\n<li>9 velocidades<\/li>\n\n\n\n<li>Horquilla SR Suntour Nex E25<\/li>\n\n\n\n<li>Tallas S, M y L<\/li>\n\n\n\n<li><strong>Portaequipajes trasero instalado<\/strong><\/li>\n<\/ul>\n\n\n\n<h2 class=\"wp-block-heading\" id=\"caracteristicas-detalladas-mmr-koen-00\">Caracter\u00edsticas detalladas <a href=\"https:\/\/www.yamaha-motor.eu\/es\/es\/ebike\/urban\/pdp\/crosscore-rc-2022\/#2022-CROSSCORE-RC-MGNM1-M\" data-type=\"link\" data-id=\"https:\/\/mmrbikes.com\/products\/koen-1?variant=44978232426769\" target=\"_blank\" rel=\"noopener\">Yamaha Crosscore RC<\/a><\/h2>\n\n\n\n<figure class=\"wp-block-table\"><table class=\"has-fixed-layout\"><tbody><tr><td>Cuadro<\/td><td>Yamaha Hydroformed Aluminum<\/td><\/tr><tr><td>Horquilla<\/td><td>SR Suntour NEX E25. 63mm Travel.<\/td><\/tr><tr><td>Direcci\u00f3n<\/td><td>Integrated bearing<\/td><\/tr><tr><td>Cambio<\/td><td>Shimano M3100 SGS<\/td><\/tr><tr><td>Pulsadores<\/td><td>Shimano M2010 9-speed<\/td><\/tr><tr><td>Frenos<\/td><td>Shimano BR-MT200<\/td><\/tr><tr><td>Bielas<\/td><td>Square Taper Spindle 170mm<\/td><\/tr><tr><td>Cassette<\/td><td>Sunrace 11-51 12v<\/td><\/tr><tr><td>Cadena<\/td><td>KMC e11 118 links<\/td><\/tr><tr><td>Ruedas<\/td><td>Dual Channel Welded<\/td><\/tr><tr><td>Potencia<\/td><td>31.8 clamp dia. 6 deg rise 80mm<\/td><\/tr><tr><td>Manillar<\/td><td>Alloy, 31.8mm clamp, width 640mm<\/td><\/tr><tr><td>Tija<\/td><td>30.9 diam. Length: 345mm (L, M), 295 (S)<\/td><\/tr><tr><td>Sill\u00edn<\/td><td>Yamaha Urban Comfort Cro-Mo Rail<\/td><\/tr><tr><td>Motor<\/td><td>Yamaha PWSeries ST 3-bolt Mount<\/td><\/tr><tr><td>Display<\/td><td>Pantalla Display A<\/td><\/tr><tr><td>Bater\u00eda<\/td><td>Yamaha Lithium Ion 500Wh, 36V, 13.4Ah<\/td><\/tr><\/tbody><\/table><\/figure>\n\n\n\n<h2 class=\"wp-block-heading\" id=\"geometria\">Geometr\u00eda<\/h2>\n\n\n\n<div class=\"wp-block-columns is-layout-flex wp-container-core-columns-is-layout-9d6595d7 wp-block-columns-is-layout-flex\">\n<div class=\"wp-block-column is-layout-flow wp-block-column-is-layout-flow\" style=\"flex-basis:50%\">\n<figure class=\"wp-block-image size-full\"><a href=\"https:\/\/www.tournride.com\/wp-content\/uploads\/2025\/01\/geometria.png\"><img loading=\"lazy\" decoding=\"async\" width=\"874\" height=\"501\" src=\"https:\/\/www.tournride.com\/wp-content\/uploads\/2025\/01\/geometria.png\" alt=\"\" class=\"wp-image-28257\" style=\"object-fit:cover\" title=\"\" srcset=\"https:\/\/www.tournride.com\/wp-content\/uploads\/2025\/01\/geometria.png 874w, https:\/\/www.tournride.com\/wp-content\/uploads\/2025\/01\/geometria-300x172.png 300w, https:\/\/www.tournride.com\/wp-content\/uploads\/2025\/01\/geometria-768x440.png 768w\" sizes=\"auto, (max-width: 874px) 100vw, 874px\" \/><\/a><\/figure>\n<\/div>\n\n\n\n<div class=\"wp-block-column is-layout-flow wp-block-column-is-layout-flow\" style=\"flex-basis:50%\">\n<figure class=\"wp-block-table\"><table class=\"has-fixed-layout\"><tbody><tr><td class=\"has-text-align-center\" data-align=\"center\"><\/td><td class=\"has-text-align-center\" data-align=\"center\">S<\/td><td class=\"has-text-align-center\" data-align=\"center\">M<\/td><td class=\"has-text-align-center\" data-align=\"center\">L<\/td><\/tr><tr><td class=\"has-text-align-center\" data-align=\"center\">H1<\/td><td class=\"has-text-align-center\" data-align=\"center\">429<\/td><td class=\"has-text-align-center\" data-align=\"center\">490<\/td><td class=\"has-text-align-center\" data-align=\"center\">551<\/td><\/tr><tr><td class=\"has-text-align-center\" data-align=\"center\">H2<\/td><td class=\"has-text-align-center\" data-align=\"center\">121<\/td><td class=\"has-text-align-center\" data-align=\"center\">131<\/td><td class=\"has-text-align-center\" data-align=\"center\">142<\/td><\/tr><tr><td class=\"has-text-align-center\" data-align=\"center\">L1<\/td><td class=\"has-text-align-center\" data-align=\"center\">535<\/td><td class=\"has-text-align-center\" data-align=\"center\">565<\/td><td class=\"has-text-align-center\" data-align=\"center\">595<\/td><\/tr><tr><td class=\"has-text-align-center\" data-align=\"center\">STACK<\/td><td class=\"has-text-align-center\" data-align=\"center\">595<\/td><td class=\"has-text-align-center\" data-align=\"center\">607<\/td><td class=\"has-text-align-center\" data-align=\"center\">617<\/td><\/tr><tr><td class=\"has-text-align-center\" data-align=\"center\">REACH<\/td><td class=\"has-text-align-center\" data-align=\"center\">368<\/td><td class=\"has-text-align-center\" data-align=\"center\">382<\/td><td class=\"has-text-align-center\" data-align=\"center\">402<\/td><\/tr><tr><td class=\"has-text-align-center\" data-align=\"center\">A2<\/td><td class=\"has-text-align-center\" data-align=\"center\">74.4\u00ba<\/td><td class=\"has-text-align-center\" data-align=\"center\">73.3\u00ba<\/td><td class=\"has-text-align-center\" data-align=\"center\">72.6\u00ba<\/td><\/tr><\/tbody><\/table><\/figure>\n<\/div>\n<\/div>\n","protected":false},"excerpt":{"rendered":"<p>La Yamaha CrossCore RC es una bicicleta el\u00e9ctrica vers\u00e1til, adaptable y accesible que est\u00e1 preparada para afrontar cualquier situaci\u00f3n que te depare el d\u00eda. Se ha dise\u00f1ado espec\u00edficamente para todo tipo de situaciones, desde desplazamientos urbanos hasta relajados paseos de ocio y entrenamientos f\u00edsicos. Y, con sus cero emisiones y sus bajos costes de mantenimiento, [&hellip;]<\/p>\n","protected":false},"author":2,"featured_media":0,"parent":0,"menu_order":0,"comment_status":"closed","ping_status":"closed","template":"","meta":{"_joinchat":[],"footnotes":""},"class_list":["post-28305","page","type-page","status-publish","hentry"],"_links":{"self":[{"href":"https:\/\/www.tournride.com\/es\/wp-json\/wp\/v2\/pages\/28305","targetHints":{"allow":["GET"]}}],"collection":[{"href":"https:\/\/www.tournride.com\/es\/wp-json\/wp\/v2\/pages"}],"about":[{"href":"https:\/\/www.tournride.com\/es\/wp-json\/wp\/v2\/types\/page"}],"author":[{"embeddable":true,"href":"https:\/\/www.tournride.com\/es\/wp-json\/wp\/v2\/users\/2"}],"replies":[{"embeddable":true,"href":"https:\/\/www.tournride.com\/es\/wp-json\/wp\/v2\/comments?post=28305"}],"version-history":[{"count":0,"href":"https:\/\/www.tournride.com\/es\/wp-json\/wp\/v2\/pages\/28305\/revisions"}],"wp:attachment":[{"href":"https:\/\/www.tournride.com\/es\/wp-json\/wp\/v2\/media?parent=28305"}],"curies":[{"name":"wp","href":"https:\/\/api.w.org\/{rel}","templated":true}]}}