{"id":28218,"date":"2025-01-13T12:43:13","date_gmt":"2025-01-13T11:43:13","guid":{"rendered":"https:\/\/www.tournride.com\/?page_id=28218"},"modified":"2025-01-16T13:04:09","modified_gmt":"2025-01-16T12:04:09","slug":"mmr-koen-00","status":"publish","type":"page","link":"https:\/\/www.tournride.com\/es\/mmr-koen-00\/","title":{"rendered":"MMR Koen 00"},"content":{"rendered":"\n<div class=\"wp-block-rank-math-toc-block\" id=\"rank-math-toc\"><h2>\u00cdndice<\/h2><nav><ul><li class=\"\"><a href=\"https:\/\/www.tournride.com\/es\/mmr-koen-00#galeria\">Galer\u00eda<\/a><\/li><li class=\"\"><a href=\"https:\/\/www.tournride.com\/es\/mmr-koen-00#recomendacion-tournride\">Recomendaci\u00f3n Tournride<\/a><\/li><li class=\"\"><a href=\"https:\/\/www.tournride.com\/es\/mmr-koen-00#caracteristicas-basicas-mmr-koen-00\">Caracter\u00edsticas b\u00e1sicas MMR Koen 00<\/a><\/li><li class=\"\"><a href=\"https:\/\/www.tournride.com\/es\/mmr-koen-00#caracteristicas-detalladas-mmr-koen-00\">Caracter\u00edsticas detalladas MMR Koen 00<\/a><\/li><li class=\"\"><a href=\"https:\/\/www.tournride.com\/es\/mmr-koen-00#geometria\">Geometr\u00eda<\/a><\/li><\/ul><\/nav><\/div>\n\n\n\n<p>En la selecci\u00f3n de bicicletas el\u00e9ctricas para el Camino de Santiago que hemos hecho en Tournride para 2025 hemos decidido incluir la bicicleta MMR Koen 00. A la fiablidad de Bosch Performance Line CX de 4\u00aa generaci\u00f3n se a\u00f1ade un cambio de 12 velocidades y una horquilla de aire firmada por Rock Shox.<\/p>\n\n\n\n<h2 class=\"wp-block-heading\" id=\"galeria\">Galer\u00eda<\/h2>\n\n\n\n<figure class=\"wp-block-gallery has-nested-images columns-2 is-cropped wp-block-gallery-1 is-layout-flex wp-block-gallery-is-layout-flex\">\n<figure class=\"wp-block-image size-large\"><a href=\"https:\/\/www.tournride.com\/wp-content\/uploads\/2025\/01\/75199_KORE_00_GRAPHITEBLACKNRED-min_094eeeb3-c5ab-4685-9187-d281d4941678-scaled.webp\" target=\"_blank\"><img loading=\"lazy\" decoding=\"async\" width=\"1024\" height=\"683\" data-id=\"28241\" src=\"https:\/\/www.tournride.com\/wp-content\/uploads\/2025\/01\/75199_KORE_00_GRAPHITEBLACKNRED-min_094eeeb3-c5ab-4685-9187-d281d4941678-1024x683.webp\" alt=\"Bicicletas el\u00e9ctricas para el camino de santiago. MMR KOEN 00\" class=\"wp-image-28241\" title=\"\" srcset=\"https:\/\/www.tournride.com\/wp-content\/uploads\/2025\/01\/75199_KORE_00_GRAPHITEBLACKNRED-min_094eeeb3-c5ab-4685-9187-d281d4941678-1024x683.webp 1024w, https:\/\/www.tournride.com\/wp-content\/uploads\/2025\/01\/75199_KORE_00_GRAPHITEBLACKNRED-min_094eeeb3-c5ab-4685-9187-d281d4941678-300x200.webp 300w, https:\/\/www.tournride.com\/wp-content\/uploads\/2025\/01\/75199_KORE_00_GRAPHITEBLACKNRED-min_094eeeb3-c5ab-4685-9187-d281d4941678-768x512.webp 768w, https:\/\/www.tournride.com\/wp-content\/uploads\/2025\/01\/75199_KORE_00_GRAPHITEBLACKNRED-min_094eeeb3-c5ab-4685-9187-d281d4941678-1536x1024.webp 1536w, https:\/\/www.tournride.com\/wp-content\/uploads\/2025\/01\/75199_KORE_00_GRAPHITEBLACKNRED-min_094eeeb3-c5ab-4685-9187-d281d4941678-2048x1366.webp 2048w\" sizes=\"auto, (max-width: 1024px) 100vw, 1024px\" \/><\/a><\/figure>\n\n\n\n<figure class=\"wp-block-image size-large\"><a href=\"https:\/\/www.tournride.com\/wp-content\/uploads\/2025\/01\/MMR22_EmtbKore-72.webp\" target=\"_blank\"><img loading=\"lazy\" decoding=\"async\" width=\"1024\" height=\"684\" data-id=\"28226\" src=\"https:\/\/www.tournride.com\/wp-content\/uploads\/2025\/01\/MMR22_EmtbKore-72-1024x684.webp\" alt=\"\" class=\"wp-image-28226\" title=\"\" srcset=\"https:\/\/www.tournride.com\/wp-content\/uploads\/2025\/01\/MMR22_EmtbKore-72-1024x684.webp 1024w, https:\/\/www.tournride.com\/wp-content\/uploads\/2025\/01\/MMR22_EmtbKore-72-300x200.webp 300w, https:\/\/www.tournride.com\/wp-content\/uploads\/2025\/01\/MMR22_EmtbKore-72-768x513.webp 768w, https:\/\/www.tournride.com\/wp-content\/uploads\/2025\/01\/MMR22_EmtbKore-72-1536x1025.webp 1536w, https:\/\/www.tournride.com\/wp-content\/uploads\/2025\/01\/MMR22_EmtbKore-72.webp 2048w\" sizes=\"auto, (max-width: 1024px) 100vw, 1024px\" \/><\/a><\/figure>\n\n\n\n<figure class=\"wp-block-image size-large\"><a href=\"https:\/\/www.tournride.com\/wp-content\/uploads\/2025\/01\/MMR22_EmtbKore-51.jpg\" target=\"_blank\"><img loading=\"lazy\" decoding=\"async\" width=\"1024\" height=\"684\" data-id=\"28231\" src=\"https:\/\/www.tournride.com\/wp-content\/uploads\/2025\/01\/MMR22_EmtbKore-51-1024x684.jpg\" alt=\"\" class=\"wp-image-28231\" title=\"\" srcset=\"https:\/\/www.tournride.com\/wp-content\/uploads\/2025\/01\/MMR22_EmtbKore-51-1024x684.jpg 1024w, https:\/\/www.tournride.com\/wp-content\/uploads\/2025\/01\/MMR22_EmtbKore-51-300x200.jpg 300w, https:\/\/www.tournride.com\/wp-content\/uploads\/2025\/01\/MMR22_EmtbKore-51-768x513.jpg 768w, https:\/\/www.tournride.com\/wp-content\/uploads\/2025\/01\/MMR22_EmtbKore-51-1536x1025.jpg 1536w, https:\/\/www.tournride.com\/wp-content\/uploads\/2025\/01\/MMR22_EmtbKore-51.jpg 2048w\" sizes=\"auto, (max-width: 1024px) 100vw, 1024px\" \/><\/a><\/figure>\n\n\n\n<figure class=\"wp-block-image size-large\"><a href=\"https:\/\/www.tournride.com\/wp-content\/uploads\/2025\/01\/MMR22_EmtbKore-30.webp\" target=\"_blank\"><img loading=\"lazy\" decoding=\"async\" width=\"1024\" height=\"682\" data-id=\"28236\" src=\"https:\/\/www.tournride.com\/wp-content\/uploads\/2025\/01\/MMR22_EmtbKore-30-1024x682.webp\" alt=\"\" class=\"wp-image-28236\" title=\"\" srcset=\"https:\/\/www.tournride.com\/wp-content\/uploads\/2025\/01\/MMR22_EmtbKore-30-1024x682.webp 1024w, https:\/\/www.tournride.com\/wp-content\/uploads\/2025\/01\/MMR22_EmtbKore-30-300x200.webp 300w, https:\/\/www.tournride.com\/wp-content\/uploads\/2025\/01\/MMR22_EmtbKore-30-768x511.webp 768w, https:\/\/www.tournride.com\/wp-content\/uploads\/2025\/01\/MMR22_EmtbKore-30-1536x1022.webp 1536w, https:\/\/www.tournride.com\/wp-content\/uploads\/2025\/01\/MMR22_EmtbKore-30.webp 2048w\" sizes=\"auto, (max-width: 1024px) 100vw, 1024px\" \/><\/a><\/figure>\n<\/figure>\n\n\n\n<h2 class=\"wp-block-heading\" id=\"recomendacion-tournride\">Recomendaci\u00f3n Tournride<\/h2>\n\n\n\n<p>Nuestro tope de gama en e-bike MTB para esta temporada. Ideal para los m\u00e1s exigentes en cuanto a e-bikes, con la \u00faltima motorizaci\u00f3n de Bosh, garant\u00eda de fiabilidad. Recomendado para todos aquellos que adoran la bicicleta de monta\u00f1a pero que no se ven completamente en forma.<\/p>\n\n\n\n<h2 class=\"wp-block-heading\" id=\"caracteristicas-basicas-mmr-koen-00\">Caracter\u00edsticas b\u00e1sicas <a href=\"https:\/\/mmrbikes.com\/products\/koen-1?variant=44978232426769\" data-type=\"link\" data-id=\"https:\/\/mmrbikes.com\/products\/koen-1?variant=44978232426769\" target=\"_blank\" rel=\"noopener\">MMR Koen 00<\/a><\/h2>\n\n\n\n<ul class=\"wp-block-list\">\n<li>Bosch Performance Line CX<\/li>\n\n\n\n<li>625Wh (Bosch battery system)<\/li>\n\n\n\n<li>Recomendado para etapas de <strong>hasta<\/strong> 110km<\/li>\n\n\n\n<li>Frenos de disco hidr\u00e1ulicos Shimano<\/li>\n\n\n\n<li>12 velocidades<\/li>\n\n\n\n<li>Rock Shox 35 Silver Air E-bike<\/li>\n\n\n\n<li>Tallas S, M, L y XL<\/li>\n\n\n\n<li><strong>Portaequipajes trasero instalado<\/strong><\/li>\n<\/ul>\n\n\n\n<h2 class=\"wp-block-heading\" id=\"caracteristicas-detalladas-mmr-koen-00\">Caracter\u00edsticas detalladas <a href=\"https:\/\/mmrbikes.com\/products\/koen-1?variant=44978232426769\" data-type=\"link\" data-id=\"https:\/\/mmrbikes.com\/products\/koen-1?variant=44978232426769\" target=\"_blank\" rel=\"noopener\">MMR Koen 00<\/a><\/h2>\n\n\n\n<figure class=\"wp-block-table\"><table class=\"has-fixed-layout\"><tbody><tr><td>Cuadro<\/td><td>Kore G2. AC Frame. Aluminium 6061<\/td><\/tr><tr><td>Horquilla<\/td><td>Rock Shox SID Base Air Crown 15 Boost E-bike<\/td><\/tr><tr><td>Direcci\u00f3n<\/td><td>Ritchey Pro Press Fit Tapered 1.5<\/td><\/tr><tr><td>Cambio<\/td><td>Shimano Deore M6100 12v<\/td><\/tr><tr><td>Pulsadores<\/td><td>Shumano Deore M6100 12v<\/td><\/tr><tr><td>Frenos<\/td><td>Shimano MT200 180\/160<\/td><\/tr><tr><td>Bielas<\/td><td>FSA Forged E-bike 34<\/td><\/tr><tr><td>Cassette<\/td><td>Sunrace 11-51 12v<\/td><\/tr><tr><td>Cadena<\/td><td>Shimano Deore M6100 12v<\/td><\/tr><tr><td>Ruedas<\/td><td>Shimano MT500 CL<\/td><\/tr><tr><td>Potencia<\/td><td>Ritchey Trail<\/td><\/tr><tr><td>Manillar<\/td><td>Ritchey Comp 2x720mm<\/td><\/tr><tr><td>Tija<\/td><td>Ritchey Comp Zero 30.9<\/td><\/tr><tr><td>Sill\u00edn<\/td><td>San Marco GND Dynamic<\/td><\/tr><tr><td>Motor<\/td><td>Bosch Performance Line CX<\/td><\/tr><tr><td>Display<\/td><td>Bosch Kiox<\/td><\/tr><tr><td>Bater\u00eda<\/td><td>Bosch Power Tube 625<\/td><\/tr><\/tbody><\/table><\/figure>\n\n\n\n<h2 class=\"wp-block-heading\" id=\"geometria\">Geometr\u00eda<\/h2>\n\n\n\n<div class=\"wp-block-columns is-layout-flex wp-container-core-columns-is-layout-9d6595d7 wp-block-columns-is-layout-flex\">\n<div class=\"wp-block-column is-layout-flow wp-block-column-is-layout-flow\" style=\"flex-basis:50%\">\n<figure class=\"wp-block-image size-full\"><a href=\"https:\/\/www.tournride.com\/wp-content\/uploads\/2025\/01\/geometria.png\"><img loading=\"lazy\" decoding=\"async\" width=\"874\" height=\"501\" src=\"https:\/\/www.tournride.com\/wp-content\/uploads\/2025\/01\/geometria.png\" alt=\"\" class=\"wp-image-28257\" style=\"object-fit:cover\" title=\"\" srcset=\"https:\/\/www.tournride.com\/wp-content\/uploads\/2025\/01\/geometria.png 874w, https:\/\/www.tournride.com\/wp-content\/uploads\/2025\/01\/geometria-300x172.png 300w, https:\/\/www.tournride.com\/wp-content\/uploads\/2025\/01\/geometria-768x440.png 768w\" sizes=\"auto, (max-width: 874px) 100vw, 874px\" \/><\/a><\/figure>\n<\/div>\n\n\n\n<div class=\"wp-block-column is-layout-flow wp-block-column-is-layout-flow\" style=\"flex-basis:50%\">\n<figure class=\"wp-block-table\"><table class=\"has-fixed-layout\"><tbody><tr><td class=\"has-text-align-center\" data-align=\"center\"><\/td><td class=\"has-text-align-center\" data-align=\"center\">S<\/td><td class=\"has-text-align-center\" data-align=\"center\">M<\/td><td class=\"has-text-align-center\" data-align=\"center\">L<\/td><td class=\"has-text-align-center\" data-align=\"center\">XL<\/td><\/tr><tr><td class=\"has-text-align-center\" data-align=\"center\">H1<\/td><td class=\"has-text-align-center\" data-align=\"center\">394<\/td><td class=\"has-text-align-center\" data-align=\"center\">432<\/td><td class=\"has-text-align-center\" data-align=\"center\">483<\/td><td class=\"has-text-align-center\" data-align=\"center\">533<\/td><\/tr><tr><td class=\"has-text-align-center\" data-align=\"center\">H2<\/td><td class=\"has-text-align-center\" data-align=\"center\">110<\/td><td class=\"has-text-align-center\" data-align=\"center\">120<\/td><td class=\"has-text-align-center\" data-align=\"center\">130<\/td><td class=\"has-text-align-center\" data-align=\"center\">140<\/td><\/tr><tr><td class=\"has-text-align-center\" data-align=\"center\">L1<\/td><td class=\"has-text-align-center\" data-align=\"center\">587<\/td><td class=\"has-text-align-center\" data-align=\"center\">610<\/td><td class=\"has-text-align-center\" data-align=\"center\">627<\/td><td class=\"has-text-align-center\" data-align=\"center\">645<\/td><\/tr><tr><td class=\"has-text-align-center\" data-align=\"center\">STACK<\/td><td class=\"has-text-align-center\" data-align=\"center\">635<\/td><td class=\"has-text-align-center\" data-align=\"center\">645<\/td><td class=\"has-text-align-center\" data-align=\"center\">653<\/td><td class=\"has-text-align-center\" data-align=\"center\">663<\/td><\/tr><tr><td class=\"has-text-align-center\" data-align=\"center\">REACH<\/td><td class=\"has-text-align-center\" data-align=\"center\">405<\/td><td class=\"has-text-align-center\" data-align=\"center\">425<\/td><td class=\"has-text-align-center\" data-align=\"center\">440<\/td><td class=\"has-text-align-center\" data-align=\"center\">455<\/td><\/tr><tr><td class=\"has-text-align-center\" data-align=\"center\">A2<\/td><td class=\"has-text-align-center\" data-align=\"center\">74\u00ba<\/td><td class=\"has-text-align-center\" data-align=\"center\">74\u00ba<\/td><td class=\"has-text-align-center\" data-align=\"center\">74\u00ba<\/td><td class=\"has-text-align-center\" data-align=\"center\">74\u00ba<\/td><\/tr><\/tbody><\/table><\/figure>\n<\/div>\n<\/div>\n\n\n\n<p><\/p>\n","protected":false},"excerpt":{"rendered":"<p>En la selecci\u00f3n de bicicletas el\u00e9ctricas para el Camino de Santiago que hemos hecho en Tournride para 2025 hemos decidido incluir la bicicleta MMR Koen 00. A la fiablidad de Bosch Performance Line CX de 4\u00aa generaci\u00f3n se a\u00f1ade un cambio de 12 velocidades y una horquilla de aire firmada por Rock Shox. Galer\u00eda Recomendaci\u00f3n [&hellip;]<\/p>\n","protected":false},"author":2,"featured_media":0,"parent":0,"menu_order":0,"comment_status":"closed","ping_status":"closed","template":"","meta":{"rank_math_title":"MMR Koen 00 | Tournride.com","rank_math_description":"A la fiablidad de Bosch Performance Line CX de 4\u00aa generaci\u00f3n se a\u00f1ade, en esta MMR KOEN 00, un cambio de 12 velocidades y una horquilla de aire de Rock Shox.","rank_math_focus_keyword":"mmr koen 00,alquiler bicicletas electricas camino de santiago","rank_math_canonical_url":"","rank_math_facebook_title":"","rank_math_facebook_description":"","rank_math_facebook_image":"","rank_math_twitter_title":"","rank_math_twitter_description":"","rank_math_twitter_image":"","rank_math_twitter_card_type":"","rank_math_twitter_use_facebook":"","rank_math_robots":[],"rank_math_advanced_robots":[],"_joinchat":[],"footnotes":""},"class_list":["post-28218","page","type-page","status-publish","hentry"],"_links":{"self":[{"href":"https:\/\/www.tournride.com\/es\/wp-json\/wp\/v2\/pages\/28218","targetHints":{"allow":["GET"]}}],"collection":[{"href":"https:\/\/www.tournride.com\/es\/wp-json\/wp\/v2\/pages"}],"about":[{"href":"https:\/\/www.tournride.com\/es\/wp-json\/wp\/v2\/types\/page"}],"author":[{"embeddable":true,"href":"https:\/\/www.tournride.com\/es\/wp-json\/wp\/v2\/users\/2"}],"replies":[{"embeddable":true,"href":"https:\/\/www.tournride.com\/es\/wp-json\/wp\/v2\/comments?post=28218"}],"version-history":[{"count":0,"href":"https:\/\/www.tournride.com\/es\/wp-json\/wp\/v2\/pages\/28218\/revisions"}],"wp:attachment":[{"href":"https:\/\/www.tournride.com\/es\/wp-json\/wp\/v2\/media?parent=28218"}],"curies":[{"name":"wp","href":"https:\/\/api.w.org\/{rel}","templated":true}]}}